{"id":7237,"date":"2025-09-01T05:45:40","date_gmt":"2025-09-01T05:45:40","guid":{"rendered":"https:\/\/dersuessestopp.com\/?post_type=product&#038;p=7237"},"modified":"2025-09-01T05:45:50","modified_gmt":"2025-09-01T05:45:50","slug":"iglu-18","status":"publish","type":"product","link":"https:\/\/dersuessestopp.com\/de_at\/product\/igloo-18\/","title":{"rendered":"IGLOO 18"},"content":{"rendered":"<p data-start=\"230\" data-end=\"583\">Die <strong data-start=\"234\" data-end=\"246\">IGLOO 18<\/strong> ist eine <strong data-start=\"252\" data-end=\"283\">statischer Jumbo-Inselgefrierschrank<\/strong> konzipiert f\u00fcr Superm\u00e4rkte und Minim\u00e4rkte, mit <strong data-start=\"336\" data-end=\"361\">hohe Speicherkapazit\u00e4t<\/strong>, <strong data-start=\"363\" data-end=\"407\">Leichter Zugang mit Schiebedeckel aus Flachglas<\/strong>, und <strong data-start=\"413\" data-end=\"442\">automatische Hei\u00dfgasabtauung<\/strong>.<br data-start=\"443\" data-end=\"446\" \/>Seine <strong data-start=\"450\" data-end=\"512\">robuster, vorlackierter Blechk\u00f6rper mit Korrosionsschutzbehandlung<\/strong> und <strong data-start=\"517\" data-end=\"550\">gepr\u00e4gte Aluminium-Innenauskleidung<\/strong> gew\u00e4hrleisten Haltbarkeit und Hygiene.<\/p>\n<p data-start=\"585\" data-end=\"804\">Ausgestattet mit <strong data-start=\"599\" data-end=\"615\">LED-Beleuchtung<\/strong>, <strong data-start=\"617\" data-end=\"642\">elektronisches Thermostat<\/strong>, und optional <strong data-start=\"657\" data-end=\"691\">Smart Link WiFi-Fernbedienung<\/strong>, kombiniert der IGLOO 18 <strong data-start=\"715\" data-end=\"762\">Effizienz, Zweckm\u00e4\u00dfigkeit und modernes Design<\/strong> f\u00fcr die Auslage und Lagerung von Tiefk\u00fchlprodukten.<\/p>\n<h2 data-start=\"1434\" data-end=\"1465\"><strong data-start=\"1437\" data-end=\"1465\">Technische Daten<\/strong><\/h2>\n<div class=\"_tableContainer_1rjym_1\">\n<div class=\"_tableWrapper_1rjym_13 group flex w-fit flex-col-reverse\">\n<table>\n<thead>\n<tr>\n<th>Merkmal<\/th>\n<th>IGLOO 18<\/th>\n<\/tr>\n<\/thead>\n<tbody>\n<tr>\n<td><strong>Temperaturbereich<\/strong><\/td>\n<td>-21 \u00b0C \/ -18 \u00b0C<\/td>\n<\/tr>\n<tr>\n<td><strong>Klima-Klasse<\/strong><\/td>\n<td>3<\/td>\n<\/tr>\n<tr>\n<td><strong>Netto\/Brutto Volumen<\/strong><\/td>\n<td>436 L \/ 630 L<\/td>\n<\/tr>\n<tr>\n<td><strong>K\u00fchlsystem<\/strong><\/td>\n<td>Statisch<\/td>\n<\/tr>\n<tr>\n<td><strong>Abtauen<\/strong><\/td>\n<td>Automatisch (Hei\u00dfgas) + Manuell<\/td>\n<\/tr>\n<tr>\n<td><strong>Geh\u00e4use (Au\u00dfenfl\u00e4che)<\/strong><\/td>\n<td>Vorgestrichenes Blech mit Korrosionsschutzbehandlung<\/td>\n<\/tr>\n<tr>\n<td><strong>Innenauskleidung<\/strong><\/td>\n<td>Gepr\u00e4gtes Aluminium<\/td>\n<\/tr>\n<tr>\n<td><strong>Abscheider<\/strong><\/td>\n<td>3<\/td>\n<\/tr>\n<tr>\n<td><strong>K\u00f6rbe<\/strong><\/td>\n<td>Optional<\/td>\n<\/tr>\n<tr>\n<td><strong>Thermostat<\/strong><\/td>\n<td>Elektronisch<\/td>\n<\/tr>\n<tr>\n<td><strong>L\u00e4rmpegel<\/strong><\/td>\n<td>61 dB<\/td>\n<\/tr>\n<tr>\n<td><strong>Smart Link WiFi<\/strong><\/td>\n<td>Optional (Fernsteuerung)<\/td>\n<\/tr>\n<tr>\n<td><strong>Dicke der Isolierung<\/strong><\/td>\n<td>65 mm<\/td>\n<\/tr>\n<tr>\n<td><strong>Beleuchtung<\/strong><\/td>\n<td>LED<\/td>\n<\/tr>\n<tr>\n<td><strong>F\u00fc\u00dfe<\/strong><\/td>\n<td>4 einstellbar<\/td>\n<\/tr>\n<tr>\n<td><strong>Rollen<\/strong><\/td>\n<td>Optional<\/td>\n<\/tr>\n<tr>\n<td><strong>Spannung \/ Frequenz<\/strong><\/td>\n<td>220-240 V \/ 50 Hz<\/td>\n<\/tr>\n<tr>\n<td><strong>K\u00e4ltemittel<\/strong><\/td>\n<td>R290 (umweltfreundlich)<\/td>\n<\/tr>\n<tr>\n<td><strong>Leistungsabsorption<\/strong><\/td>\n<td>495 W<\/td>\n<\/tr>\n<tr>\n<td><strong>Energieverbrauch<\/strong><\/td>\n<td>6,36 kWh \/ 24h<\/td>\n<\/tr>\n<tr>\n<td><strong>Netto-\/Bruttogewicht<\/strong><\/td>\n<td>130 \/ 160 kg<\/td>\n<\/tr>\n<\/tbody>\n<\/table>\n<h2 data-start=\"2320\" data-end=\"2337\"><strong data-start=\"2323\" data-end=\"2337\">Abmessungen<\/strong><\/h2>\n<div class=\"_tableContainer_1rjym_1\">\n<div class=\"_tableWrapper_1rjym_13 group flex w-fit flex-col-reverse\">\n<table>\n<thead>\n<tr>\n<th>Messung<\/th>\n<th>IGLOO 18<\/th>\n<\/tr>\n<\/thead>\n<tbody>\n<tr>\n<td><strong>\u00c4u\u00dfere Abmessungen (BxTxH)<\/strong><\/td>\n<td>1850 \u00d7 850 \u00d7 795 mm<\/td>\n<\/tr>\n<tr>\n<td><strong>Abmessungen der Verpackung (BxTxH)<\/strong><\/td>\n<td>1903 \u00d7 934 \u00d7 937 mm<\/td>\n<\/tr>\n<tr>\n<td><strong>Innere Breite (A)<\/strong><\/td>\n<td>1680 mm<\/td>\n<\/tr>\n<tr>\n<td><strong>Innere Tiefe (B)<\/strong><\/td>\n<td>691 mm<\/td>\n<\/tr>\n<tr>\n<td><strong>Innere H\u00f6he (C)<\/strong><\/td>\n<td>660 mm<\/td>\n<\/tr>\n<tr>\n<td><strong>Min. H\u00f6he (E)<\/strong><\/td>\n<td>400 mm<\/td>\n<\/tr>\n<tr>\n<td><strong>Min. Breite (F)<\/strong><\/td>\n<td>1445 mm<\/td>\n<\/tr>\n<\/tbody>\n<\/table>\n<h2 data-start=\"2320\" data-end=\"2337\"><strong data-start=\"2323\" data-end=\"2337\">Branding-Optionen\u00a0<\/strong><\/h2>\n<table>\n<thead>\n<tr>\n<th>Position<\/th>\n<th>Abmessungen<\/th>\n<\/tr>\n<\/thead>\n<tbody>\n<tr>\n<td><strong>Seite rechts<\/strong><\/td>\n<td>830 \u00d7 625 \/ 700 mm<\/td>\n<\/tr>\n<tr>\n<td><strong>Front-Aufkleber<\/strong><\/td>\n<td>1850 \u00d7 625 mm<\/td>\n<\/tr>\n<tr>\n<td><strong>Aufkleber f\u00fcr unteres Glas<\/strong><\/td>\n<td>808 \u00d7 358 mm<\/td>\n<\/tr>\n<tr>\n<td><strong>Oberer Glasaufkleber<\/strong><\/td>\n<td>775 \u00d7 345 mm<\/td>\n<\/tr>\n<\/tbody>\n<\/table>\n<\/div>\n<\/div>\n<\/div>\n<\/div>","protected":false},"excerpt":{"rendered":"<p>The IGLOO 18 is a static jumbo island freezer designed for supermarkets and minimarkets, offering high storage capacity, easy access with sliding flat glass lids, and automatic hot-gas defrost.Its robust pre-painted sheet body with anticorrosion treatment and embossed aluminum inner liner ensure durability and hygiene. Equipped with LED lighting, electronic thermostat, and optional Smart Link [&hellip;]<\/p>\n","protected":false},"featured_media":7238,"comment_status":"open","ping_status":"closed","template":"","meta":[],"product_brand":[],"product_cat":[50],"product_tag":[],"class_list":{"0":"post-7237","1":"product","2":"type-product","3":"status-publish","4":"has-post-thumbnail","6":"product_cat-minimarket-supermarket-cooling","8":"first","9":"instock","10":"shipping-taxable","11":"product-type-simple"},"_links":{"self":[{"href":"https:\/\/dersuessestopp.com\/de_at\/wp-json\/wp\/v2\/product\/7237","targetHints":{"allow":["GET"]}}],"collection":[{"href":"https:\/\/dersuessestopp.com\/de_at\/wp-json\/wp\/v2\/product"}],"about":[{"href":"https:\/\/dersuessestopp.com\/de_at\/wp-json\/wp\/v2\/types\/product"}],"replies":[{"embeddable":true,"href":"https:\/\/dersuessestopp.com\/de_at\/wp-json\/wp\/v2\/comments?post=7237"}],"version-history":[{"count":1,"href":"https:\/\/dersuessestopp.com\/de_at\/wp-json\/wp\/v2\/product\/7237\/revisions"}],"predecessor-version":[{"id":7240,"href":"https:\/\/dersuessestopp.com\/de_at\/wp-json\/wp\/v2\/product\/7237\/revisions\/7240"}],"wp:featuredmedia":[{"embeddable":true,"href":"https:\/\/dersuessestopp.com\/de_at\/wp-json\/wp\/v2\/media\/7238"}],"wp:attachment":[{"href":"https:\/\/dersuessestopp.com\/de_at\/wp-json\/wp\/v2\/media?parent=7237"}],"wp:term":[{"taxonomy":"product_brand","embeddable":true,"href":"https:\/\/dersuessestopp.com\/de_at\/wp-json\/wp\/v2\/product_brand?post=7237"},{"taxonomy":"product_cat","embeddable":true,"href":"https:\/\/dersuessestopp.com\/de_at\/wp-json\/wp\/v2\/product_cat?post=7237"},{"taxonomy":"product_tag","embeddable":true,"href":"https:\/\/dersuessestopp.com\/de_at\/wp-json\/wp\/v2\/product_tag?post=7237"}],"curies":[{"name":"wp","href":"https:\/\/api.w.org\/{rel}","templated":true}]}}