{"id":7217,"date":"2025-09-01T05:17:19","date_gmt":"2025-09-01T05:17:19","guid":{"rendered":"https:\/\/dersuessestopp.com\/?post_type=product&#038;p=7217"},"modified":"2025-10-08T20:29:56","modified_gmt":"2025-10-08T20:29:56","slug":"dw-17-1thk","status":"publish","type":"product","link":"https:\/\/dersuessestopp.com\/de_at\/product\/dw-17-1thk\/","title":{"rendered":"DW 17 1THK"},"content":{"rendered":"<p data-start=\"190\" data-end=\"502\"><img fetchpriority=\"high\" decoding=\"async\" class=\"alignnone wp-image-11530 size-full\" src=\"https:\/\/dersuessestopp.com\/wp-content\/uploads\/2025\/09\/DW-17-1THK.jpg\" alt=\"\" width=\"2000\" height=\"600\" srcset=\"https:\/\/dersuessestopp.com\/wp-content\/uploads\/2025\/09\/DW-17-1THK.jpg 2000w, https:\/\/dersuessestopp.com\/wp-content\/uploads\/2025\/09\/DW-17-1THK-300x90.jpg 300w, https:\/\/dersuessestopp.com\/wp-content\/uploads\/2025\/09\/DW-17-1THK-1024x307.jpg 1024w, https:\/\/dersuessestopp.com\/wp-content\/uploads\/2025\/09\/DW-17-1THK-768x230.jpg 768w, https:\/\/dersuessestopp.com\/wp-content\/uploads\/2025\/09\/DW-17-1THK-1536x461.jpg 1536w, https:\/\/dersuessestopp.com\/wp-content\/uploads\/2025\/09\/DW-17-1THK-250x75.jpg 250w, https:\/\/dersuessestopp.com\/wp-content\/uploads\/2025\/09\/DW-17-1THK-600x180.jpg 600w\" sizes=\"(max-width: 2000px) 100vw, 2000px\" \/><\/p>\n<p data-start=\"190\" data-end=\"502\">Die <strong data-start=\"194\" data-end=\"208\">DW 17 1THK<\/strong> und <strong data-start=\"213\" data-end=\"227\">DW 17 1THX<\/strong> sind kompakte, hochwertige Weink\u00fchler, die f\u00fcr professionelle und private Umgebungen entwickelt wurden. Gebaut mit <strong data-start=\"334\" data-end=\"375\">Innenauskleidung aus Edelstahl AISI 304<\/strong> und eine <strong data-start=\"382\" data-end=\"432\">wahlweise rahmenlose Glas- oder Edelstahlt\u00fcr<\/strong>, Diese Modelle verbinden elegante \u00c4sthetik mit zuverl\u00e4ssiger Leistung.<\/p>\n<p data-start=\"504\" data-end=\"723\">Dank der <strong data-start=\"518\" data-end=\"549\">elektronischer Ber\u00fchrungsthermostat<\/strong> und <strong data-start=\"554\" data-end=\"583\">bel\u00fcftetes K\u00fchlsystem<\/strong>, bieten sie stabile Lagerbedingungen mit einem Temperaturbereich von <strong data-start=\"652\" data-end=\"671\">+3 \u00b0C bis +20 \u00b0C<\/strong>, so dass Ihre Weine optimal erhalten bleiben.<\/p>\n<p data-start=\"725\" data-end=\"981\">Beide Modelle sind ausgestattet mit <strong data-start=\"755\" data-end=\"789\">herausnehmbare Einlegeb\u00f6den aus Buchenholz<\/strong>, <strong data-start=\"791\" data-end=\"815\">automatische Abtauung<\/strong>, und <strong data-start=\"821\" data-end=\"845\">einheitliche LED-Beleuchtung<\/strong> die sich beim \u00d6ffnen der T\u00fcr einschaltet. Die <strong data-start=\"889\" data-end=\"921\">sanft schlie\u00dfendes Push&amp;Pull-Scharnier<\/strong> (System Hettich) sorgt f\u00fcr reibungslosen Betrieb und Langlebigkeit.<\/p>\n<h2 data-start=\"988\" data-end=\"1003\"><strong data-start=\"991\" data-end=\"1003\">Kapazit\u00e4t<\/strong><\/h2>\n<table>\n<thead>\n<tr>\n<th>Modell<\/th>\n<th>Fassungsverm\u00f6gen der Flasche (cl. 75)<\/th>\n<\/tr>\n<\/thead>\n<tbody>\n<tr>\n<td>DW 17 1THK<\/td>\n<td>17 Flaschen<\/td>\n<\/tr>\n<tr>\n<td>DW 17 1THX<\/td>\n<td>17 Flaschen<\/td>\n<\/tr>\n<\/tbody>\n<\/table>\n<h2 data-start=\"988\" data-end=\"1003\"><strong data-start=\"991\" data-end=\"1003\">Abmessungen<\/strong><\/h2>\n<table>\n<thead>\n<tr>\n<th>Spezifikation<\/th>\n<th>DW 17 1THK<\/th>\n<th>DW 17 1THX<\/th>\n<\/tr>\n<\/thead>\n<tbody>\n<tr>\n<td>Verpackung Abmessungen (BxTxH mm)<\/td>\n<td>730 \u00d7 710 \u00d7 565<\/td>\n<td>730 \u00d7 710 \u00d7 565<\/td>\n<\/tr>\n<tr>\n<td>Obere Ablage (BxT mm)<\/td>\n<td>432 \u00d7 365<\/td>\n<td>432 \u00d7 365<\/td>\n<\/tr>\n<tr>\n<td>Untere Ablage (BxT mm)<\/td>\n<td>460 \u00d7 315<\/td>\n<td>460 \u00d7 315<\/td>\n<\/tr>\n<tr>\n<td>Netto-\/Bruttogewicht<\/td>\n<td>33 \/ 39 kg<\/td>\n<td>33 \/ 39 kg<\/td>\n<\/tr>\n<\/tbody>\n<\/table>\n<h2 data-start=\"1539\" data-end=\"1564\"><strong data-start=\"1542\" data-end=\"1564\">Technische Merkmale<\/strong><\/h2>\n<div class=\"_tableContainer_1rjym_1\">\n<div class=\"_tableWrapper_1rjym_13 group flex w-fit flex-col-reverse\">\n<table>\n<thead>\n<tr>\n<th>Merkmal<\/th>\n<th>DW 17 1THK<\/th>\n<th>DW 17 1THX<\/th>\n<\/tr>\n<\/thead>\n<tbody>\n<tr>\n<td>Temperaturbereich<\/td>\n<td>+3 \u00b0C bis +20 \u00b0C<\/td>\n<td>+3 \u00b0C bis +20 \u00b0C<\/td>\n<\/tr>\n<tr>\n<td>Klima-Klasse<\/td>\n<td>ST<\/td>\n<td>ST<\/td>\n<\/tr>\n<tr>\n<td>Netto-Volumen<\/td>\n<td>37 L<\/td>\n<td>37 L<\/td>\n<\/tr>\n<tr>\n<td>\u00c4u\u00dferer K\u00f6rper<\/td>\n<td>Kaltgewalztes Stahlblech<\/td>\n<td>Kaltgewalztes Stahlblech<\/td>\n<\/tr>\n<tr>\n<td>T\u00fcr<\/td>\n<td>Rahmenloses schwarzes Vollglas<\/td>\n<td>Nahtloser Stahl AISI 304 (satiniert)<\/td>\n<\/tr>\n<tr>\n<td>Innenauskleidung<\/td>\n<td>Rostfreier Stahl AISI 304, satiniert<\/td>\n<td>Rostfreier Stahl AISI 304, satiniert<\/td>\n<\/tr>\n<tr>\n<td>Thermostat<\/td>\n<td>Elektronischer Touchscreen<\/td>\n<td>Elektronischer Touchscreen<\/td>\n<\/tr>\n<tr>\n<td>L\u00e4rmpegel<\/td>\n<td>36 dB<\/td>\n<td>36 dB<\/td>\n<\/tr>\n<tr>\n<td>Dicke der Isolierung<\/td>\n<td>42 mm<\/td>\n<td>42 mm<\/td>\n<\/tr>\n<tr>\n<td>Abtauen<\/td>\n<td>Automatisch<\/td>\n<td>Automatisch<\/td>\n<\/tr>\n<tr>\n<td>Beleuchtung<\/td>\n<td>Gleichm\u00e4\u00dfiges Seitenlicht, automatisch beim \u00d6ffnen der T\u00fcr<\/td>\n<td>Gleichm\u00e4\u00dfiges Seitenlicht, automatisch beim \u00d6ffnen der T\u00fcr<\/td>\n<\/tr>\n<tr>\n<td>T\u00fcr schlie\u00dfen<\/td>\n<td>Sanft schlie\u00dfend, Push&amp;Pull<\/td>\n<td>Sanft schlie\u00dfend, Push&amp;Pull<\/td>\n<\/tr>\n<tr>\n<td>Reversible T\u00fcr<\/td>\n<td>Ja<\/td>\n<td>Ja<\/td>\n<\/tr>\n<tr>\n<td>K\u00e4ltemittel<\/td>\n<td>R600A<\/td>\n<td>R600A<\/td>\n<\/tr>\n<tr>\n<td>Spannung<\/td>\n<td>220-240 V<\/td>\n<td>220-240 V<\/td>\n<\/tr>\n<tr>\n<td>Frequenz<\/td>\n<td>50 Hz<\/td>\n<td>50 Hz<\/td>\n<\/tr>\n<tr>\n<td>Absorption<\/td>\n<td>120 W<\/td>\n<td>120 W<\/td>\n<\/tr>\n<tr>\n<td>Energieverbrauch<\/td>\n<td>0,266 kWh\/24h<\/td>\n<td>0,266 kWh\/24h<\/td>\n<\/tr>\n<\/tbody>\n<\/table>\n<\/div>\n<\/div>","protected":false},"excerpt":{"rendered":"<p>The DW 17 1THK and DW 17 1THX are compact, premium-quality wine coolers designed for professional and domestic environments. Built with AISI 304 stainless steel inner liners and a frameless glass or stainless-steel door option, these models combine elegant aesthetics with reliable performance. Thanks to the electronic touch thermostat and ventilated cooling system, they provide [&hellip;]<\/p>\n","protected":false},"featured_media":7218,"comment_status":"open","ping_status":"closed","template":"","meta":[],"product_brand":[],"product_cat":[49],"product_tag":[],"class_list":{"0":"post-7217","1":"product","2":"type-product","3":"status-publish","4":"has-post-thumbnail","6":"product_cat-wine-fridges","8":"first","9":"instock","10":"shipping-taxable","11":"product-type-simple"},"_links":{"self":[{"href":"https:\/\/dersuessestopp.com\/de_at\/wp-json\/wp\/v2\/product\/7217","targetHints":{"allow":["GET"]}}],"collection":[{"href":"https:\/\/dersuessestopp.com\/de_at\/wp-json\/wp\/v2\/product"}],"about":[{"href":"https:\/\/dersuessestopp.com\/de_at\/wp-json\/wp\/v2\/types\/product"}],"replies":[{"embeddable":true,"href":"https:\/\/dersuessestopp.com\/de_at\/wp-json\/wp\/v2\/comments?post=7217"}],"version-history":[{"count":3,"href":"https:\/\/dersuessestopp.com\/de_at\/wp-json\/wp\/v2\/product\/7217\/revisions"}],"predecessor-version":[{"id":11531,"href":"https:\/\/dersuessestopp.com\/de_at\/wp-json\/wp\/v2\/product\/7217\/revisions\/11531"}],"wp:featuredmedia":[{"embeddable":true,"href":"https:\/\/dersuessestopp.com\/de_at\/wp-json\/wp\/v2\/media\/7218"}],"wp:attachment":[{"href":"https:\/\/dersuessestopp.com\/de_at\/wp-json\/wp\/v2\/media?parent=7217"}],"wp:term":[{"taxonomy":"product_brand","embeddable":true,"href":"https:\/\/dersuessestopp.com\/de_at\/wp-json\/wp\/v2\/product_brand?post=7217"},{"taxonomy":"product_cat","embeddable":true,"href":"https:\/\/dersuessestopp.com\/de_at\/wp-json\/wp\/v2\/product_cat?post=7217"},{"taxonomy":"product_tag","embeddable":true,"href":"https:\/\/dersuessestopp.com\/de_at\/wp-json\/wp\/v2\/product_tag?post=7217"}],"curies":[{"name":"wp","href":"https:\/\/api.w.org\/{rel}","templated":true}]}}