{"id":7205,"date":"2025-09-01T05:03:21","date_gmt":"2025-09-01T05:03:21","guid":{"rendered":"https:\/\/dersuessestopp.com\/?post_type=product&#038;p=7205"},"modified":"2025-10-08T20:25:21","modified_gmt":"2025-10-08T20:25:21","slug":"dw-20-f1t","status":"publish","type":"product","link":"https:\/\/dersuessestopp.com\/de_at\/product\/dw-20-f1t\/","title":{"rendered":"DW 20 F1T"},"content":{"rendered":"<p data-start=\"249\" data-end=\"535\"><img fetchpriority=\"high\" decoding=\"async\" class=\"alignnone wp-image-11532 size-full\" src=\"https:\/\/dersuessestopp.com\/wp-content\/uploads\/2025\/09\/DW-20-F1T.jpg\" alt=\"\" width=\"2000\" height=\"600\" srcset=\"https:\/\/dersuessestopp.com\/wp-content\/uploads\/2025\/09\/DW-20-F1T.jpg 2000w, https:\/\/dersuessestopp.com\/wp-content\/uploads\/2025\/09\/DW-20-F1T-300x90.jpg 300w, https:\/\/dersuessestopp.com\/wp-content\/uploads\/2025\/09\/DW-20-F1T-1024x307.jpg 1024w, https:\/\/dersuessestopp.com\/wp-content\/uploads\/2025\/09\/DW-20-F1T-768x230.jpg 768w, https:\/\/dersuessestopp.com\/wp-content\/uploads\/2025\/09\/DW-20-F1T-1536x461.jpg 1536w, https:\/\/dersuessestopp.com\/wp-content\/uploads\/2025\/09\/DW-20-F1T-250x75.jpg 250w, https:\/\/dersuessestopp.com\/wp-content\/uploads\/2025\/09\/DW-20-F1T-600x180.jpg 600w\" sizes=\"(max-width: 2000px) 100vw, 2000px\" \/><\/p>\n<p data-start=\"249\" data-end=\"535\">Die <strong data-start=\"253\" data-end=\"266\">DW 20 F1T<\/strong> ist ein stilvoller Einbau-Weink\u00fchler f\u00fcr Weinliebhaber, die Funktionalit\u00e4t mit Eleganz verbinden m\u00f6chten. Mit seinem <strong data-start=\"387\" data-end=\"416\">rahmenlose Ganzglast\u00fcr<\/strong>, Mit dem integrierten Griff und den herausnehmbaren Holzb\u00f6den passt dieses Ger\u00e4t perfekt in jede moderne K\u00fcche oder Bar.<\/p>\n<p data-start=\"537\" data-end=\"911\">Ausgestattet mit einem <strong data-start=\"554\" data-end=\"579\">elektronisches Thermostat<\/strong>, a <strong data-start=\"583\" data-end=\"612\">bel\u00fcftetes K\u00fchlsystem<\/strong>, und <strong data-start=\"618\" data-end=\"639\">Abtauautomatik<\/strong>, Er sorgt daf\u00fcr, dass Ihre Weine bei der idealen Temperatur gelagert werden, die von <strong data-start=\"713\" data-end=\"732\">+2 \u00b0C bis +20 \u00b0C<\/strong>. Die <strong data-start=\"738\" data-end=\"771\">einheitliche LED-Innenbeleuchtung<\/strong> verbessert die Sichtbarkeit und pr\u00e4sentiert Ihre Sammlung mit einer intelligenten Funktion, die es erm\u00f6glicht, dass das Licht auch bei geschlossener T\u00fcr eingeschaltet bleibt.<\/p>\n<p data-start=\"913\" data-end=\"1125\">Dieser Weink\u00fchler fasst bis zu <strong data-start=\"942\" data-end=\"990\">19 Flaschen Bordeaux oder Elsass (0,75 l)<\/strong>, je nach Verpackung, und bietet einen leisen Betrieb bei nur <strong data-start=\"1053\" data-end=\"1062\">40 dB<\/strong>, Das macht ihn zu einer ausgezeichneten Wahl f\u00fcr den privaten oder professionellen Gebrauch.<\/p>\n<h2 data-start=\"1132\" data-end=\"1147\"><strong data-start=\"1135\" data-end=\"1147\">Kapazit\u00e4t<\/strong><\/h2>\n<table>\n<thead>\n<tr>\n<th>Typ<\/th>\n<th>Kapazit\u00e4t<\/th>\n<\/tr>\n<\/thead>\n<tbody>\n<tr>\n<td>Bordeaux \/ Elsass 0,75 L Flaschen<\/td>\n<td>19<\/td>\n<\/tr>\n<\/tbody>\n<\/table>\n<h2 data-start=\"1733\" data-end=\"1764\"><strong data-start=\"1736\" data-end=\"1764\">Technische Daten<\/strong><\/h2>\n<div class=\"_tableContainer_1rjym_1\">\n<div class=\"_tableWrapper_1rjym_13 group flex w-fit flex-col-reverse\">\n<table>\n<thead>\n<tr>\n<th>Spezifikation<\/th>\n<th>DW 20 F1T<\/th>\n<\/tr>\n<\/thead>\n<tbody>\n<tr>\n<td>Temperaturbereich<\/td>\n<td>+2 \u00b0C bis +20 \u00b0C<\/td>\n<\/tr>\n<tr>\n<td>Klima-Klasse<\/td>\n<td>4<\/td>\n<\/tr>\n<tr>\n<td>Netto\/Brutto Volumen<\/td>\n<td>58 \/ 60 L<\/td>\n<\/tr>\n<tr>\n<td>\u00c4u\u00dferer K\u00f6rper<\/td>\n<td>Kaltgewalztes Stahlblech<\/td>\n<\/tr>\n<tr>\n<td>Innenauskleidung<\/td>\n<td>ABS<\/td>\n<\/tr>\n<tr>\n<td>Dicke der Isolierung<\/td>\n<td>45 mm<\/td>\n<\/tr>\n<tr>\n<td>Netto-\/Bruttogewicht<\/td>\n<td>30 \/ 32 kg<\/td>\n<\/tr>\n<tr>\n<td>K\u00e4ltemittel<\/td>\n<td>R600A<\/td>\n<\/tr>\n<tr>\n<td>Spannung<\/td>\n<td>220-240 V<\/td>\n<\/tr>\n<tr>\n<td>Frequenz<\/td>\n<td>50 Hz<\/td>\n<\/tr>\n<tr>\n<td>Stromverbrauch<\/td>\n<td>65 W<\/td>\n<\/tr>\n<tr>\n<td>Energieverbrauch<\/td>\n<td>0,35 kWh \/ 24h<\/td>\n<\/tr>\n<\/tbody>\n<\/table>\n<h2 data-start=\"2199\" data-end=\"2216\"><strong data-start=\"2202\" data-end=\"2216\">Abmessungen<\/strong><\/h2>\n<div class=\"_tableContainer_1rjym_1\">\n<div class=\"_tableWrapper_1rjym_13 group flex w-fit flex-col-reverse\">\n<table>\n<thead>\n<tr>\n<th>Typ<\/th>\n<th>Messung (mm)<\/th>\n<\/tr>\n<\/thead>\n<tbody>\n<tr>\n<td>Abmessungen der Verpackung (BxTxH)<\/td>\n<td>332 x 625 x 873<\/td>\n<\/tr>\n<tr>\n<td>H\u00f6henverstellbare F\u00fc\u00dfe<\/td>\n<td>bis zu 77 mm<\/td>\n<\/tr>\n<\/tbody>\n<\/table>\n<p>&nbsp;<\/p>\n<\/div>\n<\/div>\n<\/div>\n<\/div>","protected":false},"excerpt":{"rendered":"<p>The DW 20 F1T is a stylish built-in wine cooler designed for wine enthusiasts who want functionality combined with elegance. With its frameless full-glass door, integrated handle, and removable wooden shelves, this unit perfectly complements any modern kitchen or bar setting. Equipped with an electronic thermostat, a ventilated cooling system, and automatic defrost, it ensures [&hellip;]<\/p>\n","protected":false},"featured_media":7206,"comment_status":"open","ping_status":"closed","template":"","meta":[],"product_brand":[],"product_cat":[49],"product_tag":[],"class_list":{"0":"post-7205","1":"product","2":"type-product","3":"status-publish","4":"has-post-thumbnail","6":"product_cat-wine-fridges","8":"first","9":"instock","10":"shipping-taxable","11":"product-type-simple"},"_links":{"self":[{"href":"https:\/\/dersuessestopp.com\/de_at\/wp-json\/wp\/v2\/product\/7205","targetHints":{"allow":["GET"]}}],"collection":[{"href":"https:\/\/dersuessestopp.com\/de_at\/wp-json\/wp\/v2\/product"}],"about":[{"href":"https:\/\/dersuessestopp.com\/de_at\/wp-json\/wp\/v2\/types\/product"}],"replies":[{"embeddable":true,"href":"https:\/\/dersuessestopp.com\/de_at\/wp-json\/wp\/v2\/comments?post=7205"}],"version-history":[{"count":2,"href":"https:\/\/dersuessestopp.com\/de_at\/wp-json\/wp\/v2\/product\/7205\/revisions"}],"predecessor-version":[{"id":11533,"href":"https:\/\/dersuessestopp.com\/de_at\/wp-json\/wp\/v2\/product\/7205\/revisions\/11533"}],"wp:featuredmedia":[{"embeddable":true,"href":"https:\/\/dersuessestopp.com\/de_at\/wp-json\/wp\/v2\/media\/7206"}],"wp:attachment":[{"href":"https:\/\/dersuessestopp.com\/de_at\/wp-json\/wp\/v2\/media?parent=7205"}],"wp:term":[{"taxonomy":"product_brand","embeddable":true,"href":"https:\/\/dersuessestopp.com\/de_at\/wp-json\/wp\/v2\/product_brand?post=7205"},{"taxonomy":"product_cat","embeddable":true,"href":"https:\/\/dersuessestopp.com\/de_at\/wp-json\/wp\/v2\/product_cat?post=7205"},{"taxonomy":"product_tag","embeddable":true,"href":"https:\/\/dersuessestopp.com\/de_at\/wp-json\/wp\/v2\/product_tag?post=7205"}],"curies":[{"name":"wp","href":"https:\/\/api.w.org\/{rel}","templated":true}]}}