{"id":7197,"date":"2025-09-01T04:53:14","date_gmt":"2025-09-01T04:53:14","guid":{"rendered":"https:\/\/dersuessestopp.com\/?post_type=product&#038;p=7197"},"modified":"2025-10-08T19:15:59","modified_gmt":"2025-10-08T19:15:59","slug":"clw-420-l-weis","status":"publish","type":"product","link":"https:\/\/dersuessestopp.com\/de_at\/product\/clw-420-l-white\/","title":{"rendered":"CLW 420 L WEISS"},"content":{"rendered":"<p data-start=\"208\" data-end=\"645\"><img fetchpriority=\"high\" decoding=\"async\" class=\"alignnone wp-image-11469 size-full\" src=\"https:\/\/dersuessestopp.com\/wp-content\/uploads\/2025\/09\/CLW420L-Dettagli-2.jpg\" alt=\"\" width=\"2000\" height=\"1005\" srcset=\"https:\/\/dersuessestopp.com\/wp-content\/uploads\/2025\/09\/CLW420L-Dettagli-2.jpg 2000w, https:\/\/dersuessestopp.com\/wp-content\/uploads\/2025\/09\/CLW420L-Dettagli-2-300x151.jpg 300w, https:\/\/dersuessestopp.com\/wp-content\/uploads\/2025\/09\/CLW420L-Dettagli-2-1024x515.jpg 1024w, https:\/\/dersuessestopp.com\/wp-content\/uploads\/2025\/09\/CLW420L-Dettagli-2-768x386.jpg 768w, https:\/\/dersuessestopp.com\/wp-content\/uploads\/2025\/09\/CLW420L-Dettagli-2-1536x772.jpg 1536w, https:\/\/dersuessestopp.com\/wp-content\/uploads\/2025\/09\/CLW420L-Dettagli-2-250x126.jpg 250w, https:\/\/dersuessestopp.com\/wp-content\/uploads\/2025\/09\/CLW420L-Dettagli-2-600x302.jpg 600w\" sizes=\"(max-width: 2000px) 100vw, 2000px\" \/><\/p>\n<p data-start=\"208\" data-end=\"645\">Die <strong data-start=\"212\" data-end=\"237\">CLW 420 L Weink\u00fchler<\/strong> kombiniert traditionelle Handwerkskunst mit moderner K\u00fchltechnologie. Ausgestattet mit einem <strong data-start=\"317\" data-end=\"344\">Massivholz Esche au\u00dfen<\/strong> Dieser Weinschrank, der in verschiedenen Ausf\u00fchrungen erh\u00e4ltlich ist, eignet sich perfekt f\u00fcr gehobene Umgebungen wie Restaurants, Hotels und Weinkeller. Mit einer <strong data-start=\"475\" data-end=\"516\">Kapazit\u00e4t von bis zu 126 Flaschen (75 cl)<\/strong>, elektronische Temperaturregelung und optional <strong data-start=\"563\" data-end=\"600\">WiFi Smart Link Fern\u00fcberwachung<\/strong>, Sie gew\u00e4hrleistet sowohl Eleganz als auch Leistung.<\/p>\n<h2 data-start=\"652\" data-end=\"673\">Kapazit\u00e4t<\/h2>\n<table>\n<thead>\n<tr>\n<th>Flasche Gr\u00f6\u00dfe<\/th>\n<th>Kapazit\u00e4t<\/th>\n<\/tr>\n<\/thead>\n<tbody>\n<tr>\n<td>0.75 L<\/td>\n<td>126 Flaschen*<\/td>\n<\/tr>\n<\/tbody>\n<\/table>\n<h2 data-start=\"652\" data-end=\"673\">Abmessungen<\/h2>\n<table>\n<thead>\n<tr>\n<th>Spezifikation<\/th>\n<th>Messung<\/th>\n<\/tr>\n<\/thead>\n<tbody>\n<tr>\n<td>\u00c4u\u00dfere Abmessungen (BxTxH)<\/td>\n<td>655 x 635 x 1880 mm<\/td>\n<\/tr>\n<tr>\n<td>Abmessungen der Verpackung (BxTxH)<\/td>\n<td>735 x 715 x 2050 mm<\/td>\n<\/tr>\n<tr>\n<td>Breite (A)<\/td>\n<td>522 mm<\/td>\n<\/tr>\n<tr>\n<td>Tiefe (B)<\/td>\n<td>449 mm<\/td>\n<\/tr>\n<tr>\n<td>H\u00f6he (C)<\/td>\n<td>1557 mm<\/td>\n<\/tr>\n<tr>\n<td>Min. Tiefe (D)<\/td>\n<td>179 mm<\/td>\n<\/tr>\n<tr>\n<td>Min. H\u00f6he (E)<\/td>\n<td>1337 mm<\/td>\n<\/tr>\n<tr>\n<td>Glasaufkleber<\/td>\n<td>503 x 1544 mm<\/td>\n<\/tr>\n<\/tbody>\n<\/table>\n<h2 data-start=\"1413\" data-end=\"1434\">Technische Merkmale<\/h2>\n<div class=\"_tableContainer_1rjym_1\">\n<div class=\"_tableWrapper_1rjym_13 group flex w-fit flex-col-reverse\">\n<table>\n<thead>\n<tr>\n<th>Merkmal<\/th>\n<th>Einzelheiten<\/th>\n<\/tr>\n<\/thead>\n<tbody>\n<tr>\n<td><strong>Temperaturbereich (L\u00fcfter aus)<\/strong><\/td>\n<td>+16 \u00b0C \/ +10 \u00b0C \/ +5 \u00b0C<\/td>\n<\/tr>\n<tr>\n<td><strong>Temperaturbereich (L\u00fcfter ein)<\/strong><\/td>\n<td>+4 \u00b0C \/ +18 \u00b0C<\/td>\n<\/tr>\n<tr>\n<td><strong>Klima-Klasse<\/strong><\/td>\n<td>4<\/td>\n<\/tr>\n<tr>\n<td><strong>Netto-Brutto-Volumen<\/strong><\/td>\n<td>342 \/ 382 L<\/td>\n<\/tr>\n<tr>\n<td><strong>Beschichtung<\/strong><\/td>\n<td>Massives Eschenholz<\/td>\n<\/tr>\n<tr>\n<td><strong>Innenauskleidung<\/strong><\/td>\n<td>Thermogeformtes ABS<\/td>\n<\/tr>\n<tr>\n<td><strong>Thermostat<\/strong><\/td>\n<td>Elektronisch<\/td>\n<\/tr>\n<tr>\n<td><strong>Smart Link WiFi<\/strong><\/td>\n<td>Optional (Fernsteuerung)<\/td>\n<\/tr>\n<tr>\n<td><strong>L\u00e4rmpegel<\/strong><\/td>\n<td>55 dB<\/td>\n<\/tr>\n<tr>\n<td><strong>Dicke der Isolierung<\/strong><\/td>\n<td>40 mm<\/td>\n<\/tr>\n<tr>\n<td><strong>Abtauen<\/strong><\/td>\n<td>Automatischer Kompressorzyklus + Manuell<\/td>\n<\/tr>\n<tr>\n<td><strong>Beleuchtung<\/strong><\/td>\n<td>2 vertikale LED<\/td>\n<\/tr>\n<tr>\n<td><strong>Selbstschlie\u00dfende T\u00fcr<\/strong><\/td>\n<td>Ja<\/td>\n<\/tr>\n<tr>\n<td><strong>Schloss &amp; Schl\u00fcssel<\/strong><\/td>\n<td>Ja<\/td>\n<\/tr>\n<tr>\n<td><strong>Regale<\/strong><\/td>\n<td>5 (513 x 410 mm) - Holzeinlegeb\u00f6den optional<\/td>\n<\/tr>\n<tr>\n<td><strong>F\u00fc\u00dfe und Rollen<\/strong><\/td>\n<td>2 F\u00fc\u00dfe + 2 Rollen<\/td>\n<\/tr>\n<tr>\n<td><strong>Netto\/Brutto Gewicht<\/strong><\/td>\n<td>80 \/ 87 kg<\/td>\n<\/tr>\n<tr>\n<td><strong>Spannung<\/strong><\/td>\n<td>220 V<\/td>\n<\/tr>\n<tr>\n<td><strong>Frequenz<\/strong><\/td>\n<td>50 Hz<\/td>\n<\/tr>\n<tr>\n<td><strong>K\u00e4ltemittel<\/strong><\/td>\n<td>R600A<\/td>\n<\/tr>\n<tr>\n<td><strong>Leistungsabsorption<\/strong><\/td>\n<td>230 W<\/td>\n<\/tr>\n<tr>\n<td><strong>Energieverbrauch<\/strong><\/td>\n<td>2,84 kWh \/ 24h<\/td>\n<\/tr>\n<\/tbody>\n<\/table>\n<\/div>\n<\/div>","protected":false},"excerpt":{"rendered":"<p>The CLW 420 L Wine Cooler combines traditional craftsmanship with modern cooling technology. Featuring a solid ash wood exterior in multiple finishes, this wine cabinet is perfect for refined environments such as restaurants, hotels, and wine cellars. With a capacity of up to 126 bottles (75 cl), electronic temperature control, and optional WiFi Smart Link [&hellip;]<\/p>\n","protected":false},"featured_media":7198,"comment_status":"open","ping_status":"closed","template":"","meta":[],"product_brand":[],"product_cat":[49],"product_tag":[],"class_list":{"0":"post-7197","1":"product","2":"type-product","3":"status-publish","4":"has-post-thumbnail","6":"product_cat-wine-fridges","8":"first","9":"instock","10":"shipping-taxable","11":"product-type-simple"},"_links":{"self":[{"href":"https:\/\/dersuessestopp.com\/de_at\/wp-json\/wp\/v2\/product\/7197","targetHints":{"allow":["GET"]}}],"collection":[{"href":"https:\/\/dersuessestopp.com\/de_at\/wp-json\/wp\/v2\/product"}],"about":[{"href":"https:\/\/dersuessestopp.com\/de_at\/wp-json\/wp\/v2\/types\/product"}],"replies":[{"embeddable":true,"href":"https:\/\/dersuessestopp.com\/de_at\/wp-json\/wp\/v2\/comments?post=7197"}],"version-history":[{"count":3,"href":"https:\/\/dersuessestopp.com\/de_at\/wp-json\/wp\/v2\/product\/7197\/revisions"}],"predecessor-version":[{"id":11513,"href":"https:\/\/dersuessestopp.com\/de_at\/wp-json\/wp\/v2\/product\/7197\/revisions\/11513"}],"wp:featuredmedia":[{"embeddable":true,"href":"https:\/\/dersuessestopp.com\/de_at\/wp-json\/wp\/v2\/media\/7198"}],"wp:attachment":[{"href":"https:\/\/dersuessestopp.com\/de_at\/wp-json\/wp\/v2\/media?parent=7197"}],"wp:term":[{"taxonomy":"product_brand","embeddable":true,"href":"https:\/\/dersuessestopp.com\/de_at\/wp-json\/wp\/v2\/product_brand?post=7197"},{"taxonomy":"product_cat","embeddable":true,"href":"https:\/\/dersuessestopp.com\/de_at\/wp-json\/wp\/v2\/product_cat?post=7197"},{"taxonomy":"product_tag","embeddable":true,"href":"https:\/\/dersuessestopp.com\/de_at\/wp-json\/wp\/v2\/product_tag?post=7197"}],"curies":[{"name":"wp","href":"https:\/\/api.w.org\/{rel}","templated":true}]}}