{"id":7186,"date":"2025-08-30T11:41:34","date_gmt":"2025-08-30T11:41:34","guid":{"rendered":"https:\/\/dersuessestopp.com\/?post_type=product&#038;p=7186"},"modified":"2025-08-30T11:41:34","modified_gmt":"2025-08-30T11:41:34","slug":"clp-300-ps","status":"publish","type":"product","link":"https:\/\/dersuessestopp.com\/de_at\/product\/clp-300-ps\/","title":{"rendered":"CLP 300 PS"},"content":{"rendered":"<p data-start=\"257\" data-end=\"575\">Die <strong data-start=\"261\" data-end=\"275\">CLP 300 PS<\/strong> ist ein leistungsf\u00e4higes <strong data-start=\"295\" data-end=\"335\">Statische K\u00fchlbox mit soliden Scharnierdeckeln<\/strong>, konzipiert f\u00fcr die professionelle Lagerung und Pr\u00e4sentation von Getr\u00e4nken. Betrieb im Temperaturbereich von <strong data-start=\"431\" data-end=\"449\">+2 \u00b0C bis +8 \u00b0C<\/strong>, Er sorgt f\u00fcr eine optimale Konservierung von Getr\u00e4nken und ist damit die ideale Wahl f\u00fcr Bars, Restaurants, Hotels und Cateringdienste.<\/p>\n<p data-start=\"577\" data-end=\"919\">Gebaut mit einer <strong data-start=\"590\" data-end=\"643\">Geh\u00e4use aus vorlackiertem, korrosionsgesch\u00fctztem Blech<\/strong> und eine <strong data-start=\"650\" data-end=\"682\">wei\u00df vorlackierte Innenauskleidung<\/strong>, Der CLP 300 PS kombiniert Langlebigkeit mit einem sauberen, professionellen Aussehen. Es kommt mit einem <strong data-start=\"769\" data-end=\"794\">elektronisches Thermostat<\/strong> f\u00fcr eine pr\u00e4zise Temperaturkontrolle, <strong data-start=\"828\" data-end=\"844\">Schloss und Schl\u00fcssel<\/strong> f\u00fcr die Produktsicherheit, und <strong data-start=\"869\" data-end=\"898\">4 Rollen (2 mit Bremsen)<\/strong> f\u00fcr einfache Mobilit\u00e4t.<\/p>\n<h2 data-start=\"926\" data-end=\"941\"><strong data-start=\"929\" data-end=\"941\">Kapazit\u00e4t<\/strong><\/h2>\n<table>\n<thead>\n<tr>\n<th>Spezifikation<\/th>\n<th>CLP 300 PS<\/th>\n<\/tr>\n<\/thead>\n<tbody>\n<tr>\n<td>Netto-Volumen<\/td>\n<td>275 Lt<\/td>\n<\/tr>\n<tr>\n<td>Bruttovolumen<\/td>\n<td>278 Lt<\/td>\n<\/tr>\n<\/tbody>\n<\/table>\n<h2 data-start=\"926\" data-end=\"941\"><strong data-start=\"929\" data-end=\"941\">Abmessungen<\/strong><\/h2>\n<table>\n<thead>\n<tr>\n<th>Beschreibung<\/th>\n<th>CLP 300 PS<\/th>\n<\/tr>\n<\/thead>\n<tbody>\n<tr>\n<td>\u00c4u\u00dfere Abmessungen (BxTxH)<\/td>\n<td>1090 x 690 x 860 mm<\/td>\n<\/tr>\n<tr>\n<td>Abmessungen der Verpackung (BxTxH)<\/td>\n<td>1140 x 710 x 943 mm<\/td>\n<\/tr>\n<tr>\n<td>Breite (A)<\/td>\n<td>962 mm<\/td>\n<\/tr>\n<tr>\n<td>Tiefe (B)<\/td>\n<td>472 mm<\/td>\n<\/tr>\n<tr>\n<td>H\u00f6he (C)<\/td>\n<td>680 mm<\/td>\n<\/tr>\n<tr>\n<td>Min. H\u00f6he (E)<\/td>\n<td>430 mm<\/td>\n<\/tr>\n<tr>\n<td>Min. Breite (F)<\/td>\n<td>662 mm<\/td>\n<\/tr>\n<tr>\n<td>Vorderseite Aufkleber Gr\u00f6\u00dfe<\/td>\n<td>1080 x 740 mm<\/td>\n<\/tr>\n<tr>\n<td>Rechte Seite Aufkleber<\/td>\n<td>590 x 740 mm<\/td>\n<\/tr>\n<tr>\n<td>Linke Seite Aufkleber<\/td>\n<td>590 x 470 mm<\/td>\n<\/tr>\n<\/tbody>\n<\/table>\n<h2 data-start=\"1823\" data-end=\"1848\"><strong data-start=\"1826\" data-end=\"1848\">Technische Merkmale<\/strong><\/h2>\n<div class=\"_tableContainer_1rjym_1\">\n<div class=\"_tableWrapper_1rjym_13 group flex w-fit flex-col-reverse\">\n<table>\n<thead>\n<tr>\n<th>Merkmal<\/th>\n<th>CLP 300 PS<\/th>\n<\/tr>\n<\/thead>\n<tbody>\n<tr>\n<td>Temperaturbereich<\/td>\n<td>+2 \u00b0C \/ +8 \u00b0C<\/td>\n<\/tr>\n<tr>\n<td>Klima-Klasse<\/td>\n<td>C1<\/td>\n<\/tr>\n<tr>\n<td>Netto\/Brutto Volumen<\/td>\n<td>275 \/ 278 Lt<\/td>\n<\/tr>\n<tr>\n<td>Externer K\u00f6rper<\/td>\n<td>Bandbeschichtetes Blech mit Korrosionsschutzbehandlung<\/td>\n<\/tr>\n<tr>\n<td>Innenauskleidung<\/td>\n<td>Wei\u00dfes vorlackiertes Blech<\/td>\n<\/tr>\n<tr>\n<td>Thermostat<\/td>\n<td>Elektronisch<\/td>\n<\/tr>\n<tr>\n<td>L\u00e4rmpegel<\/td>\n<td>44 dB<\/td>\n<\/tr>\n<tr>\n<td>Dicke der Isolierung<\/td>\n<td>65 mm<\/td>\n<\/tr>\n<tr>\n<td>Abtauen<\/td>\n<td>Handbuch<\/td>\n<\/tr>\n<tr>\n<td>Schloss und Schl\u00fcssel<\/td>\n<td>Ja<\/td>\n<\/tr>\n<tr>\n<td>Rollen<\/td>\n<td>4 (2 mit Bremsen)<\/td>\n<\/tr>\n<tr>\n<td>Netto-\/Bruttogewicht<\/td>\n<td>44 \/ 47 Kg<\/td>\n<\/tr>\n<\/tbody>\n<\/table>\n<h2 data-start=\"2586\" data-end=\"2618\"><strong data-start=\"2589\" data-end=\"2618\">Elektrische Spezifikationen<\/strong><\/h2>\n<div class=\"_tableContainer_1rjym_1\">\n<div class=\"_tableWrapper_1rjym_13 group flex w-fit flex-col-reverse\">\n<table>\n<thead>\n<tr>\n<th>Spezifikation<\/th>\n<th>Wert<\/th>\n<\/tr>\n<\/thead>\n<tbody>\n<tr>\n<td>Spannung<\/td>\n<td>220 - 240 V<\/td>\n<\/tr>\n<tr>\n<td>Frequenz<\/td>\n<td>50 Hz<\/td>\n<\/tr>\n<tr>\n<td>K\u00e4ltemittel<\/td>\n<td>R600A<\/td>\n<\/tr>\n<tr>\n<td>Leistungsabsorption<\/td>\n<td>165 W<\/td>\n<\/tr>\n<tr>\n<td>Energieverbrauch<\/td>\n<td>0,581 kWh \/ 24h<\/td>\n<\/tr>\n<\/tbody>\n<\/table>\n<\/div>\n<\/div>\n<\/div>\n<\/div>","protected":false},"excerpt":{"rendered":"<p>The CLP 300 PS is a high-capacity static cooler with solid hinged lids, designed for professional beverage storage and display. Operating in the temperature range of +2 \u00b0C to +8 \u00b0C, it ensures optimal preservation of drinks, making it an ideal choice for bars, restaurants, hotels, and catering services. Built with a prepainted anticorrosion-treated sheet [&hellip;]<\/p>\n","protected":false},"featured_media":7188,"comment_status":"open","ping_status":"closed","template":"","meta":[],"product_brand":[],"product_cat":[48],"product_tag":[],"class_list":{"0":"post-7186","1":"product","2":"type-product","3":"status-publish","4":"has-post-thumbnail","6":"product_cat-beverage-cooling","8":"first","9":"instock","10":"shipping-taxable","11":"product-type-simple"},"_links":{"self":[{"href":"https:\/\/dersuessestopp.com\/de_at\/wp-json\/wp\/v2\/product\/7186","targetHints":{"allow":["GET"]}}],"collection":[{"href":"https:\/\/dersuessestopp.com\/de_at\/wp-json\/wp\/v2\/product"}],"about":[{"href":"https:\/\/dersuessestopp.com\/de_at\/wp-json\/wp\/v2\/types\/product"}],"replies":[{"embeddable":true,"href":"https:\/\/dersuessestopp.com\/de_at\/wp-json\/wp\/v2\/comments?post=7186"}],"version-history":[{"count":2,"href":"https:\/\/dersuessestopp.com\/de_at\/wp-json\/wp\/v2\/product\/7186\/revisions"}],"predecessor-version":[{"id":7191,"href":"https:\/\/dersuessestopp.com\/de_at\/wp-json\/wp\/v2\/product\/7186\/revisions\/7191"}],"wp:featuredmedia":[{"embeddable":true,"href":"https:\/\/dersuessestopp.com\/de_at\/wp-json\/wp\/v2\/media\/7188"}],"wp:attachment":[{"href":"https:\/\/dersuessestopp.com\/de_at\/wp-json\/wp\/v2\/media?parent=7186"}],"wp:term":[{"taxonomy":"product_brand","embeddable":true,"href":"https:\/\/dersuessestopp.com\/de_at\/wp-json\/wp\/v2\/product_brand?post=7186"},{"taxonomy":"product_cat","embeddable":true,"href":"https:\/\/dersuessestopp.com\/de_at\/wp-json\/wp\/v2\/product_cat?post=7186"},{"taxonomy":"product_tag","embeddable":true,"href":"https:\/\/dersuessestopp.com\/de_at\/wp-json\/wp\/v2\/product_tag?post=7186"}],"curies":[{"name":"wp","href":"https:\/\/api.w.org\/{rel}","templated":true}]}}