{"id":7182,"date":"2025-08-30T11:36:40","date_gmt":"2025-08-30T11:36:40","guid":{"rendered":"https:\/\/dersuessestopp.com\/?post_type=product&#038;p=7182"},"modified":"2025-08-30T11:36:40","modified_gmt":"2025-08-30T11:36:40","slug":"bl-65-f","status":"publish","type":"product","link":"https:\/\/dersuessestopp.com\/de_at\/product\/bl-65-f\/","title":{"rendered":"BL 65 F"},"content":{"rendered":"<p data-start=\"172\" data-end=\"572\">Die <strong data-start=\"176\" data-end=\"187\">BL 65 F<\/strong> ist ein professioneller Getr\u00e4nkek\u00fchler f\u00fcr Bars, Restaurants, Veranstaltungen und Catering-Services. Mit seinen soliden Scharnierdeckeln, seiner robusten Bauweise und seiner zuverl\u00e4ssigen K\u00fchlleistung sorgt er daf\u00fcr, dass die Getr\u00e4nke zwischen den Mahlzeiten die perfekte Temperatur haben. <strong data-start=\"426\" data-end=\"443\">0\u00b0C und +10\u00b0C<\/strong>. Er ist kompakt und dennoch ger\u00e4umig und kann sowohl Flaschen als auch Dosen aufnehmen, was ihn zu einer vielseitigen L\u00f6sung f\u00fcr die Lagerung und den Service von Getr\u00e4nken macht.<\/p>\n<p data-start=\"574\" data-end=\"938\">Ausgestattet mit <strong data-start=\"588\" data-end=\"617\">Rollen f\u00fcr leichte Mobilit\u00e4t<\/strong>, a <strong data-start=\"621\" data-end=\"640\">Einbaugriff<\/strong>, und <strong data-start=\"646\" data-end=\"667\">herausnehmbare K\u00f6rbe<\/strong>, Der BL 65 F ist praktisch und langlebig. Sein <strong data-start=\"726\" data-end=\"780\">Geh\u00e4use aus vorlackiertem, korrosionsgesch\u00fctztem Blech<\/strong> und <strong data-start=\"785\" data-end=\"804\">ABS-Innenauskleidung<\/strong> garantieren eine lange Nutzungsdauer, w\u00e4hrend die <strong data-start=\"843\" data-end=\"882\">automatisches Kompressor-Abtausystem<\/strong> gew\u00e4hrleistet einen effizienten Betrieb mit minimalem Wartungsaufwand.<\/p>\n<h2 data-start=\"945\" data-end=\"960\"><strong data-start=\"948\" data-end=\"960\">Kapazit\u00e4t<\/strong><\/h2>\n<table>\n<thead>\n<tr>\n<th>Container-Typ<\/th>\n<th>Kapazit\u00e4t<\/th>\n<\/tr>\n<\/thead>\n<tbody>\n<tr>\n<td>Flasche cl. 33<\/td>\n<td>40 St\u00fcck<\/td>\n<\/tr>\n<tr>\n<td>Dose cl. 33<\/td>\n<td>50 St\u00fcck<\/td>\n<\/tr>\n<tr>\n<td><em>Anmerkung:<\/em> Die Daten k\u00f6nnen je nach Verpackung variieren.<\/td>\n<td><\/td>\n<\/tr>\n<\/tbody>\n<\/table>\n<h2 data-start=\"945\" data-end=\"960\"><strong data-start=\"948\" data-end=\"960\">Abmessungen<\/strong><\/h2>\n<table>\n<thead>\n<tr>\n<th>Beschreibung<\/th>\n<th>BL 65 F<\/th>\n<\/tr>\n<\/thead>\n<tbody>\n<tr>\n<td>\u00c4u\u00dfere Abmessungen (BxTxH)<\/td>\n<td>\u00d8 445 x 965 mm<\/td>\n<\/tr>\n<tr>\n<td>Abmessungen der Verpackung (BxTxH)<\/td>\n<td>460 x 460 x 1015 mm<\/td>\n<\/tr>\n<tr>\n<td>Breite (A)<\/td>\n<td>\u00d8 360 mm<\/td>\n<\/tr>\n<tr>\n<td>Tiefe (B)<\/td>\n<td>\u00d8 360 mm<\/td>\n<\/tr>\n<tr>\n<td>H\u00f6he (C)<\/td>\n<td>630 mm<\/td>\n<\/tr>\n<tr>\n<td>Vorderseite Aufkleber Gr\u00f6\u00dfe<\/td>\n<td>1380 x 871 mm<\/td>\n<\/tr>\n<\/tbody>\n<\/table>\n<h2 data-start=\"2504\" data-end=\"2536\"><strong data-start=\"2507\" data-end=\"2536\">Elektrische Spezifikationen<\/strong><\/h2>\n<div class=\"_tableContainer_1rjym_1\">\n<div class=\"_tableWrapper_1rjym_13 group flex w-fit flex-col-reverse\">\n<table>\n<thead>\n<tr>\n<th>Spezifikation<\/th>\n<th>Wert<\/th>\n<\/tr>\n<\/thead>\n<tbody>\n<tr>\n<td>Spannung<\/td>\n<td>220 - 240 V<\/td>\n<\/tr>\n<tr>\n<td>Frequenz<\/td>\n<td>50 Hz<\/td>\n<\/tr>\n<tr>\n<td>K\u00e4ltemittel<\/td>\n<td>R134A \/ R600A<\/td>\n<\/tr>\n<tr>\n<td>Leistungsabsorption<\/td>\n<td>100 W<\/td>\n<\/tr>\n<tr>\n<td>Energieverbrauch<\/td>\n<td>0,39 kWh \/ 24h<\/td>\n<\/tr>\n<\/tbody>\n<\/table>\n<\/div>\n<\/div>","protected":false},"excerpt":{"rendered":"<p>The BL 65 F is a professional beverage cooler designed for bars, restaurants, events, and catering services. With its solid hinged lids, robust build, and reliable cooling performance, it ensures beverages are kept at the perfect temperature between 0\u00b0C and +10\u00b0C. Compact yet spacious, it accommodates both bottles and cans, making it a versatile solution [&hellip;]<\/p>\n","protected":false},"featured_media":7183,"comment_status":"open","ping_status":"closed","template":"","meta":[],"product_brand":[],"product_cat":[48],"product_tag":[],"class_list":{"0":"post-7182","1":"product","2":"type-product","3":"status-publish","4":"has-post-thumbnail","6":"product_cat-beverage-cooling","8":"first","9":"instock","10":"shipping-taxable","11":"product-type-simple"},"_links":{"self":[{"href":"https:\/\/dersuessestopp.com\/de_at\/wp-json\/wp\/v2\/product\/7182","targetHints":{"allow":["GET"]}}],"collection":[{"href":"https:\/\/dersuessestopp.com\/de_at\/wp-json\/wp\/v2\/product"}],"about":[{"href":"https:\/\/dersuessestopp.com\/de_at\/wp-json\/wp\/v2\/types\/product"}],"replies":[{"embeddable":true,"href":"https:\/\/dersuessestopp.com\/de_at\/wp-json\/wp\/v2\/comments?post=7182"}],"version-history":[{"count":2,"href":"https:\/\/dersuessestopp.com\/de_at\/wp-json\/wp\/v2\/product\/7182\/revisions"}],"predecessor-version":[{"id":7187,"href":"https:\/\/dersuessestopp.com\/de_at\/wp-json\/wp\/v2\/product\/7182\/revisions\/7187"}],"wp:featuredmedia":[{"embeddable":true,"href":"https:\/\/dersuessestopp.com\/de_at\/wp-json\/wp\/v2\/media\/7183"}],"wp:attachment":[{"href":"https:\/\/dersuessestopp.com\/de_at\/wp-json\/wp\/v2\/media?parent=7182"}],"wp:term":[{"taxonomy":"product_brand","embeddable":true,"href":"https:\/\/dersuessestopp.com\/de_at\/wp-json\/wp\/v2\/product_brand?post=7182"},{"taxonomy":"product_cat","embeddable":true,"href":"https:\/\/dersuessestopp.com\/de_at\/wp-json\/wp\/v2\/product_cat?post=7182"},{"taxonomy":"product_tag","embeddable":true,"href":"https:\/\/dersuessestopp.com\/de_at\/wp-json\/wp\/v2\/product_tag?post=7182"}],"curies":[{"name":"wp","href":"https:\/\/api.w.org\/{rel}","templated":true}]}}