{"id":7177,"date":"2025-08-30T11:33:12","date_gmt":"2025-08-30T11:33:12","guid":{"rendered":"https:\/\/dersuessestopp.com\/?post_type=product&#038;p=7177"},"modified":"2025-08-30T11:33:12","modified_gmt":"2025-08-30T11:33:12","slug":"kaltwand-300-inox","status":"publish","type":"product","link":"https:\/\/dersuessestopp.com\/de_at\/product\/coldwall-300-inox\/","title":{"rendered":"KALTWAND 300 INOX"},"content":{"rendered":"<p data-start=\"172\" data-end=\"594\">Die <strong data-start=\"176\" data-end=\"198\">KALTWAND 300 INOX<\/strong> ist ein hochwertiger, bel\u00fcfteter Getr\u00e4nkek\u00fchler f\u00fcr Bars, Restaurants und Einzelhandelsumgebungen, die eine effiziente K\u00fchlung mit einem modernen und eleganten Aussehen ben\u00f6tigen. Sein <strong data-start=\"370\" data-end=\"405\">Innenraum aus spiegelblankem Edelstahl<\/strong>, <strong data-start=\"407\" data-end=\"436\">rahmenlose Ganzglast\u00fcr<\/strong>, und <strong data-start=\"442\" data-end=\"461\">Einbaugriff<\/strong> funktional und stilvoll zugleich, w\u00e4hrend die <strong data-start=\"509\" data-end=\"535\">verdeckte Aufh\u00e4ngevorrichtung<\/strong> gew\u00e4hrleistet eine einfache Wandmontage ohne sichtbare St\u00fctzen.<\/p>\n<p data-start=\"596\" data-end=\"865\">Dieses Ger\u00e4t bietet eine zuverl\u00e4ssige K\u00fchlung mit einem elektronischen Thermostat, automatischer Abtauung und LED-Beleuchtung zur Hervorhebung der ausgestellten Produkte. Mit einer Kapazit\u00e4t von bis zu <strong data-start=\"757\" data-end=\"777\">399 Dosen (33 cl)<\/strong> oder <strong data-start=\"781\" data-end=\"804\">200 Flaschen (50 cl)<\/strong>, Er ist ideal f\u00fcr die Pr\u00e4sentation von Getr\u00e4nken in einem hochwertigen Ambiente.<\/p>\n<h2 data-start=\"872\" data-end=\"887\"><strong data-start=\"875\" data-end=\"887\">Kapazit\u00e4t<\/strong><\/h2>\n<table>\n<thead>\n<tr>\n<th>Container-Typ<\/th>\n<th>Kapazit\u00e4t<\/th>\n<\/tr>\n<\/thead>\n<tbody>\n<tr>\n<td>Flasche 1 L<\/td>\n<td>78 St\u00fcck<\/td>\n<\/tr>\n<tr>\n<td>Flasche 0,75 L<\/td>\n<td>90 St\u00fcck<\/td>\n<\/tr>\n<tr>\n<td>Flasche 0,66 L<\/td>\n<td>153 St\u00fcck<\/td>\n<\/tr>\n<tr>\n<td>Flasche 0,50 L<\/td>\n<td>200 St\u00fcck<\/td>\n<\/tr>\n<tr>\n<td>Flasche 0,33 L<\/td>\n<td>255 St\u00fcck<\/td>\n<\/tr>\n<tr>\n<td>Dose 0,33 L<\/td>\n<td>399 St\u00fcck<\/td>\n<\/tr>\n<\/tbody>\n<\/table>\n<h2 data-start=\"1679\" data-end=\"1696\"><strong data-start=\"1682\" data-end=\"1696\">Abmessungen<\/strong><\/h2>\n<div class=\"_tableContainer_1rjym_1\">\n<div class=\"_tableWrapper_1rjym_13 group flex w-fit flex-col-reverse\">\n<table>\n<thead>\n<tr>\n<th>Spezifikation<\/th>\n<th>Messung (mm)<\/th>\n<\/tr>\n<\/thead>\n<tbody>\n<tr>\n<td>\u00c4u\u00dfere Abmessungen (BxTxH)<\/td>\n<td>1350 x 565 x 852<\/td>\n<\/tr>\n<tr>\n<td>Abmessungen der Verpackung (BxTxH)<\/td>\n<td>1440 x 630 x 1045<\/td>\n<\/tr>\n<tr>\n<td>Breite (A)<\/td>\n<td>1260<\/td>\n<\/tr>\n<tr>\n<td>Tiefe (B)<\/td>\n<td>375<\/td>\n<\/tr>\n<tr>\n<td>H\u00f6he (C)<\/td>\n<td>705<\/td>\n<\/tr>\n<tr>\n<td>Mindesttiefe (D)<\/td>\n<td>195<\/td>\n<\/tr>\n<tr>\n<td>Mindesth\u00f6he (E)<\/td>\n<td>500<\/td>\n<\/tr>\n<\/tbody>\n<\/table>\n<h2 data-start=\"2127\" data-end=\"2158\"><strong data-start=\"2130\" data-end=\"2158\">Technische Daten<\/strong><\/h2>\n<div class=\"_tableContainer_1rjym_1\">\n<div class=\"_tableWrapper_1rjym_13 group flex w-fit flex-col-reverse\">\n<table>\n<thead>\n<tr>\n<th>Merkmal<\/th>\n<th>Wert<\/th>\n<\/tr>\n<\/thead>\n<tbody>\n<tr>\n<td>Temperaturbereich<\/td>\n<td>-2 \u00b0C bis +10 \u00b0C<\/td>\n<\/tr>\n<tr>\n<td>Klima-Klasse<\/td>\n<td>4<\/td>\n<\/tr>\n<tr>\n<td>Netto\/Brutto Volumen<\/td>\n<td>254 L \/ 280 L<\/td>\n<\/tr>\n<tr>\n<td>Externer K\u00f6rper<\/td>\n<td>Bandbeschichtetes Blech mit Korrosionsschutzbehandlung<\/td>\n<\/tr>\n<tr>\n<td>Innenauskleidung<\/td>\n<td>Hochglanzpolierter Edelstahl<\/td>\n<\/tr>\n<tr>\n<td>Thermostat<\/td>\n<td>Elektronisch<\/td>\n<\/tr>\n<tr>\n<td>Abtauen<\/td>\n<td>Automatisch<\/td>\n<\/tr>\n<tr>\n<td>Dicke der Isolierung<\/td>\n<td>45 mm<\/td>\n<\/tr>\n<tr>\n<td>L\u00e4rmpegel<\/td>\n<td>50 dB<\/td>\n<\/tr>\n<tr>\n<td>Regale<\/td>\n<td>4 seitliche Ablagen (399\u00d7340 mm), 2 mittlere Ablagen (446\u00d7440 mm)<\/td>\n<\/tr>\n<tr>\n<td>Spannung<\/td>\n<td>220 V<\/td>\n<\/tr>\n<tr>\n<td>Frequenz<\/td>\n<td>50 Hz<\/td>\n<\/tr>\n<tr>\n<td>K\u00e4ltemittel<\/td>\n<td>R600A<\/td>\n<\/tr>\n<tr>\n<td>Leistungsabsorption<\/td>\n<td>190 W<\/td>\n<\/tr>\n<tr>\n<td>Energieverbrauch<\/td>\n<td>2,00 kWh\/24h<\/td>\n<\/tr>\n<tr>\n<td>Netto-\/Bruttogewicht<\/td>\n<td>99 \/ 119 Kg<\/td>\n<\/tr>\n<\/tbody>\n<\/table>\n<\/div>\n<\/div>\n<\/div>\n<\/div>","protected":false},"excerpt":{"rendered":"<p>The COLD WALL 300 INOX is a high-quality ventilated beverage cooler designed for bars, restaurants, and retail environments that need efficient cooling with a modern and elegant appearance. Its mirror stainless steel interior, frameless full-glass door, and built-in handle make it both functional and stylish, while the hidden hanging bracket ensures easy wall installation without [&hellip;]<\/p>\n","protected":false},"featured_media":7178,"comment_status":"open","ping_status":"closed","template":"","meta":[],"product_brand":[],"product_cat":[48],"product_tag":[],"class_list":{"0":"post-7177","1":"product","2":"type-product","3":"status-publish","4":"has-post-thumbnail","6":"product_cat-beverage-cooling","8":"first","9":"instock","10":"shipping-taxable","11":"product-type-simple"},"_links":{"self":[{"href":"https:\/\/dersuessestopp.com\/de_at\/wp-json\/wp\/v2\/product\/7177","targetHints":{"allow":["GET"]}}],"collection":[{"href":"https:\/\/dersuessestopp.com\/de_at\/wp-json\/wp\/v2\/product"}],"about":[{"href":"https:\/\/dersuessestopp.com\/de_at\/wp-json\/wp\/v2\/types\/product"}],"replies":[{"embeddable":true,"href":"https:\/\/dersuessestopp.com\/de_at\/wp-json\/wp\/v2\/comments?post=7177"}],"version-history":[{"count":2,"href":"https:\/\/dersuessestopp.com\/de_at\/wp-json\/wp\/v2\/product\/7177\/revisions"}],"predecessor-version":[{"id":7181,"href":"https:\/\/dersuessestopp.com\/de_at\/wp-json\/wp\/v2\/product\/7177\/revisions\/7181"}],"wp:featuredmedia":[{"embeddable":true,"href":"https:\/\/dersuessestopp.com\/de_at\/wp-json\/wp\/v2\/media\/7178"}],"wp:attachment":[{"href":"https:\/\/dersuessestopp.com\/de_at\/wp-json\/wp\/v2\/media?parent=7177"}],"wp:term":[{"taxonomy":"product_brand","embeddable":true,"href":"https:\/\/dersuessestopp.com\/de_at\/wp-json\/wp\/v2\/product_brand?post=7177"},{"taxonomy":"product_cat","embeddable":true,"href":"https:\/\/dersuessestopp.com\/de_at\/wp-json\/wp\/v2\/product_cat?post=7177"},{"taxonomy":"product_tag","embeddable":true,"href":"https:\/\/dersuessestopp.com\/de_at\/wp-json\/wp\/v2\/product_tag?post=7177"}],"curies":[{"name":"wp","href":"https:\/\/api.w.org\/{rel}","templated":true}]}}