{"id":7164,"date":"2025-08-30T11:12:00","date_gmt":"2025-08-30T11:12:00","guid":{"rendered":"https:\/\/dersuessestopp.com\/?post_type=product&#038;p=7164"},"modified":"2025-08-30T11:12:00","modified_gmt":"2025-08-30T11:12:00","slug":"ckc-100","status":"publish","type":"product","link":"https:\/\/dersuessestopp.com\/de_at\/product\/ckc-100\/","title":{"rendered":"CKC 100"},"content":{"rendered":"<p data-start=\"373\" data-end=\"750\">Die <strong data-start=\"377\" data-end=\"414\">CKC 100 Thekenk\u00fchlger\u00e4t<\/strong> ist ein professionelles K\u00fchlger\u00e4t f\u00fcr Caf\u00e9s, Restaurants, Bars und Einzelhandelsgesch\u00e4fte, die ihre Getr\u00e4nke auf attraktive und zug\u00e4ngliche Weise pr\u00e4sentieren m\u00f6chten. Mit drei Glasseiten, effizienter LED-Beleuchtung und starker Bel\u00fcftung sorgt dieser K\u00fchler daf\u00fcr, dass Ihre Produkte perfekt gek\u00fchlt und jederzeit gut sichtbar bleiben.<\/p>\n<p data-start=\"752\" data-end=\"1059\">Gebaut mit <strong data-start=\"763\" data-end=\"795\">Konstruktion aus rostfreiem Stahl<\/strong>, an <strong data-start=\"800\" data-end=\"825\">elektronisches Thermostat<\/strong>, und eine <strong data-start=\"833\" data-end=\"860\">selbstschlie\u00dfende Glast\u00fcr<\/strong>, bietet der CKC 100 sowohl Haltbarkeit als auch Komfort. Sein kompaktes Design macht ihn zur idealen Wahl f\u00fcr Unternehmen mit begrenztem Platzangebot, ohne Kompromisse bei der Lagerkapazit\u00e4t oder Leistung einzugehen.<\/p>\n<h2 data-start=\"1066\" data-end=\"1083\">Wesentliche Merkmale<\/h2>\n<ul data-start=\"1084\" data-end=\"1522\">\n<li data-start=\"1084\" data-end=\"1154\">\n<p data-start=\"1086\" data-end=\"1154\"><strong data-start=\"1086\" data-end=\"1115\">Bel\u00fcftetes K\u00fchlsystem<\/strong> f\u00fcr eine gleichm\u00e4\u00dfige Temperaturverteilung<\/p>\n<\/li>\n<li data-start=\"1155\" data-end=\"1196\">\n<p data-start=\"1157\" data-end=\"1196\"><strong data-start=\"1157\" data-end=\"1179\">Temperaturbereich:<\/strong> +3 \u00b0C bis +8 \u00b0C<\/p>\n<\/li>\n<li data-start=\"1197\" data-end=\"1269\">\n<p data-start=\"1199\" data-end=\"1269\"><strong data-start=\"1199\" data-end=\"1240\">Au\u00dfen und innen aus Edelstahl<\/strong> f\u00fcr Hygiene und Haltbarkeit<\/p>\n<\/li>\n<li data-start=\"1270\" data-end=\"1331\">\n<p data-start=\"1272\" data-end=\"1331\"><strong data-start=\"1272\" data-end=\"1297\">Elektronischer Thermostat<\/strong> f\u00fcr pr\u00e4zise Temperaturkontrolle<\/p>\n<\/li>\n<li data-start=\"1332\" data-end=\"1392\">\n<p data-start=\"1334\" data-end=\"1392\"><strong data-start=\"1334\" data-end=\"1361\">Selbstschlie\u00dfende Glast\u00fcr<\/strong> mit horizontaler LED-Beleuchtung<\/p>\n<\/li>\n<li data-start=\"1393\" data-end=\"1460\">\n<p data-start=\"1395\" data-end=\"1460\"><strong data-start=\"1395\" data-end=\"1424\">Kompaktes Design der Arbeitsplatte<\/strong> mit hervorragender Produktsichtbarkeit<\/p>\n<\/li>\n<li data-start=\"1461\" data-end=\"1522\">\n<p data-start=\"1463\" data-end=\"1522\"><strong data-start=\"1463\" data-end=\"1483\">Einfache Wartung<\/strong> mit Kompressor-Abtausystem<\/p>\n<\/li>\n<\/ul>\n<h2 data-start=\"1529\" data-end=\"1561\">Technische Daten<\/h2>\n<table>\n<thead>\n<tr>\n<th>Modell<\/th>\n<th>\u00c4u\u00dfere Abmessungen (BxTxH)<\/th>\n<th>Abmessungen der Verpackung (BxTxH)<\/th>\n<th>Innere Abmessungen (BxTxH)<\/th>\n<th>Einlegeb\u00f6den (BxT)<\/th>\n<\/tr>\n<\/thead>\n<tbody>\n<tr>\n<td><strong>CKC 100<\/strong><\/td>\n<td>1110 x 510 x 566 mm<\/td>\n<td>1170 x 570 x 640 mm<\/td>\n<td>790 x 400 x 390 mm<\/td>\n<td>2 St\u00fcck - 752 x 390 mm<\/td>\n<\/tr>\n<\/tbody>\n<\/table>\n<h3 data-start=\"1919\" data-end=\"1947\">Leistung und Kapazit\u00e4t<\/h3>\n<div class=\"_tableContainer_1rjym_1\">\n<div class=\"_tableWrapper_1rjym_13 group flex w-fit flex-col-reverse\">\n<table>\n<thead>\n<tr>\n<th>Modell<\/th>\n<th>Temperaturbereich<\/th>\n<th>Klima-Klasse<\/th>\n<th>Netto\/Brutto-Volumen<\/th>\n<th>Dicke der Isolierung<\/th>\n<th>Abtauen<\/th>\n<th>Beleuchtung<\/th>\n<\/tr>\n<\/thead>\n<tbody>\n<tr>\n<td><strong>CKC 100<\/strong><\/td>\n<td>+3 \u00b0C \/ +8 \u00b0C<\/td>\n<td>Klasse 4<\/td>\n<td>150 L \/ 163 L<\/td>\n<td>45 mm<\/td>\n<td>Zyklus des Verdichters<\/td>\n<td>1 LED Horizontal<\/td>\n<\/tr>\n<\/tbody>\n<\/table>\n<h3 data-start=\"1919\" data-end=\"1947\">Bauwesen<\/h3>\n<table>\n<thead>\n<tr>\n<th>\u00c4u\u00dferes<\/th>\n<th>Innenbereich<\/th>\n<th>T\u00fcr<\/th>\n<th>Regale<\/th>\n<th>F\u00fc\u00dfe\/Walzen<\/th>\n<th>T\u00fcr schlie\u00dfen<\/th>\n<\/tr>\n<\/thead>\n<tbody>\n<tr>\n<td>Rostfreier Stahl<\/td>\n<td>Rostfreier Stahl<\/td>\n<td>Glas<\/td>\n<td>2 Einstellbar<\/td>\n<td>4 F\u00fc\u00dfe<\/td>\n<td>Ja, selbstschlie\u00dfend<\/td>\n<\/tr>\n<\/tbody>\n<\/table>\n<h3 data-start=\"2533\" data-end=\"2554\">Elektrische Daten<\/h3>\n<div class=\"_tableContainer_1rjym_1\">\n<div class=\"_tableWrapper_1rjym_13 group flex w-fit flex-col-reverse\">\n<table>\n<thead>\n<tr>\n<th>Spannung<\/th>\n<th>Frequenz<\/th>\n<th>K\u00e4ltemittel<\/th>\n<th>Absorption<\/th>\n<th>Energieverbrauch<\/th>\n<th>Netto\/Brutto Gewicht<\/th>\n<\/tr>\n<\/thead>\n<tbody>\n<tr>\n<td>220 V<\/td>\n<td>50 Hz<\/td>\n<td>R600A<\/td>\n<td>180 W<\/td>\n<td>3,75 kWh \/ 24h<\/td>\n<td>70 \/ 74 kg<\/td>\n<\/tr>\n<\/tbody>\n<\/table>\n<\/div>\n<\/div>\n<\/div>\n<\/div>","protected":false},"excerpt":{"rendered":"<p>The CKC 100 Countertop Display Cooler is a professional-grade refrigerated unit designed for caf\u00e9s, restaurants, bars, and retail shops that want to showcase beverages in an attractive and accessible way. With three glass sides, efficient LED lighting, and powerful ventilation, this cooler ensures your products remain perfectly chilled and clearly visible at all times. Built [&hellip;]<\/p>\n","protected":false},"featured_media":7165,"comment_status":"open","ping_status":"closed","template":"","meta":[],"product_brand":[],"product_cat":[48],"product_tag":[],"class_list":{"0":"post-7164","1":"product","2":"type-product","3":"status-publish","4":"has-post-thumbnail","6":"product_cat-beverage-cooling","8":"first","9":"instock","10":"shipping-taxable","11":"product-type-simple"},"_links":{"self":[{"href":"https:\/\/dersuessestopp.com\/de_at\/wp-json\/wp\/v2\/product\/7164","targetHints":{"allow":["GET"]}}],"collection":[{"href":"https:\/\/dersuessestopp.com\/de_at\/wp-json\/wp\/v2\/product"}],"about":[{"href":"https:\/\/dersuessestopp.com\/de_at\/wp-json\/wp\/v2\/types\/product"}],"replies":[{"embeddable":true,"href":"https:\/\/dersuessestopp.com\/de_at\/wp-json\/wp\/v2\/comments?post=7164"}],"version-history":[{"count":1,"href":"https:\/\/dersuessestopp.com\/de_at\/wp-json\/wp\/v2\/product\/7164\/revisions"}],"predecessor-version":[{"id":7167,"href":"https:\/\/dersuessestopp.com\/de_at\/wp-json\/wp\/v2\/product\/7164\/revisions\/7167"}],"wp:featuredmedia":[{"embeddable":true,"href":"https:\/\/dersuessestopp.com\/de_at\/wp-json\/wp\/v2\/media\/7165"}],"wp:attachment":[{"href":"https:\/\/dersuessestopp.com\/de_at\/wp-json\/wp\/v2\/media?parent=7164"}],"wp:term":[{"taxonomy":"product_brand","embeddable":true,"href":"https:\/\/dersuessestopp.com\/de_at\/wp-json\/wp\/v2\/product_brand?post=7164"},{"taxonomy":"product_cat","embeddable":true,"href":"https:\/\/dersuessestopp.com\/de_at\/wp-json\/wp\/v2\/product_cat?post=7164"},{"taxonomy":"product_tag","embeddable":true,"href":"https:\/\/dersuessestopp.com\/de_at\/wp-json\/wp\/v2\/product_tag?post=7164"}],"curies":[{"name":"wp","href":"https:\/\/api.w.org\/{rel}","templated":true}]}}