{"id":7159,"date":"2025-08-30T11:07:53","date_gmt":"2025-08-30T11:07:53","guid":{"rendered":"https:\/\/dersuessestopp.com\/?post_type=product&#038;p=7159"},"modified":"2025-08-30T11:07:53","modified_gmt":"2025-08-30T11:07:53","slug":"s-185-xh","status":"publish","type":"product","link":"https:\/\/dersuessestopp.com\/de_at\/product\/s-185-xh\/","title":{"rendered":"S 185 XH"},"content":{"rendered":"<p data-start=\"308\" data-end=\"556\">Die <strong data-start=\"312\" data-end=\"324\">S 185 XH<\/strong> ist eine professionelle <strong data-start=\"343\" data-end=\"362\">Backbar-K\u00fchler<\/strong> mit <strong data-start=\"368\" data-end=\"411\">statische K\u00fchlung und L\u00fcfterunterst\u00fctzung<\/strong>. Gebaut aus <strong data-start=\"424\" data-end=\"452\">Rostfreier Stahl AISI 304<\/strong> f\u00fcr Langlebigkeit und Hygiene, es gew\u00e4hrleistet <strong data-start=\"492\" data-end=\"553\">effiziente Getr\u00e4nkek\u00fchlung, geringe Ger\u00e4uschentwicklung und Energieeinsparung<\/strong>.<\/p>\n<p data-start=\"558\" data-end=\"759\">Ausgestattet mit <strong data-start=\"572\" data-end=\"649\">LED-Beleuchtung, ein elektronischer Thermostat und eine selbstschlie\u00dfende T\u00fcr mit Schloss<\/strong>, ist dieses Ger\u00e4t ideal f\u00fcr <strong data-start=\"674\" data-end=\"713\">Bars, Kneipen, Restaurants und Hotels<\/strong> die beides verlangen <strong data-start=\"731\" data-end=\"756\">Leistung und Stil<\/strong>.<\/p>\n<h2 data-start=\"766\" data-end=\"783\">Wesentliche Merkmale<\/h2>\n<table>\n<thead>\n<tr>\n<th>Merkmal<\/th>\n<th>Einzelheiten<\/th>\n<\/tr>\n<\/thead>\n<tbody>\n<tr>\n<td>K\u00e4ltetechnik<\/td>\n<td>Statische K\u00fchlung mit L\u00fcfterunterst\u00fctzung<\/td>\n<\/tr>\n<tr>\n<td>Temperaturkontrolle<\/td>\n<td>Elektronischer Thermostat<\/td>\n<\/tr>\n<tr>\n<td>Beleuchtung<\/td>\n<td>Horizontale LED<\/td>\n<\/tr>\n<tr>\n<td>T\u00fcr<\/td>\n<td>Edelstahl (AISI 304), selbstschlie\u00dfend mit Schloss<\/td>\n<\/tr>\n<tr>\n<td>Innenauskleidung<\/td>\n<td>Rostfreier Stahl (AISI 304)<\/td>\n<\/tr>\n<tr>\n<td>Regale<\/td>\n<td>4 verstellbare Einlegeb\u00f6den (355 \u00d7 400 mm)<\/td>\n<\/tr>\n<tr>\n<td>Isolierung<\/td>\n<td>50 mm<\/td>\n<\/tr>\n<tr>\n<td>Abtau-System<\/td>\n<td>Automatischer Kompressorzyklus + manuelle Option<\/td>\n<\/tr>\n<tr>\n<td>F\u00fc\u00dfe<\/td>\n<td>4 einstellbar<\/td>\n<\/tr>\n<tr>\n<td>Optional<\/td>\n<td>Smart Link WiFi f\u00fcr die Fernsteuerung<\/td>\n<\/tr>\n<\/tbody>\n<\/table>\n<h2 data-start=\"1286\" data-end=\"1320\">Speicherkapazit\u00e4t (indikativ)<\/h2>\n<div class=\"_tableContainer_1rjym_1\">\n<div class=\"_tableWrapper_1rjym_13 group flex w-fit flex-col-reverse\">\n<table>\n<thead>\n<tr>\n<th>Verpackung<\/th>\n<th>Kapazit\u00e4t<\/th>\n<\/tr>\n<\/thead>\n<tbody>\n<tr>\n<td>1-L-Flaschen<\/td>\n<td>42<\/td>\n<\/tr>\n<tr>\n<td>75-cl-Flaschen<\/td>\n<td>44<\/td>\n<\/tr>\n<tr>\n<td>66-cl-Flaschen<\/td>\n<td>54<\/td>\n<\/tr>\n<tr>\n<td>50-cl-Flaschen<\/td>\n<td>110<\/td>\n<\/tr>\n<tr>\n<td>33-cl-Flaschen<\/td>\n<td>135<\/td>\n<\/tr>\n<tr>\n<td>33 cl Dosen<\/td>\n<td>225<\/td>\n<\/tr>\n<\/tbody>\n<\/table>\n<h2 data-start=\"1515\" data-end=\"1544\">Technische Daten<\/h2>\n<div class=\"_tableContainer_1rjym_1\">\n<div class=\"_tableWrapper_1rjym_13 group flex w-fit flex-col-reverse\">\n<table>\n<thead>\n<tr>\n<th>Spezifikation<\/th>\n<th>Wert<\/th>\n<\/tr>\n<\/thead>\n<tbody>\n<tr>\n<td>\u00c4u\u00dfere Abmessungen (BxTxH)<\/td>\n<td>900 \u00d7 530 \u00d7 835 mm<\/td>\n<\/tr>\n<tr>\n<td>Abmessungen der Verpackung (BxTxH)<\/td>\n<td>950 \u00d7 570 \u00d7 1020 mm<\/td>\n<\/tr>\n<tr>\n<td>Innere Abmessungen<\/td>\n<td>820 \u00d7 415 \u00d7 685 mm<\/td>\n<\/tr>\n<tr>\n<td>Netto\/Brutto Volumen<\/td>\n<td>150 L \/ 188 L<\/td>\n<\/tr>\n<tr>\n<td>Temperaturbereich<\/td>\n<td>0 \u00b0C bis +10 \u00b0C<\/td>\n<\/tr>\n<tr>\n<td>Klima-Klasse<\/td>\n<td>4<\/td>\n<\/tr>\n<tr>\n<td>L\u00e4rmpegel<\/td>\n<td>50 dB<\/td>\n<\/tr>\n<tr>\n<td>Regale<\/td>\n<td>4 \u00d7 355 \u00d7 400 mm<\/td>\n<\/tr>\n<tr>\n<td>Beleuchtung<\/td>\n<td>1 Horizontale LED<\/td>\n<\/tr>\n<tr>\n<td>Netto-\/Bruttogewicht<\/td>\n<td>60 \/ 70 kg<\/td>\n<\/tr>\n<tr>\n<td>Spannung<\/td>\n<td>220-240 V<\/td>\n<\/tr>\n<tr>\n<td>Frequenz<\/td>\n<td>50 Hz (60 Hz optional)<\/td>\n<\/tr>\n<tr>\n<td>K\u00e4ltemittel<\/td>\n<td>R600A<\/td>\n<\/tr>\n<tr>\n<td>Leistungsabsorption<\/td>\n<td>190 W<\/td>\n<\/tr>\n<tr>\n<td>Energieverbrauch (24h)<\/td>\n<td>1,35 kWh<\/td>\n<\/tr>\n<\/tbody>\n<\/table>\n<\/div>\n<\/div>\n<\/div>\n<\/div>","protected":false},"excerpt":{"rendered":"<p>The S 185 XH is a professional back bar cooler with static refrigeration and fan assistance. Built from AISI 304 stainless steel for durability and hygiene, it ensures efficient beverage cooling, low noise, and energy savings. Equipped with LED lighting, an electronic thermostat, and a self-closing door with lock, this unit is ideal for bars, [&hellip;]<\/p>\n","protected":false},"featured_media":7160,"comment_status":"open","ping_status":"closed","template":"","meta":[],"product_brand":[],"product_cat":[48],"product_tag":[],"class_list":{"0":"post-7159","1":"product","2":"type-product","3":"status-publish","4":"has-post-thumbnail","6":"product_cat-beverage-cooling","8":"first","9":"instock","10":"shipping-taxable","11":"product-type-simple"},"_links":{"self":[{"href":"https:\/\/dersuessestopp.com\/de_at\/wp-json\/wp\/v2\/product\/7159","targetHints":{"allow":["GET"]}}],"collection":[{"href":"https:\/\/dersuessestopp.com\/de_at\/wp-json\/wp\/v2\/product"}],"about":[{"href":"https:\/\/dersuessestopp.com\/de_at\/wp-json\/wp\/v2\/types\/product"}],"replies":[{"embeddable":true,"href":"https:\/\/dersuessestopp.com\/de_at\/wp-json\/wp\/v2\/comments?post=7159"}],"version-history":[{"count":2,"href":"https:\/\/dersuessestopp.com\/de_at\/wp-json\/wp\/v2\/product\/7159\/revisions"}],"predecessor-version":[{"id":7163,"href":"https:\/\/dersuessestopp.com\/de_at\/wp-json\/wp\/v2\/product\/7159\/revisions\/7163"}],"wp:featuredmedia":[{"embeddable":true,"href":"https:\/\/dersuessestopp.com\/de_at\/wp-json\/wp\/v2\/media\/7160"}],"wp:attachment":[{"href":"https:\/\/dersuessestopp.com\/de_at\/wp-json\/wp\/v2\/media?parent=7159"}],"wp:term":[{"taxonomy":"product_brand","embeddable":true,"href":"https:\/\/dersuessestopp.com\/de_at\/wp-json\/wp\/v2\/product_brand?post=7159"},{"taxonomy":"product_cat","embeddable":true,"href":"https:\/\/dersuessestopp.com\/de_at\/wp-json\/wp\/v2\/product_cat?post=7159"},{"taxonomy":"product_tag","embeddable":true,"href":"https:\/\/dersuessestopp.com\/de_at\/wp-json\/wp\/v2\/product_tag?post=7159"}],"curies":[{"name":"wp","href":"https:\/\/api.w.org\/{rel}","templated":true}]}}