{"id":7146,"date":"2025-08-30T11:01:30","date_gmt":"2025-08-30T11:01:30","guid":{"rendered":"https:\/\/dersuessestopp.com\/?post_type=product&#038;p=7146"},"modified":"2025-08-30T11:01:30","modified_gmt":"2025-08-30T11:01:30","slug":"cl-801-v2gc-sl-schwarz","status":"publish","type":"product","link":"https:\/\/dersuessestopp.com\/de_at\/product\/cl-801-v2gc-sl-black\/","title":{"rendered":"CL 801 V2GC SL SCHWARZ"},"content":{"rendered":"<p data-start=\"350\" data-end=\"555\">Die <strong data-start=\"354\" data-end=\"378\">CL 801 V2GC SL SCHWARZ<\/strong> ist eine professionelle <strong data-start=\"397\" data-end=\"428\">Doppelt\u00fcriger Getr\u00e4nkek\u00fchler<\/strong> mit <strong data-start=\"434\" data-end=\"462\">bel\u00fcftete K\u00fchlung<\/strong> und <strong data-start=\"467\" data-end=\"490\">Glasschiebet\u00fcren<\/strong> ausgestattet mit <strong data-start=\"505\" data-end=\"552\">Verst\u00e4rktes Gel\u00e4nder aus rostfreiem Stahl AISI 304<\/strong>.<\/p>\n<p data-start=\"557\" data-end=\"770\">Seine <strong data-start=\"561\" data-end=\"583\">schlankes schwarzes Design<\/strong>, in Kombination mit einem <strong data-start=\"601\" data-end=\"619\">beleuchtetes Vordach<\/strong>, <strong data-start=\"621\" data-end=\"637\">LED-Beleuchtung<\/strong>, und gro\u00dfe <strong data-start=\"649\" data-end=\"667\">Branding-Fl\u00e4chen<\/strong>, macht es ideal f\u00fcr die Maximierung der Sichtbarkeit in <strong data-start=\"713\" data-end=\"767\">Bars, Restaurants, Superm\u00e4rkte und Einzelhandelsgesch\u00e4fte<\/strong>.<\/p>\n<p data-start=\"772\" data-end=\"944\">Ausgestattet mit einem <strong data-start=\"789\" data-end=\"814\">elektronisches Thermostat<\/strong>, <strong data-start=\"816\" data-end=\"843\">Abtauautomatik<\/strong>, und <strong data-start=\"849\" data-end=\"879\">selbstschlie\u00dfende Schiebet\u00fcren<\/strong>, bietet sie <strong data-start=\"891\" data-end=\"941\">Energieeffizienz, Langlebigkeit und Benutzerfreundlichkeit<\/strong>.<\/p>\n<h2 data-start=\"951\" data-end=\"969\">Hauptmerkmale<\/h2>\n<ul data-start=\"970\" data-end=\"1619\">\n<li data-start=\"970\" data-end=\"1052\">\n<p data-start=\"972\" data-end=\"1052\"><strong data-start=\"972\" data-end=\"995\">Glasschiebet\u00fcren<\/strong> mit <strong data-start=\"1001\" data-end=\"1050\">verst\u00e4rktes Gel\u00e4nder aus Edelstahl (AISI 304)<\/strong><\/p>\n<\/li>\n<li data-start=\"1053\" data-end=\"1101\">\n<p data-start=\"1055\" data-end=\"1101\"><strong data-start=\"1055\" data-end=\"1080\">Schwarzer Au\u00dfenanstrich<\/strong> mit modernem Design<\/p>\n<\/li>\n<li data-start=\"1102\" data-end=\"1145\">\n<p data-start=\"1104\" data-end=\"1145\"><strong data-start=\"1104\" data-end=\"1122\">Beleuchtetes Vordach<\/strong> f\u00fcr die Sichtbarkeit der Marke<\/p>\n<\/li>\n<li data-start=\"1146\" data-end=\"1211\">\n<p data-start=\"1148\" data-end=\"1211\"><strong data-start=\"1148\" data-end=\"1173\">Vertikale LED-Beleuchtung<\/strong> f\u00fcr hervorragende Innenbeleuchtung<\/p>\n<\/li>\n<li data-start=\"1212\" data-end=\"1287\">\n<p data-start=\"1214\" data-end=\"1287\"><strong data-start=\"1214\" data-end=\"1239\">Elektronischer Thermostat<\/strong> mit stabiler Temperaturregelung (0\u00b0C \/ +10\u00b0C)<\/p>\n<\/li>\n<li data-start=\"1288\" data-end=\"1335\">\n<p data-start=\"1290\" data-end=\"1335\"><strong data-start=\"1290\" data-end=\"1333\">Automatische Kompressorabtauung<\/strong><\/p>\n<\/li>\n<li data-start=\"1336\" data-end=\"1396\">\n<p data-start=\"1338\" data-end=\"1396\"><strong data-start=\"1338\" data-end=\"1360\">Geh\u00e4use aus lackiertem Stahl<\/strong> und <strong data-start=\"1365\" data-end=\"1394\">lackiertes Aluminium innen<\/strong><\/p>\n<\/li>\n<li data-start=\"1397\" data-end=\"1458\">\n<p data-start=\"1399\" data-end=\"1458\"><strong data-start=\"1399\" data-end=\"1429\">Selbstschlie\u00dfende Schiebet\u00fcren<\/strong> mit <strong data-start=\"1435\" data-end=\"1456\">Schloss &amp; Schl\u00fcssel System<\/strong><\/p>\n<\/li>\n<li data-start=\"1459\" data-end=\"1510\">\n<p data-start=\"1461\" data-end=\"1510\"><strong data-start=\"1461\" data-end=\"1508\">Optionale Smart Link Wi-Fi-Fern\u00fcberwachung<\/strong><\/p>\n<\/li>\n<li data-start=\"1511\" data-end=\"1566\">\n<p data-start=\"1513\" data-end=\"1566\"><strong data-start=\"1513\" data-end=\"1538\">Hohe Speicherkapazit\u00e4t<\/strong> mit 8 verstellbaren Einlegeb\u00f6den<\/p>\n<\/li>\n<li data-start=\"1567\" data-end=\"1619\">\n<p data-start=\"1569\" data-end=\"1619\"><strong data-start=\"1569\" data-end=\"1599\">Montiert auf 4 Lenkrollen<\/strong> f\u00fcr leichte Mobilit\u00e4t<\/p>\n<\/li>\n<\/ul>\n<h2 data-start=\"1626\" data-end=\"1678\">Fassungsverm\u00f6gen (ungef\u00e4hr - je nach Verpackung)<\/h2>\n<table>\n<thead>\n<tr>\n<th>Flasche\/Dose Typ<\/th>\n<th>CL 801 V2GC SL<\/th>\n<th>CL 1100 V2GC SL<\/th>\n<th>CL 1300 V2GC SL<\/th>\n<\/tr>\n<\/thead>\n<tbody>\n<tr>\n<td>1-L-Flaschen<\/td>\n<td>128<\/td>\n<td>200<\/td>\n<td>240<\/td>\n<\/tr>\n<tr>\n<td>75-cl-Flaschen<\/td>\n<td>160<\/td>\n<td>280<\/td>\n<td>280<\/td>\n<\/tr>\n<tr>\n<td>66-cl-Flaschen<\/td>\n<td>216<\/td>\n<td>360<\/td>\n<td>470<\/td>\n<\/tr>\n<tr>\n<td>50-cl-Flaschen<\/td>\n<td>360<\/td>\n<td>564<\/td>\n<td>774<\/td>\n<\/tr>\n<tr>\n<td>33-cl-Flaschen<\/td>\n<td>432<\/td>\n<td>660<\/td>\n<td>756<\/td>\n<\/tr>\n<tr>\n<td>33 cl Dosen<\/td>\n<td>684<\/td>\n<td>1120<\/td>\n<td>1400<\/td>\n<\/tr>\n<\/tbody>\n<\/table>\n<h2 data-start=\"2078\" data-end=\"2107\">Technische Daten<\/h2>\n<div class=\"_tableContainer_1rjym_1\">\n<div class=\"_tableWrapper_1rjym_13 group flex w-fit flex-col-reverse\">\n<table>\n<thead>\n<tr>\n<th>Spezifikation<\/th>\n<th>CL 801 V2GC SL<\/th>\n<th>CL 1100 V2GC SL<\/th>\n<th>CL 1300 V2GC SL<\/th>\n<\/tr>\n<\/thead>\n<tbody>\n<tr>\n<td><strong>\u00c4u\u00dfere Abmessungen (BxTxH)<\/strong><\/td>\n<td>940 \u00d7 560 \u00d7 1983 mm<\/td>\n<td>1130 \u00d7 645 \u00d7 2023 mm<\/td>\n<td>1330 \u00d7 645 \u00d7 2023 mm<\/td>\n<\/tr>\n<tr>\n<td><strong>Abmessungen der Verpackung (BxTxH)<\/strong><\/td>\n<td>990 \u00d7 635 \u00d7 2060 mm<\/td>\n<td>1180 \u00d7 720 \u00d7 2100 mm<\/td>\n<td>1380 \u00d7 720 \u00d7 2100 mm<\/td>\n<\/tr>\n<tr>\n<td><strong>Netto\/Brutto Volumen<\/strong><\/td>\n<td>403 \/ 495 L<\/td>\n<td>670 \/ 764 L<\/td>\n<td>756 \/ 912 L<\/td>\n<\/tr>\n<tr>\n<td><strong>Temperaturbereich<\/strong><\/td>\n<td>0\u00b0C \/ +10\u00b0C<\/td>\n<td>0\u00b0C \/ +10\u00b0C<\/td>\n<td>0\u00b0C \/ +10\u00b0C<\/td>\n<\/tr>\n<tr>\n<td><strong>Klima-Klasse<\/strong><\/td>\n<td>4<\/td>\n<td>4<\/td>\n<td>4<\/td>\n<\/tr>\n<tr>\n<td><strong>L\u00e4rmpegel<\/strong><\/td>\n<td>54 dB<\/td>\n<td>54 dB<\/td>\n<td>54 dB<\/td>\n<\/tr>\n<tr>\n<td><strong>Dicke der Isolierung<\/strong><\/td>\n<td>50 mm<\/td>\n<td>50 mm<\/td>\n<td>50 mm<\/td>\n<\/tr>\n<tr>\n<td><strong>Beleuchtung<\/strong><\/td>\n<td>2 vertikale LEDs<\/td>\n<td>2 vertikale LEDs<\/td>\n<td>2 vertikale LEDs<\/td>\n<\/tr>\n<tr>\n<td><strong>Einlegeb\u00f6den (BxT)<\/strong><\/td>\n<td>8 \u00d7 410 \u00d7 365 mm<\/td>\n<td>8 \u00d7 504 \u00d7 460 mm<\/td>\n<td>8 \u00d7 605 \u00d7 410 mm<\/td>\n<\/tr>\n<tr>\n<td><strong>Abtauen<\/strong><\/td>\n<td>Automatisch (Kompressor aus)<\/td>\n<td>Automatisch (Kompressor aus)<\/td>\n<td>Automatisch (Kompressor aus)<\/td>\n<\/tr>\n<tr>\n<td><strong>Spannung \/ Frequenz<\/strong><\/td>\n<td>220-240 V \/ 50 Hz<\/td>\n<td>220-240 V \/ 50 Hz<\/td>\n<td>220-240 V \/ 50 Hz<\/td>\n<\/tr>\n<tr>\n<td><strong>K\u00e4ltemittel<\/strong><\/td>\n<td>R290A<\/td>\n<td>R290A<\/td>\n<td>R290A<\/td>\n<\/tr>\n<tr>\n<td><strong>Stromverbrauch<\/strong><\/td>\n<td>500 W<\/td>\n<td>650 W<\/td>\n<td>650 W<\/td>\n<\/tr>\n<tr>\n<td><strong>Energieverbrauch (24h)<\/strong><\/td>\n<td>2,8 kWh<\/td>\n<td>3,3 kWh<\/td>\n<td>3,6 kWh<\/td>\n<\/tr>\n<tr>\n<td><strong>Netto-\/Bruttogewicht<\/strong><\/td>\n<td>106 \/ 121 kg<\/td>\n<td>133 \/ 154 kg<\/td>\n<td>152 \/ 175 kg<\/td>\n<\/tr>\n<\/tbody>\n<\/table>\n<\/div>\n<\/div>","protected":false},"excerpt":{"rendered":"<p>The CL 801 V2GC SL BLACK is a professional double-door beverage cooler with ventilated refrigeration and sliding glass doors equipped with AISI 304 stainless steel reinforced railing. Its sleek black design, combined with a backlit canopy, LED lighting, and large branding areas, makes it ideal for maximizing visibility in bars, restaurants, supermarkets, and retail stores. [&hellip;]<\/p>\n","protected":false},"featured_media":7150,"comment_status":"open","ping_status":"closed","template":"","meta":[],"product_brand":[],"product_cat":[48],"product_tag":[],"class_list":{"0":"post-7146","1":"product","2":"type-product","3":"status-publish","4":"has-post-thumbnail","6":"product_cat-beverage-cooling","8":"first","9":"instock","10":"shipping-taxable","11":"product-type-simple"},"_links":{"self":[{"href":"https:\/\/dersuessestopp.com\/de_at\/wp-json\/wp\/v2\/product\/7146","targetHints":{"allow":["GET"]}}],"collection":[{"href":"https:\/\/dersuessestopp.com\/de_at\/wp-json\/wp\/v2\/product"}],"about":[{"href":"https:\/\/dersuessestopp.com\/de_at\/wp-json\/wp\/v2\/types\/product"}],"replies":[{"embeddable":true,"href":"https:\/\/dersuessestopp.com\/de_at\/wp-json\/wp\/v2\/comments?post=7146"}],"version-history":[{"count":2,"href":"https:\/\/dersuessestopp.com\/de_at\/wp-json\/wp\/v2\/product\/7146\/revisions"}],"predecessor-version":[{"id":7153,"href":"https:\/\/dersuessestopp.com\/de_at\/wp-json\/wp\/v2\/product\/7146\/revisions\/7153"}],"wp:featuredmedia":[{"embeddable":true,"href":"https:\/\/dersuessestopp.com\/de_at\/wp-json\/wp\/v2\/media\/7150"}],"wp:attachment":[{"href":"https:\/\/dersuessestopp.com\/de_at\/wp-json\/wp\/v2\/media?parent=7146"}],"wp:term":[{"taxonomy":"product_brand","embeddable":true,"href":"https:\/\/dersuessestopp.com\/de_at\/wp-json\/wp\/v2\/product_brand?post=7146"},{"taxonomy":"product_cat","embeddable":true,"href":"https:\/\/dersuessestopp.com\/de_at\/wp-json\/wp\/v2\/product_cat?post=7146"},{"taxonomy":"product_tag","embeddable":true,"href":"https:\/\/dersuessestopp.com\/de_at\/wp-json\/wp\/v2\/product_tag?post=7146"}],"curies":[{"name":"wp","href":"https:\/\/api.w.org\/{rel}","templated":true}]}}