{"id":7134,"date":"2025-08-30T10:45:47","date_gmt":"2025-08-30T10:45:47","guid":{"rendered":"https:\/\/dersuessestopp.com\/?post_type=product&#038;p=7134"},"modified":"2025-08-30T10:45:47","modified_gmt":"2025-08-30T10:45:47","slug":"r7-refiner","status":"publish","type":"product","link":"https:\/\/dersuessestopp.com\/de_at\/product\/r7-refiner\/","title":{"rendered":"R7 Refiner"},"content":{"rendered":"<p data-start=\"407\" data-end=\"699\">Schokolade braucht Zeit, W\u00e4rme und Zartheit, um ihr volles Potenzial zu entfalten. Die <strong data-start=\"486\" data-end=\"516\">Bilait R7 Vertikalrefiner<\/strong> ist das Herzst\u00fcck eines jeden Schokoladenlabors, das von der Bohne bis zur Tafel arbeitet. Kompakt und dennoch leistungsstark, gew\u00e4hrleistet es <strong data-start=\"614\" data-end=\"659\">gleichm\u00e4\u00dfige, leise und effiziente Veredelung<\/strong> f\u00fcr die handwerkliche Produktion in kleinem Ma\u00dfstab.<\/p>\n<p data-start=\"701\" data-end=\"1092\">Vollst\u00e4ndig hergestellt aus <strong data-start=\"723\" data-end=\"750\">Premium-Edelstahl<\/strong> und ausgestattet mit <strong data-start=\"769\" data-end=\"804\">Eins\u00e4tze aus Granit oder Teflonstein<\/strong>, Der R7 verbindet Tradition mit Innovation. Sein kompaktes Design macht ihn ideal f\u00fcr den Einsatz in <strong data-start=\"892\" data-end=\"953\">kleine Workshops, Gro\u00dfraumb\u00fcros oder Live-Demonstrationen<\/strong>, w\u00e4hrend <strong data-start=\"961\" data-end=\"1030\">intelligente Heiztechnik, intelligente Sensoren und Dosierm\u00f6glichkeiten<\/strong> garantieren Pr\u00e4zision, Sicherheit und Benutzerfreundlichkeit bei jedem Schritt.<\/p>\n<h2 data-start=\"1099\" data-end=\"1120\">Produktmerkmale<\/h2>\n<ul data-start=\"1121\" data-end=\"2226\">\n<li data-start=\"1121\" data-end=\"1313\">\n<p data-start=\"1123\" data-end=\"1313\"><strong data-start=\"1123\" data-end=\"1144\">Hochwertige Materialien<\/strong> - Gebaut mit Edelstahl- und Granit\/Teflon-Steinrollen, die <strong data-start=\"1216\" data-end=\"1255\">vollst\u00e4ndig abnehmbar und sp\u00fclmaschinenfest<\/strong>, Sie gew\u00e4hrleisten Hygiene, Haltbarkeit und Wartungsfreundlichkeit.<\/p>\n<\/li>\n<li data-start=\"1314\" data-end=\"1534\">\n<p data-start=\"1316\" data-end=\"1534\"><strong data-start=\"1316\" data-end=\"1339\">Feinstveredelung<\/strong> - Erzielt eine Partikelgr\u00f6\u00dfe von bis zu <strong data-start=\"1375\" data-end=\"1391\">0,18 Mikrometer<\/strong>, Sie eignet sich perfekt f\u00fcr die Verarbeitung von Kakaobohnen, Haseln\u00fcssen, Mandeln, Pistazien, Erdn\u00fcssen und vielem mehr, wobei feine Aromen und Geschmacksprofile erhalten bleiben.<\/p>\n<\/li>\n<li data-start=\"1535\" data-end=\"1724\">\n<p data-start=\"1537\" data-end=\"1724\"><strong data-start=\"1537\" data-end=\"1564\">Fortschrittliches Heizsystem<\/strong> - Die interne Heizung erreicht bis zu <strong data-start=\"1598\" data-end=\"1606\">70\u00b0C<\/strong>, verwaltet von einem <strong data-start=\"1622\" data-end=\"1646\">automatischer Thermostat<\/strong> f\u00fcr eine pr\u00e4zise und stabile Temperaturkontrolle w\u00e4hrend des gesamten Raffinationsprozesses.<\/p>\n<\/li>\n<li data-start=\"1725\" data-end=\"1900\">\n<p data-start=\"1727\" data-end=\"1900\"><strong data-start=\"1727\" data-end=\"1747\">Kompakt und leise<\/strong> - Trotz seiner Effizienz arbeitet der R7 <strong data-start=\"1790\" data-end=\"1810\">leise (&lt;75 dB)<\/strong> und hat eine kleine Stellfl\u00e4che, was sie ideal f\u00fcr handwerkliche Chocolatiers mit wenig Platz macht.<\/p>\n<\/li>\n<li data-start=\"1901\" data-end=\"2092\">\n<p data-start=\"1903\" data-end=\"2092\"><strong data-start=\"1903\" data-end=\"1931\">Optionale intelligente Funktionen<\/strong> - Erweitern Sie die Funktionalit\u00e4t mit Funktionen wie einem <strong data-start=\"1979\" data-end=\"2037\">Integration von Conchiergebl\u00e4se, Dosiersystem und Temperierung<\/strong>, und bietet Flexibilit\u00e4t f\u00fcr sich \u00e4ndernde Produktionsanforderungen.<\/p>\n<\/li>\n<li data-start=\"2093\" data-end=\"2226\">\n<p data-start=\"2095\" data-end=\"2226\"><strong data-start=\"2095\" data-end=\"2123\">Made in Italy Exzellenz<\/strong> - A <strong data-start=\"2128\" data-end=\"2167\">patentierte, in Italien hergestellte Maschine 100%<\/strong>, die mit handwerklichem Weitblick, Pr\u00e4zision und Leidenschaft entworfen wurden.<\/p>\n<\/li>\n<\/ul>\n<h2 data-start=\"2233\" data-end=\"2262\">Technische Daten<\/h2>\n<table>\n<thead>\n<tr>\n<th>Spezifikation<\/th>\n<th>Bilait R7<\/th>\n<\/tr>\n<\/thead>\n<tbody>\n<tr>\n<td><strong>Kapazit\u00e4t<\/strong><\/td>\n<td>7 kg<\/td>\n<\/tr>\n<tr>\n<td><strong>Gewicht<\/strong><\/td>\n<td>30 kg<\/td>\n<\/tr>\n<tr>\n<td><strong>Abmessungen (L x B x H)<\/strong><\/td>\n<td>42 \u00d7 42 \u00d7 45 cm<\/td>\n<\/tr>\n<tr>\n<td><strong>Spannung<\/strong><\/td>\n<td>230 V, 50 Hz<\/td>\n<\/tr>\n<tr>\n<td><strong>Hilfskr\u00e4fte<\/strong><\/td>\n<td>24 V DC<\/td>\n<\/tr>\n<tr>\n<td><strong>Installierte Leistung<\/strong><\/td>\n<td>0,25 kW<\/td>\n<\/tr>\n<tr>\n<td><strong>Installierter Strom<\/strong><\/td>\n<td>2 A<\/td>\n<\/tr>\n<tr>\n<td><strong>Umweltbedingungen<\/strong><\/td>\n<td>+5\u00b0C bis +50\u00b0C<\/td>\n<\/tr>\n<tr>\n<td><strong>L\u00e4rmpegel<\/strong><\/td>\n<td>&lt; 75 dB (A)<\/td>\n<\/tr>\n<\/tbody>\n<\/table>","protected":false},"excerpt":{"rendered":"<p>Chocolate requires time, warmth, and delicacy to reach its full potential. The Bilait R7 Vertical Refiner is the beating heart of every bean-to-bar chocolate laboratory. Compact yet powerful, it ensures consistent, quiet, and efficient refining for small-scale artisanal production. Crafted entirely from premium stainless steel and equipped with granite or Teflon stone inserts, the R7 [&hellip;]<\/p>\n","protected":false},"featured_media":7139,"comment_status":"open","ping_status":"closed","template":"","meta":[],"product_brand":[],"product_cat":[47],"product_tag":[],"class_list":{"0":"post-7134","1":"product","2":"type-product","3":"status-publish","4":"has-post-thumbnail","6":"product_cat-bean-to-bar-line","8":"first","9":"instock","10":"shipping-taxable","11":"product-type-simple"},"_links":{"self":[{"href":"https:\/\/dersuessestopp.com\/de_at\/wp-json\/wp\/v2\/product\/7134","targetHints":{"allow":["GET"]}}],"collection":[{"href":"https:\/\/dersuessestopp.com\/de_at\/wp-json\/wp\/v2\/product"}],"about":[{"href":"https:\/\/dersuessestopp.com\/de_at\/wp-json\/wp\/v2\/types\/product"}],"replies":[{"embeddable":true,"href":"https:\/\/dersuessestopp.com\/de_at\/wp-json\/wp\/v2\/comments?post=7134"}],"version-history":[{"count":1,"href":"https:\/\/dersuessestopp.com\/de_at\/wp-json\/wp\/v2\/product\/7134\/revisions"}],"predecessor-version":[{"id":7140,"href":"https:\/\/dersuessestopp.com\/de_at\/wp-json\/wp\/v2\/product\/7134\/revisions\/7140"}],"wp:featuredmedia":[{"embeddable":true,"href":"https:\/\/dersuessestopp.com\/de_at\/wp-json\/wp\/v2\/media\/7139"}],"wp:attachment":[{"href":"https:\/\/dersuessestopp.com\/de_at\/wp-json\/wp\/v2\/media?parent=7134"}],"wp:term":[{"taxonomy":"product_brand","embeddable":true,"href":"https:\/\/dersuessestopp.com\/de_at\/wp-json\/wp\/v2\/product_brand?post=7134"},{"taxonomy":"product_cat","embeddable":true,"href":"https:\/\/dersuessestopp.com\/de_at\/wp-json\/wp\/v2\/product_cat?post=7134"},{"taxonomy":"product_tag","embeddable":true,"href":"https:\/\/dersuessestopp.com\/de_at\/wp-json\/wp\/v2\/product_tag?post=7134"}],"curies":[{"name":"wp","href":"https:\/\/api.w.org\/{rel}","templated":true}]}}