{"id":7124,"date":"2025-08-30T10:40:26","date_gmt":"2025-08-30T10:40:26","guid":{"rendered":"https:\/\/dersuessestopp.com\/?post_type=product&#038;p=7124"},"modified":"2025-08-30T10:40:26","modified_gmt":"2025-08-30T10:40:26","slug":"r60-refiner","status":"publish","type":"product","link":"https:\/\/dersuessestopp.com\/de_at\/product\/r60-refiner\/","title":{"rendered":"R60-Refiner"},"content":{"rendered":"<p data-start=\"156\" data-end=\"501\">Die <strong data-start=\"160\" data-end=\"182\">Bilait R60 Refiner<\/strong> kombiniert maximale Kapazit\u00e4t und Produktivit\u00e4t mit einem innovativen <strong data-start=\"245\" data-end=\"273\">vertikales Refinersystem<\/strong>, zur Verbesserung von Hygiene, Effizienz und Leistung bei der Verarbeitung von \u00d6lsaaten und Kakao. Mit seinem <strong data-start=\"374\" data-end=\"392\">60 kg Fassungsverm\u00f6gen<\/strong>, Sie ist das gr\u00f6\u00dfte Modell unserer Bean-to-Bar-Reihe und bietet professionelle Ergebnisse in einem kompakten Format.<\/p>\n<p data-start=\"503\" data-end=\"778\">Vollst\u00e4ndig gebaut aus <strong data-start=\"523\" data-end=\"555\">hochwertiger rostfreier Stahl<\/strong> und ausgestattet mit <strong data-start=\"574\" data-end=\"609\">Granitstein oder Teflonwalzen<\/strong>, Diese Maschine garantiert Langlebigkeit, einfache Reinigung und hervorragende Veredelung. Die Walzen sind vollst\u00e4ndig abnehmbar und <strong data-start=\"721\" data-end=\"740\">sp\u00fclmaschinengeeignet<\/strong>, und gew\u00e4hrleisten Hygiene und Zweckm\u00e4\u00dfigkeit.<\/p>\n<p data-start=\"780\" data-end=\"1039\">Dank seiner <strong data-start=\"794\" data-end=\"844\">automatisches thermostatgesteuertes Heizsystem<\/strong> (bis zu 70\u00b0C), intelligenten Sensoren und optionalen Dosierfunktionen sorgt die Bilait R60 f\u00fcr eine einwandfreie Raffination und bewahrt dabei die nat\u00fcrlichen Aromen und Eigenschaften von Kakaobohnen, N\u00fcssen und \u00d6lsaaten.<\/p>\n<p data-start=\"1041\" data-end=\"1319\">Trotz seiner hohen Leistung ist das Ger\u00e4t <strong data-start=\"1080\" data-end=\"1101\">leise und kompakt<\/strong>, Dadurch eignet er sich auch f\u00fcr offene Labors oder Handwerksbetriebe. Intelligente Zusatzger\u00e4te, wie zum Beispiel die <strong data-start=\"1198\" data-end=\"1214\">Conchierl\u00fcfter<\/strong> und Temperiervorschriften machen ihn zu einer vielseitigen Wahl f\u00fcr professionelle Chocolatiers und Nussverarbeiter.<\/p>\n<p data-start=\"1321\" data-end=\"1461\">Voller Stolz <strong data-start=\"1329\" data-end=\"1351\">100% Hergestellt in Italien<\/strong>, Die Bilait R60 zeichnet sich durch ein patentiertes Design aus, das Pr\u00e4zision, Zuverl\u00e4ssigkeit und handwerkliches K\u00f6nnen miteinander verbindet.<\/p>\n<h3 data-start=\"1468\" data-end=\"1486\">Wesentliche Merkmale<\/h3>\n<ul data-start=\"1487\" data-end=\"2027\">\n<li data-start=\"1487\" data-end=\"1551\">\n<p data-start=\"1489\" data-end=\"1551\">Vertikales Refinersystem f\u00fcr mehr Hygiene und Effizienz<\/p>\n<\/li>\n<li data-start=\"1552\" data-end=\"1606\">\n<p data-start=\"1554\" data-end=\"1606\"><strong data-start=\"1554\" data-end=\"1581\">60 kg L\u00e4uterkapazit\u00e4t<\/strong> - gr\u00f6\u00dfte in seiner Klasse<\/p>\n<\/li>\n<li data-start=\"1607\" data-end=\"1674\">\n<p data-start=\"1609\" data-end=\"1674\">Konstruktion aus rostfreiem Stahl mit <strong data-start=\"1643\" data-end=\"1672\">Rollen aus Granit oder Teflon<\/strong><\/p>\n<\/li>\n<li data-start=\"1675\" data-end=\"1730\">\n<p data-start=\"1677\" data-end=\"1730\">Walzen sind <strong data-start=\"1689\" data-end=\"1728\">vollst\u00e4ndig abnehmbar und sp\u00fclmaschinenfest<\/strong><\/p>\n<\/li>\n<li data-start=\"1731\" data-end=\"1795\">\n<p data-start=\"1733\" data-end=\"1795\">Verfeinert bis zu <strong data-start=\"1749\" data-end=\"1765\">0,18 Mikrometer<\/strong> f\u00fcr glatte, erstklassige Ergebnisse<\/p>\n<\/li>\n<li data-start=\"1796\" data-end=\"1869\">\n<p data-start=\"1798\" data-end=\"1869\"><strong data-start=\"1798\" data-end=\"1822\">Automatischer Thermostat<\/strong> f\u00fcr pr\u00e4zise Temperaturkontrolle (bis zu 70\u00b0C)<\/p>\n<\/li>\n<li data-start=\"1870\" data-end=\"1932\">\n<p data-start=\"1872\" data-end=\"1932\">Kompakter, leiser Betrieb - ideal f\u00fcr Werkst\u00e4tten und offene Labore<\/p>\n<\/li>\n<li data-start=\"1933\" data-end=\"1988\">\n<p data-start=\"1935\" data-end=\"1988\">Optional <strong data-start=\"1944\" data-end=\"1986\">Integration von Conchiergebl\u00e4se und Temperierung<\/strong><\/p>\n<\/li>\n<li data-start=\"1989\" data-end=\"2027\">\n<p data-start=\"1991\" data-end=\"2027\">Entworfen und hergestellt in Italien<\/p>\n<\/li>\n<\/ul>\n<h3 data-start=\"2034\" data-end=\"2064\">Technische Daten<\/h3>\n<table>\n<thead>\n<tr>\n<th><strong>Spezifikation<\/strong><\/th>\n<th><strong>Bilait R60<\/strong><\/th>\n<\/tr>\n<\/thead>\n<tbody>\n<tr>\n<td>Kapazit\u00e4t<\/td>\n<td>60 kg<\/td>\n<\/tr>\n<tr>\n<td>Gewicht<\/td>\n<td>185 kg<\/td>\n<\/tr>\n<tr>\n<td>Abmessungen<\/td>\n<td>n.d. (noch zu definieren)<\/td>\n<\/tr>\n<tr>\n<td>Spannung<\/td>\n<td>400 V - 50 Hz<\/td>\n<\/tr>\n<tr>\n<td>Hilfskr\u00e4fte<\/td>\n<td>24 V AD\/DC<\/td>\n<\/tr>\n<tr>\n<td>Installierte Leistung<\/td>\n<td>2,4 kW<\/td>\n<\/tr>\n<tr>\n<td>Installierter Strom<\/td>\n<td>6 A<\/td>\n<\/tr>\n<tr>\n<td>Betriebstemperatur<\/td>\n<td>+5 \u00b0C bis +40 \u00b0C<\/td>\n<\/tr>\n<tr>\n<td>Heizungsanlage<\/td>\n<td>Intern, bis zu 70 \u00b0C (thermostatgesteuert)<\/td>\n<\/tr>\n<tr>\n<td>L\u00e4rmpegel<\/td>\n<td>&lt; 75 dB(A)<\/td>\n<\/tr>\n<tr>\n<td>Baumaterial<\/td>\n<td>Eins\u00e4tze aus rostfreiem Stahl, Granit oder Teflon<\/td>\n<\/tr>\n<\/tbody>\n<\/table>","protected":false},"excerpt":{"rendered":"<p>The Bilait R60 Refiner combines maximum capacity and productivity with an innovative vertical refining system, designed to enhance hygiene, efficiency, and performance in oilseed and cocoa processing. With its 60 kg capacity, it is the largest model in our Bean-to-Bar line, offering professional-grade results in a compact format. Built entirely from high-quality stainless steel and [&hellip;]<\/p>\n","protected":false},"featured_media":7129,"comment_status":"open","ping_status":"closed","template":"","meta":[],"product_brand":[],"product_cat":[47],"product_tag":[],"class_list":{"0":"post-7124","1":"product","2":"type-product","3":"status-publish","4":"has-post-thumbnail","6":"product_cat-bean-to-bar-line","8":"first","9":"instock","10":"shipping-taxable","11":"product-type-simple"},"_links":{"self":[{"href":"https:\/\/dersuessestopp.com\/de_at\/wp-json\/wp\/v2\/product\/7124","targetHints":{"allow":["GET"]}}],"collection":[{"href":"https:\/\/dersuessestopp.com\/de_at\/wp-json\/wp\/v2\/product"}],"about":[{"href":"https:\/\/dersuessestopp.com\/de_at\/wp-json\/wp\/v2\/types\/product"}],"replies":[{"embeddable":true,"href":"https:\/\/dersuessestopp.com\/de_at\/wp-json\/wp\/v2\/comments?post=7124"}],"version-history":[{"count":2,"href":"https:\/\/dersuessestopp.com\/de_at\/wp-json\/wp\/v2\/product\/7124\/revisions"}],"predecessor-version":[{"id":7131,"href":"https:\/\/dersuessestopp.com\/de_at\/wp-json\/wp\/v2\/product\/7124\/revisions\/7131"}],"wp:featuredmedia":[{"embeddable":true,"href":"https:\/\/dersuessestopp.com\/de_at\/wp-json\/wp\/v2\/media\/7129"}],"wp:attachment":[{"href":"https:\/\/dersuessestopp.com\/de_at\/wp-json\/wp\/v2\/media?parent=7124"}],"wp:term":[{"taxonomy":"product_brand","embeddable":true,"href":"https:\/\/dersuessestopp.com\/de_at\/wp-json\/wp\/v2\/product_brand?post=7124"},{"taxonomy":"product_cat","embeddable":true,"href":"https:\/\/dersuessestopp.com\/de_at\/wp-json\/wp\/v2\/product_cat?post=7124"},{"taxonomy":"product_tag","embeddable":true,"href":"https:\/\/dersuessestopp.com\/de_at\/wp-json\/wp\/v2\/product_tag?post=7124"}],"curies":[{"name":"wp","href":"https:\/\/api.w.org\/{rel}","templated":true}]}}