{"id":7093,"date":"2025-08-30T10:21:37","date_gmt":"2025-08-30T10:21:37","guid":{"rendered":"https:\/\/dersuessestopp.com\/?post_type=product&#038;p=7093"},"modified":"2025-08-30T10:21:37","modified_gmt":"2025-08-30T10:21:37","slug":"aya-k6-doppelt","status":"publish","type":"product","link":"https:\/\/dersuessestopp.com\/de_at\/product\/aya-k6-double\/","title":{"rendered":"Aya K6 Double"},"content":{"rendered":"<p data-start=\"315\" data-end=\"665\">Die <strong data-start=\"319\" data-end=\"336\">Aya K6 Double<\/strong> ist ein Premium-Schokoladenschmelzger\u00e4t und -brunnen f\u00fcr Eissalons, Caf\u00e9s, B\u00e4ckereien und Restaurants, die ihre Kunden mit beidem beeindrucken wollen <strong data-start=\"498\" data-end=\"520\">Stil und Funktion<\/strong>. Dieses Modell kombiniert einen auff\u00e4lligen Schokoladenbrunnen-Effekt mit fortschrittlichen Funktionen, die Zuverl\u00e4ssigkeit, Effizienz und Benutzerfreundlichkeit garantieren.<\/p>\n<p data-start=\"667\" data-end=\"884\">Dank seiner <strong data-start=\"681\" data-end=\"705\">Geh\u00e4use aus rostfreiem Stahl<\/strong>, <strong data-start=\"707\" data-end=\"728\">Doppelmotorensystem<\/strong>, und <strong data-start=\"734\" data-end=\"753\">herausnehmbare Schnecke<\/strong>, Der Aya K6 Double gew\u00e4hrleistet eine gleichbleibende Leistung f\u00fcr einen l\u00e4ngeren Betrieb und erf\u00fcllt gleichzeitig die h\u00f6chsten Standards der Lebensmittelsicherheit.<\/p>\n<p data-start=\"886\" data-end=\"1170\">Seine <strong data-start=\"890\" data-end=\"904\">Nacht-Modus<\/strong> erm\u00f6glicht es der Maschine, die Schokolade automatisch in den Tank zur\u00fcckzugeben, um einen reibungslosen Neustart am n\u00e4chsten Tag zu gew\u00e4hrleisten. Die <strong data-start=\"1015\" data-end=\"1045\">Touchscreen-Steuerungssystem<\/strong> und ein fortschrittliches Dosier-\/Temperaturmanagement machen es zur perfekten Wahl f\u00fcr Fachleute, die Innovation und Praxisn\u00e4he suchen.<\/p>\n<h3 data-start=\"1177\" data-end=\"1199\">Produktmerkmale<\/h3>\n<ul data-start=\"1200\" data-end=\"1948\">\n<li data-start=\"1200\" data-end=\"1292\">\n<p data-start=\"1202\" data-end=\"1292\"><strong data-start=\"1202\" data-end=\"1224\">Stilvoll und langlebig:<\/strong> Vollst\u00e4ndig aus Edelstahl gefertigtes Geh\u00e4use f\u00fcr eine lange Lebensdauer und einfache Reinigung.<\/p>\n<\/li>\n<li data-start=\"1293\" data-end=\"1393\">\n<p data-start=\"1295\" data-end=\"1393\"><strong data-start=\"1295\" data-end=\"1323\">Leistungsstarkes System:<\/strong> Doppelmotoren f\u00fcr Schnecke und R\u00fchrwerk garantieren einen reibungslosen Schokoladenfluss.<\/p>\n<\/li>\n<li data-start=\"1394\" data-end=\"1519\">\n<p data-start=\"1396\" data-end=\"1519\"><strong data-start=\"1396\" data-end=\"1423\">Benutzerfreundliche Bedienelemente:<\/strong> 4,3-Zoll-Touchscreen mit Multifunktionsprogrammen, Dosieroptionen und Temperaturmanagement.<\/p>\n<\/li>\n<li data-start=\"1520\" data-end=\"1616\">\n<p data-start=\"1522\" data-end=\"1616\"><strong data-start=\"1522\" data-end=\"1537\">Nachtmodus:<\/strong> Dreht den Schneckenmotor um, damit die Schokolade \u00fcber Nacht sicher in den Tank zur\u00fcckflie\u00dfen kann.<\/p>\n<\/li>\n<li data-start=\"1617\" data-end=\"1741\">\n<p data-start=\"1619\" data-end=\"1741\"><strong data-start=\"1619\" data-end=\"1644\">Flexibel &amp; Effizient:<\/strong> Die abnehmbare Edelstahlschnecke erm\u00f6glicht den Wechsel zwischen verschiedenen Schokoladensorten und -farben.<\/p>\n<\/li>\n<li data-start=\"1742\" data-end=\"1837\">\n<p data-start=\"1744\" data-end=\"1837\"><strong data-start=\"1744\" data-end=\"1761\">Sicherheit geht vor:<\/strong> Ausgestattet mit Sicherungen, r\u00fccksetzbaren Schutzvorrichtungen und magnetischen Sicherheitssensoren.<\/p>\n<\/li>\n<li data-start=\"1838\" data-end=\"1948\">\n<p data-start=\"1840\" data-end=\"1948\"><strong data-start=\"1840\" data-end=\"1879\">Optionales Upgrade (Aya 4.0-Paket):<\/strong> Wi-Fi-Dongle, Lerntablett und Fernwartungsdienst.<\/p>\n<\/li>\n<\/ul>\n<h3 data-start=\"1955\" data-end=\"1985\">Technische Daten<\/h3>\n<div class=\"_tableContainer_1rjym_1\">\n<div class=\"_tableWrapper_1rjym_13 group flex w-fit flex-col-reverse\">\n<table>\n<thead>\n<tr>\n<th><strong>Kategorie<\/strong><\/th>\n<th><strong>Einzelheiten<\/strong><\/th>\n<\/tr>\n<\/thead>\n<tbody>\n<tr>\n<td><strong>Abmessungen und Gewicht<\/strong><\/td>\n<td>L\u00e4nge: 46 cm - Breite: 72,3 cm - H\u00f6he: 80,5 cm - Durchmesser der Sch\u00fcssel: 20 cm - L\u00e4nge des Abflussrohrs: 38,5 cm - Gewicht: 76 kg - Fassungsverm\u00f6gen der Sch\u00fcssel: 6 kg \u00d7 1<\/td>\n<\/tr>\n<tr>\n<td><strong>Material des Geh\u00e4uses<\/strong><\/td>\n<td>Rostfreier Stahl<\/td>\n<\/tr>\n<tr>\n<td><strong>Verbrauch<\/strong><\/td>\n<td>1 kW - 230 V - 50\/60 Hz<\/td>\n<\/tr>\n<tr>\n<td><strong>Arbeitszeiten<\/strong><\/td>\n<td>Schmelzen &amp; Font\u00e4neneffekt: ~1 Stunde (mit Schokoladenst\u00fcckchen) \/ Wenige Sekunden (aus dem Standby)<\/td>\n<\/tr>\n<tr>\n<td><strong>Kontrollsystem<\/strong><\/td>\n<td>4,3-Zoll-Touchscreen - Manuelle und Standby-Modi - Elektronische Dosierung - Temperaturmanagement - Fernbedienungsf\u00e4hig<\/td>\n<\/tr>\n<tr>\n<td><strong>Sicherheitsmerkmale<\/strong><\/td>\n<td>Sicherungen der Hauptkomponenten - Zur\u00fccksetzbare Schneckensicherung - Inverter f\u00fcr Schneckenumkehr - Pedalstopp f\u00fcr Schokoladenfluss - Magnetischer Tankschutzsensor<\/td>\n<\/tr>\n<tr>\n<td><strong>Bewegungssystem<\/strong><\/td>\n<td>2 \u00d7 Einphasenmotoren - 2 \u00d7 Untersetzungsgetriebe - Abnehmbare Schnecke aus Edelstahl<\/td>\n<\/tr>\n<tr>\n<td><strong>Heizungsanlage<\/strong><\/td>\n<td>1 \u00d7 Silikonwiderstand (Tank) - 1 \u00d7 Kabelwiderstand (Schnecke)<\/td>\n<\/tr>\n<tr>\n<td><strong>Temperaturkontrolle<\/strong><\/td>\n<td>2 \u00d7 PT 100-Sonden (Tank + Schnecke)<\/td>\n<\/tr>\n<tr>\n<td><strong>Optional (Aya 4.0-Paket)<\/strong><\/td>\n<td>Wi-Fi-Dongle - Tablet mit Handb\u00fcchern\/Videos - Fernwartungsdienst<\/td>\n<\/tr>\n<\/tbody>\n<\/table>\n<\/div>\n<\/div>","protected":false},"excerpt":{"rendered":"<p>The Aya K6 Double is a premium countertop chocolate melter and fountain, designed for ice cream parlors, caf\u00e9s, bakeries, and restaurants that want to impress customers with both style and function. This model combines an eye-catching chocolate fountain effect with advanced features that guarantee reliability, efficiency, and ease of use. Thanks to its stainless steel [&hellip;]<\/p>\n","protected":false},"featured_media":7101,"comment_status":"open","ping_status":"closed","template":"","meta":[],"product_brand":[],"product_cat":[46],"product_tag":[],"class_list":{"0":"post-7093","1":"product","2":"type-product","3":"status-publish","4":"has-post-thumbnail","6":"product_cat-countertop-chocolate-melter","8":"first","9":"instock","10":"shipping-taxable","11":"product-type-simple"},"_links":{"self":[{"href":"https:\/\/dersuessestopp.com\/de_at\/wp-json\/wp\/v2\/product\/7093","targetHints":{"allow":["GET"]}}],"collection":[{"href":"https:\/\/dersuessestopp.com\/de_at\/wp-json\/wp\/v2\/product"}],"about":[{"href":"https:\/\/dersuessestopp.com\/de_at\/wp-json\/wp\/v2\/types\/product"}],"replies":[{"embeddable":true,"href":"https:\/\/dersuessestopp.com\/de_at\/wp-json\/wp\/v2\/comments?post=7093"}],"version-history":[{"count":2,"href":"https:\/\/dersuessestopp.com\/de_at\/wp-json\/wp\/v2\/product\/7093\/revisions"}],"predecessor-version":[{"id":7103,"href":"https:\/\/dersuessestopp.com\/de_at\/wp-json\/wp\/v2\/product\/7093\/revisions\/7103"}],"wp:featuredmedia":[{"embeddable":true,"href":"https:\/\/dersuessestopp.com\/de_at\/wp-json\/wp\/v2\/media\/7101"}],"wp:attachment":[{"href":"https:\/\/dersuessestopp.com\/de_at\/wp-json\/wp\/v2\/media?parent=7093"}],"wp:term":[{"taxonomy":"product_brand","embeddable":true,"href":"https:\/\/dersuessestopp.com\/de_at\/wp-json\/wp\/v2\/product_brand?post=7093"},{"taxonomy":"product_cat","embeddable":true,"href":"https:\/\/dersuessestopp.com\/de_at\/wp-json\/wp\/v2\/product_cat?post=7093"},{"taxonomy":"product_tag","embeddable":true,"href":"https:\/\/dersuessestopp.com\/de_at\/wp-json\/wp\/v2\/product_tag?post=7093"}],"curies":[{"name":"wp","href":"https:\/\/api.w.org\/{rel}","templated":true}]}}