{"id":7073,"date":"2025-08-30T07:01:41","date_gmt":"2025-08-30T07:01:41","guid":{"rendered":"https:\/\/dersuessestopp.com\/?post_type=product&#038;p=7073"},"modified":"2025-08-30T07:01:41","modified_gmt":"2025-08-30T07:01:41","slug":"adam-k60","status":"publish","type":"product","link":"https:\/\/dersuessestopp.com\/de_at\/product\/adam-k60\/","title":{"rendered":"Adam K60"},"content":{"rendered":"<p data-start=\"186\" data-end=\"258\"><strong data-start=\"186\" data-end=\"256\">Vielseitige, leistungsstarke Thekenmaschine zum Temperieren von Schokolade<\/strong><\/p>\n<p data-start=\"260\" data-end=\"600\">Der Adam K60 ist f\u00fcr handwerkliche Chocolatiers und Konditoreien konzipiert, die <strong data-start=\"340\" data-end=\"399\">hohe Produktionskapazit\u00e4t mit Pr\u00e4zision und Benutzerfreundlichkeit<\/strong>. Mit einer Sch\u00fcsselkapazit\u00e4t von <strong data-start=\"425\" data-end=\"434\">60 kg<\/strong> und eine st\u00fcndliche Leistung von bis zu <strong data-start=\"465\" data-end=\"497\">100 kg temperierte Schokolade<\/strong>, Er ist die perfekte Wahl f\u00fcr Werkst\u00e4tten, die ihre Effizienz optimieren wollen, ohne Kompromisse bei der Qualit\u00e4t einzugehen.<\/p>\n<p data-start=\"602\" data-end=\"917\">Ausgestattet mit einem <strong data-start=\"619\" data-end=\"658\">intuitives Touchscreen-Bedienfeld<\/strong> Mit seiner fortschrittlichen 4.0-Technologie macht es der Adam K60 einfach, Temperaturen, Temperierzyklen und Dosierungen mit nur wenigen Fingertipps zu steuern. Die robuste Edelstahlkonstruktion sorgt f\u00fcr Langlebigkeit, w\u00e4hrend das ergonomische Design den t\u00e4glichen Betrieb vereinfacht.<\/p>\n<p data-start=\"919\" data-end=\"1206\">Die Maschine <strong data-start=\"933\" data-end=\"952\">herausnehmbare Schnecke<\/strong> erm\u00f6glicht eine schnelle Reinigung und Wartung. Sie verf\u00fcgt au\u00dferdem \u00fcber ein hinteres Auslaufrohr, eine R\u00fcckw\u00e4rtsgangsteuerung und eine integrierte R\u00fctteltischheizung mit zwei Formhaltern, was sie zu einer vielseitigen und praktischen L\u00f6sung f\u00fcr die professionelle Schokoladenproduktion macht.<\/p>\n<p data-start=\"1208\" data-end=\"1345\">F\u00fcr noch mehr Flexibilit\u00e4t bietet der Adam K60 <strong data-start=\"1258\" data-end=\"1289\">optionale Wi-Fi-Konnektivit\u00e4t<\/strong>, und erm\u00f6glicht die Fernsteuerung und -\u00fcberwachung von Prozessen.<\/p>\n<h3 data-start=\"1352\" data-end=\"1370\">Wesentliche Merkmale<\/h3>\n<ul data-start=\"1371\" data-end=\"2026\">\n<li data-start=\"1371\" data-end=\"1485\">\n<p data-start=\"1373\" data-end=\"1485\"><strong data-start=\"1373\" data-end=\"1391\">Gro\u00dfe Kapazit\u00e4t<\/strong> - 60-kg-Edelstahlbeh\u00e4lter mit kontinuierlicher Temperierung und st\u00fcndlicher Produktion von bis zu 100 kg.<\/p>\n<\/li>\n<li data-start=\"1486\" data-end=\"1629\">\n<p data-start=\"1488\" data-end=\"1629\"><strong data-start=\"1488\" data-end=\"1509\">Touchscreen-Panel<\/strong> - Interaktive und intuitive Benutzeroberfl\u00e4che mit Nachtmodus, Schnellabschaltung, R\u00fcckw\u00e4rtsgang und pr\u00e4ziser Temperaturregelung.<\/p>\n<\/li>\n<li data-start=\"1630\" data-end=\"1746\">\n<p data-start=\"1632\" data-end=\"1746\"><strong data-start=\"1632\" data-end=\"1652\">Einfache Wartung<\/strong> - Von oben abnehmbare Schnecke mit vier Kn\u00f6pfen zur einfachen Reinigung, plus hinteres Auslaufrohr.<\/p>\n<\/li>\n<li data-start=\"1747\" data-end=\"1853\">\n<p data-start=\"1749\" data-end=\"1853\"><strong data-start=\"1749\" data-end=\"1779\">Integrierter R\u00fctteltisch<\/strong> - Zwei Formhalter mit Grillheizung f\u00fcr effizientes Gie\u00dfen.<\/p>\n<\/li>\n<li data-start=\"1854\" data-end=\"1956\">\n<p data-start=\"1856\" data-end=\"1956\"><strong data-start=\"1856\" data-end=\"1880\">Langlebige Konstruktion<\/strong> - Das Geh\u00e4use ist komplett aus Edelstahl gefertigt und zeichnet sich durch Zuverl\u00e4ssigkeit und lange Lebensdauer aus.<\/p>\n<\/li>\n<li data-start=\"1957\" data-end=\"2026\">\n<p data-start=\"1959\" data-end=\"2026\"><strong data-start=\"1959\" data-end=\"1984\">Optionaler Wi-Fi-Dongle<\/strong> - Fernsteuerung f\u00fcr zus\u00e4tzlichen Komfort.<\/p>\n<\/li>\n<\/ul>\n<h3 data-start=\"2033\" data-end=\"2063\">Technische Daten<\/h3>\n<table>\n<thead>\n<tr>\n<th><strong>Kategorie<\/strong><\/th>\n<th><strong>Einzelheiten<\/strong><\/th>\n<\/tr>\n<\/thead>\n<tbody>\n<tr>\n<td><strong>Abmessungen und Gewicht<\/strong><\/td>\n<td>Gewicht: 90 kgAbmessungen: 595 \u00d7 860 \u00d7 1440 mm<\/td>\n<\/tr>\n<tr>\n<td><strong>Fassungsverm\u00f6gen der Schale<\/strong><\/td>\n<td>60 kg<\/td>\n<\/tr>\n<tr>\n<td><strong>Material des Geh\u00e4uses<\/strong><\/td>\n<td>Rostfreier Stahl<\/td>\n<\/tr>\n<tr>\n<td><strong>St\u00fcndliche Produktion<\/strong><\/td>\n<td>100 kg<\/td>\n<\/tr>\n<tr>\n<td><strong>R\u00fctteltisch<\/strong><\/td>\n<td>Nr. 2 Formhalter und integrierte Grillheizung<\/td>\n<\/tr>\n<tr>\n<td><strong>Instrumentierung und elektrisches System<\/strong><\/td>\n<td>- Hauptschalter und Notschalter- Touchscreen-Panel mit 4.0-Technologie- Nachtmodus &amp; Schnellabschaltung- R\u00fcckw\u00e4rtsgangsteuerung- Temperaturregelung &amp; elektronische Dosierung<\/td>\n<\/tr>\n<tr>\n<td><strong>Produkthandhabungssystem<\/strong><\/td>\n<td>- 1 Schneckenmotor - 1 Wannenmotor<\/td>\n<\/tr>\n<tr>\n<td><strong>Heizungsanlage<\/strong><\/td>\n<td>- Silikonwiderstand f\u00fcr Tankheizungen - Kabelwiderstand f\u00fcr Schneckenheizungen<\/td>\n<\/tr>\n<tr>\n<td><strong>K\u00fchlsystem<\/strong><\/td>\n<td>- K\u00fchlsystem mit Wasserschneckenk\u00fchlung - 3 Ventilatoren zur Bauteilk\u00fchlung<\/td>\n<\/tr>\n<tr>\n<td><strong>Verbrauch<\/strong><\/td>\n<td>3,5 kW50\/60 Hz, 400 V (230 V auf Anfrage erh\u00e4ltlich)<\/td>\n<\/tr>\n<\/tbody>\n<\/table>","protected":false},"excerpt":{"rendered":"<p>Versatile, high-performance countertop chocolate tempering machine The Adam K60 is designed for artisan chocolatiers and pastry shops that require high production capacity with precision and ease of use. With a bowl capacity of 60 kg and an hourly output of up to 100 kg of tempered chocolate, it is the perfect choice for workshops looking [&hellip;]<\/p>\n","protected":false},"featured_media":7074,"comment_status":"open","ping_status":"closed","template":"","meta":[],"product_brand":[],"product_cat":[44],"product_tag":[],"class_list":{"0":"post-7073","1":"product","2":"type-product","3":"status-publish","4":"has-post-thumbnail","6":"product_cat-tempering-line","8":"first","9":"instock","10":"shipping-taxable","11":"product-type-simple"},"_links":{"self":[{"href":"https:\/\/dersuessestopp.com\/de_at\/wp-json\/wp\/v2\/product\/7073","targetHints":{"allow":["GET"]}}],"collection":[{"href":"https:\/\/dersuessestopp.com\/de_at\/wp-json\/wp\/v2\/product"}],"about":[{"href":"https:\/\/dersuessestopp.com\/de_at\/wp-json\/wp\/v2\/types\/product"}],"replies":[{"embeddable":true,"href":"https:\/\/dersuessestopp.com\/de_at\/wp-json\/wp\/v2\/comments?post=7073"}],"version-history":[{"count":1,"href":"https:\/\/dersuessestopp.com\/de_at\/wp-json\/wp\/v2\/product\/7073\/revisions"}],"predecessor-version":[{"id":7081,"href":"https:\/\/dersuessestopp.com\/de_at\/wp-json\/wp\/v2\/product\/7073\/revisions\/7081"}],"wp:featuredmedia":[{"embeddable":true,"href":"https:\/\/dersuessestopp.com\/de_at\/wp-json\/wp\/v2\/media\/7074"}],"wp:attachment":[{"href":"https:\/\/dersuessestopp.com\/de_at\/wp-json\/wp\/v2\/media?parent=7073"}],"wp:term":[{"taxonomy":"product_brand","embeddable":true,"href":"https:\/\/dersuessestopp.com\/de_at\/wp-json\/wp\/v2\/product_brand?post=7073"},{"taxonomy":"product_cat","embeddable":true,"href":"https:\/\/dersuessestopp.com\/de_at\/wp-json\/wp\/v2\/product_cat?post=7073"},{"taxonomy":"product_tag","embeddable":true,"href":"https:\/\/dersuessestopp.com\/de_at\/wp-json\/wp\/v2\/product_tag?post=7073"}],"curies":[{"name":"wp","href":"https:\/\/api.w.org\/{rel}","templated":true}]}}