{"id":7062,"date":"2025-08-30T06:45:00","date_gmt":"2025-08-30T06:45:00","guid":{"rendered":"https:\/\/dersuessestopp.com\/?post_type=product&#038;p=7062"},"modified":"2025-08-30T06:50:52","modified_gmt":"2025-08-30T06:50:52","slug":"adam-k24","status":"publish","type":"product","link":"https:\/\/dersuessestopp.com\/de_at\/product\/adam-k24\/","title":{"rendered":"Adam K24"},"content":{"rendered":"<p data-start=\"201\" data-end=\"265\"><strong data-start=\"201\" data-end=\"263\">Praktische und funktionelle 24 kg Schokoladen-Temperiermaschine<\/strong><\/p>\n<h3 data-start=\"290\" data-end=\"307\">Beschreibung<\/h3>\n<p data-start=\"308\" data-end=\"646\">Die Adam K24 (Modell 2022) ist eine leistungsstarke Schokoladentemperiermaschine mit einem Fassungsverm\u00f6gen von 24 kg, die f\u00fcr mittlere bis gro\u00dfe Konditoreien, Chocolatiers und Restaurants entwickelt wurde. Diese kompakte und dennoch robuste Maschine gew\u00e4hrleistet eine pr\u00e4zise und zuverl\u00e4ssige Temperierung und ist damit ein unverzichtbares Werkzeug f\u00fcr Profis, die mit gr\u00f6\u00dferen Schokoladenmengen arbeiten.<\/p>\n<p data-start=\"648\" data-end=\"1026\">Ausgestattet mit einem intuitiven 4,3-Zoll-Touchscreen-Bedienfeld erm\u00f6glicht der Adam K24 die vollst\u00e4ndige Steuerung der Schmelz- und Temperierzyklen, der elektronischen Dosierung, des R\u00fcckw\u00e4rtslaufs und des Standby-Modus sowie die Ein- und Ausschaltung des R\u00fctteltisches mit integrierter Heizung. Sein intelligentes Design vereinfacht den Betrieb und die Reinigung und bietet eine abnehmbare Schnecke, einen Ablasshahn an der R\u00fcckseite und eine R\u00fccklauffunktion.<\/p>\n<p data-start=\"1028\" data-end=\"1192\">Mit einer st\u00fcndlichen Produktionskapazit\u00e4t von bis zu 90 kg kombiniert der Adam K24 fortschrittliche Technologie mit einfacher Bedienung und sorgt so f\u00fcr konstante Ergebnisse und maximale Effizienz.<\/p>\n<h3 data-start=\"1199\" data-end=\"1221\">Produktmerkmale<\/h3>\n<ul data-start=\"1222\" data-end=\"2029\">\n<li data-start=\"1222\" data-end=\"1294\">\n<p data-start=\"1224\" data-end=\"1294\"><strong data-start=\"1224\" data-end=\"1247\">24 kg Fassungsverm\u00f6gen der Sch\u00fcssel<\/strong>, ideal f\u00fcr mittlere und gro\u00dfe Produktionsmengen<\/p>\n<\/li>\n<li data-start=\"1295\" data-end=\"1369\">\n<p data-start=\"1297\" data-end=\"1369\"><strong data-start=\"1297\" data-end=\"1338\">Kompaktes, langlebiges Geh\u00e4use aus Edelstahl<\/strong> f\u00fcr lang anhaltende Leistung<\/p>\n<\/li>\n<li data-start=\"1370\" data-end=\"1495\">\n<p data-start=\"1372\" data-end=\"1495\"><strong data-start=\"1372\" data-end=\"1402\">4,3-Zoll-Touchscreen-Panel<\/strong> f\u00fcr pr\u00e4zise Temperatureinstellung, elektronische Dosierung, Reversierbetrieb und Standby-Funktionen<\/p>\n<\/li>\n<li data-start=\"1496\" data-end=\"1566\">\n<p data-start=\"1498\" data-end=\"1566\"><strong data-start=\"1498\" data-end=\"1548\">Zwei Formhalter mit integrierter Grillheizung<\/strong> (52,5 cm insgesamt)<\/p>\n<\/li>\n<li data-start=\"1567\" data-end=\"1633\">\n<p data-start=\"1569\" data-end=\"1633\"><strong data-start=\"1569\" data-end=\"1586\">Leichte Reinigung<\/strong> dank abnehmbarer Schnecke und hinterem Ablasshahn<\/p>\n<\/li>\n<li data-start=\"1634\" data-end=\"1695\">\n<p data-start=\"1636\" data-end=\"1695\"><strong data-start=\"1636\" data-end=\"1666\">Ger\u00e4uscharme und effiziente Motoren<\/strong> f\u00fcr Schnecken- und Wannenhandling<\/p>\n<\/li>\n<li data-start=\"1696\" data-end=\"1800\">\n<p data-start=\"1698\" data-end=\"1800\"><strong data-start=\"1698\" data-end=\"1725\">Fortschrittliches Heizsystem<\/strong> mit Silikonwiderstand f\u00fcr den Tank und Kabelwiderstand f\u00fcr die Schnecke<\/p>\n<\/li>\n<li data-start=\"1801\" data-end=\"1915\">\n<p data-start=\"1803\" data-end=\"1915\"><strong data-start=\"1803\" data-end=\"1830\">Leistungsstarkes K\u00fchlsystem<\/strong> mit 7.500 BTU-K\u00fchlung, wassergek\u00fchlter Schnecke und 3 L\u00fcftern zur K\u00fchlung der Komponenten<\/p>\n<\/li>\n<li data-start=\"1916\" data-end=\"1977\">\n<p data-start=\"1918\" data-end=\"1977\"><strong data-start=\"1918\" data-end=\"1937\">Sicherheitsmerkmale<\/strong> einschlie\u00dflich Haupt- und Notschalter<\/p>\n<\/li>\n<li data-start=\"1978\" data-end=\"2029\">\n<p data-start=\"1980\" data-end=\"2029\"><strong data-start=\"1980\" data-end=\"2001\">Hohe Produktivit\u00e4t<\/strong> mit bis zu 90 kg pro Stunde<\/p>\n<\/li>\n<\/ul>\n<h3 data-start=\"2036\" data-end=\"2066\">Technische Daten<\/h3>\n<table>\n<thead>\n<tr>\n<th><strong>Kategorie<\/strong><\/th>\n<th><strong>Einzelheiten<\/strong><\/th>\n<\/tr>\n<\/thead>\n<tbody>\n<tr>\n<td><strong>Abmessungen und Gewicht<\/strong><\/td>\n<td>Gewicht: 158 kgAbmessungen: 760 \u00d7 800 \u00d7 1450 mmFassungsverm\u00f6gen der Sch\u00fcssel: 24 kgMaterial des Geh\u00e4uses: Rostfreier Stahl<\/td>\n<\/tr>\n<tr>\n<td><strong>St\u00fcndliche Produktion<\/strong><\/td>\n<td>90 kg<\/td>\n<\/tr>\n<tr>\n<td><strong>R\u00fctteltisch<\/strong><\/td>\n<td>2 Formhalter mit integrierter Grillheizung (insgesamt 52,5 cm)<\/td>\n<\/tr>\n<tr>\n<td><strong>Instrumentierung und Elektrotechnik<\/strong><\/td>\n<td>- Hauptschalter und Notschalter - Interaktives 4,3\u201d-Touchscreen-Panel (Nachtmodus, R\u00fcckw\u00e4rtsgang, Schnellabschaltung, Temperaturregelung, elektronische Dosierung, R\u00fctteltisch ein\/aus &amp; Heizung)<\/td>\n<\/tr>\n<tr>\n<td><strong>Produkthandhabungssystem<\/strong><\/td>\n<td>- 1 Schneckenmotor - 1 Wannenmotor<\/td>\n<\/tr>\n<tr>\n<td><strong>Heizungsanlage<\/strong><\/td>\n<td>- 1 Silikonwiderstand (Tankheizung)- 1 Kabelwiderstand (Schneckenheizung)<\/td>\n<\/tr>\n<tr>\n<td><strong>K\u00fchlsystem<\/strong><\/td>\n<td>- K\u00fchlsystem (K\u00fchlleistung: 7.500 BTU)- Wasserschneckenk\u00fchlung- 3 Ventilatoren zur Bauteilk\u00fchlung<\/td>\n<\/tr>\n<tr>\n<td><strong>Verbrauch<\/strong><\/td>\n<td>3 kW50\/60 Hz - 230\/400 V<\/td>\n<\/tr>\n<\/tbody>\n<\/table>","protected":false},"excerpt":{"rendered":"<p>Practical and functional 24 kg chocolate tempering machine Description The Adam K24 (model 2022) is a high-performance chocolate tempering machine with a 24 kg bowl capacity, designed for medium to large pastry shops, chocolatiers, and restaurants. Compact yet durable, this machine ensures precise and reliable tempering, making it an essential tool for professionals working with [&hellip;]<\/p>\n","protected":false},"featured_media":7063,"comment_status":"open","ping_status":"closed","template":"","meta":[],"product_brand":[],"product_cat":[44],"product_tag":[],"class_list":{"0":"post-7062","1":"product","2":"type-product","3":"status-publish","4":"has-post-thumbnail","6":"product_cat-tempering-line","8":"first","9":"instock","10":"shipping-taxable","11":"product-type-simple"},"_links":{"self":[{"href":"https:\/\/dersuessestopp.com\/de_at\/wp-json\/wp\/v2\/product\/7062","targetHints":{"allow":["GET"]}}],"collection":[{"href":"https:\/\/dersuessestopp.com\/de_at\/wp-json\/wp\/v2\/product"}],"about":[{"href":"https:\/\/dersuessestopp.com\/de_at\/wp-json\/wp\/v2\/types\/product"}],"replies":[{"embeddable":true,"href":"https:\/\/dersuessestopp.com\/de_at\/wp-json\/wp\/v2\/comments?post=7062"}],"version-history":[{"count":2,"href":"https:\/\/dersuessestopp.com\/de_at\/wp-json\/wp\/v2\/product\/7062\/revisions"}],"predecessor-version":[{"id":7065,"href":"https:\/\/dersuessestopp.com\/de_at\/wp-json\/wp\/v2\/product\/7062\/revisions\/7065"}],"wp:featuredmedia":[{"embeddable":true,"href":"https:\/\/dersuessestopp.com\/de_at\/wp-json\/wp\/v2\/media\/7063"}],"wp:attachment":[{"href":"https:\/\/dersuessestopp.com\/de_at\/wp-json\/wp\/v2\/media?parent=7062"}],"wp:term":[{"taxonomy":"product_brand","embeddable":true,"href":"https:\/\/dersuessestopp.com\/de_at\/wp-json\/wp\/v2\/product_brand?post=7062"},{"taxonomy":"product_cat","embeddable":true,"href":"https:\/\/dersuessestopp.com\/de_at\/wp-json\/wp\/v2\/product_cat?post=7062"},{"taxonomy":"product_tag","embeddable":true,"href":"https:\/\/dersuessestopp.com\/de_at\/wp-json\/wp\/v2\/product_tag?post=7062"}],"curies":[{"name":"wp","href":"https:\/\/api.w.org\/{rel}","templated":true}]}}