{"id":7037,"date":"2025-08-30T05:37:23","date_gmt":"2025-08-30T05:37:23","guid":{"rendered":"https:\/\/dersuessestopp.com\/?post_type=product&#038;p=7037"},"modified":"2025-08-30T05:37:23","modified_gmt":"2025-08-30T05:37:23","slug":"nr400s-nr400s-30","status":"publish","type":"product","link":"https:\/\/dersuessestopp.com\/de_at\/product\/nr400s-nr400s-30\/","title":{"rendered":"NR400S, NR400S-30"},"content":{"rendered":"<p>Die F\u00f6rderbandserie NR400S ist f\u00fcr das professionelle \u00dcberziehen von Pralinen, Keksen, Kuchen und Geb\u00e4ck konzipiert. Mit ihren benutzerfreundlichen Bedienelementen und praktischen Funktionen erm\u00f6glichen es diese F\u00f6rderb\u00e4nder einem einzigen Bediener, den gesamten \u00dcberziehprozess von der Beladung bis zur Entnahme des Produkts zu steuern, was Effizienz und Pr\u00e4zision gew\u00e4hrleistet.<\/p>\n<p>Hauptmerkmale und Vorteile<\/p>\n<p>Bedienerfreundliches Ladesystem - Das Lade-Drahtgeflechtband kann w\u00e4hrend der Produktplatzierung angehalten und mit einem einfachen Drehknopf wieder gestartet werden, was die Produktion rationalisiert.<\/p>\n<p>Professionelles \u00dcberstreichzubeh\u00f6r - Beide Modelle sind mit einem Drahtgeflecht-Bandklopfer und einer Streifenschneidvorrichtung ausgestattet, um ein makelloses Beschichtungsergebnis zu gew\u00e4hrleisten.<\/p>\n<p>Einfache Reinigung und Wartung - Das abnehmbare Beschichtungsdrahtgeflecht, das frei von elektrischen Komponenten ist, erm\u00f6glicht eine schnelle und genaue Reinigung.<\/p>\n<p>Option f\u00fcr oberfl\u00e4chliche \u00dcberz\u00fcge - Das F\u00f6rderband kann f\u00fcr perfekte oberfl\u00e4chliche \u00dcberz\u00fcge mit Schn\u00fcren anstelle von Drahtgeflechten ausgestattet werden.<\/p>\n<p>Flexible Gr\u00f6\u00dfenoptionen - Erh\u00e4ltlich in zwei Arbeitsbreiten:<\/p>\n<p>NR400S \u2192 250 mm<\/p>\n<p>NR400S-30 \u2192 300 mm<\/p>\n<p>Technische Daten<\/p>\n<p>Breite des Drahtgeflechtbandes: 250 mm (NR400S)<\/p>\n<p>Breite des Drahtgeflechtbandes: 300 mm (NR400S-30)<\/p>","protected":false},"excerpt":{"rendered":"<p>The NR400S conveyor series is designed for professional enrobing of pralines, biscuits, cakes, and pastry products. With user-friendly controls and practical features, these conveyors allow a single operator to manage the entire enrobing process, from loading to product exit, ensuring efficiency and precision. Key Features &amp; Benefits Operator-Friendly Loading System \u2013 The loading wire-mesh belt [&hellip;]<\/p>\n","protected":false},"featured_media":7038,"comment_status":"open","ping_status":"closed","template":"","meta":[],"product_brand":[],"product_cat":[42],"product_tag":[],"class_list":{"0":"post-7037","1":"product","2":"type-product","3":"status-publish","4":"has-post-thumbnail","6":"product_cat-conveyor-belts","8":"first","9":"instock","10":"shipping-taxable","11":"product-type-simple"},"_links":{"self":[{"href":"https:\/\/dersuessestopp.com\/de_at\/wp-json\/wp\/v2\/product\/7037","targetHints":{"allow":["GET"]}}],"collection":[{"href":"https:\/\/dersuessestopp.com\/de_at\/wp-json\/wp\/v2\/product"}],"about":[{"href":"https:\/\/dersuessestopp.com\/de_at\/wp-json\/wp\/v2\/types\/product"}],"replies":[{"embeddable":true,"href":"https:\/\/dersuessestopp.com\/de_at\/wp-json\/wp\/v2\/comments?post=7037"}],"version-history":[{"count":1,"href":"https:\/\/dersuessestopp.com\/de_at\/wp-json\/wp\/v2\/product\/7037\/revisions"}],"predecessor-version":[{"id":7040,"href":"https:\/\/dersuessestopp.com\/de_at\/wp-json\/wp\/v2\/product\/7037\/revisions\/7040"}],"wp:featuredmedia":[{"embeddable":true,"href":"https:\/\/dersuessestopp.com\/de_at\/wp-json\/wp\/v2\/media\/7038"}],"wp:attachment":[{"href":"https:\/\/dersuessestopp.com\/de_at\/wp-json\/wp\/v2\/media?parent=7037"}],"wp:term":[{"taxonomy":"product_brand","embeddable":true,"href":"https:\/\/dersuessestopp.com\/de_at\/wp-json\/wp\/v2\/product_brand?post=7037"},{"taxonomy":"product_cat","embeddable":true,"href":"https:\/\/dersuessestopp.com\/de_at\/wp-json\/wp\/v2\/product_cat?post=7037"},{"taxonomy":"product_tag","embeddable":true,"href":"https:\/\/dersuessestopp.com\/de_at\/wp-json\/wp\/v2\/product_tag?post=7037"}],"curies":[{"name":"wp","href":"https:\/\/api.w.org\/{rel}","templated":true}]}}