{"id":7020,"date":"2025-08-30T05:24:11","date_gmt":"2025-08-30T05:24:11","guid":{"rendered":"https:\/\/dersuessestopp.com\/?post_type=product&#038;p=7020"},"modified":"2025-08-30T05:38:49","modified_gmt":"2025-08-30T05:38:49","slug":"diva12-temperiermaschine","status":"publish","type":"product","link":"https:\/\/dersuessestopp.com\/de_at\/product\/diva12-tempering-machine\/","title":{"rendered":"Diva12 Temperiermaschine"},"content":{"rendered":"<p data-start=\"186\" data-end=\"530\">Die <strong data-start=\"190\" data-end=\"200\">Diva12<\/strong> ist eine vollautomatische, kontinuierlich arbeitende Temperiermaschine, die f\u00fcr die Lieferung von <strong data-start=\"282\" data-end=\"324\">Pr\u00e4zision, Zuverl\u00e4ssigkeit und Effizienz<\/strong> f\u00fcr professionelle Chocolatiers und mittelgro\u00dfe Produktionsbetriebe. Von <strong data-start=\"389\" data-end=\"411\">Bain-Marie-Schmelzen<\/strong> zu <strong data-start=\"415\" data-end=\"474\">Temperierung mit K\u00fchlgas und einem K\u00e4ltemittelkompressor<\/strong>, Sie sorgt daf\u00fcr, dass die Schokolade jedes Mal einwandfrei verarbeitet wird.<\/p>\n<h4 data-start=\"532\" data-end=\"563\">Hauptmerkmale und Vorteile:<\/h4>\n<ul data-start=\"564\" data-end=\"1457\">\n<li data-start=\"564\" data-end=\"728\">\n<p data-start=\"566\" data-end=\"728\"><strong data-start=\"566\" data-end=\"589\">12 kg Fassungsverm\u00f6gen der Sch\u00fcssel<\/strong> - Gefertigt aus langlebigem <strong data-start=\"615\" data-end=\"642\">rostfreier Stahl AISI304<\/strong>, mit einem eingebauten Mixer, der die Schokolade fl\u00fcssig, gleichm\u00e4\u00dfig und perfekt temperiert h\u00e4lt.<\/p>\n<\/li>\n<li data-start=\"729\" data-end=\"898\">\n<p data-start=\"731\" data-end=\"898\"><strong data-start=\"731\" data-end=\"752\">Hohe Produktivit\u00e4t<\/strong> - Geeignet zum Temperieren von bis zu <strong data-start=\"782\" data-end=\"813\">60 kg Schokolade pro Stunde<\/strong>, Damit ist er ideal f\u00fcr wachsende Unternehmen und die professionelle S\u00fc\u00dfwarenproduktion.<\/p>\n<\/li>\n<li data-start=\"899\" data-end=\"1044\">\n<p data-start=\"901\" data-end=\"1044\"><strong data-start=\"901\" data-end=\"926\">Schnelle und einfache Reinigung<\/strong> - Merkmale einer <strong data-start=\"941\" data-end=\"962\">Ausziehbare Schnecke<\/strong> die eine Tiefenreinigung und einen schnellen Wechsel zwischen verschiedenen Schokoladensorten erm\u00f6glicht.<\/p>\n<\/li>\n<li data-start=\"1045\" data-end=\"1204\">\n<p data-start=\"1047\" data-end=\"1204\"><strong data-start=\"1047\" data-end=\"1080\">Pr\u00e4zise Temperaturregelung<\/strong> - Ausgestattet mit <strong data-start=\"1097\" data-end=\"1121\">hochpr\u00e4zise Sonden<\/strong> die mit einer speziellen Leiterplatte verbunden sind, um perfekte Temperierbedingungen zu gew\u00e4hrleisten.<\/p>\n<\/li>\n<li data-start=\"1205\" data-end=\"1342\">\n<p data-start=\"1207\" data-end=\"1342\"><strong data-start=\"1207\" data-end=\"1229\">Verbesserte Benutzerfreundlichkeit<\/strong> - Enth\u00e4lt eine <strong data-start=\"1243\" data-end=\"1269\">beheizter R\u00fctteltisch<\/strong> und eine <strong data-start=\"1276\" data-end=\"1299\">Str\u00f6mungsabrisspedal<\/strong> f\u00fcr genaue Dosierung und Portionskontrolle.<\/p>\n<\/li>\n<li data-start=\"1343\" data-end=\"1457\">\n<p data-start=\"1345\" data-end=\"1457\"><strong data-start=\"1345\" data-end=\"1374\">Einstellbarer Schokoladenfluss<\/strong> - Bietet Flexibilit\u00e4t zur Anpassung an unterschiedliche Produktionsanforderungen und Produkttypen.<\/p>\n<\/li>\n<\/ul>\n<h4 data-start=\"1459\" data-end=\"1491\">Technische Daten:<\/h4>\n<ul data-start=\"1492\" data-end=\"1597\">\n<li data-start=\"1492\" data-end=\"1520\">\n<p data-start=\"1494\" data-end=\"1520\"><strong data-start=\"1494\" data-end=\"1512\">Fassungsverm\u00f6gen der Schale:<\/strong> 12 kg<\/p>\n<\/li>\n<li data-start=\"1521\" data-end=\"1553\">\n<p data-start=\"1523\" data-end=\"1553\"><strong data-start=\"1523\" data-end=\"1543\">St\u00fcndliche Kapazit\u00e4t:<\/strong> 60 kg\/h<\/p>\n<\/li>\n<li data-start=\"1554\" data-end=\"1597\">\n<p data-start=\"1556\" data-end=\"1597\"><strong data-start=\"1556\" data-end=\"1571\">Abmessungen:<\/strong> 440 x 690 x 1570 mm (h)<\/p>\n<\/li>\n<\/ul>\n<p class=\"meta-row\">","protected":false},"excerpt":{"rendered":"<p>The Diva12 is a fully automatic, continuous-operation tempering machine designed to deliver precision, reliability, and efficiency for professional chocolatiers and medium-scale production. From bain-marie melting to tempering with cooling gas and a refrigerant compressor, it ensures flawless chocolate processing every time. Key Features &amp; Benefits: 12 kg Bowl Capacity \u2013 Constructed in durable stainless steel [&hellip;]<\/p>\n","protected":false},"featured_media":7021,"comment_status":"open","ping_status":"closed","template":"","meta":[],"product_brand":[],"product_cat":[40],"product_tag":[],"class_list":{"0":"post-7020","1":"product","2":"type-product","3":"status-publish","4":"has-post-thumbnail","6":"product_cat-tempering-machines","8":"first","9":"instock","10":"shipping-taxable","11":"product-type-simple"},"_links":{"self":[{"href":"https:\/\/dersuessestopp.com\/de_at\/wp-json\/wp\/v2\/product\/7020","targetHints":{"allow":["GET"]}}],"collection":[{"href":"https:\/\/dersuessestopp.com\/de_at\/wp-json\/wp\/v2\/product"}],"about":[{"href":"https:\/\/dersuessestopp.com\/de_at\/wp-json\/wp\/v2\/types\/product"}],"replies":[{"embeddable":true,"href":"https:\/\/dersuessestopp.com\/de_at\/wp-json\/wp\/v2\/comments?post=7020"}],"version-history":[{"count":3,"href":"https:\/\/dersuessestopp.com\/de_at\/wp-json\/wp\/v2\/product\/7020\/revisions"}],"predecessor-version":[{"id":7042,"href":"https:\/\/dersuessestopp.com\/de_at\/wp-json\/wp\/v2\/product\/7020\/revisions\/7042"}],"wp:featuredmedia":[{"embeddable":true,"href":"https:\/\/dersuessestopp.com\/de_at\/wp-json\/wp\/v2\/media\/7021"}],"wp:attachment":[{"href":"https:\/\/dersuessestopp.com\/de_at\/wp-json\/wp\/v2\/media?parent=7020"}],"wp:term":[{"taxonomy":"product_brand","embeddable":true,"href":"https:\/\/dersuessestopp.com\/de_at\/wp-json\/wp\/v2\/product_brand?post=7020"},{"taxonomy":"product_cat","embeddable":true,"href":"https:\/\/dersuessestopp.com\/de_at\/wp-json\/wp\/v2\/product_cat?post=7020"},{"taxonomy":"product_tag","embeddable":true,"href":"https:\/\/dersuessestopp.com\/de_at\/wp-json\/wp\/v2\/product_tag?post=7020"}],"curies":[{"name":"wp","href":"https:\/\/api.w.org\/{rel}","templated":true}]}}