{"id":7007,"date":"2025-08-30T05:06:00","date_gmt":"2025-08-30T05:06:00","guid":{"rendered":"https:\/\/dersuessestopp.com\/?post_type=product&#038;p=7007"},"modified":"2025-08-30T05:21:39","modified_gmt":"2025-08-30T05:21:39","slug":"heizungslader-fur-gussformen","status":"publish","type":"product","link":"https:\/\/dersuessestopp.com\/de_at\/product\/heating-loader-for-moulds\/","title":{"rendered":"HEIZUNGSLADER F\u00dcR GUSSFORMEN"},"content":{"rendered":"<p data-start=\"173\" data-end=\"481\">Die <strong data-start=\"177\" data-end=\"206\">Heizungslader f\u00fcr Gussformen<\/strong> ist ein spezielles Zubeh\u00f6rteil, das zur Optimierung der <strong data-start=\"259\" data-end=\"290\">One-Shot-Produktionsprozess<\/strong> durch Vorw\u00e4rmen der Formen vor dem Bef\u00fcllen. Durch die Abgabe der Formen direkt auf das One Shot-Band mit bis zu <strong data-start=\"390\" data-end=\"414\">12 Zyklen pro Minute<\/strong>, Sie gew\u00e4hrleistet eine reibungslose, pr\u00e4zise und effiziente Schokoladenproduktion.<\/p>\n<h4 data-start=\"483\" data-end=\"514\">Hauptmerkmale und Vorteile:<\/h4>\n<ul data-start=\"515\" data-end=\"1174\">\n<li data-start=\"515\" data-end=\"632\">\n<p data-start=\"517\" data-end=\"632\"><strong data-start=\"517\" data-end=\"544\">Infrarot-Heizsystem<\/strong> - Ausgestattet mit <strong data-start=\"561\" data-end=\"594\">Infrarot-Strahlung und Lampen<\/strong> f\u00fcr eine schnelle und gleichm\u00e4\u00dfige Erw\u00e4rmung der Form.<\/p>\n<\/li>\n<li data-start=\"633\" data-end=\"794\">\n<p data-start=\"635\" data-end=\"794\"><strong data-start=\"635\" data-end=\"666\">Digitale Temperaturregelung<\/strong> - A <strong data-start=\"671\" data-end=\"695\">Pr\u00e4zisionsthermostat<\/strong> regelt die Heizleistung und sorgt daf\u00fcr, dass die Formen auf der idealen Temperatur gehalten werden, um gleichbleibende Ergebnisse zu erzielen.<\/p>\n<\/li>\n<li data-start=\"795\" data-end=\"919\">\n<p data-start=\"797\" data-end=\"919\"><strong data-start=\"797\" data-end=\"821\">Nahtlose Integration<\/strong> - Entwickelt f\u00fcr die direkte Zusammenarbeit mit dem <strong data-start=\"859\" data-end=\"886\">One-Shot-Dosiermaschine<\/strong>, Rationalisierung des Produktionsflusses.<\/p>\n<\/li>\n<li data-start=\"920\" data-end=\"1055\">\n<p data-start=\"922\" data-end=\"1055\"><strong data-start=\"922\" data-end=\"953\">Optimierte Schokoladenqualit\u00e4t<\/strong> - Richtig beheizte Formen verhindern Fehler und garantieren eine glatte Oberfl\u00e4che und hochwertige Pralinen.<\/p>\n<\/li>\n<li data-start=\"1056\" data-end=\"1174\">\n<p data-start=\"1058\" data-end=\"1174\"><strong data-start=\"1058\" data-end=\"1077\">Hoher Wirkungsgrad<\/strong> - Arbeitet mit bis zu <strong data-start=\"1098\" data-end=\"1124\">12 Schl\u00e4ge pro Minute<\/strong>, Unterst\u00fctzung schnelllebiger Produktionsumgebungen.<\/p>\n<\/li>\n<\/ul>","protected":false},"excerpt":{"rendered":"<p>The Heating Loader for Moulds is a specialized accessory designed to optimize the One Shot production process by preheating moulds before filling. By delivering moulds directly onto the One Shot belt at up to 12 cycles per minute, it ensures smooth, precise, and efficient chocolate production. Key Features &amp; Benefits: Infrared Heating System \u2013 Equipped [&hellip;]<\/p>\n","protected":false},"featured_media":7008,"comment_status":"open","ping_status":"closed","template":"","meta":[],"product_brand":[],"product_cat":[39],"product_tag":[],"class_list":{"0":"post-7007","1":"product","2":"type-product","3":"status-publish","4":"has-post-thumbnail","6":"product_cat-one-shot-line","8":"first","9":"instock","10":"shipping-taxable","11":"product-type-simple"},"_links":{"self":[{"href":"https:\/\/dersuessestopp.com\/de_at\/wp-json\/wp\/v2\/product\/7007","targetHints":{"allow":["GET"]}}],"collection":[{"href":"https:\/\/dersuessestopp.com\/de_at\/wp-json\/wp\/v2\/product"}],"about":[{"href":"https:\/\/dersuessestopp.com\/de_at\/wp-json\/wp\/v2\/types\/product"}],"replies":[{"embeddable":true,"href":"https:\/\/dersuessestopp.com\/de_at\/wp-json\/wp\/v2\/comments?post=7007"}],"version-history":[{"count":2,"href":"https:\/\/dersuessestopp.com\/de_at\/wp-json\/wp\/v2\/product\/7007\/revisions"}],"predecessor-version":[{"id":7019,"href":"https:\/\/dersuessestopp.com\/de_at\/wp-json\/wp\/v2\/product\/7007\/revisions\/7019"}],"wp:featuredmedia":[{"embeddable":true,"href":"https:\/\/dersuessestopp.com\/de_at\/wp-json\/wp\/v2\/media\/7008"}],"wp:attachment":[{"href":"https:\/\/dersuessestopp.com\/de_at\/wp-json\/wp\/v2\/media?parent=7007"}],"wp:term":[{"taxonomy":"product_brand","embeddable":true,"href":"https:\/\/dersuessestopp.com\/de_at\/wp-json\/wp\/v2\/product_brand?post=7007"},{"taxonomy":"product_cat","embeddable":true,"href":"https:\/\/dersuessestopp.com\/de_at\/wp-json\/wp\/v2\/product_cat?post=7007"},{"taxonomy":"product_tag","embeddable":true,"href":"https:\/\/dersuessestopp.com\/de_at\/wp-json\/wp\/v2\/product_tag?post=7007"}],"curies":[{"name":"wp","href":"https:\/\/api.w.org\/{rel}","templated":true}]}}