{"id":6998,"date":"2025-08-30T04:54:50","date_gmt":"2025-08-30T04:54:50","guid":{"rendered":"https:\/\/dersuessestopp.com\/?post_type=product&#038;p=6998"},"modified":"2025-08-30T05:37:54","modified_gmt":"2025-08-30T05:37:54","slug":"ein-schuss","status":"publish","type":"product","link":"https:\/\/dersuessestopp.com\/de_at\/product\/one-shot\/","title":{"rendered":"Ein Schuss"},"content":{"rendered":"<p data-start=\"175\" data-end=\"599\">Die <strong data-start=\"179\" data-end=\"206\">One-Shot-Dosiermaschine<\/strong> wurde entwickelt, um die Herstellung von Pralinen und gef\u00fcllter Schokolade zu revolutionieren, indem es die Herstellung von Schale und F\u00fcllung in einem <strong data-start=\"323\" data-end=\"354\">einfacher, effizienter Betrieb<\/strong>. Ausschlie\u00dfliche Verwendung <strong data-start=\"372\" data-end=\"395\">One-Shot-Technologie<\/strong>, Sie dosiert sowohl die Schokoladenh\u00fclle als auch die gew\u00e4hlte F\u00fcllung (Sahne, Karamell, Ganache oder andere geeignete F\u00fcllungen) gleichzeitig, was zu einer erheblichen <strong data-start=\"548\" data-end=\"596\">Einsparung von Zeit, Arbeit und Produktionskosten<\/strong>.<\/p>\n<h4 data-start=\"601\" data-end=\"632\">Hauptmerkmale und Vorteile:<\/h4>\n<ul data-start=\"633\" data-end=\"1694\">\n<li data-start=\"633\" data-end=\"751\">\n<p data-start=\"635\" data-end=\"751\"><strong data-start=\"635\" data-end=\"658\">Produktion in einem Schritt<\/strong> - Schale und F\u00fcllung werden in einem nahtlosen Prozess zusammen dosiert, wodurch die Effizienz maximiert wird.<\/p>\n<\/li>\n<li data-start=\"752\" data-end=\"891\">\n<p data-start=\"754\" data-end=\"891\"><strong data-start=\"754\" data-end=\"769\">Hohe Leistung<\/strong> - Produziert bis zu <strong data-start=\"787\" data-end=\"826\">80 kg gef\u00fcllte Pralinen pro Stunde<\/strong>, und ist damit ideal f\u00fcr mittlere bis gro\u00dfe S\u00fc\u00dfwarenbetriebe.<\/p>\n<\/li>\n<li data-start=\"892\" data-end=\"1042\">\n<p data-start=\"894\" data-end=\"1042\"><strong data-start=\"894\" data-end=\"920\">Intelligente Software-Steuerung<\/strong> - Merkmale <strong data-start=\"934\" data-end=\"986\">grafische Oberfl\u00e4che mit intuitivem Rezeptmen\u00fc<\/strong>, die eine einfache Bedienung und eine schnelle Produktauswahl erm\u00f6glichen.<\/p>\n<\/li>\n<li data-start=\"1043\" data-end=\"1207\">\n<p data-start=\"1045\" data-end=\"1207\"><strong data-start=\"1045\" data-end=\"1070\">Erstklassige Verarbeitungsqualit\u00e4t<\/strong> - Gefertigt aus <strong data-start=\"1090\" data-end=\"1120\">Eloxiertes geh\u00e4rtetes Aluminium<\/strong> und <strong data-start=\"1125\" data-end=\"1144\">rostfreier Stahl<\/strong>, und gew\u00e4hrleistet so Haltbarkeit, Hygiene und dauerhafte Leistung.<\/p>\n<\/li>\n<li data-start=\"1208\" data-end=\"1355\">\n<p data-start=\"1210\" data-end=\"1355\"><strong data-start=\"1210\" data-end=\"1241\">Einfache Reinigung und Pflege<\/strong> - Alle Maschinenteile lassen sich zur Reinigung schnell abnehmen, und die sp\u00fclmaschinenfesten Komponenten minimieren die Ausfallzeiten.<\/p>\n<\/li>\n<li data-start=\"1356\" data-end=\"1537\">\n<p data-start=\"1358\" data-end=\"1537\"><strong data-start=\"1358\" data-end=\"1383\">Temperaturstabilit\u00e4t<\/strong> - Ausgestattet mit <strong data-start=\"1400\" data-end=\"1445\">herausnehmbare rote Silikonheizwiderst\u00e4nde<\/strong> die an den Trichtern angebracht werden k\u00f6nnen, um die ideale Schokoladen- und F\u00fclltemperatur zu erhalten.<\/p>\n<\/li>\n<li data-start=\"1538\" data-end=\"1694\">\n<p data-start=\"1540\" data-end=\"1694\"><strong data-start=\"1540\" data-end=\"1566\">Vielseitige Anwendungen<\/strong> - Perfekt f\u00fcr die Herstellung von Pralinen, Tr\u00fcffeln und einer breiten Palette von gef\u00fcllten S\u00fc\u00dfwaren mit Pr\u00e4zision und Konsistenz.<\/p>\n<\/li>\n<\/ul>\n<h4 data-start=\"1696\" data-end=\"1728\">Technische Daten:<\/h4>\n<ul data-start=\"1729\" data-end=\"1839\">\n<li data-start=\"1729\" data-end=\"1761\">\n<p data-start=\"1731\" data-end=\"1761\"><strong data-start=\"1731\" data-end=\"1749\">Fassungsverm\u00f6gen der Schale:<\/strong> 6 kg pro St\u00fcck<\/p>\n<\/li>\n<li data-start=\"1762\" data-end=\"1794\">\n<p data-start=\"1764\" data-end=\"1794\"><strong data-start=\"1764\" data-end=\"1784\">St\u00fcndliche Kapazit\u00e4t:<\/strong> 80 kg\/h<\/p>\n<\/li>\n<li data-start=\"1795\" data-end=\"1839\">\n<p data-start=\"1797\" data-end=\"1839\"><strong data-start=\"1797\" data-end=\"1812\">Abmessungen:<\/strong> 1170 x 740 x 1360 mm (h)<\/p>\n<\/li>\n<\/ul>","protected":false},"excerpt":{"rendered":"<p>The One Shot dosing machine is designed to revolutionize praline and filled chocolate production by combining shell and filling creation into a single, efficient operation. Using exclusive One Shot technology, it doses both the chocolate shell and the chosen filling (cream, caramel, ganache, or other suitable fillings) simultaneously\u2014resulting in significant savings of time, labor, and [&hellip;]<\/p>\n","protected":false},"featured_media":6999,"comment_status":"open","ping_status":"closed","template":"","meta":[],"product_brand":[],"product_cat":[39],"product_tag":[],"class_list":{"0":"post-6998","1":"product","2":"type-product","3":"status-publish","4":"has-post-thumbnail","6":"product_cat-one-shot-line","8":"first","9":"instock","10":"shipping-taxable","11":"product-type-simple"},"_links":{"self":[{"href":"https:\/\/dersuessestopp.com\/de_at\/wp-json\/wp\/v2\/product\/6998","targetHints":{"allow":["GET"]}}],"collection":[{"href":"https:\/\/dersuessestopp.com\/de_at\/wp-json\/wp\/v2\/product"}],"about":[{"href":"https:\/\/dersuessestopp.com\/de_at\/wp-json\/wp\/v2\/types\/product"}],"replies":[{"embeddable":true,"href":"https:\/\/dersuessestopp.com\/de_at\/wp-json\/wp\/v2\/comments?post=6998"}],"version-history":[{"count":11,"href":"https:\/\/dersuessestopp.com\/de_at\/wp-json\/wp\/v2\/product\/6998\/revisions"}],"predecessor-version":[{"id":7041,"href":"https:\/\/dersuessestopp.com\/de_at\/wp-json\/wp\/v2\/product\/6998\/revisions\/7041"}],"wp:featuredmedia":[{"embeddable":true,"href":"https:\/\/dersuessestopp.com\/de_at\/wp-json\/wp\/v2\/media\/6999"}],"wp:attachment":[{"href":"https:\/\/dersuessestopp.com\/de_at\/wp-json\/wp\/v2\/media?parent=6998"}],"wp:term":[{"taxonomy":"product_brand","embeddable":true,"href":"https:\/\/dersuessestopp.com\/de_at\/wp-json\/wp\/v2\/product_brand?post=6998"},{"taxonomy":"product_cat","embeddable":true,"href":"https:\/\/dersuessestopp.com\/de_at\/wp-json\/wp\/v2\/product_cat?post=6998"},{"taxonomy":"product_tag","embeddable":true,"href":"https:\/\/dersuessestopp.com\/de_at\/wp-json\/wp\/v2\/product_tag?post=6998"}],"curies":[{"name":"wp","href":"https:\/\/api.w.org\/{rel}","templated":true}]}}