{"id":6991,"date":"2025-08-29T10:16:52","date_gmt":"2025-08-29T10:16:52","guid":{"rendered":"https:\/\/dersuessestopp.com\/?post_type=product&#038;p=6991"},"modified":"2025-08-29T10:16:52","modified_gmt":"2025-08-29T10:16:52","slug":"falco","status":"publish","type":"product","link":"https:\/\/dersuessestopp.com\/de_at\/product\/falco\/","title":{"rendered":"FALCO"},"content":{"rendered":"<h3 data-start=\"61\" data-end=\"134\">Lebensmitteldrucker in fotografischer Qualit\u00e4t f\u00fcr handwerkliche Konditoreien<\/h3>\n<p data-start=\"136\" data-end=\"487\">Die <strong data-start=\"140\" data-end=\"149\">FALCO<\/strong> S\u00fc\u00dfwarenplotter liefert <strong data-start=\"181\" data-end=\"214\">Druck in fotografischer Qualit\u00e4t<\/strong> Das macht ihn zur idealen L\u00f6sung f\u00fcr Handwerksbetriebe und lokale Konditoreien, die ihre Produkte mit Pr\u00e4zision und Kreativit\u00e4t veredeln wollen. Er ist kompakt und dennoch leistungsstark und bietet ein perfektes Gleichgewicht aus Qualit\u00e4t, Effizienz und Erschwinglichkeit.<\/p>\n<h4 data-start=\"489\" data-end=\"520\">Hauptmerkmale und Vorteile:<\/h4>\n<ul data-start=\"521\" data-end=\"1133\">\n<li data-start=\"521\" data-end=\"635\">\n<p data-start=\"523\" data-end=\"635\"><strong data-start=\"523\" data-end=\"553\">Fotografische Druckqualit\u00e4t<\/strong> - Erzeugt scharfe, lebendige und detaillierte Bilder mit au\u00dfergew\u00f6hnlicher Farbgenauigkeit.<\/p>\n<\/li>\n<li data-start=\"636\" data-end=\"770\">\n<p data-start=\"638\" data-end=\"770\"><strong data-start=\"638\" data-end=\"670\">Breite Substratkompatibilit\u00e4t<\/strong> - Druckt direkt auf <strong data-start=\"692\" data-end=\"767\">Torten, Kekse, Macarons, Lebkuchen, Pralinen und andere kleine Leckereien<\/strong>.<\/p>\n<\/li>\n<li data-start=\"771\" data-end=\"875\">\n<p data-start=\"773\" data-end=\"875\"><strong data-start=\"773\" data-end=\"804\">Perfekt f\u00fcr die Personalisierung<\/strong> - Erm\u00f6glicht einzigartige, ma\u00dfgeschneiderte Designs, die jedes Produkt von anderen abheben.<\/p>\n<\/li>\n<li data-start=\"876\" data-end=\"1007\">\n<p data-start=\"878\" data-end=\"1007\"><strong data-start=\"878\" data-end=\"905\">Kompakt und benutzerfreundlich<\/strong> - Sie wurde f\u00fcr kleinere Konditoreien entwickelt und bietet eine einfache Bedienung ohne Qualit\u00e4tseinbu\u00dfen.<\/p>\n<\/li>\n<li data-start=\"1008\" data-end=\"1133\">\n<p data-start=\"1010\" data-end=\"1133\"><strong data-start=\"1010\" data-end=\"1033\">Gesteigerte Kreativit\u00e4t<\/strong> - Hilft Kunsthandwerkern, ihre Produktpalette mit auff\u00e4lligen Dekorationen zu erweitern, die Kunden anziehen.<\/p>\n<\/li>\n<\/ul>\n<h4 data-start=\"1135\" data-end=\"1156\">F\u00fcr wen ist es?<\/h4>\n<p data-start=\"1157\" data-end=\"1185\">Der FALCO ist f\u00fcr folgende Zwecke bestimmt:<\/p>\n<ul data-start=\"1186\" data-end=\"1460\">\n<li data-start=\"1186\" data-end=\"1262\">\n<p data-start=\"1188\" data-end=\"1262\"><strong data-start=\"1188\" data-end=\"1213\">Kleinere Kunsthandwerksl\u00e4den<\/strong> die mit personalisierten S\u00fc\u00dfigkeiten einen Mehrwert schaffen wollen.<\/p>\n<\/li>\n<li data-start=\"1263\" data-end=\"1364\">\n<p data-start=\"1265\" data-end=\"1364\"><strong data-start=\"1265\" data-end=\"1303\">Lokale Konditoreien und B\u00e4ckereien<\/strong> auf der Suche nach kosteng\u00fcnstigen, hochwertigen Dekorationsmitteln.<\/p>\n<\/li>\n<li data-start=\"1365\" data-end=\"1460\">\n<p data-start=\"1367\" data-end=\"1460\"><strong data-start=\"1367\" data-end=\"1407\">Pl\u00e4tzchen- und Lebkuchenhersteller<\/strong> die sich durch lebendige, detaillierte Drucke auszeichnen wollen.<\/p>\n<\/li>\n<\/ul>\n<h4 data-start=\"1462\" data-end=\"1486\">Warum FALCO w\u00e4hlen?<\/h4>\n<p data-start=\"1487\" data-end=\"1747\">Mit seiner F\u00e4higkeit, die <strong data-start=\"1515\" data-end=\"1541\">Druck in Fotoqualit\u00e4t<\/strong> und <strong data-start=\"1546\" data-end=\"1584\">Vielseitigkeit auf verschiedenen Substraten<\/strong>, ist der FALCO-Konditoreiplotter der perfekte Einstieg f\u00fcr Profis, die <strong data-start=\"1675\" data-end=\"1744\">ihr Angebot zu differenzieren, Kunden zu begeistern und den Umsatz zu steigern<\/strong>.<\/p>","protected":false},"excerpt":{"rendered":"<p>Photographic Quality Food Printer for Artisan Confectionery The FALCO confectionery plotter delivers photographic-quality printing directly onto almost any food substrate, making it the ideal solution for artisan shops and local confectioners who want to elevate their products with precision and creativity. Compact yet powerful, it offers a perfect balance of quality, efficiency, and affordability. Key [&hellip;]<\/p>\n","protected":false},"featured_media":6992,"comment_status":"open","ping_status":"closed","template":"","meta":[],"product_brand":[],"product_cat":[38],"product_tag":[],"class_list":{"0":"post-6991","1":"product","2":"type-product","3":"status-publish","4":"has-post-thumbnail","6":"product_cat-imago-food-printers","8":"first","9":"instock","10":"shipping-taxable","11":"product-type-simple"},"_links":{"self":[{"href":"https:\/\/dersuessestopp.com\/de_at\/wp-json\/wp\/v2\/product\/6991","targetHints":{"allow":["GET"]}}],"collection":[{"href":"https:\/\/dersuessestopp.com\/de_at\/wp-json\/wp\/v2\/product"}],"about":[{"href":"https:\/\/dersuessestopp.com\/de_at\/wp-json\/wp\/v2\/types\/product"}],"replies":[{"embeddable":true,"href":"https:\/\/dersuessestopp.com\/de_at\/wp-json\/wp\/v2\/comments?post=6991"}],"version-history":[{"count":1,"href":"https:\/\/dersuessestopp.com\/de_at\/wp-json\/wp\/v2\/product\/6991\/revisions"}],"predecessor-version":[{"id":6994,"href":"https:\/\/dersuessestopp.com\/de_at\/wp-json\/wp\/v2\/product\/6991\/revisions\/6994"}],"wp:featuredmedia":[{"embeddable":true,"href":"https:\/\/dersuessestopp.com\/de_at\/wp-json\/wp\/v2\/media\/6992"}],"wp:attachment":[{"href":"https:\/\/dersuessestopp.com\/de_at\/wp-json\/wp\/v2\/media?parent=6991"}],"wp:term":[{"taxonomy":"product_brand","embeddable":true,"href":"https:\/\/dersuessestopp.com\/de_at\/wp-json\/wp\/v2\/product_brand?post=6991"},{"taxonomy":"product_cat","embeddable":true,"href":"https:\/\/dersuessestopp.com\/de_at\/wp-json\/wp\/v2\/product_cat?post=6991"},{"taxonomy":"product_tag","embeddable":true,"href":"https:\/\/dersuessestopp.com\/de_at\/wp-json\/wp\/v2\/product_tag?post=6991"}],"curies":[{"name":"wp","href":"https:\/\/api.w.org\/{rel}","templated":true}]}}