{"id":6987,"date":"2025-08-29T10:12:43","date_gmt":"2025-08-29T10:12:43","guid":{"rendered":"https:\/\/dersuessestopp.com\/?post_type=product&#038;p=6987"},"modified":"2025-08-29T10:12:43","modified_gmt":"2025-08-29T10:12:43","slug":"vulpes","status":"publish","type":"product","link":"https:\/\/dersuessestopp.com\/de_at\/product\/vulpes\/","title":{"rendered":"VULPES"},"content":{"rendered":"<h3 data-start=\"61\" data-end=\"134\">Professioneller S\u00fc\u00dfwarenplotter f\u00fcr maximale Vielseitigkeit<\/h3>\n<p data-start=\"136\" data-end=\"484\">Die <strong data-start=\"140\" data-end=\"150\">VULPES<\/strong> Lebensmitteldrucker von IMAGO ist eine professionelle L\u00f6sung, die <strong data-start=\"220\" data-end=\"275\">Hochwertiger Druck, Benutzerfreundlichkeit und Vielseitigkeit<\/strong> f\u00fcr die moderne S\u00fc\u00dfwarenproduktion. Entworfen mit einer <strong data-start=\"329\" data-end=\"351\">gro\u00dfe Arbeitsfl\u00e4che<\/strong> und intuitiver Bedienung erm\u00f6glicht es Konditoren, die Produktion effizient zu skalieren und bietet gleichzeitig unbegrenzte kreative M\u00f6glichkeiten.<\/p>\n<h4 data-start=\"486\" data-end=\"517\">Hauptmerkmale und Vorteile:<\/h4>\n<ul data-start=\"518\" data-end=\"1225\">\n<li data-start=\"518\" data-end=\"655\">\n<p data-start=\"520\" data-end=\"655\"><strong data-start=\"520\" data-end=\"545\">Hochwertiger Druck<\/strong> - Erm\u00f6glicht scharfe, lebendige und detaillierte Dekorationen direkt auf einer Vielzahl von S\u00fc\u00dfwarensubstraten.<\/p>\n<\/li>\n<li data-start=\"656\" data-end=\"817\">\n<p data-start=\"658\" data-end=\"817\"><strong data-start=\"658\" data-end=\"682\">Vielseitigkeit in gro\u00dfem Ma\u00dfstab<\/strong> - Geeignet zum Dekorieren <strong data-start=\"709\" data-end=\"772\">gro\u00dfe Torten, Kekse, Pralinen, Macarons und Monoporationen<\/strong> sowohl in kleinen Chargen als auch in der Massenproduktion.<\/p>\n<\/li>\n<li data-start=\"818\" data-end=\"936\">\n<p data-start=\"820\" data-end=\"936\"><strong data-start=\"820\" data-end=\"842\">Effizienz und Geschwindigkeit<\/strong> - Die gro\u00dfe Arbeitsfl\u00e4che erm\u00f6glicht das gleichzeitige Dekorieren mehrerer Gegenst\u00e4nde und erh\u00f6ht so die Produktivit\u00e4t.<\/p>\n<\/li>\n<li data-start=\"937\" data-end=\"1086\">\n<p data-start=\"939\" data-end=\"1086\"><strong data-start=\"939\" data-end=\"971\">Personalisierung und Kreativit\u00e4t<\/strong> - Erm\u00f6glicht originelle, ma\u00dfgeschneiderte Designs, die Konditoreien und B\u00e4ckereien helfen, sich auf einem wettbewerbsintensiven Markt abzuheben.<\/p>\n<\/li>\n<li data-start=\"1087\" data-end=\"1225\">\n<p data-start=\"1089\" data-end=\"1225\"><strong data-start=\"1089\" data-end=\"1116\">Benutzerfreundlicher Betrieb<\/strong> - Intuitive Bedienelemente erleichtern die Integration in Gro\u00dfk\u00fcchen und industrielle Produktionslinien.<\/p>\n<\/li>\n<\/ul>\n<h4 data-start=\"1227\" data-end=\"1248\">F\u00fcr wen ist es?<\/h4>\n<p data-start=\"1249\" data-end=\"1275\">Der VULPES ist ideal f\u00fcr:<\/p>\n<ul data-start=\"1276\" data-end=\"1558\">\n<li data-start=\"1276\" data-end=\"1363\">\n<p data-start=\"1278\" data-end=\"1363\"><strong data-start=\"1278\" data-end=\"1325\">Professionelle Zuckerb\u00e4cker und Konditoren<\/strong> auf der Suche nach vielseitigen Dekorationswerkzeugen.<\/p>\n<\/li>\n<li data-start=\"1364\" data-end=\"1463\">\n<p data-start=\"1366\" data-end=\"1463\"><strong data-start=\"1366\" data-end=\"1398\">Konditoreien und B\u00e4ckereien<\/strong> die Produkte personalisieren und das kreative Angebot erweitern wollen.<\/p>\n<\/li>\n<li data-start=\"1464\" data-end=\"1558\">\n<p data-start=\"1466\" data-end=\"1558\"><strong data-start=\"1466\" data-end=\"1491\">Produktionsanlagen<\/strong> mit dem Ziel, die Produktion zu steigern und gleichzeitig die h\u00f6chste Qualit\u00e4t zu erhalten.<\/p>\n<\/li>\n<\/ul>\n<h4 data-start=\"1560\" data-end=\"1585\">Warum VULPES w\u00e4hlen?<\/h4>\n<p data-start=\"1586\" data-end=\"1886\">Mit seiner Kombination aus <strong data-start=\"1610\" data-end=\"1661\">Druckpr\u00e4zision, Vielseitigkeit und Effizienz<\/strong>, Der VULPES S\u00fc\u00dfwarenplotter beschleunigt die Produktion und er\u00f6ffnet neue kreative M\u00f6glichkeiten. Er ist die perfekte Wahl f\u00fcr Profis, die <strong data-start=\"1817\" data-end=\"1855\">Kunstfertigkeit mit Produktivit\u00e4t verbinden<\/strong> bei der Dekoration von S\u00fc\u00dfwaren.<\/p>","protected":false},"excerpt":{"rendered":"<p>Professional Confectionery Plotter for Maximum Versatility The VULPES food printer by IMAGO is a professional-grade solution that combines high-quality printing, ease of use, and versatility for modern confectionery production. Designed with a large working area and intuitive operation, it enables confectioners to scale production efficiently while offering limitless creative possibilities. Key Features &amp; Benefits: High-Quality [&hellip;]<\/p>\n","protected":false},"featured_media":6989,"comment_status":"open","ping_status":"closed","template":"","meta":[],"product_brand":[],"product_cat":[38],"product_tag":[],"class_list":{"0":"post-6987","1":"product","2":"type-product","3":"status-publish","4":"has-post-thumbnail","6":"product_cat-imago-food-printers","8":"first","9":"instock","10":"shipping-taxable","11":"product-type-simple"},"_links":{"self":[{"href":"https:\/\/dersuessestopp.com\/de_at\/wp-json\/wp\/v2\/product\/6987","targetHints":{"allow":["GET"]}}],"collection":[{"href":"https:\/\/dersuessestopp.com\/de_at\/wp-json\/wp\/v2\/product"}],"about":[{"href":"https:\/\/dersuessestopp.com\/de_at\/wp-json\/wp\/v2\/types\/product"}],"replies":[{"embeddable":true,"href":"https:\/\/dersuessestopp.com\/de_at\/wp-json\/wp\/v2\/comments?post=6987"}],"version-history":[{"count":1,"href":"https:\/\/dersuessestopp.com\/de_at\/wp-json\/wp\/v2\/product\/6987\/revisions"}],"predecessor-version":[{"id":6990,"href":"https:\/\/dersuessestopp.com\/de_at\/wp-json\/wp\/v2\/product\/6987\/revisions\/6990"}],"wp:featuredmedia":[{"embeddable":true,"href":"https:\/\/dersuessestopp.com\/de_at\/wp-json\/wp\/v2\/media\/6989"}],"wp:attachment":[{"href":"https:\/\/dersuessestopp.com\/de_at\/wp-json\/wp\/v2\/media?parent=6987"}],"wp:term":[{"taxonomy":"product_brand","embeddable":true,"href":"https:\/\/dersuessestopp.com\/de_at\/wp-json\/wp\/v2\/product_brand?post=6987"},{"taxonomy":"product_cat","embeddable":true,"href":"https:\/\/dersuessestopp.com\/de_at\/wp-json\/wp\/v2\/product_cat?post=6987"},{"taxonomy":"product_tag","embeddable":true,"href":"https:\/\/dersuessestopp.com\/de_at\/wp-json\/wp\/v2\/product_tag?post=6987"}],"curies":[{"name":"wp","href":"https:\/\/api.w.org\/{rel}","templated":true}]}}