{"id":6983,"date":"2025-08-29T10:03:40","date_gmt":"2025-08-29T10:03:40","guid":{"rendered":"https:\/\/dersuessestopp.com\/?post_type=product&#038;p=6983"},"modified":"2025-08-29T10:03:40","modified_gmt":"2025-08-29T10:03:40","slug":"vulpes-cf-32-65-pro","status":"publish","type":"product","link":"https:\/\/dersuessestopp.com\/de_at\/product\/vulpes-cf-32-65-pro\/","title":{"rendered":"VULPES CF-32.65 PRO"},"content":{"rendered":"<h3 data-start=\"92\" data-end=\"155\">Industrieller Lebensmitteldruck wird neu definiert<\/h3>\n<p data-start=\"157\" data-end=\"517\">Die <strong data-start=\"161\" data-end=\"184\">VULPES CF-32.65 PRO<\/strong> ist ein Produkt der n\u00e4chsten Generation <strong data-start=\"206\" data-end=\"242\">Industrieller S\u00fc\u00dfwarenplotter<\/strong> entwickelt, um die Lebensmitteldekoration zu revolutionieren. Das von IMAGO entwickelte, innovative Ger\u00e4t geht \u00fcber den Standarddruck hinaus - dank seiner <strong data-start=\"373\" data-end=\"432\">eingebautes System zur Aktivierung von S\u00fc\u00dfwarensubstraten<\/strong>, gew\u00e4hrleistet sie die <strong data-start=\"449\" data-end=\"494\">h\u00f6chste Qualit\u00e4t, Langlebigkeit und Lebendigkeit<\/strong> von jeder Dekoration.<\/p>\n<h4 data-start=\"519\" data-end=\"550\">Hauptmerkmale und Vorteile:<\/h4>\n<ul data-start=\"551\" data-end=\"1268\">\n<li data-start=\"551\" data-end=\"729\">\n<p data-start=\"553\" data-end=\"729\"><strong data-start=\"553\" data-end=\"588\">Technologie zur Aktivierung von Substraten<\/strong> - Ein einzigartiges integriertes System, das die Oberfl\u00e4chen von S\u00fc\u00dfwaren vor dem Druck veredelt und somit <strong data-start=\"679\" data-end=\"726\">perfekte Haftung, Sch\u00e4rfe und Haltbarkeit<\/strong>.<\/p>\n<\/li>\n<li data-start=\"730\" data-end=\"855\">\n<p data-start=\"732\" data-end=\"855\"><strong data-start=\"732\" data-end=\"759\">Unerreichte Druckqualit\u00e4t<\/strong> - Garantiert lebendige, lang anhaltende Dekorationen auf Kuchen, Keksen, Pralinen und anderen S\u00fc\u00dfigkeiten.<\/p>\n<\/li>\n<li data-start=\"856\" data-end=\"1005\">\n<p data-start=\"858\" data-end=\"1005\"><strong data-start=\"858\" data-end=\"889\">Effizienz auf Industrieniveau<\/strong> - Entwickelt f\u00fcr <strong data-start=\"907\" data-end=\"952\">Gro\u00dfkonditoreien und Fabriken<\/strong>, in denen eine gleichbleibend hohe Qualit\u00e4t der Ergebnisse entscheidend ist.<\/p>\n<\/li>\n<li data-start=\"1006\" data-end=\"1132\">\n<p data-start=\"1008\" data-end=\"1132\"><strong data-start=\"1008\" data-end=\"1033\">Feinmechanik<\/strong> - Sorgt f\u00fcr makellose Details, Farbtiefe und einheitliche Ergebnisse bei gro\u00dfen Produktionsserien.<\/p>\n<\/li>\n<li data-start=\"1133\" data-end=\"1268\">\n<p data-start=\"1135\" data-end=\"1268\"><strong data-start=\"1135\" data-end=\"1161\">Innovation als Kernst\u00fcck<\/strong> - Kombiniert Dekoration mit intelligenter Substratvorbereitung und setzt damit neue Ma\u00dfst\u00e4be f\u00fcr den Lebensmitteldruck.<\/p>\n<\/li>\n<\/ul>\n<h4 data-start=\"1270\" data-end=\"1291\">F\u00fcr wen ist es?<\/h4>\n<p data-start=\"1292\" data-end=\"1331\">Der VULPES CF-32.65 PRO ist ideal f\u00fcr:<\/p>\n<ul data-start=\"1332\" data-end=\"1612\">\n<li data-start=\"1332\" data-end=\"1412\">\n<p data-start=\"1334\" data-end=\"1412\"><strong data-start=\"1334\" data-end=\"1367\">Gro\u00dfe S\u00fc\u00dfwarenunternehmen<\/strong> die ein H\u00f6chstma\u00df an Qualit\u00e4t und Zuverl\u00e4ssigkeit verlangen.<\/p>\n<\/li>\n<li data-start=\"1413\" data-end=\"1514\">\n<p data-start=\"1415\" data-end=\"1514\"><strong data-start=\"1415\" data-end=\"1439\">Industrielle Fabriken<\/strong> die ihre Produktion ausweiten und gleichzeitig erstklassige Dekorationsstandards gew\u00e4hrleisten wollen.<\/p>\n<\/li>\n<li data-start=\"1515\" data-end=\"1612\">\n<p data-start=\"1517\" data-end=\"1612\">Unternehmen, die sich <strong data-start=\"1541\" data-end=\"1609\">ihren Lebensmitteldruckprozess mit modernster Technologie zu verbessern<\/strong>.<\/p>\n<\/li>\n<\/ul>\n<h4 data-start=\"1614\" data-end=\"1652\">Warum VULPES CF-32.65 PRO w\u00e4hlen?<\/h4>\n<p data-start=\"1653\" data-end=\"1997\">Im Gegensatz zu herk\u00f6mmlichen Lebensmitteldruckern kann der VULPES CF-32.65 PRO nicht nur dekorieren - er <strong data-start=\"1736\" data-end=\"1790\">optimiert und bereitet jedes Produkt f\u00fcr die Dekoration vor<\/strong>, und garantieren so Ergebnisse, die visuell beeindruckend und langlebig sind. F\u00fcr Unternehmen, die Wert auf <strong data-start=\"1884\" data-end=\"1934\">Qualit\u00e4t, Innovation und Produktionseffizienz<\/strong>, Er ist die ultimative Wahl f\u00fcr den modernen S\u00fc\u00dfwarendruck.<\/p>","protected":false},"excerpt":{"rendered":"<p>Redefining Industrial Food Printing The VULPES CF-32.65 PRO is a next-generation industrial confectionery plotter designed to revolutionize food decoration. Developed by IMAGO, this innovative device goes beyond standard printing\u2014thanks to its built-in system for activating confectionery substrates, it ensures the highest quality, durability, and vibrancy of every decoration. Key Features &amp; Benefits: Substrate Activation Technology [&hellip;]<\/p>\n","protected":false},"featured_media":6984,"comment_status":"open","ping_status":"closed","template":"","meta":[],"product_brand":[],"product_cat":[38],"product_tag":[],"class_list":{"0":"post-6983","1":"product","2":"type-product","3":"status-publish","4":"has-post-thumbnail","6":"product_cat-imago-food-printers","8":"first","9":"instock","10":"shipping-taxable","11":"product-type-simple"},"_links":{"self":[{"href":"https:\/\/dersuessestopp.com\/de_at\/wp-json\/wp\/v2\/product\/6983","targetHints":{"allow":["GET"]}}],"collection":[{"href":"https:\/\/dersuessestopp.com\/de_at\/wp-json\/wp\/v2\/product"}],"about":[{"href":"https:\/\/dersuessestopp.com\/de_at\/wp-json\/wp\/v2\/types\/product"}],"replies":[{"embeddable":true,"href":"https:\/\/dersuessestopp.com\/de_at\/wp-json\/wp\/v2\/comments?post=6983"}],"version-history":[{"count":1,"href":"https:\/\/dersuessestopp.com\/de_at\/wp-json\/wp\/v2\/product\/6983\/revisions"}],"predecessor-version":[{"id":6986,"href":"https:\/\/dersuessestopp.com\/de_at\/wp-json\/wp\/v2\/product\/6983\/revisions\/6986"}],"wp:featuredmedia":[{"embeddable":true,"href":"https:\/\/dersuessestopp.com\/de_at\/wp-json\/wp\/v2\/media\/6984"}],"wp:attachment":[{"href":"https:\/\/dersuessestopp.com\/de_at\/wp-json\/wp\/v2\/media?parent=6983"}],"wp:term":[{"taxonomy":"product_brand","embeddable":true,"href":"https:\/\/dersuessestopp.com\/de_at\/wp-json\/wp\/v2\/product_brand?post=6983"},{"taxonomy":"product_cat","embeddable":true,"href":"https:\/\/dersuessestopp.com\/de_at\/wp-json\/wp\/v2\/product_cat?post=6983"},{"taxonomy":"product_tag","embeddable":true,"href":"https:\/\/dersuessestopp.com\/de_at\/wp-json\/wp\/v2\/product_tag?post=6983"}],"curies":[{"name":"wp","href":"https:\/\/api.w.org\/{rel}","templated":true}]}}