{"id":6975,"date":"2025-08-29T09:53:17","date_gmt":"2025-08-29T09:53:17","guid":{"rendered":"https:\/\/dersuessestopp.com\/?post_type=product&#038;p=6975"},"modified":"2025-08-29T09:53:18","modified_gmt":"2025-08-29T09:53:18","slug":"bernstein-cf-40-63","status":"publish","type":"product","link":"https:\/\/dersuessestopp.com\/de_at\/product\/amber-cf-40-63\/","title":{"rendered":"AMBER CF-40.63"},"content":{"rendered":"<h3 data-start=\"86\" data-end=\"173\">Industrieller S\u00fc\u00dfwarenplotter f\u00fcr die Hochleistungsproduktion<\/h3>\n<p data-start=\"175\" data-end=\"529\">Die <strong data-start=\"179\" data-end=\"197\">AMBER CF-40.63<\/strong> ist ein hochmoderner industrieller S\u00fc\u00dfwarenplotter, der un\u00fcbertroffene <strong data-start=\"280\" data-end=\"321\">Effizienz, Pr\u00e4zision und Automatisierung<\/strong> f\u00fcr die Herstellung von S\u00fc\u00dfwaren in gro\u00dfem Ma\u00dfstab. Speziell entwickelt f\u00fcr <strong data-start=\"390\" data-end=\"442\">S\u00fc\u00dfwarenfabriken und industrielle Hersteller<\/strong>, bietet es eine zuverl\u00e4ssige L\u00f6sung f\u00fcr die Erstellung professioneller Dekorationen in gro\u00dfem Ma\u00dfstab.<\/p>\n<h4 data-start=\"531\" data-end=\"562\">Hauptmerkmale und Vorteile:<\/h4>\n<ul data-start=\"563\" data-end=\"1286\">\n<li data-start=\"563\" data-end=\"708\">\n<p data-start=\"565\" data-end=\"708\"><strong data-start=\"565\" data-end=\"591\">Hochgeschwindigkeitsleistung<\/strong> - Drucken Sie bis zu <strong data-start=\"606\" data-end=\"650\">4.800 Makronen (5 cm Durchmesser) pro Stunde<\/strong>, Dadurch wird eine schnelle Produktion ohne Qualit\u00e4tseinbu\u00dfen gew\u00e4hrleistet.<\/p>\n<\/li>\n<li data-start=\"709\" data-end=\"889\">\n<p data-start=\"711\" data-end=\"889\"><strong data-start=\"711\" data-end=\"745\">Fortschrittliche Druckkopftechnologie<\/strong> - Ausgestattet mit dem neuesten industriellen Druckkopf f\u00fcr <strong data-start=\"799\" data-end=\"841\">au\u00dfergew\u00f6hnliche Genauigkeit und scharfe Details<\/strong> auf Torten, Keksen, Makronen und Pralinen.<\/p>\n<\/li>\n<li data-start=\"890\" data-end=\"1019\">\n<p data-start=\"892\" data-end=\"1019\"><strong data-start=\"892\" data-end=\"914\">Konsistente Ergebnisse<\/strong> - Garantiert einen gleichm\u00e4\u00dfigen Druck mit perfekter Ausrichtung, Farbpr\u00e4zision und hoher Haltbarkeit der Motive.<\/p>\n<\/li>\n<li data-start=\"1020\" data-end=\"1169\">\n<p data-start=\"1022\" data-end=\"1169\"><strong data-start=\"1022\" data-end=\"1049\">Automatisierung und Effizienz<\/strong> - Reduziert den manuellen Arbeitsaufwand bei gleichzeitiger Aufrechterhaltung eines hohen Durchsatzes und hilft S\u00fc\u00dfwarenherstellern bei der Skalierung ihres Betriebs.<\/p>\n<\/li>\n<li data-start=\"1170\" data-end=\"1286\">\n<p data-start=\"1172\" data-end=\"1286\"><strong data-start=\"1172\" data-end=\"1202\">Breite Palette von Anwendungen<\/strong> - Ideal zum Dekorieren von Torten, Cupcakes, Keksen, Pralinen, Makronen und vielem mehr.<\/p>\n<\/li>\n<\/ul>\n<h4 data-start=\"1288\" data-end=\"1309\">F\u00fcr wen ist es?<\/h4>\n<p data-start=\"1310\" data-end=\"1347\">Der AMBER CF-40.63 ist f\u00fcr:<\/p>\n<ul data-start=\"1348\" data-end=\"1604\">\n<li data-start=\"1348\" data-end=\"1419\">\n<p data-start=\"1350\" data-end=\"1419\"><strong data-start=\"1350\" data-end=\"1377\">S\u00fc\u00dfwarenfabriken<\/strong> die ihre Produktionseffizienz steigern wollen.<\/p>\n<\/li>\n<li data-start=\"1420\" data-end=\"1517\">\n<p data-start=\"1422\" data-end=\"1517\"><strong data-start=\"1422\" data-end=\"1460\">Industrielle S\u00fc\u00dfwarenhersteller<\/strong> mit dem Ziel einer konsistenten, qualitativ hochwertigen dekorativen Produktion.<\/p>\n<\/li>\n<li data-start=\"1518\" data-end=\"1604\">\n<p data-start=\"1520\" data-end=\"1604\">Unternehmen, die Folgendes kombinieren wollen <strong data-start=\"1552\" data-end=\"1601\">Kreativit\u00e4t mit Produktivit\u00e4t im industriellen Ma\u00dfstab<\/strong>.<\/p>\n<\/li>\n<\/ul>\n<h4 data-start=\"1606\" data-end=\"1643\">Warum sollten Sie sich f\u00fcr das AMBER CF-40.63 entscheiden?<\/h4>\n<p data-start=\"1644\" data-end=\"1934\">Mit ihrer Kombination aus Geschwindigkeit, Pr\u00e4zision und Automatisierung ist die AMBER CF-40.63 das ultimative Werkzeug f\u00fcr die industrielle S\u00fc\u00dfwarendekoration. Sie erm\u00f6glicht es Herstellern, die hohe Marktnachfrage zu befriedigen und Produkte zu liefern, die sich durch ihre <strong data-start=\"1887\" data-end=\"1931\">\u00c4sthetik und Qualit\u00e4tskonsistenz<\/strong>.<\/p>","protected":false},"excerpt":{"rendered":"<p>Industrial Confectionery Plotter for High-Performance Production The AMBER CF-40.63 is a state-of-the-art industrial confectionery plotter built to deliver unmatched efficiency, precision, and automation for large-scale confectionery production. Designed specifically for confectionery factories and industrial producers, it offers a reliable solution for creating professional-grade decorations at scale. Key Features &amp; Benefits: High-Speed Performance \u2013 Print up [&hellip;]<\/p>\n","protected":false},"featured_media":6976,"comment_status":"open","ping_status":"closed","template":"","meta":[],"product_brand":[],"product_cat":[38],"product_tag":[],"class_list":{"0":"post-6975","1":"product","2":"type-product","3":"status-publish","4":"has-post-thumbnail","6":"product_cat-imago-food-printers","8":"first","9":"instock","10":"shipping-taxable","11":"product-type-simple"},"_links":{"self":[{"href":"https:\/\/dersuessestopp.com\/de_at\/wp-json\/wp\/v2\/product\/6975","targetHints":{"allow":["GET"]}}],"collection":[{"href":"https:\/\/dersuessestopp.com\/de_at\/wp-json\/wp\/v2\/product"}],"about":[{"href":"https:\/\/dersuessestopp.com\/de_at\/wp-json\/wp\/v2\/types\/product"}],"replies":[{"embeddable":true,"href":"https:\/\/dersuessestopp.com\/de_at\/wp-json\/wp\/v2\/comments?post=6975"}],"version-history":[{"count":1,"href":"https:\/\/dersuessestopp.com\/de_at\/wp-json\/wp\/v2\/product\/6975\/revisions"}],"predecessor-version":[{"id":6978,"href":"https:\/\/dersuessestopp.com\/de_at\/wp-json\/wp\/v2\/product\/6975\/revisions\/6978"}],"wp:featuredmedia":[{"embeddable":true,"href":"https:\/\/dersuessestopp.com\/de_at\/wp-json\/wp\/v2\/media\/6976"}],"wp:attachment":[{"href":"https:\/\/dersuessestopp.com\/de_at\/wp-json\/wp\/v2\/media?parent=6975"}],"wp:term":[{"taxonomy":"product_brand","embeddable":true,"href":"https:\/\/dersuessestopp.com\/de_at\/wp-json\/wp\/v2\/product_brand?post=6975"},{"taxonomy":"product_cat","embeddable":true,"href":"https:\/\/dersuessestopp.com\/de_at\/wp-json\/wp\/v2\/product_cat?post=6975"},{"taxonomy":"product_tag","embeddable":true,"href":"https:\/\/dersuessestopp.com\/de_at\/wp-json\/wp\/v2\/product_tag?post=6975"}],"curies":[{"name":"wp","href":"https:\/\/api.w.org\/{rel}","templated":true}]}}