{"id":6943,"date":"2025-08-29T07:29:19","date_gmt":"2025-08-29T07:29:19","guid":{"rendered":"https:\/\/dersuessestopp.com\/?post_type=product&#038;p=6943"},"modified":"2025-08-29T07:32:44","modified_gmt":"2025-08-29T07:32:44","slug":"nissei-titan-duo-frozen-yogurt-unubertroffene-kapazitat","status":"publish","type":"product","link":"https:\/\/dersuessestopp.com\/de_at\/product\/nissei-titan-duo-frozen-yogurt-unmatched-capacity\/","title":{"rendered":"Nissei Titan Duo Frozen Yogurt - Unerreichte Kapazit\u00e4t"},"content":{"rendered":"<div data-breakout=\"normal\">\n<p id=\"viewer-or78p14259\" class=\"LThh9 tL1tz t3L08 qufKF\" dir=\"auto\"><span class=\"AAYkC\">Die Titan Duo Frozen Yogurt-Maschine ist das Modell mit der h\u00f6chsten Kapazit\u00e4t von Nissei, das f\u00fcr die Anforderungen von stark frequentierten Betrieben entwickelt wurde. Ihr robustes Design sorgt f\u00fcr eine schnelle Produktion und ist damit ideal f\u00fcr stark frequentierte Eisdielen, Vergn\u00fcgungsparks und Gastronomiebetriebe. Mit der M\u00f6glichkeit, zwei Geschmacksrichtungen gleichzeitig zu servieren, bietet es Vielseitigkeit und Effizienz und gew\u00e4hrleistet einen stetigen Fluss von k\u00f6stlichem gefrorenem Joghurt f\u00fcr Ihre Kunden.<\/span><\/p>\n<\/div>\n<div data-breakout=\"normal\">\n<h3 id=\"viewer-5wnel4422\" class=\"RsvCW _3Z2KS t3L08 qufKF\" dir=\"auto\"><span class=\"qnKJ9\"><strong>NISSEI - Das Vertrauen von Fachleuten, die Perfektion suchen<\/strong><\/span><\/h3>\n<\/div>\n<div data-breakout=\"normal\">\n<p id=\"viewer-big1i4951\" class=\"LThh9 tL1tz t3L08 qufKF\" dir=\"auto\"><span class=\"AAYkC\">Mit \u00fcber 35 Jahren kontinuierlicher Innovation steht NISSEI NL an der Spitze der Soft-Serve- und Frozen-Yogurt-Technologie. Unsere Maschinen werden in Handarbeit mit Pr\u00e4zision hergestellt und sind f\u00fcr eine lange Lebensdauer ausgelegt, damit Ihr Unternehmen reibungslos und effizient arbeiten kann.<\/span><\/p>\n<\/div>\n<div data-breakout=\"normal\">\n<p id=\"viewer-pmx2c352\" class=\"LThh9 tL1tz t3L08 qufKF\" dir=\"auto\"><span class=\"AAYkC\"><strong>Mit einer beeindruckenden Erfolgsbilanz in den letzten 30 Jahren in Europa.<\/strong><\/span><\/p>\n<\/div>\n<div data-breakout=\"normal\">\n<ul class=\"Ior1H t3L08\">\n<li class=\"w4rN-\" dir=\"auto\">\n<p id=\"viewer-hd7ob265\" class=\"LThh9 tL1tz t3L08 qufKF\" dir=\"\"><span class=\"AAYkC\"><strong>7.000+ Maschinen<\/strong>\u00a0mit Pr\u00e4zision hergestellt und in ganz Europa verkauft<\/span><\/p>\n<\/li>\n<li class=\"w4rN-\" dir=\"auto\">\n<p id=\"viewer-0ddhr269\" class=\"LThh9 tL1tz t3L08 qufKF\" dir=\"\"><span class=\"AAYkC\"><strong>4.500+ Einheiten<\/strong>\u00a0auch heute noch in Betrieb<\/span><\/p>\n<\/li>\n<li class=\"w4rN-\" dir=\"auto\">\n<p id=\"viewer-8mxss273\" class=\"LThh9 tL1tz t3L08 qufKF\" dir=\"\"><span class=\"AAYkC\"><strong>Vertrauen bei f\u00fchrenden Unternehmen<\/strong><\/span><\/p>\n<\/li>\n<\/ul>\n<\/div>\n<div data-breakout=\"normal\">\n<div id=\"viewer-5sjny32790\" class=\"C-UfD\">\n<div class=\"rDaES\">\n<div class=\"e35S- au0qn\" data-hook=\"collapsible-list-component\">\n<div>\n<div class=\"V7Yu5 tJLLb\" data-hook=\"collapsible-list-item expanded\">\n<div class=\"Qd-Py\">\n<div class=\"UfDyV _1n3i3 FXHR4 FMcOw\" data-hook=\"collapsible-list-item-title\">\n<div>\n<p id=\"viewer-967sm32800\" class=\"LThh9 tL1tz qufKF\" dir=\"auto\"><span class=\"AAYkC\"><strong>Beschreibung<\/strong><\/span><\/p>\n<\/div>\n<\/div>\n<div>\n<div class=\"UfDyV _1n3i3 FXHR4 FMcOw\" data-hook=\"collapsible-list-item-title\">\n<div>\n<p id=\"viewer-9xfvs14893\" class=\"LThh9 tL1tz qufKF\" dir=\"auto\"><span class=\"AAYkC\">Mit dem Titan Duo Frozen Yoghurt k\u00f6nnen Sie schnell k\u00f6stliches Frozen Yoghurt-Eis servieren. Diese Frozen Yoghurt-Maschine bietet die h\u00f6chstm\u00f6gliche Kapazit\u00e4t. So k\u00f6nnen Sie der Nachfrage nach diesem beliebten Produkt problemlos nachkommen. Die beiden Zylinder k\u00f6nnen unabh\u00e4ngig voneinander ein- und ausgeschaltet werden. Das bedeutet, dass Sie in der Nebensaison nur aus einem Zylinder servieren k\u00f6nnen.<\/span><\/p>\n<div class=\"UfDyV _1n3i3 FXHR4 FMcOw\" data-hook=\"collapsible-list-item-title\">\n<div>\n<p id=\"viewer-bxfxm15292\" class=\"LThh9 tL1tz qufKF\" dir=\"auto\"><span class=\"AAYkC\"><strong>Merkmale<\/strong><\/span><\/p>\n<\/div>\n<\/div>\n<div>\n<div class=\"UfDyV _1n3i3 FXHR4 FMcOw\" data-hook=\"collapsible-list-item-title\">\n<div>\n<ul class=\"Ior1H\">\n<li class=\"w4rN-\" dir=\"auto\">\n<p id=\"viewer-ip90g15002\" class=\"LThh9 tL1tz qufKF\" dir=\"\"><span class=\"AAYkC\">Schwerkraft-System<\/span><\/p>\n<\/li>\n<li class=\"w4rN-\" dir=\"auto\">\n<p id=\"viewer-otolf15004\" class=\"LThh9 tL1tz qufKF\" dir=\"\"><span class=\"AAYkC\">Intuitiver Touchscreen<\/span><\/p>\n<\/li>\n<li class=\"w4rN-\" dir=\"auto\">\n<p id=\"viewer-4kc5q15006\" class=\"LThh9 tL1tz qufKF\" dir=\"\"><span class=\"AAYkC\">2 Sorten Frozen Yogurt und eine gemischte Geschmacksrichtung<\/span><\/p>\n<\/li>\n<li class=\"w4rN-\" dir=\"auto\">\n<p id=\"viewer-4ebzx15008\" class=\"LThh9 tL1tz qufKF\" dir=\"\"><span class=\"AAYkC\">3-Kammer-Gefrierfach<\/span><\/p>\n<\/li>\n<li class=\"w4rN-\" dir=\"auto\">\n<p id=\"viewer-5uiw015010\" class=\"LThh9 tL1tz qufKF\" dir=\"\"><span class=\"AAYkC\">Demontage und Reinigung nur 1x alle 6 Wochen<\/span><\/p>\n<\/li>\n<li class=\"w4rN-\" dir=\"auto\">\n<p id=\"viewer-xmotp15012\" class=\"LThh9 tL1tz qufKF\" dir=\"\"><span class=\"AAYkC\">Pasteurisieren<\/span><\/p>\n<\/li>\n<li class=\"w4rN-\" dir=\"auto\">\n<p id=\"viewer-vc2vq15014\" class=\"LThh9 tL1tz qufKF\" dir=\"\"><span class=\"AAYkC\">Einzigartige 5-Jahres-Garantie<\/span><\/p>\n<\/li>\n<\/ul>\n<p><span class=\"AAYkC\"><strong>Spezifikation<\/strong><\/span><\/p>\n<table>\n<thead>\n<tr>\n<th>Spezifikation<\/th>\n<th>Einzelheiten<\/th>\n<\/tr>\n<\/thead>\n<tbody>\n<tr>\n<td><strong>Kapazit\u00e4t<\/strong><\/td>\n<td>55 + 65 Liter pro Stunde<\/td>\n<\/tr>\n<tr>\n<td><strong>Band<\/strong><\/td>\n<td>2,5 + 3,4-Liter-Gefrierzylinder<\/td>\n<\/tr>\n<tr>\n<td><strong>Pumpe<\/strong><\/td>\n<td>k.A.<\/td>\n<\/tr>\n<tr>\n<td><strong>Wassergek\u00fchlt<\/strong><\/td>\n<td>Ca. 90m\u00b3 K\u00fchlwasserverbrauch pro Jahr<\/td>\n<\/tr>\n<tr>\n<td><strong>Gewicht<\/strong><\/td>\n<td>290 kg<\/td>\n<\/tr>\n<tr>\n<td><strong>Abmessungen<\/strong><\/td>\n<td>H 150 \u00d7 B 65 \u00d7 T 90 cm<\/td>\n<\/tr>\n<tr>\n<td><strong>Verbindung<\/strong><\/td>\n<td>400 Volt + 0 + A, 4,5 kWh<\/td>\n<\/tr>\n<\/tbody>\n<\/table>\n<div class=\"UfDyV _1n3i3 FXHR4 FMcOw\" data-hook=\"collapsible-list-item-title\">\n<div>\n<p id=\"viewer-eqks433049\" class=\"LThh9 tL1tz qufKF\" dir=\"auto\"><span class=\"AAYkC\"><strong>Zus\u00e4tzliche Optionen<\/strong><\/span><\/p>\n<\/div>\n<\/div>\n<div>\n<div class=\"UfDyV _1n3i3 FXHR4 FMcOw\" data-hook=\"collapsible-list-item-title\">\n<div>\n<ul class=\"Ior1H\">\n<li class=\"w4rN-\" dir=\"auto\">\n<p id=\"viewer-w4iyi15970\" class=\"LThh9 tL1tz qufKF\" dir=\"\"><span class=\"AAYkC\">Trockenabf\u00fcllsystem f\u00fcr Pulvermischungen<\/span><\/p>\n<\/li>\n<li class=\"w4rN-\" dir=\"auto\">\n<p id=\"viewer-mpelz15972\" class=\"LThh9 tL1tz qufKF\" dir=\"\"><span class=\"AAYkC\">Wasserfilter<\/span><\/p>\n<\/li>\n<li class=\"w4rN-\" dir=\"auto\">\n<p id=\"viewer-61kqf15974\" class=\"LThh9 tL1tz qufKF\" dir=\"\"><span class=\"AAYkC\">Eisstrudel<\/span><\/p>\n<\/li>\n<li class=\"w4rN-\" dir=\"auto\">\n<p id=\"viewer-au25a15976\" class=\"LThh9 tL1tz qufKF\" dir=\"\"><span class=\"AAYkC\">Aufkleber<\/span><\/p>\n<\/li>\n<li class=\"w4rN-\" dir=\"auto\">\n<p id=\"viewer-2a10715978\" class=\"LThh9 tL1tz qufKF\" dir=\"\"><span class=\"AAYkC\">Winter-Kolbenschl\u00f6sser<\/span><\/p>\n<\/li>\n<li class=\"w4rN-\" dir=\"auto\">\n<p id=\"viewer-grev115980\" class=\"LThh9 tL1tz qufKF\" dir=\"\"><span class=\"AAYkC\">Selbstbedienungskolben<\/span><\/p>\n<\/li>\n<\/ul>\n<\/div>\n<\/div>\n<\/div>\n<\/div>\n<\/div>\n<\/div>\n<\/div>\n<\/div>\n<\/div>\n<\/div>\n<\/div>\n<\/div>\n<\/div>\n<\/div>\n<\/div>\n<\/div>","protected":false},"excerpt":{"rendered":"<p>The Titan Duo Frozen Yogurt machine stands as Nissei&#8217;s highest capacity model, engineered to meet the demands of high-traffic establishments. Its robust design ensures rapid production, making it ideal for busy ice cream parlors, amusement parks, and food courts. With the ability to serve two flavors simultaneously, it offers versatility and efficiency, ensuring a steady [&hellip;]<\/p>\n","protected":false},"featured_media":6944,"comment_status":"open","ping_status":"closed","template":"","meta":[],"product_brand":[],"product_cat":[36],"product_tag":[],"class_list":{"0":"post-6943","1":"product","2":"type-product","3":"status-publish","4":"has-post-thumbnail","6":"product_cat-frozen-yoghurt","8":"first","9":"instock","10":"shipping-taxable","11":"product-type-simple"},"_links":{"self":[{"href":"https:\/\/dersuessestopp.com\/de_at\/wp-json\/wp\/v2\/product\/6943","targetHints":{"allow":["GET"]}}],"collection":[{"href":"https:\/\/dersuessestopp.com\/de_at\/wp-json\/wp\/v2\/product"}],"about":[{"href":"https:\/\/dersuessestopp.com\/de_at\/wp-json\/wp\/v2\/types\/product"}],"replies":[{"embeddable":true,"href":"https:\/\/dersuessestopp.com\/de_at\/wp-json\/wp\/v2\/comments?post=6943"}],"version-history":[{"count":4,"href":"https:\/\/dersuessestopp.com\/de_at\/wp-json\/wp\/v2\/product\/6943\/revisions"}],"predecessor-version":[{"id":6949,"href":"https:\/\/dersuessestopp.com\/de_at\/wp-json\/wp\/v2\/product\/6943\/revisions\/6949"}],"wp:featuredmedia":[{"embeddable":true,"href":"https:\/\/dersuessestopp.com\/de_at\/wp-json\/wp\/v2\/media\/6944"}],"wp:attachment":[{"href":"https:\/\/dersuessestopp.com\/de_at\/wp-json\/wp\/v2\/media?parent=6943"}],"wp:term":[{"taxonomy":"product_brand","embeddable":true,"href":"https:\/\/dersuessestopp.com\/de_at\/wp-json\/wp\/v2\/product_brand?post=6943"},{"taxonomy":"product_cat","embeddable":true,"href":"https:\/\/dersuessestopp.com\/de_at\/wp-json\/wp\/v2\/product_cat?post=6943"},{"taxonomy":"product_tag","embeddable":true,"href":"https:\/\/dersuessestopp.com\/de_at\/wp-json\/wp\/v2\/product_tag?post=6943"}],"curies":[{"name":"wp","href":"https:\/\/api.w.org\/{rel}","templated":true}]}}