{"id":6930,"date":"2025-08-29T07:03:07","date_gmt":"2025-08-29T07:03:07","guid":{"rendered":"https:\/\/dersuessestopp.com\/?post_type=product&#038;p=6930"},"modified":"2025-08-29T07:12:05","modified_gmt":"2025-08-29T07:12:05","slug":"nissei-compact-frozen-yogurt-platzsparendes-design","status":"publish","type":"product","link":"https:\/\/dersuessestopp.com\/de_at\/product\/nissei-compact-frozen-yogurt-space-saving-design\/","title":{"rendered":"Nissei Compact Frozen Yogurt - Platz sparendes Design"},"content":{"rendered":"<div data-breakout=\"normal\">\n<p id=\"viewer-ptqh719079\" class=\"LThh9 tL1tz t3L08 qufKF\" dir=\"auto\"><span class=\"AAYkC\">Die Compact Frozen Yogurt-Maschine kombiniert Funktionalit\u00e4t mit einem platzsparenden Design und ist damit ideal f\u00fcr Betriebe mit begrenztem Platzangebot. Die auff\u00e4lligen Aufkleber mit dem Frozen-Yogurt-Thema vermitteln den Kunden sofort Ihre Spezialit\u00e4t. Trotz seiner kompakten Gr\u00f6\u00dfe liefert er gleichbleibende Qualit\u00e4t und eignet sich daher f\u00fcr kleine Caf\u00e9s, Kioske und Convenience-Stores, die k\u00f6stlichen Frozen Yogurt anbieten m\u00f6chten, ohne viel Platz zu beanspruchen.<\/span><\/p>\n<\/div>\n<div data-breakout=\"normal\">\n<h3 id=\"viewer-5wnel4422\" class=\"RsvCW _3Z2KS t3L08 qufKF\" dir=\"auto\"><span class=\"qnKJ9\"><strong>NISSEI - Das Vertrauen von Fachleuten, die Perfektion suchen<\/strong><\/span><\/h3>\n<\/div>\n<div data-breakout=\"normal\">\n<p id=\"viewer-big1i4951\" class=\"LThh9 tL1tz t3L08 qufKF\" dir=\"auto\"><span class=\"AAYkC\">Mit \u00fcber 35 Jahren kontinuierlicher Innovation steht NISSEI NL an der Spitze der Soft-Serve- und Frozen-Yogurt-Technologie. Unsere Maschinen werden in Handarbeit mit Pr\u00e4zision hergestellt und sind f\u00fcr eine lange Lebensdauer ausgelegt, damit Ihr Unternehmen reibungslos und effizient arbeiten kann.<\/span><\/p>\n<\/div>\n<div data-breakout=\"normal\">\n<p id=\"viewer-pmx2c352\" class=\"LThh9 tL1tz t3L08 qufKF\" dir=\"auto\"><span class=\"AAYkC\"><strong>Mit einer beeindruckenden Erfolgsbilanz in den letzten 30 Jahren in Europa.<\/strong><\/span><\/p>\n<\/div>\n<div data-breakout=\"normal\">\n<ul class=\"Ior1H t3L08\">\n<li class=\"w4rN-\" dir=\"auto\">\n<p id=\"viewer-hd7ob265\" class=\"LThh9 tL1tz t3L08 qufKF\" dir=\"\"><span class=\"AAYkC\"><strong>7.000+ Maschinen<\/strong>\u00a0mit Pr\u00e4zision hergestellt und in ganz Europa verkauft<\/span><\/p>\n<\/li>\n<li class=\"w4rN-\" dir=\"auto\">\n<p id=\"viewer-0ddhr269\" class=\"LThh9 tL1tz t3L08 qufKF\" dir=\"\"><span class=\"AAYkC\"><strong>4.500+ Einheiten<\/strong>\u00a0auch heute noch in Betrieb<\/span><\/p>\n<\/li>\n<li class=\"w4rN-\" dir=\"auto\">\n<p id=\"viewer-8mxss273\" class=\"LThh9 tL1tz t3L08 qufKF\" dir=\"\"><span class=\"AAYkC\"><strong>Vertrauen bei f\u00fchrenden Unternehmen<\/strong><\/span><\/p>\n<\/li>\n<\/ul>\n<div class=\"UfDyV _1n3i3 FXHR4 FMcOw\" data-hook=\"collapsible-list-item-title\">\n<div>\n<p id=\"viewer-tpphb7102\" class=\"LThh9 tL1tz qufKF\" dir=\"auto\"><span class=\"AAYkC\"><strong>Beschreibung<\/strong><\/span><\/p>\n<\/div>\n<\/div>\n<div>\n<div class=\"UfDyV _1n3i3 FXHR4 FMcOw\" data-hook=\"collapsible-list-item-title\">\n<div>\n<p id=\"viewer-4rtkl19230\" class=\"LThh9 tL1tz qufKF\" dir=\"auto\"><span class=\"AAYkC\">Der Compact Frozen Yogurt ist mit coolen Aufklebern versehen. Das hei\u00dft, die Maschine zeigt sofort, dass Sie dieses besondere Eis verkaufen. So ziehen Sie sofort die Aufmerksamkeit der Leute auf sich und sichern sich den Umsatz.<\/span><\/p>\n<\/div>\n<\/div>\n<\/div>\n<\/div>\n<div data-hook=\"rcv-block13\">\n<div class=\"UfDyV _1n3i3 FXHR4 FMcOw\" data-hook=\"collapsible-list-item-title\">\n<div>\n<p id=\"viewer-zvndr7199\" class=\"LThh9 tL1tz qufKF\" dir=\"auto\"><span class=\"AAYkC\"><strong>Merkmale\u00a0<\/strong><\/span><\/p>\n<\/div>\n<\/div>\n<div>\n<div class=\"UfDyV _1n3i3 FXHR4 FMcOw\" data-hook=\"collapsible-list-item-title\">\n<ul class=\"Ior1H\">\n<li class=\"w4rN-\" dir=\"auto\">\n<p id=\"viewer-8w2av350\" class=\"LThh9 tL1tz qufKF\" dir=\"\"><span class=\"AAYkC\">Schwerkraftgespeistes System<\/span><\/p>\n<\/li>\n<li class=\"w4rN-\" dir=\"auto\">\n<p id=\"viewer-z5n2l582\" class=\"LThh9 tL1tz qufKF\" dir=\"\"><span class=\"AAYkC\">Kompaktes Format<\/span><\/p>\n<\/li>\n<li class=\"w4rN-\" dir=\"auto\">\n<p id=\"viewer-1qgjk356\" class=\"LThh9 tL1tz qufKF\" dir=\"\"><span class=\"AAYkC\">Optionale Selbstbedienungsversion<\/span><\/p>\n<\/li>\n<li class=\"w4rN-\" dir=\"auto\">\n<p id=\"viewer-yq14c359\" class=\"LThh9 tL1tz qufKF\" dir=\"\"><span class=\"AAYkC\">Demontage und Reinigung nur einmal alle 6 Wochen<\/span><\/p>\n<\/li>\n<li class=\"w4rN-\" dir=\"auto\">\n<p id=\"viewer-4xzez362\" class=\"LThh9 tL1tz qufKF\" dir=\"\"><span class=\"AAYkC\">Pasteurisierung<\/span><\/p>\n<\/li>\n<li class=\"w4rN-\" dir=\"auto\">\n<p id=\"viewer-kqtf8365\" class=\"LThh9 tL1tz qufKF\" dir=\"\"><span class=\"AAYkC\">Schwerkraftgespeistes System<\/span><\/p>\n<\/li>\n<li class=\"w4rN-\" dir=\"auto\">\n<p id=\"viewer-is7r2368\" class=\"LThh9 tL1tz qufKF\" dir=\"\"><span class=\"AAYkC\">Einzigartige 5-Jahres-Garantie<\/span><\/p>\n<\/li>\n<\/ul>\n<\/div>\n<\/div>\n<\/div>\n<div data-breakout=\"normal\">\n<div id=\"viewer-dkack6992\" class=\"LThh9 tL1tz t3L08 qufKF\" dir=\"auto\"><strong>Spezifikationen<\/p>\n<p><\/strong><\/div>\n<div dir=\"auto\">\n<table>\n<thead>\n<tr>\n<th>Spezifikation<\/th>\n<th>Einzelheiten<\/th>\n<\/tr>\n<\/thead>\n<tbody>\n<tr>\n<td><strong>Kapazit\u00e4t<\/strong><\/td>\n<td>30 Liter pro Stunde<\/td>\n<\/tr>\n<tr>\n<td><strong>Band<\/strong><\/td>\n<td>2-Liter-Gefrierzylinder<\/td>\n<\/tr>\n<tr>\n<td><strong>System<\/strong><\/td>\n<td>Schwerkraft-System<\/td>\n<\/tr>\n<tr>\n<td><strong>Gewicht<\/strong><\/td>\n<td>84 kg<\/td>\n<\/tr>\n<tr>\n<td><strong>Abmessungen<\/strong><\/td>\n<td>H 87 \u00d7 B 29 \u00d7 T 74 cm<\/td>\n<\/tr>\n<tr>\n<td><strong>Verbindung<\/strong><\/td>\n<td>400 Volt + 0 + A, 2,5 kWh<\/td>\n<\/tr>\n<\/tbody>\n<\/table>\n<div class=\"UfDyV _1n3i3 FXHR4 FMcOw\" data-hook=\"collapsible-list-item-title\">\n<div>\n<p id=\"viewer-xeu298955\" class=\"LThh9 tL1tz qufKF\" dir=\"auto\"><span class=\"AAYkC\"><strong>Zus\u00e4tzliche Optionen<\/strong><\/span><\/p>\n<\/div>\n<\/div>\n<div>\n<div class=\"UfDyV _1n3i3 FXHR4 FMcOw\" data-hook=\"collapsible-list-item-title\">\n<div>\n<ul class=\"Ior1H\">\n<li class=\"w4rN-\" dir=\"auto\">\n<p id=\"viewer-mle2w20017\" class=\"LThh9 tL1tz qufKF\" dir=\"\"><span class=\"AAYkC\">Selbstbedienungskolben<\/span><\/p>\n<\/li>\n<li class=\"w4rN-\" dir=\"auto\">\n<p id=\"viewer-zjnoo20019\" class=\"LThh9 tL1tz qufKF\" dir=\"\"><span class=\"AAYkC\">Aufkleber<\/span><\/p>\n<\/li>\n<\/ul>\n<\/div>\n<\/div>\n<\/div>\n<\/div>\n<\/div>","protected":false},"excerpt":{"rendered":"<p>The Compact Frozen Yogurt machine combines functionality with a space-saving design, making it ideal for establishments with limited space. Its eye-catching frozen yogurt-themed stickers immediately communicate your specialty to customers. Despite its compact size, it delivers consistent quality, making it suitable for small cafes, kiosks, and convenience stores aiming to offer delicious frozen yogurt without [&hellip;]<\/p>\n","protected":false},"featured_media":6933,"comment_status":"open","ping_status":"closed","template":"","meta":[],"product_brand":[],"product_cat":[36],"product_tag":[],"class_list":{"0":"post-6930","1":"product","2":"type-product","3":"status-publish","4":"has-post-thumbnail","6":"product_cat-frozen-yoghurt","8":"first","9":"instock","10":"shipping-taxable","11":"product-type-simple"},"_links":{"self":[{"href":"https:\/\/dersuessestopp.com\/de_at\/wp-json\/wp\/v2\/product\/6930","targetHints":{"allow":["GET"]}}],"collection":[{"href":"https:\/\/dersuessestopp.com\/de_at\/wp-json\/wp\/v2\/product"}],"about":[{"href":"https:\/\/dersuessestopp.com\/de_at\/wp-json\/wp\/v2\/types\/product"}],"replies":[{"embeddable":true,"href":"https:\/\/dersuessestopp.com\/de_at\/wp-json\/wp\/v2\/comments?post=6930"}],"version-history":[{"count":4,"href":"https:\/\/dersuessestopp.com\/de_at\/wp-json\/wp\/v2\/product\/6930\/revisions"}],"predecessor-version":[{"id":6938,"href":"https:\/\/dersuessestopp.com\/de_at\/wp-json\/wp\/v2\/product\/6930\/revisions\/6938"}],"wp:featuredmedia":[{"embeddable":true,"href":"https:\/\/dersuessestopp.com\/de_at\/wp-json\/wp\/v2\/media\/6933"}],"wp:attachment":[{"href":"https:\/\/dersuessestopp.com\/de_at\/wp-json\/wp\/v2\/media?parent=6930"}],"wp:term":[{"taxonomy":"product_brand","embeddable":true,"href":"https:\/\/dersuessestopp.com\/de_at\/wp-json\/wp\/v2\/product_brand?post=6930"},{"taxonomy":"product_cat","embeddable":true,"href":"https:\/\/dersuessestopp.com\/de_at\/wp-json\/wp\/v2\/product_cat?post=6930"},{"taxonomy":"product_tag","embeddable":true,"href":"https:\/\/dersuessestopp.com\/de_at\/wp-json\/wp\/v2\/product_tag?post=6930"}],"curies":[{"name":"wp","href":"https:\/\/api.w.org\/{rel}","templated":true}]}}