{"id":6921,"date":"2025-08-29T06:37:43","date_gmt":"2025-08-29T06:37:43","guid":{"rendered":"https:\/\/dersuessestopp.com\/?post_type=product&#038;p=6921"},"modified":"2025-09-24T20:00:50","modified_gmt":"2025-09-24T20:00:50","slug":"nissei-titan-duo-combi-vielseitigkeit-auf-hochstem-niveau","status":"publish","type":"product","link":"https:\/\/dersuessestopp.com\/de_at\/product\/nissei-titan-duo-combi-versatility-at-its-best\/","title":{"rendered":"Nissei Titan Duo Combi - Vielseitigkeit von seiner besten Seite"},"content":{"rendered":"<div data-breakout=\"normal\">\n<p id=\"viewer-nam8a228\" class=\"LThh9 tL1tz t3L08 qufKF\" dir=\"auto\"><span class=\"AAYkC\">Die Nissei Titan Duo Combi zeichnet sich durch ihre dualen Soft-Serve-F\u00e4higkeiten und f\u00fcnf Milchshake-Geschmacksrichtungen aus. Mit einer Kapazit\u00e4t von 75 und 55 Litern pro Stunde pro Zylinder f\u00fcr Softeis ist sie ideal f\u00fcr Einrichtungen wie Caf\u00e9s, Eisdielen und Fast-Food-Ketten, die eine breite Palette von Optionen anbieten m\u00f6chten. Ihr kompaktes Design geht keine Kompromisse bei der Leistung ein, und das Selbstpasteurisierungssystem sorgt f\u00fcr Hygiene bei minimalem Aufwand.<\/span><\/p>\n<\/div>\n<div data-breakout=\"normal\">\n<h3 id=\"viewer-5wnel4422\" class=\"RsvCW _3Z2KS t3L08 qufKF\" dir=\"auto\"><span class=\"qnKJ9\"><strong>NISSEI - Das Vertrauen von Fachleuten, die Perfektion suchen<\/strong><\/span><\/h3>\n<\/div>\n<div data-breakout=\"normal\">\n<p id=\"viewer-big1i4951\" class=\"LThh9 tL1tz t3L08 qufKF\" dir=\"auto\"><span class=\"AAYkC\">Mit \u00fcber 35 Jahren kontinuierlicher Innovation steht NISSEI NL an der Spitze der Soft-Serve- und Frozen-Yogurt-Technologie. Unsere Maschinen werden in Handarbeit mit Pr\u00e4zision hergestellt und sind f\u00fcr eine lange Lebensdauer ausgelegt, damit Ihr Unternehmen reibungslos und effizient arbeiten kann.<\/span><\/p>\n<\/div>\n<div data-breakout=\"normal\">\n<p id=\"viewer-pmx2c352\" class=\"LThh9 tL1tz t3L08 qufKF\" dir=\"auto\"><span class=\"AAYkC\"><strong>Mit einer beeindruckenden Erfolgsbilanz in den letzten 30 Jahren in Europa.<\/strong><\/span><\/p>\n<\/div>\n<div data-breakout=\"normal\">\n<ul class=\"Ior1H t3L08\">\n<li class=\"w4rN-\" dir=\"auto\">\n<p id=\"viewer-hd7ob265\" class=\"LThh9 tL1tz t3L08 qufKF\" dir=\"\"><span class=\"AAYkC\"><strong>7.000+ Maschinen<\/strong>\u00a0mit Pr\u00e4zision hergestellt und in ganz Europa verkauft<\/span><\/p>\n<\/li>\n<li class=\"w4rN-\" dir=\"auto\">\n<p id=\"viewer-0ddhr269\" class=\"LThh9 tL1tz t3L08 qufKF\" dir=\"\"><span class=\"AAYkC\"><strong>4.500+ Einheiten<\/strong>\u00a0auch heute noch in Betrieb<\/span><\/p>\n<\/li>\n<li class=\"w4rN-\" dir=\"auto\">\n<p id=\"viewer-8mxss273\" class=\"LThh9 tL1tz t3L08 qufKF\" dir=\"\"><span class=\"AAYkC\"><strong>Vertrauen bei f\u00fchrenden Unternehmen<\/strong><\/span><\/p>\n<\/li>\n<\/ul>\n<div class=\"UfDyV _1n3i3 FXHR4 FMcOw\" data-hook=\"collapsible-list-item-title\">\n<div>\n<p id=\"viewer-do3bs1086\" class=\"LThh9 tL1tz qufKF\" dir=\"auto\"><span class=\"AAYkC\"><strong>Beschreibung<\/strong><\/span><\/p>\n<\/div>\n<\/div>\n<div>\n<div class=\"UfDyV _1n3i3 FXHR4 FMcOw\" data-hook=\"collapsible-list-item-title\">\n<div>\n<p id=\"viewer-2yyli9417\" class=\"LThh9 tL1tz qufKF\" dir=\"auto\"><span class=\"AAYkC\">Der Titan Duo Combi ist die vielseitigste Maschine von NISSEI. Mit ihr k\u00f6nnen Sie m\u00fchelos zwei Sorten Softeis, einen gemischten Geschmack und f\u00fcnf Sorten Milchshake herstellen. \u00dcberraschen Sie Ihre G\u00e4ste mit einzigartigen Geschmacksrichtungen, die zur Jahreszeit passen. Dank der RAPP-Technologie ist diese Maschine in der Lage, konstant hochwertige Softeis- und Milchshakesorten anzubieten. Die beiden Zylinder k\u00f6nnen unabh\u00e4ngig voneinander ein- und ausgeschaltet werden. Das bedeutet, dass Sie in der Nebensaison nur aus einem Zylinder servieren k\u00f6nnen.<\/span><\/p>\n<div class=\"UfDyV _1n3i3 FXHR4 FMcOw\" data-hook=\"collapsible-list-item-title\">\n<div>\n<p id=\"viewer-imzgd1311\" class=\"LThh9 tL1tz qufKF\" dir=\"auto\"><span class=\"AAYkC\"><strong>Merkmale<\/strong><\/span><\/p>\n<\/div>\n<\/div>\n<div>\n<div class=\"UfDyV _1n3i3 FXHR4 FMcOw\" data-hook=\"collapsible-list-item-title\">\n<div>\n<ul class=\"Ior1H\">\n<li class=\"w4rN-\" dir=\"auto\">\n<p id=\"viewer-x37di9497\" class=\"LThh9 tL1tz qufKF\" dir=\"\"><span class=\"AAYkC\">Ausgestattet mit RAPP-Technologie<\/span><\/p>\n<\/li>\n<li class=\"w4rN-\" dir=\"auto\">\n<p id=\"viewer-vlfyo9551\" class=\"LThh9 tL1tz qufKF\" dir=\"\"><span class=\"AAYkC\">Intuitiver Touchscreen<\/span><\/p>\n<\/li>\n<li class=\"w4rN-\" dir=\"auto\">\n<p id=\"viewer-hr7o49589\" class=\"LThh9 tL1tz qufKF\" dir=\"\"><span class=\"AAYkC\">2 Geschmacksrichtungen Softeis und eine gemischte Geschmacksrichtung<\/span><\/p>\n<\/li>\n<li class=\"w4rN-\" dir=\"auto\">\n<p id=\"viewer-yxuzo9629\" class=\"LThh9 tL1tz qufKF\" dir=\"\"><span class=\"AAYkC\">Milchshake in 5 Geschmacksrichtungen<\/span><\/p>\n<\/li>\n<li class=\"w4rN-\" dir=\"auto\">\n<p id=\"viewer-6utru9671\" class=\"LThh9 tL1tz qufKF\" dir=\"\"><span class=\"AAYkC\">Auto Portion Milkshake (APM)<\/span><\/p>\n<\/li>\n<li class=\"w4rN-\" dir=\"auto\">\n<p id=\"viewer-q8d4w9715\" class=\"LThh9 tL1tz qufKF\" dir=\"\"><span class=\"AAYkC\">3-Kammer-Gefrierfach<\/span><\/p>\n<\/li>\n<li class=\"w4rN-\" dir=\"auto\">\n<p id=\"viewer-fmvw29761\" class=\"LThh9 tL1tz qufKF\" dir=\"\"><span class=\"AAYkC\">Demontage und Reinigung nur 1x alle 6 Wochen<\/span><\/p>\n<\/li>\n<li class=\"w4rN-\" dir=\"auto\">\n<p id=\"viewer-tle7t9809\" class=\"LThh9 tL1tz qufKF\" dir=\"\"><span class=\"AAYkC\">Pasteurisieren<\/span><\/p>\n<\/li>\n<li class=\"w4rN-\" dir=\"auto\">\n<p id=\"viewer-3xsaw9859\" class=\"LThh9 tL1tz qufKF\" dir=\"\"><span class=\"AAYkC\">Einzigartige 5-Jahres-Garantie<\/span><\/p>\n<\/li>\n<\/ul>\n<p><span class=\"AAYkC\"><strong>Spezifikation<\/strong><\/span><\/p>\n<table>\n<thead>\n<tr>\n<th>Spezifikation<\/th>\n<th>Einzelheiten<\/th>\n<\/tr>\n<\/thead>\n<tbody>\n<tr>\n<td><strong>Kapazit\u00e4t<\/strong><\/td>\n<td>75 + 55 Liter pro Stunde<\/td>\n<\/tr>\n<tr>\n<td><strong>Band<\/strong><\/td>\n<td>2,5 + 3,4-Liter-Gefrierzylinder<\/td>\n<\/tr>\n<tr>\n<td><strong>Pumpe<\/strong><\/td>\n<td>Innovative RAPP-Technologie<\/td>\n<\/tr>\n<tr>\n<td><strong>Wassergek\u00fchlt<\/strong><\/td>\n<td>Ca. 90m\u00b3 K\u00fchlwasserverbrauch pro Jahr<\/td>\n<\/tr>\n<tr>\n<td><strong>Gewicht<\/strong><\/td>\n<td>290 kg<\/td>\n<\/tr>\n<tr>\n<td><strong>Abmessungen<\/strong><\/td>\n<td>H 150 \u00d7 B 65 \u00d7 T 90 cm<\/td>\n<\/tr>\n<tr>\n<td><strong>Verbindung<\/strong><\/td>\n<td>400 Volt + 0 + A, 4,5 kWh<\/td>\n<\/tr>\n<\/tbody>\n<\/table>\n<div class=\"UfDyV _1n3i3 FXHR4 FMcOw\" data-hook=\"collapsible-list-item-title\">\n<div>\n<p id=\"viewer-6ib6s4235\" class=\"LThh9 tL1tz qufKF\" dir=\"auto\"><span class=\"AAYkC\"><strong>Zus\u00e4tzliche Optionen<\/strong><\/span><\/p>\n<\/div>\n<\/div>\n<div>\n<div class=\"UfDyV _1n3i3 FXHR4 FMcOw\" data-hook=\"collapsible-list-item-title\">\n<div>\n<ul class=\"Ior1H\">\n<li class=\"w4rN-\" dir=\"auto\">\n<p id=\"viewer-1rbue12278\" class=\"LThh9 tL1tz qufKF\" dir=\"\"><span class=\"AAYkC\">Trockenabf\u00fcllsystem f\u00fcr Pulvermischungen<\/span><\/p>\n<\/li>\n<li class=\"w4rN-\" dir=\"auto\">\n<p id=\"viewer-p9xxm12364\" class=\"LThh9 tL1tz qufKF\" dir=\"\"><span class=\"AAYkC\">Thickshake-Funktion<\/span><\/p>\n<\/li>\n<li class=\"w4rN-\" dir=\"auto\">\n<p id=\"viewer-1dq5412452\" class=\"LThh9 tL1tz qufKF\" dir=\"\"><span class=\"AAYkC\">Eisstrudel<\/span><\/p>\n<\/li>\n<li class=\"w4rN-\" dir=\"auto\">\n<p id=\"viewer-sb8d212542\" class=\"LThh9 tL1tz qufKF\" dir=\"\"><span class=\"AAYkC\">Wasserfilter<\/span><\/p>\n<\/li>\n<li class=\"w4rN-\" dir=\"auto\">\n<p id=\"viewer-4lbuv13181\" class=\"LThh9 tL1tz qufKF\" dir=\"\"><span class=\"AAYkC\">Winter-Kolbenschl\u00f6sser<\/span><\/p>\n<\/li>\n<\/ul>\n<\/div>\n<\/div>\n<\/div>\n<\/div>\n<\/div>\n<\/div>\n<\/div>\n<\/div>\n<\/div>\n<\/div>","protected":false},"excerpt":{"rendered":"<p>The Nissei Titan Duo Combi stands out with its dual soft serve capabilities and five milkshake flavors. Operating at a capacity of 75 and 55 liters per hour per zylinder for soft serve, it&#8217;s ideal for establishments like cafes, ice cream parlors, and fast-food chains that aim to offer a wide range of options. Its [&hellip;]<\/p>\n","protected":false},"featured_media":6922,"comment_status":"open","ping_status":"closed","template":"","meta":[],"product_brand":[],"product_cat":[62],"product_tag":[],"class_list":{"0":"post-6921","1":"product","2":"type-product","3":"status-publish","4":"has-post-thumbnail","6":"product_cat-combi-ice-cream-milkshake","8":"first","9":"instock","10":"shipping-taxable","11":"product-type-simple"},"_links":{"self":[{"href":"https:\/\/dersuessestopp.com\/de_at\/wp-json\/wp\/v2\/product\/6921","targetHints":{"allow":["GET"]}}],"collection":[{"href":"https:\/\/dersuessestopp.com\/de_at\/wp-json\/wp\/v2\/product"}],"about":[{"href":"https:\/\/dersuessestopp.com\/de_at\/wp-json\/wp\/v2\/types\/product"}],"replies":[{"embeddable":true,"href":"https:\/\/dersuessestopp.com\/de_at\/wp-json\/wp\/v2\/comments?post=6921"}],"version-history":[{"count":2,"href":"https:\/\/dersuessestopp.com\/de_at\/wp-json\/wp\/v2\/product\/6921\/revisions"}],"predecessor-version":[{"id":6925,"href":"https:\/\/dersuessestopp.com\/de_at\/wp-json\/wp\/v2\/product\/6921\/revisions\/6925"}],"wp:featuredmedia":[{"embeddable":true,"href":"https:\/\/dersuessestopp.com\/de_at\/wp-json\/wp\/v2\/media\/6922"}],"wp:attachment":[{"href":"https:\/\/dersuessestopp.com\/de_at\/wp-json\/wp\/v2\/media?parent=6921"}],"wp:term":[{"taxonomy":"product_brand","embeddable":true,"href":"https:\/\/dersuessestopp.com\/de_at\/wp-json\/wp\/v2\/product_brand?post=6921"},{"taxonomy":"product_cat","embeddable":true,"href":"https:\/\/dersuessestopp.com\/de_at\/wp-json\/wp\/v2\/product_cat?post=6921"},{"taxonomy":"product_tag","embeddable":true,"href":"https:\/\/dersuessestopp.com\/de_at\/wp-json\/wp\/v2\/product_tag?post=6921"}],"curies":[{"name":"wp","href":"https:\/\/api.w.org\/{rel}","templated":true}]}}