{"id":6907,"date":"2025-08-29T05:46:28","date_gmt":"2025-08-29T05:46:28","guid":{"rendered":"https:\/\/dersuessestopp.com\/?post_type=product&#038;p=6907"},"modified":"2025-08-29T05:50:21","modified_gmt":"2025-08-29T05:50:21","slug":"spaceman-6378ab-c-ultra-hohe-kapazitat-twin-twist-soft-serve-gefrierschrank","status":"publish","type":"product","link":"https:\/\/dersuessestopp.com\/de_at\/product\/spaceman-6378ab-c-ultra-high-capacity-twin-twist-soft-serve-freezer\/","title":{"rendered":"Spaceman 6378AB-C - Ultrahochkapazitiver Twin-Twist-Soft-Serve-Gefrierschrank"},"content":{"rendered":"<p data-start=\"198\" data-end=\"535\">Der Spaceman 6378AB-C ist ein hochleistungsf\u00e4higer Twin-Twist-Soft-Serve-Froster, der f\u00fcr Unternehmen entwickelt wurde, die maximale Leistung und gleichbleibende Produktqualit\u00e4t verlangen. Mit der F\u00e4higkeit zur Produktion von bis zu <strong data-start=\"386\" data-end=\"417\">800 Portionen (80 g) pro Stunde<\/strong>, Dieses Modell ist ideal f\u00fcr Eisdielen, Frozen-Yogurt-Ketten, Vergn\u00fcgungsst\u00e4tten und Restaurants mit hohem G\u00e4steaufkommen.<\/p>\n<p data-start=\"537\" data-end=\"847\">Mit <strong data-start=\"547\" data-end=\"579\">zwei gek\u00fchlte 10-Liter-Beh\u00e4lter<\/strong> und <strong data-start=\"584\" data-end=\"615\">zwei 3,2-Liter-Gefrierzylindern<\/strong>, Der 6378AB-C bietet eine au\u00dfergew\u00f6hnliche Leistung mit schneller R\u00fcckgewinnung und glatter, cremiger Produkttextur. Dank der fortschrittlichen Gefriertechnologie von Spaceman sind Zuverl\u00e4ssigkeit und Effizienz auch in Spitzenzeiten gew\u00e4hrleistet.<\/p>\n<hr data-start=\"935\" data-end=\"938\" \/>\n<h3 data-start=\"849\" data-end=\"867\">Wesentliche Merkmale<\/h3>\n<ul data-start=\"868\" data-end=\"1787\">\n<li data-start=\"868\" data-end=\"960\">\n<p data-start=\"870\" data-end=\"960\"><strong data-start=\"870\" data-end=\"895\">Twin Twist Dispenser<\/strong> - Bietet zwei Geschmacksrichtungen und eine Twist-Option f\u00fcr ein vielseitiges Men\u00fc.<\/p>\n<\/li>\n<li data-start=\"961\" data-end=\"1073\">\n<p data-start=\"963\" data-end=\"1073\"><strong data-start=\"963\" data-end=\"984\">Ultra-Hochleistung<\/strong> - Produziert bis zu <strong data-start=\"1002\" data-end=\"1033\">800 Portionen (80 g) pro Stunde<\/strong>, entwickelt f\u00fcr Unternehmen mit hohem Bedarf.<\/p>\n<\/li>\n<li data-start=\"1074\" data-end=\"1171\">\n<p data-start=\"1076\" data-end=\"1171\"><strong data-start=\"1076\" data-end=\"1104\">Gro\u00dfe Gefrierzylinder<\/strong> - 2 \u00d7 3,2-Liter-Zylinder f\u00fcr erweiterte Produktion und schnelle Erholung.<\/p>\n<\/li>\n<li data-start=\"1172\" data-end=\"1267\">\n<p data-start=\"1174\" data-end=\"1267\"><strong data-start=\"1174\" data-end=\"1198\">Gek\u00fchlte Trichter<\/strong> - 2 \u00d7 10-Liter-Beh\u00e4lter halten die Mischung frisch und bereit f\u00fcr den Dauerbetrieb.<\/p>\n<\/li>\n<li data-start=\"1268\" data-end=\"1388\">\n<p data-start=\"1270\" data-end=\"1388\"><strong data-start=\"1270\" data-end=\"1304\">Benutzerfreundliche digitale Bedienelemente<\/strong> - Einfach zu bedienende Schnittstelle zur \u00dcberwachung von Konsistenz, Temperatur und Leistung.<\/p>\n<\/li>\n<li data-start=\"1389\" data-end=\"1485\">\n<p data-start=\"1391\" data-end=\"1485\"><strong data-start=\"1391\" data-end=\"1430\">Standby, Sanftanlauf und Abtaubetrieb<\/strong> - Erh\u00f6hen Sie den Komfort, die Sicherheit und die Reinigungsfreundlichkeit.<\/p>\n<\/li>\n<li data-start=\"1486\" data-end=\"1598\">\n<p data-start=\"1488\" data-end=\"1598\"><strong data-start=\"1488\" data-end=\"1515\">Eingebaute Sicherheitssysteme<\/strong> - Enth\u00e4lt einen Alarm bei niedrigem Mischungsverh\u00e4ltnis, einen Motor\u00fcberlastungsschutz und Temperatursicherungen.<\/p>\n<\/li>\n<li data-start=\"1599\" data-end=\"1698\">\n<p data-start=\"1601\" data-end=\"1698\"><strong data-start=\"1601\" data-end=\"1644\">Hochbelastbare Konstruktion aus Edelstahl<\/strong> - Langlebiges, mobiles Design f\u00fcr langfristige Zuverl\u00e4ssigkeit.<\/p>\n<\/li>\n<li data-start=\"1699\" data-end=\"1787\">\n<p data-start=\"1701\" data-end=\"1787\"><strong data-start=\"1701\" data-end=\"1722\">Verf\u00fcgbare Optionen<\/strong> - Wassergek\u00fchltes System und Luftschacht f\u00fcr flexible Installation.<\/p>\n<\/li>\n<\/ul>\n<hr data-start=\"935\" data-end=\"938\" \/>\n<h3 data-start=\"1789\" data-end=\"1809\">Spezifikationen<\/h3>\n<table>\n<thead>\n<tr>\n<th>Merkmal<\/th>\n<th>Einzelheiten<\/th>\n<\/tr>\n<\/thead>\n<tbody>\n<tr>\n<td><strong>Geschm\u00e4cker<\/strong><\/td>\n<td>2 + Drehung<\/td>\n<\/tr>\n<tr>\n<td><strong>Fassungsverm\u00f6gen (80g)<\/strong><\/td>\n<td>800 Aufschl\u00e4ge\/Stunde<\/td>\n<\/tr>\n<tr>\n<td><strong>Zylinder<\/strong><\/td>\n<td>2 \u00d7 3.2L<\/td>\n<\/tr>\n<tr>\n<td><strong>Trichter<\/strong><\/td>\n<td>2 \u00d7 10L<\/td>\n<\/tr>\n<tr>\n<td><strong>Leistung (50Hz \/ 60Hz)<\/strong><\/td>\n<td>5,5kW \/ 5,8kW<\/td>\n<\/tr>\n<tr>\n<td><strong>Netto-\/Schiffsgewicht (kg)<\/strong><\/td>\n<td>273 \/ 295<\/td>\n<\/tr>\n<tr>\n<td><strong>Nettoabmessungen (mm)<\/strong><\/td>\n<td>553 \u00d7 706 \u00d7 1613<\/td>\n<\/tr>\n<tr>\n<td><strong>Schiffsabmessungen (mm)<\/strong><\/td>\n<td>770 \u00d7 890 \u00d7 1720<\/td>\n<\/tr>\n<tr>\n<td><strong>Stromversorgung<\/strong><\/td>\n<td>380V\/3Ph\/50Hz, 220V\/3Ph\/60Hz<\/td>\n<\/tr>\n<tr>\n<td><strong>Verf\u00fcgbare Optionen<\/strong><\/td>\n<td>Wassergek\u00fchlt, Luftschacht<\/td>\n<\/tr>\n<\/tbody>\n<\/table>","protected":false},"excerpt":{"rendered":"<p>The Spaceman 6378AB-C is a heavy-duty, twin-twist soft serve freezer engineered for businesses that demand maximum output and consistent product quality. With the ability to produce up to 800 servings (80g) per hour, this model is ideal for busy ice cream shops, frozen yogurt chains, amusement venues, and high-volume restaurants. Featuring two 10L refrigerated hoppers [&hellip;]<\/p>\n","protected":false},"featured_media":6908,"comment_status":"open","ping_status":"closed","template":"","meta":[],"product_brand":[],"product_cat":[33],"product_tag":[],"class_list":{"0":"post-6907","1":"product","2":"type-product","3":"status-publish","4":"has-post-thumbnail","6":"product_cat-elite-series","8":"first","9":"instock","10":"shipping-taxable","11":"product-type-simple"},"_links":{"self":[{"href":"https:\/\/dersuessestopp.com\/de_at\/wp-json\/wp\/v2\/product\/6907","targetHints":{"allow":["GET"]}}],"collection":[{"href":"https:\/\/dersuessestopp.com\/de_at\/wp-json\/wp\/v2\/product"}],"about":[{"href":"https:\/\/dersuessestopp.com\/de_at\/wp-json\/wp\/v2\/types\/product"}],"replies":[{"embeddable":true,"href":"https:\/\/dersuessestopp.com\/de_at\/wp-json\/wp\/v2\/comments?post=6907"}],"version-history":[{"count":3,"href":"https:\/\/dersuessestopp.com\/de_at\/wp-json\/wp\/v2\/product\/6907\/revisions"}],"predecessor-version":[{"id":6911,"href":"https:\/\/dersuessestopp.com\/de_at\/wp-json\/wp\/v2\/product\/6907\/revisions\/6911"}],"wp:featuredmedia":[{"embeddable":true,"href":"https:\/\/dersuessestopp.com\/de_at\/wp-json\/wp\/v2\/media\/6908"}],"wp:attachment":[{"href":"https:\/\/dersuessestopp.com\/de_at\/wp-json\/wp\/v2\/media?parent=6907"}],"wp:term":[{"taxonomy":"product_brand","embeddable":true,"href":"https:\/\/dersuessestopp.com\/de_at\/wp-json\/wp\/v2\/product_brand?post=6907"},{"taxonomy":"product_cat","embeddable":true,"href":"https:\/\/dersuessestopp.com\/de_at\/wp-json\/wp\/v2\/product_cat?post=6907"},{"taxonomy":"product_tag","embeddable":true,"href":"https:\/\/dersuessestopp.com\/de_at\/wp-json\/wp\/v2\/product_tag?post=6907"}],"curies":[{"name":"wp","href":"https:\/\/api.w.org\/{rel}","templated":true}]}}