{"id":6904,"date":"2025-08-29T05:39:40","date_gmt":"2025-08-29T05:39:40","guid":{"rendered":"https:\/\/dersuessestopp.com\/?post_type=product&#038;p=6904"},"modified":"2025-08-29T05:40:39","modified_gmt":"2025-08-29T05:40:39","slug":"spaceman-6235ab-c-compact-twin-twist-soft-serve-freezer","status":"publish","type":"product","link":"https:\/\/dersuessestopp.com\/de_at\/product\/spaceman-6235ab-c-compact-twin-twist-soft-serve-freezer\/","title":{"rendered":"Spaceman 6235AB-C - Kompakter Twin-Twist-Soft-Serve-Gefrierschrank"},"content":{"rendered":"<p data-start=\"192\" data-end=\"589\">Der Spaceman 6235AB-C ist ein vielseitiger Twin-Twist-Soft-Serve-Gefrierschrank, der f\u00fcr Betreiber konzipiert wurde, die zwei Geschmacksrichtungen plus eine Twist-Option auf einer kompakten Stellfl\u00e4che servieren m\u00f6chten. Mit der F\u00e4higkeit zur Produktion von bis zu <strong data-start=\"390\" data-end=\"421\">380 Portionen (80 g) pro Stunde<\/strong>, Dieses Modell ist ideal f\u00fcr Caf\u00e9s, kleine Eisdielen, Frozen Yogurt Outlets, Restaurants und Convenience Stores, die eine zuverl\u00e4ssige Leistung mit flexibler Speisekarte suchen.<\/p>\n<p data-start=\"591\" data-end=\"933\">Mit <strong data-start=\"601\" data-end=\"632\">zwei 5-Liter-K\u00fchltrichter<\/strong> und <strong data-start=\"637\" data-end=\"668\">zwei 1,7-Liter-Gefrierzylindern<\/strong>, Der 6235AB-C gew\u00e4hrleistet eine gleichbleibende Produktqualit\u00e4t, eine gleichm\u00e4\u00dfige Textur und einen effizienten Betrieb. Sein platzsparendes Design macht ihn zu einer ausgezeichneten Wahl f\u00fcr Unternehmen mit begrenztem Thekenplatz, w\u00e4hrend die fortschrittliche Gefriertechnologie von Spaceman eine zuverl\u00e4ssige Leistung garantiert.<\/p>\n<hr data-start=\"935\" data-end=\"938\" \/>\n<h3 data-start=\"935\" data-end=\"953\">Wesentliche Merkmale<\/h3>\n<ul data-start=\"954\" data-end=\"1803\">\n<li data-start=\"954\" data-end=\"1050\">\n<p data-start=\"956\" data-end=\"1050\"><strong data-start=\"956\" data-end=\"981\">Twin Twist Dispenser<\/strong> - Bietet zwei Geschmacksrichtungen sowie eine Twist-Option f\u00fcr mehr Abwechslung auf der Speisekarte.<\/p>\n<\/li>\n<li data-start=\"1051\" data-end=\"1167\">\n<p data-start=\"1053\" data-end=\"1167\"><strong data-start=\"1053\" data-end=\"1073\">Effiziente Leistung<\/strong> - Produziert bis zu <strong data-start=\"1091\" data-end=\"1122\">380 Portionen (80 g) pro Stunde<\/strong>, ideal f\u00fcr kleine bis mittelgro\u00dfe Unternehmen.<\/p>\n<\/li>\n<li data-start=\"1168\" data-end=\"1266\">\n<p data-start=\"1170\" data-end=\"1266\"><strong data-start=\"1170\" data-end=\"1197\">Doppelte Gefrierzylinder<\/strong> - 2 \u00d7 1,7-Liter-Zylinder sorgen f\u00fcr gleichm\u00e4\u00dfige Konsistenz und schnelle R\u00fcckgewinnung.<\/p>\n<\/li>\n<li data-start=\"1267\" data-end=\"1351\">\n<p data-start=\"1269\" data-end=\"1351\"><strong data-start=\"1269\" data-end=\"1293\">Gek\u00fchlte Trichter<\/strong> - 2 \u00d7 5-Liter-Beh\u00e4lter halten das Produkt den ganzen Tag \u00fcber frisch.<\/p>\n<\/li>\n<li data-start=\"1352\" data-end=\"1455\">\n<p data-start=\"1354\" data-end=\"1455\"><strong data-start=\"1354\" data-end=\"1388\">Einfache, benutzerfreundliche Bedienelemente<\/strong> - Einfache Bedienung mit \u00dcberwachung von Konsistenz und Temperatur.<\/p>\n<\/li>\n<li data-start=\"1456\" data-end=\"1534\">\n<p data-start=\"1458\" data-end=\"1534\"><strong data-start=\"1458\" data-end=\"1474\">Standby-Modus<\/strong> - Gew\u00e4hrleistet die Sicherheit und Frische der Produkte w\u00e4hrend der Leerlaufzeiten.<\/p>\n<\/li>\n<li data-start=\"1535\" data-end=\"1642\">\n<p data-start=\"1537\" data-end=\"1642\"><strong data-start=\"1537\" data-end=\"1565\">Eingebaute Sicherheitsfunktionen<\/strong> - Enth\u00e4lt einen Alarm bei niedrigem Mischungsverh\u00e4ltnis, einen \u00dcberlastungsschutz und Temperatursicherungen.<\/p>\n<\/li>\n<li data-start=\"1643\" data-end=\"1733\">\n<p data-start=\"1645\" data-end=\"1733\"><strong data-start=\"1645\" data-end=\"1685\">Langlebige Konstruktion aus rostfreiem Stahl<\/strong> - Kompaktes, zuverl\u00e4ssiges Design f\u00fcr den langfristigen Einsatz.<\/p>\n<\/li>\n<li data-start=\"1734\" data-end=\"1803\">\n<p data-start=\"1736\" data-end=\"1803\"><strong data-start=\"1736\" data-end=\"1756\">Verf\u00fcgbare Option<\/strong> - Luftschacht f\u00fcr flexible Installationsanforderungen.<\/p>\n<\/li>\n<\/ul>\n<hr data-start=\"935\" data-end=\"938\" \/>\n<h3 data-start=\"1805\" data-end=\"1825\">Spezifikationen<\/h3>\n<table>\n<thead>\n<tr>\n<th>Merkmal<\/th>\n<th>Einzelheiten<\/th>\n<\/tr>\n<\/thead>\n<tbody>\n<tr>\n<td><strong>Geschm\u00e4cker<\/strong><\/td>\n<td>2 + Drehung<\/td>\n<\/tr>\n<tr>\n<td><strong>Fassungsverm\u00f6gen (80g)<\/strong><\/td>\n<td>380 Aufschl\u00e4ge\/Stunde<\/td>\n<\/tr>\n<tr>\n<td><strong>Zylinder<\/strong><\/td>\n<td>2 \u00d7 1.7L<\/td>\n<\/tr>\n<tr>\n<td><strong>Trichter<\/strong><\/td>\n<td>2 \u00d7 5L<\/td>\n<\/tr>\n<tr>\n<td><strong>Leistung (50Hz \/ 60Hz)<\/strong><\/td>\n<td>2,4kW \/ 2,5kW<\/td>\n<\/tr>\n<tr>\n<td><strong>Netto-\/Schiffsgewicht (kg)<\/strong><\/td>\n<td>154 \/ 170<\/td>\n<\/tr>\n<tr>\n<td><strong>Nettoabmessungen (mm)<\/strong><\/td>\n<td>444 \u00d7 705 \u00d7 880<\/td>\n<\/tr>\n<tr>\n<td><strong>Schiffsabmessungen (mm)<\/strong><\/td>\n<td>530 \u00d7 830 \u00d7 1080<\/td>\n<\/tr>\n<tr>\n<td><strong>Stromversorgung<\/strong><\/td>\n<td>220V\/1Ph\/50Hz, 220V\/1Ph\/60Hz<\/td>\n<\/tr>\n<tr>\n<td><strong>Verf\u00fcgbare Optionen<\/strong><\/td>\n<td>Luftschacht<\/td>\n<\/tr>\n<\/tbody>\n<\/table>","protected":false},"excerpt":{"rendered":"<p>The Spaceman 6235AB-C is a versatile twin-twist soft serve freezer designed for operators who want to serve two flavors plus a twist option in a compact footprint. With the ability to produce up to 380 servings (80g) per hour, this model is ideal for caf\u00e9s, small ice cream shops, frozen yogurt outlets, restaurants, and convenience [&hellip;]<\/p>\n","protected":false},"featured_media":6905,"comment_status":"open","ping_status":"closed","template":"","meta":[],"product_brand":[],"product_cat":[33],"product_tag":[],"class_list":{"0":"post-6904","1":"product","2":"type-product","3":"status-publish","4":"has-post-thumbnail","6":"product_cat-elite-series","8":"first","9":"instock","10":"shipping-taxable","11":"product-type-simple"},"_links":{"self":[{"href":"https:\/\/dersuessestopp.com\/de_at\/wp-json\/wp\/v2\/product\/6904","targetHints":{"allow":["GET"]}}],"collection":[{"href":"https:\/\/dersuessestopp.com\/de_at\/wp-json\/wp\/v2\/product"}],"about":[{"href":"https:\/\/dersuessestopp.com\/de_at\/wp-json\/wp\/v2\/types\/product"}],"replies":[{"embeddable":true,"href":"https:\/\/dersuessestopp.com\/de_at\/wp-json\/wp\/v2\/comments?post=6904"}],"version-history":[{"count":1,"href":"https:\/\/dersuessestopp.com\/de_at\/wp-json\/wp\/v2\/product\/6904\/revisions"}],"predecessor-version":[{"id":6906,"href":"https:\/\/dersuessestopp.com\/de_at\/wp-json\/wp\/v2\/product\/6904\/revisions\/6906"}],"wp:featuredmedia":[{"embeddable":true,"href":"https:\/\/dersuessestopp.com\/de_at\/wp-json\/wp\/v2\/media\/6905"}],"wp:attachment":[{"href":"https:\/\/dersuessestopp.com\/de_at\/wp-json\/wp\/v2\/media?parent=6904"}],"wp:term":[{"taxonomy":"product_brand","embeddable":true,"href":"https:\/\/dersuessestopp.com\/de_at\/wp-json\/wp\/v2\/product_brand?post=6904"},{"taxonomy":"product_cat","embeddable":true,"href":"https:\/\/dersuessestopp.com\/de_at\/wp-json\/wp\/v2\/product_cat?post=6904"},{"taxonomy":"product_tag","embeddable":true,"href":"https:\/\/dersuessestopp.com\/de_at\/wp-json\/wp\/v2\/product_tag?post=6904"}],"curies":[{"name":"wp","href":"https:\/\/api.w.org\/{rel}","templated":true}]}}