{"id":6894,"date":"2025-08-29T05:16:37","date_gmt":"2025-08-29T05:16:37","guid":{"rendered":"https:\/\/dersuessestopp.com\/?post_type=product&#038;p=6894"},"modified":"2025-08-29T05:17:17","modified_gmt":"2025-08-29T05:17:17","slug":"spaceman-6338ab-c-single-flavor-soft-serve-freezer-mit-kompaktem-hohen-design","status":"publish","type":"product","link":"https:\/\/dersuessestopp.com\/de_at\/product\/spaceman-6338ab-c-single-flavor-soft-serve-freezer-with-compact-tall-design\/","title":{"rendered":"Spaceman 6338AB-C - Single-Flavor-Soft-Serve-Gefrierschrank mit kompaktem, hohem Design"},"content":{"rendered":"<p data-start=\"244\" data-end=\"647\">Der Spaceman 6338AB-C ist ein hocheffizienter Soft-Serve-Froster f\u00fcr einzelne Geschmacksrichtungen, der f\u00fcr Betreiber entwickelt wurde, die eine zuverl\u00e4ssige Leistung in einem platzsparenden vertikalen Design ben\u00f6tigen. Mit einer Kapazit\u00e4t von bis zu <strong data-start=\"433\" data-end=\"464\">400 Portionen (80 g) pro Stunde<\/strong>, Dieses Modell ist eine ausgezeichnete Wahl f\u00fcr Caf\u00e9s, kleine Eisdielen, Restaurants und Convenience Stores, die erstklassige Softeisprodukte servieren und gleichzeitig die Stellfl\u00e4che optimieren m\u00f6chten.<\/p>\n<p data-start=\"649\" data-end=\"898\">Ausgestattet mit einem <strong data-start=\"661\" data-end=\"688\">Gek\u00fchlter 10L Trichter<\/strong> und eine <strong data-start=\"695\" data-end=\"721\">3.2L Gefrierzylinder<\/strong>, Der 6338AB-C gew\u00e4hrleistet eine glatte, cremige Textur mit gleichbleibender Qualit\u00e4t. Sein h\u00f6heres Geh\u00e4usedesign erm\u00f6glicht eine schlanke Stellfl\u00e4che und bietet gleichzeitig einfache Bedienung und Wartung.<\/p>\n<hr data-start=\"935\" data-end=\"938\" \/>\n<h3 data-start=\"900\" data-end=\"918\">Wesentliche Merkmale<\/h3>\n<ul data-start=\"919\" data-end=\"1835\">\n<li data-start=\"919\" data-end=\"1016\">\n<p data-start=\"921\" data-end=\"1016\"><strong data-start=\"921\" data-end=\"949\">Einzel-Aroma-Dosierung<\/strong> - Perfekt f\u00fcr optimierte Men\u00fcs und eine konsistente Produktlieferung.<\/p>\n<\/li>\n<li data-start=\"1017\" data-end=\"1126\">\n<p data-start=\"1019\" data-end=\"1126\"><strong data-start=\"1019\" data-end=\"1038\">Zuverl\u00e4ssige Leistung<\/strong> - Produziert bis zu <strong data-start=\"1056\" data-end=\"1087\">400 Portionen (80 g) pro Stunde<\/strong>, ideal f\u00fcr Betriebe mit mittlerem Bedarf.<\/p>\n<\/li>\n<li data-start=\"1127\" data-end=\"1232\">\n<p data-start=\"1129\" data-end=\"1232\"><strong data-start=\"1129\" data-end=\"1160\">Effiziente Gefrierzylinder<\/strong> - 1 \u00d7 3,2-Liter-Zylinder f\u00fcr schnelle Erholung und weiche Soft-Serve-Textur.<\/p>\n<\/li>\n<li data-start=\"1233\" data-end=\"1321\">\n<p data-start=\"1235\" data-end=\"1321\"><strong data-start=\"1235\" data-end=\"1258\">Gek\u00fchlter Trichter<\/strong> - Der 10-Liter-Beh\u00e4lter h\u00e4lt die Mischung den ganzen Tag \u00fcber k\u00fchl und frisch.<\/p>\n<\/li>\n<li data-start=\"1322\" data-end=\"1439\">\n<p data-start=\"1324\" data-end=\"1439\"><strong data-start=\"1324\" data-end=\"1358\">Benutzerfreundliche digitale Bedienelemente<\/strong> - \u00dcberwachen und regulieren Sie Produktkonsistenz, Temperatur und Leistung auf einfache Weise.<\/p>\n<\/li>\n<li data-start=\"1440\" data-end=\"1521\">\n<p data-start=\"1442\" data-end=\"1521\"><strong data-start=\"1442\" data-end=\"1469\">Standby- und Abtaumodus<\/strong> - Verbessert den Komfort, die Reinigung und die Lebensmittelsicherheit.<\/p>\n<\/li>\n<li data-start=\"1522\" data-end=\"1639\">\n<p data-start=\"1524\" data-end=\"1639\"><strong data-start=\"1524\" data-end=\"1543\">Sicherheitsmerkmale<\/strong> - Warnung bei niedrigem Mischungsverh\u00e4ltnis, \u00dcberlastungsschutz und Temperatursicherungen gew\u00e4hrleisten einen zuverl\u00e4ssigen Betrieb.<\/p>\n<\/li>\n<li data-start=\"1640\" data-end=\"1746\">\n<p data-start=\"1642\" data-end=\"1746\"><strong data-start=\"1642\" data-end=\"1675\">Langlebige Konstruktion aus Edelstahl<\/strong> - Schlankes, vertikales Geh\u00e4usedesign f\u00fcr Langlebigkeit und Platzersparnis.<\/p>\n<\/li>\n<li data-start=\"1747\" data-end=\"1835\">\n<p data-start=\"1749\" data-end=\"1835\"><strong data-start=\"1749\" data-end=\"1770\">Verf\u00fcgbare Optionen<\/strong> - Wassergek\u00fchltes System und Luftschacht f\u00fcr flexible Installation.<\/p>\n<\/li>\n<\/ul>\n<hr data-start=\"935\" data-end=\"938\" \/>\n<h3 data-start=\"1837\" data-end=\"1857\">Spezifikationen<\/h3>\n<table>\n<thead>\n<tr>\n<th>Merkmal<\/th>\n<th>Einzelheiten<\/th>\n<\/tr>\n<\/thead>\n<tbody>\n<tr>\n<td><strong>Geschm\u00e4cker<\/strong><\/td>\n<td>1<\/td>\n<\/tr>\n<tr>\n<td><strong>Fassungsverm\u00f6gen (80g)<\/strong><\/td>\n<td>400 Aufschl\u00e4ge\/Stunde<\/td>\n<\/tr>\n<tr>\n<td><strong>Zylinder<\/strong><\/td>\n<td>1 \u00d7 3.2L<\/td>\n<\/tr>\n<tr>\n<td><strong>Trichter<\/strong><\/td>\n<td>1 \u00d7 10L<\/td>\n<\/tr>\n<tr>\n<td><strong>Leistung (50Hz \/ 60Hz)<\/strong><\/td>\n<td>2,9kW \/ 3,1kW<\/td>\n<\/tr>\n<tr>\n<td><strong>Netto-\/Schiffsgewicht (kg)<\/strong><\/td>\n<td>188 \/ 198<\/td>\n<\/tr>\n<tr>\n<td><strong>Nettoabmessungen (mm)<\/strong><\/td>\n<td>444 \u00d7 680 \u00d7 1543<\/td>\n<\/tr>\n<tr>\n<td><strong>Schiffsabmessungen (mm)<\/strong><\/td>\n<td>520 \u00d7 860 \u00d7 1680<\/td>\n<\/tr>\n<tr>\n<td><strong>Stromversorgung<\/strong><\/td>\n<td>380V\/3Ph\/50Hz, 220V\/3Ph\/60Hz<\/td>\n<\/tr>\n<tr>\n<td><strong>Verf\u00fcgbare Optionen<\/strong><\/td>\n<td>Wassergek\u00fchlt, Luftschacht<\/td>\n<\/tr>\n<\/tbody>\n<\/table>","protected":false},"excerpt":{"rendered":"<p>The Spaceman 6338AB-C is a high-efficiency, single-flavor soft serve freezer engineered for operators who need reliable output in a space-saving vertical design. Capable of producing up to 400 servings (80g) per hour, this model is an excellent choice for caf\u00e9s, small ice cream shops, restaurants, and convenience stores that want to serve premium-quality soft serve [&hellip;]<\/p>\n","protected":false},"featured_media":6895,"comment_status":"open","ping_status":"closed","template":"","meta":[],"product_brand":[],"product_cat":[33],"product_tag":[],"class_list":{"0":"post-6894","1":"product","2":"type-product","3":"status-publish","4":"has-post-thumbnail","6":"product_cat-elite-series","8":"first","9":"instock","10":"shipping-taxable","11":"product-type-simple"},"_links":{"self":[{"href":"https:\/\/dersuessestopp.com\/de_at\/wp-json\/wp\/v2\/product\/6894","targetHints":{"allow":["GET"]}}],"collection":[{"href":"https:\/\/dersuessestopp.com\/de_at\/wp-json\/wp\/v2\/product"}],"about":[{"href":"https:\/\/dersuessestopp.com\/de_at\/wp-json\/wp\/v2\/types\/product"}],"replies":[{"embeddable":true,"href":"https:\/\/dersuessestopp.com\/de_at\/wp-json\/wp\/v2\/comments?post=6894"}],"version-history":[{"count":2,"href":"https:\/\/dersuessestopp.com\/de_at\/wp-json\/wp\/v2\/product\/6894\/revisions"}],"predecessor-version":[{"id":6897,"href":"https:\/\/dersuessestopp.com\/de_at\/wp-json\/wp\/v2\/product\/6894\/revisions\/6897"}],"wp:featuredmedia":[{"embeddable":true,"href":"https:\/\/dersuessestopp.com\/de_at\/wp-json\/wp\/v2\/media\/6895"}],"wp:attachment":[{"href":"https:\/\/dersuessestopp.com\/de_at\/wp-json\/wp\/v2\/media?parent=6894"}],"wp:term":[{"taxonomy":"product_brand","embeddable":true,"href":"https:\/\/dersuessestopp.com\/de_at\/wp-json\/wp\/v2\/product_brand?post=6894"},{"taxonomy":"product_cat","embeddable":true,"href":"https:\/\/dersuessestopp.com\/de_at\/wp-json\/wp\/v2\/product_cat?post=6894"},{"taxonomy":"product_tag","embeddable":true,"href":"https:\/\/dersuessestopp.com\/de_at\/wp-json\/wp\/v2\/product_tag?post=6894"}],"curies":[{"name":"wp","href":"https:\/\/api.w.org\/{rel}","templated":true}]}}