{"id":6883,"date":"2025-08-29T04:55:02","date_gmt":"2025-08-29T04:55:02","guid":{"rendered":"https:\/\/dersuessestopp.com\/?post_type=product&#038;p=6883"},"modified":"2025-08-29T09:39:38","modified_gmt":"2025-08-29T09:39:38","slug":"3l-kommerzielle-slushy-maschine-patty-perfekt-fur-eiskaffee-granita-gefrorene-getranke","status":"publish","type":"product","link":"https:\/\/dersuessestopp.com\/de_at\/product\/3l-commercial-slushy-maker-patty-perfect-for-iced-coffee-granita-frozen-drinks\/","title":{"rendered":"3L Commercial Slushy Maker Patty - Perfekt f\u00fcr Eiskaffee, Granita &amp; gefrorene Getr\u00e4nke"},"content":{"rendered":"<p data-start=\"247\" data-end=\"605\">Die <strong data-start=\"251\" data-end=\"277\">Patty 3.0 Slushy-Maschine<\/strong> ist eine kompakte und dennoch leistungsstarke L\u00f6sung f\u00fcr Caf\u00e9s, Bars, Eisdielen und Cateringdienste. Ausgestattet mit einem <strong data-start=\"382\" data-end=\"406\">3L-Doppelschichttank<\/strong> und eine <strong data-start=\"413\" data-end=\"458\">langlebiger Verdampfer aus rostfreiem Stahl SUS304<\/strong>, Er sorgt f\u00fcr eine schnelle und effiziente K\u00fchlung, kristallklare Sicht und reduzierte Kondensation f\u00fcr eine attraktive Pr\u00e4sentation Ihrer gefrorenen Getr\u00e4nke.<\/p>\n<hr data-start=\"607\" data-end=\"610\" \/>\n<h2 data-start=\"612\" data-end=\"640\">Hauptmerkmale und Vorteile<\/h2>\n<p data-start=\"642\" data-end=\"657\"><strong data-start=\"642\" data-end=\"655\">Kapazit\u00e4t:<\/strong><\/p>\n<ul data-start=\"658\" data-end=\"815\">\n<li data-start=\"658\" data-end=\"675\">\n<p data-start=\"660\" data-end=\"675\">Netto: 2 Liter<\/p>\n<\/li>\n<li data-start=\"676\" data-end=\"815\">\n<p data-start=\"678\" data-end=\"815\">Brutto: 3 Liter<br data-start=\"693\" data-end=\"696\" \/>Gen\u00fcgend Platz, um eine gro\u00dfe Auswahl an gefrorenen Getr\u00e4nken wie Granita, gefrorene Cocktails, Eiskaffee und Fruchtslush zu servieren.<\/p>\n<\/li>\n<\/ul>\n<p data-start=\"817\" data-end=\"840\"><strong data-start=\"817\" data-end=\"838\">Schnelle Vorbereitung:<\/strong><\/p>\n<ul data-start=\"841\" data-end=\"970\">\n<li data-start=\"841\" data-end=\"877\">\n<p data-start=\"843\" data-end=\"877\">Einfach <strong data-start=\"848\" data-end=\"862\">15 Minuten<\/strong> f\u00fcr Slushies<\/p>\n<\/li>\n<li data-start=\"878\" data-end=\"970\">\n<p data-start=\"880\" data-end=\"970\">Einfach <strong data-start=\"885\" data-end=\"899\">25 Minuten<\/strong> f\u00fcr Getr\u00e4nke auf Sahnebasis<br data-start=\"922\" data-end=\"925\" \/>Schneller Service f\u00fcr stark nachgefragte Umgebungen.<\/p>\n<\/li>\n<\/ul>\n<p data-start=\"972\" data-end=\"1090\"><strong data-start=\"972\" data-end=\"1009\">Temperaturbereich -8 \u00b0C bis +6 \u00b0C:<\/strong><br data-start=\"1009\" data-end=\"1012\" \/>Bietet die perfekte K\u00fchlung f\u00fcr Slush-Getr\u00e4nke, ohne zu \u00fcberfrieren.<\/p>\n<p data-start=\"1092\" data-end=\"1129\"><strong data-start=\"1092\" data-end=\"1127\">Leiser Betrieb und LED-Beleuchtung:<\/strong><\/p>\n<ul data-start=\"1130\" data-end=\"1286\">\n<li data-start=\"1130\" data-end=\"1191\">\n<p data-start=\"1132\" data-end=\"1191\">Ger\u00e4uschpegel unter <strong data-start=\"1150\" data-end=\"1162\">60 dB(A)<\/strong> - ideal f\u00fcr Caf\u00e9s und Bars<\/p>\n<\/li>\n<li data-start=\"1192\" data-end=\"1286\">\n<p data-start=\"1194\" data-end=\"1286\">Eingebaute LED-Beleuchtung sorgt f\u00fcr ein modernes, stilvolles Aussehen und setzt die Getr\u00e4nke sch\u00f6n in Szene<\/p>\n<\/li>\n<\/ul>\n<p data-start=\"1288\" data-end=\"1327\"><strong data-start=\"1288\" data-end=\"1325\">Langlebige Konstruktion und zuverl\u00e4ssige K\u00fchlung:<\/strong><\/p>\n<ul data-start=\"1328\" data-end=\"1500\">\n<li data-start=\"1328\" data-end=\"1383\">\n<p data-start=\"1330\" data-end=\"1383\"><strong data-start=\"1330\" data-end=\"1367\">Verdampfer aus SUS304-Edelstahl<\/strong> f\u00fcr Langlebigkeit<\/p>\n<\/li>\n<li data-start=\"1384\" data-end=\"1421\">\n<p data-start=\"1386\" data-end=\"1421\">Hochwertiges ABS-Au\u00dfengeh\u00e4use<\/p>\n<\/li>\n<li data-start=\"1422\" data-end=\"1500\">\n<p data-start=\"1424\" data-end=\"1500\">Der doppelschichtige Tank minimiert die Kondensation und h\u00e4lt die optimale Temperatur<\/p>\n<\/li>\n<\/ul>\n<p data-start=\"1502\" data-end=\"1655\"><strong data-start=\"1502\" data-end=\"1526\">Einfach zu benutzen und zu reinigen:<\/strong><br data-start=\"1526\" data-end=\"1529\" \/>Die einfache Bedienung, die kompakte Gr\u00f6\u00dfe und die leicht zug\u00e4nglichen Komponenten machen diesen Slushy-Maker perfekt f\u00fcr den professionellen, t\u00e4glichen Gebrauch.<\/p>\n<p data-start=\"1657\" data-end=\"1681\"><strong data-start=\"1657\" data-end=\"1679\">Zertifizierte Qualit\u00e4t:<\/strong><\/p>\n<ul data-start=\"1682\" data-end=\"1775\">\n<li data-start=\"1682\" data-end=\"1775\">\n<p data-start=\"1684\" data-end=\"1775\">CE, LFBG, EU LEBENSMITTELECHT<br data-start=\"1707\" data-end=\"1710\" \/>Gew\u00e4hrleistung der h\u00f6chsten Sicherheits-, Hygiene- und Lebensmittelstandards.<\/p>\n<\/li>\n<\/ul>\n<hr data-start=\"1777\" data-end=\"1780\" \/>\n<h2 data-start=\"1782\" data-end=\"1799\">Anwendungen<\/h2>\n<ul data-start=\"1801\" data-end=\"2131\">\n<li data-start=\"1801\" data-end=\"1913\">\n<p data-start=\"1803\" data-end=\"1913\"><strong data-start=\"1803\" data-end=\"1834\">Granita und gefrorene Cocktails:<\/strong> Servieren Sie erfrischende Granita nach italienischer Art und kreative Frozen-Cocktail-Rezepte.<\/p>\n<\/li>\n<li data-start=\"1914\" data-end=\"1994\">\n<p data-start=\"1916\" data-end=\"1994\"><strong data-start=\"1916\" data-end=\"1945\">Eiskaffee und Milchshakes:<\/strong> Ein Muss f\u00fcr Caf\u00e9s und Sommermen\u00fcs.<\/p>\n<\/li>\n<li data-start=\"1995\" data-end=\"2131\">\n<p data-start=\"1997\" data-end=\"2131\"><strong data-start=\"1997\" data-end=\"2019\">Catering &amp; Veranstaltungen:<\/strong> Perfekt f\u00fcr Caf\u00e9s, Bars, Eisdielen, Buffets und Veranstaltungen im Freien - immer mit gleichbleibender Qualit\u00e4t.<\/p>\n<\/li>\n<\/ul>\n<hr data-start=\"2133\" data-end=\"2136\" \/>\n<h2 data-start=\"2138\" data-end=\"2179\"><strong data-start=\"185\" data-end=\"201\">Spezifikationen<\/strong><\/h2>\n<table>\n<thead>\n<tr>\n<th>Spezifikation<\/th>\n<th>Einzelheiten<\/th>\n<\/tr>\n<\/thead>\n<tbody>\n<tr>\n<td><strong>Tankvolumen<\/strong><\/td>\n<td>3L (empfohlen: 1,5L Sahne \/ 2,0L Slushy)<\/td>\n<\/tr>\n<tr>\n<td><strong>\u00c4u\u00dfere Abmessungen<\/strong><\/td>\n<td>196 \u00d7 500 \u00d7 453 mm<\/td>\n<\/tr>\n<tr>\n<td><strong>Verpackung Gr\u00f6\u00dfe<\/strong><\/td>\n<td>258 \u00d7 549 \u00d7 507 mm<\/td>\n<\/tr>\n<tr>\n<td><strong>Netto-\/Bruttogewicht<\/strong><\/td>\n<td>15,3 \/ 16,7 kg<\/td>\n<\/tr>\n<tr>\n<td><strong>Spannung \/ Frequenz<\/strong><\/td>\n<td>220-240V \/ 50Hz<\/td>\n<\/tr>\n<tr>\n<td><strong>K\u00e4ltemittel<\/strong><\/td>\n<td>R290<\/td>\n<\/tr>\n<tr>\n<td><strong>Stromverbrauch<\/strong><\/td>\n<td>240W<\/td>\n<\/tr>\n<\/tbody>\n<\/table>","protected":false},"excerpt":{"rendered":"<p>The Patty 3.0 Slushy Maker is a compact yet powerful solution for caf\u00e9s, bars, ice cream shops, and catering services. Featuring a 3L double-layer tank and a durable SUS304 stainless steel evaporator, it ensures fast and efficient cooling, crystal-clear visibility, and reduced condensation for an attractive presentation of your frozen drinks. Key Features &amp; Benefits [&hellip;]<\/p>\n","protected":false},"featured_media":6886,"comment_status":"open","ping_status":"closed","template":"","meta":[],"product_brand":[],"product_cat":[34],"product_tag":[],"class_list":{"0":"post-6883","1":"product","2":"type-product","3":"status-publish","4":"has-post-thumbnail","6":"product_cat-slush-machines","8":"first","9":"instock","10":"shipping-taxable","11":"product-type-simple"},"_links":{"self":[{"href":"https:\/\/dersuessestopp.com\/de_at\/wp-json\/wp\/v2\/product\/6883","targetHints":{"allow":["GET"]}}],"collection":[{"href":"https:\/\/dersuessestopp.com\/de_at\/wp-json\/wp\/v2\/product"}],"about":[{"href":"https:\/\/dersuessestopp.com\/de_at\/wp-json\/wp\/v2\/types\/product"}],"replies":[{"embeddable":true,"href":"https:\/\/dersuessestopp.com\/de_at\/wp-json\/wp\/v2\/comments?post=6883"}],"version-history":[{"count":4,"href":"https:\/\/dersuessestopp.com\/de_at\/wp-json\/wp\/v2\/product\/6883\/revisions"}],"predecessor-version":[{"id":6974,"href":"https:\/\/dersuessestopp.com\/de_at\/wp-json\/wp\/v2\/product\/6883\/revisions\/6974"}],"wp:featuredmedia":[{"embeddable":true,"href":"https:\/\/dersuessestopp.com\/de_at\/wp-json\/wp\/v2\/media\/6886"}],"wp:attachment":[{"href":"https:\/\/dersuessestopp.com\/de_at\/wp-json\/wp\/v2\/media?parent=6883"}],"wp:term":[{"taxonomy":"product_brand","embeddable":true,"href":"https:\/\/dersuessestopp.com\/de_at\/wp-json\/wp\/v2\/product_brand?post=6883"},{"taxonomy":"product_cat","embeddable":true,"href":"https:\/\/dersuessestopp.com\/de_at\/wp-json\/wp\/v2\/product_cat?post=6883"},{"taxonomy":"product_tag","embeddable":true,"href":"https:\/\/dersuessestopp.com\/de_at\/wp-json\/wp\/v2\/product_tag?post=6883"}],"curies":[{"name":"wp","href":"https:\/\/api.w.org\/{rel}","templated":true}]}}