{"id":6686,"date":"2025-08-28T06:44:51","date_gmt":"2025-08-28T06:44:51","guid":{"rendered":"https:\/\/dersuessestopp.com\/?post_type=product&#038;p=6686"},"modified":"2025-08-28T06:44:51","modified_gmt":"2025-08-28T06:44:51","slug":"slush-maschine-modell-xsc-3-3-behalter-je-15l-mit-led-beleuchtung","status":"publish","type":"product","link":"https:\/\/dersuessestopp.com\/de_at\/product\/slush-machine-model-xsc-3-3-tanks-15l-each-with-led-light\/","title":{"rendered":"Slush-Maschine - Modell XSC-3 (3 Tanks, je 15L, mit LED-Licht)"},"content":{"rendered":"<p data-start=\"253\" data-end=\"621\">Die <strong data-start=\"257\" data-end=\"280\">XSC-3 Slush-Maschine<\/strong> ist die ultimative Wahl f\u00fcr den Getr\u00e4nkeservice in gro\u00dfen Mengen. Mit <strong data-start=\"343\" data-end=\"367\">drei 15-Liter-Tanks<\/strong> und <strong data-start=\"372\" data-end=\"399\">integrierte LED-Beleuchtung<\/strong>, Sie bietet eine maximale Kapazit\u00e4t, mehrere Geschmacksoptionen und eine auff\u00e4llige Pr\u00e4sentation. Diese Maschine wurde f\u00fcr Restaurants, Caf\u00e9s, Bars, Vergn\u00fcgungsparks und Gro\u00dfveranstaltungen entwickelt und garantiert h\u00f6chste Leistung und Kundenzufriedenheit.<\/p>\n<h4 data-start=\"623\" data-end=\"642\">Wesentliche Merkmale<\/h4>\n<ul data-start=\"643\" data-end=\"1309\">\n<li data-start=\"643\" data-end=\"755\">\n<p data-start=\"645\" data-end=\"755\"><strong data-start=\"645\" data-end=\"662\">LED-Beleuchtung:<\/strong> Erzeugt ein attraktives Display, das Ihre Getr\u00e4nke hervorhebt und die Aufmerksamkeit der Kunden auf sich zieht.<\/p>\n<\/li>\n<li data-start=\"756\" data-end=\"846\">\n<p data-start=\"758\" data-end=\"846\"><strong data-start=\"758\" data-end=\"783\">Dreifache Tankkapazit\u00e4t:<\/strong> Drei 15-Liter-Tanks erm\u00f6glichen es Ihnen, mehrere Geschmacksrichtungen auf einmal zu servieren.<\/p>\n<\/li>\n<li data-start=\"847\" data-end=\"932\">\n<p data-start=\"849\" data-end=\"932\"><strong data-start=\"849\" data-end=\"870\">Hohe Leistung:<\/strong> 900-W-Motor mit leistungsstarker K\u00fchlung, gebaut f\u00fcr den harten Einsatz.<\/p>\n<\/li>\n<li data-start=\"933\" data-end=\"1044\">\n<p data-start=\"935\" data-end=\"1044\"><strong data-start=\"935\" data-end=\"964\">Flexible Spannungsoptionen:<\/strong> Kompatibel mit 220V\/50Hz, 60Hz, und 110V\/60Hz - geeignet f\u00fcr globale M\u00e4rkte.<\/p>\n<\/li>\n<li data-start=\"1045\" data-end=\"1126\">\n<p data-start=\"1047\" data-end=\"1126\"><strong data-start=\"1047\" data-end=\"1067\">Optimale K\u00fchlung:<\/strong> Unterh\u00e4lt <strong data-start=\"1078\" data-end=\"1094\">-1\u00b0C bis -4\u00b0C<\/strong> f\u00fcr eine einheitliche Slush-Textur.<\/p>\n<\/li>\n<li data-start=\"1127\" data-end=\"1217\">\n<p data-start=\"1129\" data-end=\"1217\"><strong data-start=\"1129\" data-end=\"1154\">Langlebige Konstruktion:<\/strong> Gebaut aus robusten Materialien f\u00fcr den langj\u00e4hrigen kommerziellen Einsatz.<\/p>\n<\/li>\n<li data-start=\"1218\" data-end=\"1309\">\n<p data-start=\"1220\" data-end=\"1309\"><strong data-start=\"1220\" data-end=\"1253\">Gro\u00dfes Fassungsverm\u00f6gen, intelligentes Design:<\/strong> Trotz seiner Gr\u00f6\u00dfe passt er problemlos auf die meisten Arbeitsplatten.<\/p>\n<\/li>\n<\/ul>\n<h4 data-start=\"1311\" data-end=\"1330\">Anwendungen<\/h4>\n<p data-start=\"1331\" data-end=\"1360\">Die <strong data-start=\"1335\" data-end=\"1344\">XSC-3<\/strong> ist ideal f\u00fcr:<\/p>\n<ul data-start=\"1361\" data-end=\"1436\">\n<li data-start=\"1361\" data-end=\"1380\">\n<p data-start=\"1363\" data-end=\"1380\">Slush &amp; Granita<\/p>\n<\/li>\n<li data-start=\"1381\" data-end=\"1401\">\n<p data-start=\"1383\" data-end=\"1401\">Gefrorene Cocktails<\/p>\n<\/li>\n<li data-start=\"1402\" data-end=\"1436\">\n<p data-start=\"1404\" data-end=\"1436\">Milchshakes und gek\u00fchlte Getr\u00e4nke<\/p>\n<\/li>\n<\/ul>\n<h4 data-start=\"1438\" data-end=\"1466\">Qualit\u00e4t und Verl\u00e4sslichkeit<\/h4>\n<p data-start=\"1467\" data-end=\"1681\">Der XSC-3 wurde f\u00fcr stark beanspruchte Umgebungen entwickelt und kombiniert <strong data-start=\"1528\" data-end=\"1579\">hohe Kapazit\u00e4t, Haltbarkeit und LED-Pr\u00e4sentation<\/strong> um Leistung und Stil in einem zu vereinen. Eine erstklassige L\u00f6sung f\u00fcr jeden professionellen Getr\u00e4nkehandel.<\/p>\n<h4 data-start=\"1438\" data-end=\"1466\">Spezifikation<\/h4>\n<table>\n<thead>\n<tr>\n<th><strong>Modell<\/strong><\/th>\n<th><strong>XSC-3 (mit LED-Licht)<\/strong><\/th>\n<\/tr>\n<\/thead>\n<tbody>\n<tr>\n<td><strong>Kapazit\u00e4t<\/strong><\/td>\n<td>3 \u00d7 15L<\/td>\n<\/tr>\n<tr>\n<td><strong>Spannung<\/strong><\/td>\n<td>220V \/ 50Hz, 60Hz \/ 110V 60Hz<\/td>\n<\/tr>\n<tr>\n<td><strong>Strom<\/strong><\/td>\n<td>900W<\/td>\n<\/tr>\n<tr>\n<td><strong>K\u00fchlung Temperatur<\/strong><\/td>\n<td>-1\u00b0C ~ -4\u00b0C<\/td>\n<\/tr>\n<tr>\n<td><strong>Nettoabmessungen (B \u00d7 T \u00d7 H)<\/strong><\/td>\n<td>545 \u00d7 475 \u00d7 720 mm<\/td>\n<\/tr>\n<tr>\n<td><strong>Abmessungen der Verpackung (B \u00d7 T \u00d7 H)<\/strong><\/td>\n<td>615 \u00d7 545 \u00d7 800 mm<\/td>\n<\/tr>\n<tr>\n<td><strong>Nettogewicht (N.W.)<\/strong><\/td>\n<td>53 kg<\/td>\n<\/tr>\n<tr>\n<td><strong>Bruttogewicht (G.W.)<\/strong><\/td>\n<td>70 kg<\/td>\n<\/tr>\n<\/tbody>\n<\/table>","protected":false},"excerpt":{"rendered":"<p>The XSC-3 Slush Machine is the ultimate choice for high-volume beverage service. With three 15-liter tanks and integrated LED lighting, it offers maximum capacity, multiple flavor options, and an eye-catching presentation. Designed for restaurants, caf\u00e9s, bars, amusement parks, and large events, this machine ensures top performance and customer appeal. Key Features LED Lighting: Creates an [&hellip;]<\/p>\n","protected":false},"featured_media":6689,"comment_status":"open","ping_status":"closed","template":"","meta":[],"product_brand":[],"product_cat":[34],"product_tag":[],"class_list":{"0":"post-6686","1":"product","2":"type-product","3":"status-publish","4":"has-post-thumbnail","6":"product_cat-slush-machines","8":"first","9":"instock","10":"shipping-taxable","11":"product-type-simple"},"_links":{"self":[{"href":"https:\/\/dersuessestopp.com\/de_at\/wp-json\/wp\/v2\/product\/6686","targetHints":{"allow":["GET"]}}],"collection":[{"href":"https:\/\/dersuessestopp.com\/de_at\/wp-json\/wp\/v2\/product"}],"about":[{"href":"https:\/\/dersuessestopp.com\/de_at\/wp-json\/wp\/v2\/types\/product"}],"replies":[{"embeddable":true,"href":"https:\/\/dersuessestopp.com\/de_at\/wp-json\/wp\/v2\/comments?post=6686"}],"version-history":[{"count":1,"href":"https:\/\/dersuessestopp.com\/de_at\/wp-json\/wp\/v2\/product\/6686\/revisions"}],"predecessor-version":[{"id":6690,"href":"https:\/\/dersuessestopp.com\/de_at\/wp-json\/wp\/v2\/product\/6686\/revisions\/6690"}],"wp:featuredmedia":[{"embeddable":true,"href":"https:\/\/dersuessestopp.com\/de_at\/wp-json\/wp\/v2\/media\/6689"}],"wp:attachment":[{"href":"https:\/\/dersuessestopp.com\/de_at\/wp-json\/wp\/v2\/media?parent=6686"}],"wp:term":[{"taxonomy":"product_brand","embeddable":true,"href":"https:\/\/dersuessestopp.com\/de_at\/wp-json\/wp\/v2\/product_brand?post=6686"},{"taxonomy":"product_cat","embeddable":true,"href":"https:\/\/dersuessestopp.com\/de_at\/wp-json\/wp\/v2\/product_cat?post=6686"},{"taxonomy":"product_tag","embeddable":true,"href":"https:\/\/dersuessestopp.com\/de_at\/wp-json\/wp\/v2\/product_tag?post=6686"}],"curies":[{"name":"wp","href":"https:\/\/api.w.org\/{rel}","templated":true}]}}