{"id":6661,"date":"2025-08-28T06:17:12","date_gmt":"2025-08-28T06:17:12","guid":{"rendered":"https:\/\/dersuessestopp.com\/?post_type=product&#038;p=6661"},"modified":"2025-08-28T06:17:12","modified_gmt":"2025-08-28T06:17:12","slug":"slush-maschine-modell-sc-3-3-behalter-je-12l","status":"publish","type":"product","link":"https:\/\/dersuessestopp.com\/de_at\/product\/slush-machine-model-sc-3-3-tanks-12l-each\/","title":{"rendered":"Slush-Maschine - Modell SC-3 (3 Tanks, je 12 l)"},"content":{"rendered":"<p data-start=\"228\" data-end=\"563\">Sie m\u00f6chten eine gro\u00dfe Auswahl an Geschmacksrichtungen mit hoher Kapazit\u00e4t servieren? Der <strong data-start=\"292\" data-end=\"314\">SC-3 Slush-Maschine<\/strong> wurde f\u00fcr Veranstaltungsorte entwickelt, an denen Leistung und Vielseitigkeit gefragt sind. Mit <strong data-start=\"384\" data-end=\"408\">drei 12-Liter-Tanks<\/strong>, Mit diesem Ger\u00e4t k\u00f6nnen Sie mehrere Geschmacksrichtungen gleichzeitig zubereiten und servieren, was es ideal f\u00fcr Restaurants, Caf\u00e9s, Bars, Vergn\u00fcgungsparks und gro\u00dfe Veranstaltungen macht.<\/p>\n<h4 data-start=\"565\" data-end=\"584\">Wesentliche Merkmale<\/h4>\n<ul data-start=\"585\" data-end=\"1143\">\n<li data-start=\"585\" data-end=\"669\">\n<p data-start=\"587\" data-end=\"669\"><strong data-start=\"587\" data-end=\"610\">Dreifach-Tank-Design:<\/strong> Drei 12-Liter-Tanks f\u00fcr maximale Kapazit\u00e4t und Geschmacksvielfalt.<\/p>\n<\/li>\n<li data-start=\"670\" data-end=\"752\">\n<p data-start=\"672\" data-end=\"752\"><strong data-start=\"672\" data-end=\"693\">Hohe Leistung:<\/strong> 900-Watt-Motor mit einem leistungsstarken und effizienten K\u00fchlsystem.<\/p>\n<\/li>\n<li data-start=\"753\" data-end=\"862\">\n<p data-start=\"755\" data-end=\"862\"><strong data-start=\"755\" data-end=\"784\">Flexible Spannungsoptionen:<\/strong> Funktioniert mit 220V\/50Hz, 60Hz und 110V\/60Hz - geeignet f\u00fcr den internationalen Einsatz.<\/p>\n<\/li>\n<li data-start=\"863\" data-end=\"956\">\n<p data-start=\"865\" data-end=\"956\"><strong data-start=\"865\" data-end=\"885\">Optimale K\u00fchlung:<\/strong> Temperaturbereich von <strong data-start=\"907\" data-end=\"923\">-1\u00b0C bis -4\u00b0C<\/strong> f\u00fcr eine perfekte Slush-Konsistenz.<\/p>\n<\/li>\n<li data-start=\"957\" data-end=\"1043\">\n<p data-start=\"959\" data-end=\"1043\"><strong data-start=\"959\" data-end=\"982\">Langlebig und zuverl\u00e4ssig:<\/strong> Hergestellt aus hochwertigen Materialien f\u00fcr den intensiven t\u00e4glichen Gebrauch.<\/p>\n<\/li>\n<li data-start=\"1044\" data-end=\"1143\">\n<p data-start=\"1046\" data-end=\"1143\"><strong data-start=\"1046\" data-end=\"1079\">Platzsparend f\u00fcr seine Gr\u00f6\u00dfe:<\/strong> Trotz seines Fassungsverm\u00f6gens passt er problemlos auf eine Standard-Arbeitsplatte.<\/p>\n<\/li>\n<\/ul>\n<h4 data-start=\"1145\" data-end=\"1164\">Anwendungen<\/h4>\n<p data-start=\"1165\" data-end=\"1203\">Die <strong data-start=\"1169\" data-end=\"1177\">SC-3<\/strong> ist perfekt zum Servieren:<\/p>\n<ul data-start=\"1204\" data-end=\"1279\">\n<li data-start=\"1204\" data-end=\"1223\">\n<p data-start=\"1206\" data-end=\"1223\">Slush &amp; Granita<\/p>\n<\/li>\n<li data-start=\"1224\" data-end=\"1244\">\n<p data-start=\"1226\" data-end=\"1244\">Gefrorene Cocktails<\/p>\n<\/li>\n<li data-start=\"1245\" data-end=\"1279\">\n<p data-start=\"1247\" data-end=\"1279\">Milchshakes und gek\u00fchlte Getr\u00e4nke<\/p>\n<\/li>\n<\/ul>\n<h4 data-start=\"1281\" data-end=\"1309\">Qualit\u00e4t und Verl\u00e4sslichkeit<\/h4>\n<p data-start=\"1310\" data-end=\"1515\">Der SC-3 wurde f\u00fcr den harten kommerziellen Einsatz entwickelt und kombiniert eine robuste Konstruktion mit einfacher Wartung und lang anhaltender Leistung. Die perfekte L\u00f6sung f\u00fcr Unternehmen, die beides ben\u00f6tigen <strong data-start=\"1488\" data-end=\"1512\">Kapazit\u00e4t und Vielfalt<\/strong>.<\/p>\n<h4 data-start=\"1281\" data-end=\"1309\">Spezifikation<\/h4>\n<table>\n<thead>\n<tr>\n<th><strong>Modell<\/strong><\/th>\n<th><strong>SC-3<\/strong><\/th>\n<\/tr>\n<\/thead>\n<tbody>\n<tr>\n<td><strong>Kapazit\u00e4t<\/strong><\/td>\n<td>3 \u00d7 12L<\/td>\n<\/tr>\n<tr>\n<td><strong>Spannung<\/strong><\/td>\n<td>220V \/ 50Hz, 60Hz \/ 110V 60Hz<\/td>\n<\/tr>\n<tr>\n<td><strong>Strom<\/strong><\/td>\n<td>900W<\/td>\n<\/tr>\n<tr>\n<td><strong>K\u00fchlung Temperatur<\/strong><\/td>\n<td>-1\u00b0C ~ -4\u00b0C<\/td>\n<\/tr>\n<tr>\n<td><strong>Nettoabmessungen (B \u00d7 T \u00d7 H)<\/strong><\/td>\n<td>545 \u00d7 475 \u00d7 700 mm<\/td>\n<\/tr>\n<tr>\n<td><strong>Abmessungen der Verpackung (B \u00d7 T \u00d7 H)<\/strong><\/td>\n<td>615 \u00d7 545 \u00d7 735 mm<\/td>\n<\/tr>\n<tr>\n<td><strong>Nettogewicht (N.W.)<\/strong><\/td>\n<td>53 kg<\/td>\n<\/tr>\n<tr>\n<td><strong>Bruttogewicht (G.W.)<\/strong><\/td>\n<td>70 kg<\/td>\n<\/tr>\n<\/tbody>\n<\/table>","protected":false},"excerpt":{"rendered":"<p>Want to serve a wide variety of flavors with high capacity? The SC-3 Slush Machine is built for busy venues that need performance and versatility. With three 12-liter tanks, it allows you to prepare and serve multiple flavors at the same time \u2013 making it ideal for restaurants, caf\u00e9s, bars, amusement parks, and large events. [&hellip;]<\/p>\n","protected":false},"featured_media":6665,"comment_status":"open","ping_status":"closed","template":"","meta":[],"product_brand":[],"product_cat":[34],"product_tag":[],"class_list":{"0":"post-6661","1":"product","2":"type-product","3":"status-publish","4":"has-post-thumbnail","6":"product_cat-slush-machines","8":"first","9":"instock","10":"shipping-taxable","11":"product-type-simple"},"_links":{"self":[{"href":"https:\/\/dersuessestopp.com\/de_at\/wp-json\/wp\/v2\/product\/6661","targetHints":{"allow":["GET"]}}],"collection":[{"href":"https:\/\/dersuessestopp.com\/de_at\/wp-json\/wp\/v2\/product"}],"about":[{"href":"https:\/\/dersuessestopp.com\/de_at\/wp-json\/wp\/v2\/types\/product"}],"replies":[{"embeddable":true,"href":"https:\/\/dersuessestopp.com\/de_at\/wp-json\/wp\/v2\/comments?post=6661"}],"version-history":[{"count":1,"href":"https:\/\/dersuessestopp.com\/de_at\/wp-json\/wp\/v2\/product\/6661\/revisions"}],"predecessor-version":[{"id":6667,"href":"https:\/\/dersuessestopp.com\/de_at\/wp-json\/wp\/v2\/product\/6661\/revisions\/6667"}],"wp:featuredmedia":[{"embeddable":true,"href":"https:\/\/dersuessestopp.com\/de_at\/wp-json\/wp\/v2\/media\/6665"}],"wp:attachment":[{"href":"https:\/\/dersuessestopp.com\/de_at\/wp-json\/wp\/v2\/media?parent=6661"}],"wp:term":[{"taxonomy":"product_brand","embeddable":true,"href":"https:\/\/dersuessestopp.com\/de_at\/wp-json\/wp\/v2\/product_brand?post=6661"},{"taxonomy":"product_cat","embeddable":true,"href":"https:\/\/dersuessestopp.com\/de_at\/wp-json\/wp\/v2\/product_cat?post=6661"},{"taxonomy":"product_tag","embeddable":true,"href":"https:\/\/dersuessestopp.com\/de_at\/wp-json\/wp\/v2\/product_tag?post=6661"}],"curies":[{"name":"wp","href":"https:\/\/api.w.org\/{rel}","templated":true}]}}