{"id":6257,"date":"2025-08-26T09:50:26","date_gmt":"2025-08-26T09:50:26","guid":{"rendered":"https:\/\/dersuessestopp.com\/?post_type=product&#038;p=6257"},"modified":"2025-08-27T08:44:55","modified_gmt":"2025-08-27T08:44:55","slug":"spaceman-6210-c-6210a-c-soft-serve-eismaschine","status":"publish","type":"product","link":"https:\/\/dersuessestopp.com\/de_at\/product\/spaceman-6210-c-6210a-c-soft-serve-ice-cream-machine\/","title":{"rendered":"Spaceman 6210-C \/ 6210A-C Softeismaschine f\u00fcr Speiseeis"},"content":{"rendered":"<p data-start=\"311\" data-end=\"691\">Die <strong data-start=\"315\" data-end=\"344\">Raumfahrer 6210-C \/ 6210A-C<\/strong> ist ein kompaktes und effizientes Gefrierger\u00e4t f\u00fcr Softdrinks, das f\u00fcr kleinere Verkaufsstellen oder Unternehmen entwickelt wurde, die eine zuverl\u00e4ssige, platzsparende L\u00f6sung suchen. Mit der F\u00e4higkeit, bis zu <strong data-start=\"513\" data-end=\"538\">360 Portionen pro Stunde<\/strong>, Diese Maschine ist ideal f\u00fcr Caf\u00e9s, Dessertshops und Restaurants, die hochwertiges Softeis, gefrorenen Joghurt, Pudding oder Sorbets anbieten m\u00f6chten.<\/p>\n<p data-start=\"693\" data-end=\"1005\">Gebaut mit <strong data-start=\"704\" data-end=\"729\">Schwerkraftzuf\u00fchrung (6210-C)<\/strong> oder <strong data-start=\"733\" data-end=\"756\">Pumpenversorgung (6210A-C)<\/strong> Optionen bietet das Ger\u00e4t eine hervorragende Vielseitigkeit je nach den betrieblichen Anforderungen. Die digitale Steuerung, die Sicherheitsvorkehrungen und die praktischen Standby-Funktionen sorgen f\u00fcr eine einfache Bedienung und gew\u00e4hrleisten jedes Mal ein gleichm\u00e4\u00dfig cremiges Produkt.<\/p>\n<hr data-start=\"1007\" data-end=\"1010\" \/>\n<h3 data-start=\"1012\" data-end=\"1030\">Wesentliche Merkmale<\/h3>\n<ul data-start=\"1031\" data-end=\"2108\">\n<li data-start=\"1031\" data-end=\"1117\">\n<p data-start=\"1033\" data-end=\"1117\"><strong data-start=\"1033\" data-end=\"1061\">Einzel-Aroma-Dosierung<\/strong> - Einfaches und kompaktes Design, ideal f\u00fcr konzentrierte Men\u00fcs.<\/p>\n<\/li>\n<li data-start=\"1118\" data-end=\"1236\">\n<p data-start=\"1120\" data-end=\"1236\"><strong data-start=\"1120\" data-end=\"1140\">Effiziente Leistung<\/strong> - Produziert bis zu <strong data-start=\"1158\" data-end=\"1180\">360 Portionen (80g)<\/strong> pro Stunde, ideal f\u00fcr Standorte mit geringer bis mittlerer Nachfrage.<\/p>\n<\/li>\n<li data-start=\"1237\" data-end=\"1325\">\n<p data-start=\"1239\" data-end=\"1325\"><strong data-start=\"1239\" data-end=\"1260\">Gefrierzylinder<\/strong> - 1 \u00d7 1,7-Liter-Zylinder f\u00fcr schnelle R\u00fcckgewinnung und gleichm\u00e4\u00dfige Textur.<\/p>\n<\/li>\n<li data-start=\"1326\" data-end=\"1411\">\n<p data-start=\"1328\" data-end=\"1411\"><strong data-start=\"1328\" data-end=\"1351\">Gek\u00fchlter Trichter<\/strong> - H\u00e4lt das Produkt frisch (12 l Fassungsverm\u00f6gen, bzw. 10 l bei Modell A).<\/p>\n<\/li>\n<li data-start=\"1412\" data-end=\"1511\">\n<p data-start=\"1414\" data-end=\"1511\"><strong data-start=\"1414\" data-end=\"1433\">Trichterr\u00fchrwerk<\/strong> - Bewahrt die Produktkonsistenz und verhindert das Abl\u00f6sen w\u00e4hrend des Tages.<\/p>\n<\/li>\n<li data-start=\"1512\" data-end=\"1609\">\n<p data-start=\"1514\" data-end=\"1609\"><strong data-start=\"1514\" data-end=\"1534\">Digitale Steuerelemente<\/strong> - Einfach zu bedienende Schnittstelle f\u00fcr Temperatur\u00fcberwachung und Produkteinstellungen.<\/p>\n<\/li>\n<li data-start=\"1610\" data-end=\"1704\">\n<p data-start=\"1612\" data-end=\"1704\"><strong data-start=\"1612\" data-end=\"1639\">Standby- und Abtaumodus<\/strong> - Gew\u00e4hrleistet Sicherheit und Komfort w\u00e4hrend der Stillstandszeiten oder bei der Reinigung.<\/p>\n<\/li>\n<li data-start=\"1705\" data-end=\"1799\">\n<p data-start=\"1707\" data-end=\"1799\"><strong data-start=\"1707\" data-end=\"1732\">Soft-Start-Technologie<\/strong> - Verringert die Belastung der internen Komponenten und verl\u00e4ngert so die Lebensdauer der Maschine.<\/p>\n<\/li>\n<li data-start=\"1800\" data-end=\"1908\">\n<p data-start=\"1802\" data-end=\"1908\"><strong data-start=\"1802\" data-end=\"1824\">Sicherheitsvorkehrungen<\/strong> - Enth\u00e4lt eine Anzeige f\u00fcr niedrigen Mischungsgrad, Motor\u00fcberlastungsschutz und Temperatursicherungen.<\/p>\n<\/li>\n<li data-start=\"1909\" data-end=\"2021\">\n<p data-start=\"1911\" data-end=\"2021\"><strong data-start=\"1911\" data-end=\"1938\">Kompaktes, langlebiges Design<\/strong> - Ausf\u00fchrung aus rostfreiem Stahl und robuste Konstruktion, ideal f\u00fcr kleinere R\u00e4ume.<\/p>\n<\/li>\n<li data-start=\"2022\" data-end=\"2108\">\n<p data-start=\"2024\" data-end=\"2108\"><strong data-start=\"2024\" data-end=\"2045\">Verf\u00fcgbare Optionen<\/strong> - Wassergek\u00fchltes System und Luftschachtkonfiguration verf\u00fcgbar.<\/p>\n<\/li>\n<\/ul>\n<hr data-start=\"2110\" data-end=\"2113\" \/>\n<h3><strong>Spezifikationen<\/strong><\/h3>\n<table style=\"height: 529px\" width=\"425\">\n<tbody>\n<tr>\n<td>Geschm\u00e4cker<\/td>\n<td>1<\/td>\n<\/tr>\n<tr>\n<td>Fassungsverm\u00f6gen (80g)<\/td>\n<td>360 Aufschl\u00e4ge\/Stunde<\/td>\n<\/tr>\n<tr>\n<td>Zylinder<\/td>\n<td>1x 1.7L<\/td>\n<\/tr>\n<tr>\n<td>Trichter<\/td>\n<td>1 x 12L (10L f\u00fcr A)<\/td>\n<\/tr>\n<tr>\n<td>Leistung (50Hz \/ 60Hz)<\/td>\n<td>2,5kW \/ 2,7kW<\/td>\n<\/tr>\n<tr>\n<td>Netto-\/Schiffsgewicht (kg)<\/td>\n<td>115 \/ 127 120 \/ 132 (A)<\/td>\n<\/tr>\n<tr>\n<td>Nettoabmessungen (mm)<\/td>\n<td>384 x 720 x 846<\/td>\n<\/tr>\n<tr>\n<td>Schiffsabmessungen (mm)<\/td>\n<td>500 x 870 x 990<\/td>\n<\/tr>\n<tr>\n<td>Stromversorgung<\/td>\n<td>220V\/1Ph\/50Hz, 220V\/1Ph\/60Hz<\/td>\n<\/tr>\n<tr>\n<td>Verf\u00fcgbare Optionen<\/td>\n<td>Wassergek\u00fchlt, Luftschacht<\/td>\n<\/tr>\n<\/tbody>\n<\/table>","protected":false},"excerpt":{"rendered":"<p>The Spaceman 6210-C \/ 6210A-C is a compact and efficient soft serve freezer designed for smaller outlets or businesses looking for a reliable, space-saving solution. With the ability to serve up to 360 portions per hour, this machine is ideal for cafes, dessert shops, and restaurants that want to offer premium soft serve ice cream, [&hellip;]<\/p>\n","protected":false},"featured_media":6258,"comment_status":"open","ping_status":"closed","template":"","meta":[],"product_brand":[],"product_cat":[32],"product_tag":[],"class_list":{"0":"post-6257","1":"product","2":"type-product","3":"status-publish","4":"has-post-thumbnail","6":"product_cat-premier-series","8":"first","9":"instock","10":"shipping-taxable","11":"product-type-simple"},"_links":{"self":[{"href":"https:\/\/dersuessestopp.com\/de_at\/wp-json\/wp\/v2\/product\/6257","targetHints":{"allow":["GET"]}}],"collection":[{"href":"https:\/\/dersuessestopp.com\/de_at\/wp-json\/wp\/v2\/product"}],"about":[{"href":"https:\/\/dersuessestopp.com\/de_at\/wp-json\/wp\/v2\/types\/product"}],"replies":[{"embeddable":true,"href":"https:\/\/dersuessestopp.com\/de_at\/wp-json\/wp\/v2\/comments?post=6257"}],"version-history":[{"count":11,"href":"https:\/\/dersuessestopp.com\/de_at\/wp-json\/wp\/v2\/product\/6257\/revisions"}],"predecessor-version":[{"id":6362,"href":"https:\/\/dersuessestopp.com\/de_at\/wp-json\/wp\/v2\/product\/6257\/revisions\/6362"}],"wp:featuredmedia":[{"embeddable":true,"href":"https:\/\/dersuessestopp.com\/de_at\/wp-json\/wp\/v2\/media\/6258"}],"wp:attachment":[{"href":"https:\/\/dersuessestopp.com\/de_at\/wp-json\/wp\/v2\/media?parent=6257"}],"wp:term":[{"taxonomy":"product_brand","embeddable":true,"href":"https:\/\/dersuessestopp.com\/de_at\/wp-json\/wp\/v2\/product_brand?post=6257"},{"taxonomy":"product_cat","embeddable":true,"href":"https:\/\/dersuessestopp.com\/de_at\/wp-json\/wp\/v2\/product_cat?post=6257"},{"taxonomy":"product_tag","embeddable":true,"href":"https:\/\/dersuessestopp.com\/de_at\/wp-json\/wp\/v2\/product_tag?post=6257"}],"curies":[{"name":"wp","href":"https:\/\/api.w.org\/{rel}","templated":true}]}}