{"id":1379,"date":"2025-05-03T11:35:25","date_gmt":"2025-05-03T11:35:25","guid":{"rendered":"https:\/\/dersuessestopp.com\/product\/professionelle-softeismaschine-8255-8255a\/"},"modified":"2025-05-03T19:22:47","modified_gmt":"2025-05-03T19:22:47","slug":"professionelle-softeismaschine-8255-8255a","status":"publish","type":"product","link":"https:\/\/dersuessestopp.com\/de_at\/product\/professionelle-softeismaschine-8255-8255a\/","title":{"rendered":"Professionelle Softeismaschine 8255\/8255A"},"content":{"rendered":"<p>Willkommen in der Welt des erstklassigen Eises! Unsere professionelle Softeismaschine und Frozen-Yogurt-Maschine Modell 8255\/8255A ist die ultimative Wahl f\u00fcr Gastronomiebetriebe, die ihre Kunden mit einer Vielfalt an k\u00f6stlichen, gefrorenen Leckereien begeistern m\u00f6chten. Ausgestattet mit modernster Technologie, bietet diese Maschine nicht nur Vielseitigkeit, sondern auch Effizienz und Qualit\u00e4t bei jeder Nutzung.<\/p>\n<ul>\n<li><strong>Konstruktion:<\/strong> Bodenstehend<\/li>\n<li><strong>F\u00f6rdersystem:<\/strong> Schwerkraft-\/Luftpumpensystem<\/li>\n<li><strong>Material:<\/strong> Edelstahlpaneele<\/li>\n<li><strong>Zylinderkapazit\u00e4t:<\/strong> 2x 2 Liter<\/li>\n<li><strong>Trichterkapazit\u00e4t:<\/strong> 2x 12,5 Liter<\/li>\n<li><strong>Produktionskapazit\u00e4t:<\/strong> 55 Liter pro Stunde<\/li>\n<li><strong>Leistung:<\/strong> 3,6 kW<\/li>\n<li><strong>Besondere Merkmale:<\/strong>\n<ul>\n<li>Doppeltes unabh\u00e4ngiges Kontrollsystem<\/li>\n<li>3 Kompressoren, 2 Motoren<\/li>\n<li>Vork\u00fchlung, Standby-Funktion<\/li>\n<li>Modelle mit Luftdruck und Schwerkraft<\/li>\n<li>Ger\u00e4uscharme Inverter-Technologie mit sanftem Start<\/li>\n<li>Energieeffizient<\/li>\n<li>Entfrostung f\u00fcr die Reinigung - Heizungszylinder in 5 Minuten betriebsbereit<\/li>\n<li>Automatisch schlie\u00dfendes Ausgabeventil<\/li>\n<li>Schutzfunktionen gegen niedrige Geschwindigkeit, niedrige Temperatur, Motor\u00fcberlastung, niedrige\/hohe Spannung, hoher Druck<\/li>\n<li>Neuestes Modell mit verbesserter Technologie<\/li>\n<\/ul>\n<\/li>\n<\/ul>\n<p>Ultimative Softeismaschien - Mit dem Modell 8255\/8255A setzen Sie auf eine zukunftsweisende L\u00f6sung, die nicht nur Ihren Betrieb bereichert, sondern auch Ihren Kunden mit jeder Portion Freude bereitet. Erleben Sie die neue \u00c4ra der gefrorenen Desserts - Qualit\u00e4t, Vielfalt und Effizienz in einem Ger\u00e4t!<\/p>","protected":false},"excerpt":{"rendered":"<p>Willkommen in der Welt erstklassiges\u00a0Eises! Unsere professionelle Softeismaschine\u00a0und Frozen-Yogurt-Maschine Modell 8255\/8255A\u00a0ist die ultimative Wahl f\u00fcr Gastronomiebetriebe, die ihre Kunden mit einer Vielfalt an k\u00f6stlichen, gefrorenen Leckereien begeistern m\u00f6chten. Ausgestattet mit modernster Technologie, bietet diese Maschine nicht nur Vielseitigkeit, sondern auch Effizienz und Qualit\u00e4t bei jeder Nutzung. Konstruktion: Bodenstehend F\u00f6rdersystem: Schwerkraft-\/Luftpumpensystem Material: Edelstahlpaneele Zylinderkapazit\u00e4t: 2x 2\u00a0Liter [&hellip;]<\/p>\n","protected":false},"featured_media":1697,"comment_status":"open","ping_status":"closed","template":"","meta":[],"product_brand":[21],"product_cat":[20],"product_tag":[],"class_list":{"0":"post-1379","1":"product","2":"type-product","3":"status-publish","4":"has-post-thumbnail","6":"product_brand-der-suse-stopp","7":"product_cat-softeismaschinen","9":"first","10":"instock","11":"shipping-taxable","12":"purchasable","13":"product-type-simple"},"_links":{"self":[{"href":"https:\/\/dersuessestopp.com\/de_at\/wp-json\/wp\/v2\/product\/1379","targetHints":{"allow":["GET"]}}],"collection":[{"href":"https:\/\/dersuessestopp.com\/de_at\/wp-json\/wp\/v2\/product"}],"about":[{"href":"https:\/\/dersuessestopp.com\/de_at\/wp-json\/wp\/v2\/types\/product"}],"replies":[{"embeddable":true,"href":"https:\/\/dersuessestopp.com\/de_at\/wp-json\/wp\/v2\/comments?post=1379"}],"version-history":[{"count":0,"href":"https:\/\/dersuessestopp.com\/de_at\/wp-json\/wp\/v2\/product\/1379\/revisions"}],"wp:featuredmedia":[{"embeddable":true,"href":"https:\/\/dersuessestopp.com\/de_at\/wp-json\/wp\/v2\/media\/1697"}],"wp:attachment":[{"href":"https:\/\/dersuessestopp.com\/de_at\/wp-json\/wp\/v2\/media?parent=1379"}],"wp:term":[{"taxonomy":"product_brand","embeddable":true,"href":"https:\/\/dersuessestopp.com\/de_at\/wp-json\/wp\/v2\/product_brand?post=1379"},{"taxonomy":"product_cat","embeddable":true,"href":"https:\/\/dersuessestopp.com\/de_at\/wp-json\/wp\/v2\/product_cat?post=1379"},{"taxonomy":"product_tag","embeddable":true,"href":"https:\/\/dersuessestopp.com\/de_at\/wp-json\/wp\/v2\/product_tag?post=1379"}],"curies":[{"name":"wp","href":"https:\/\/api.w.org\/{rel}","templated":true}]}}