{"id":1373,"date":"2025-05-03T11:35:25","date_gmt":"2025-05-03T11:35:25","guid":{"rendered":"https:\/\/dersuessestopp.com\/product\/softeismaschine-nissei-na-6468-duo-power\/"},"modified":"2025-09-25T06:37:28","modified_gmt":"2025-09-25T06:37:28","slug":"softeismaschine-nissei-na-6468-duo-power","status":"publish","type":"product","link":"https:\/\/dersuessestopp.com\/de_at\/product\/softeismaschine-nissei-na-6468-duo-power\/","title":{"rendered":"Softeismaschine Nissei NA 6468 Duo Power"},"content":{"rendered":"<p><strong>Nissei NA 6468 Duo Power - General\u00fcberholt &amp; Werksgarantie - Offizieller Nissei-Vertriebspartner<\/strong><\/p>\n<p><strong>Komplett von Nissei werks\u00fcberholt<\/strong>\u00a0- kein Servicebetrieb!<\/p>\n<p><strong>Original Nissei Ersatzteile &amp; h\u00f6chste Qualit\u00e4tsstandards<\/strong><\/p>\n<p><strong>12 Monate Werksgarantie auf alle kritischen Komponenten<\/strong><\/p>\n<p><strong>Langfristige Ersatzteil- und Serviceunterst\u00fctzung<\/strong><\/p>\n<p><strong>Einsatzbereitschaft f\u00fcr die n\u00e4chsten 10 Jahre<\/strong><\/p>\n<p><strong>Technische Details<\/strong><\/p>\n<p><strong>Modell<\/strong>: Nissei NA 6468 Duo Power (mit Pumpensystem) -\u00a0<strong>general\u00fcberholt<\/strong><\/p>\n<p><strong>K\u00fchlung<\/strong>: Wassergek\u00fchlt<\/p>\n<p><strong>Kapazit\u00e4t<\/strong>2 Soft-Eis Sorten, 2x 55 Liter pro Stunde<\/p>\n<p><strong>Gefrierzylinder<\/strong>: 2 x 2,5 Liter<\/p>\n<p><strong>Mix-Tanks<\/strong>: 2 x 10 KG mit R\u00fchrwerken<\/p>\n<p><strong>Steuerung<\/strong>: Manuell \/ selbstpasteurisierend (nur alle 6 Wochen zerlegen und reinigen)<\/p>\n<p><strong>Anschluss<\/strong>: 16 Ampere Stecker f\u00fcr 3x 400V+O+A<\/p>\n<p><strong>Zus\u00e4tzliche Anforderungen<\/strong>: Wasserhahn &amp; Wasserablauf erforderlich<\/p>\n<p><strong>Warum diese Maschine?<\/strong><\/p>\n<p>Die Nissei NA 6468 Duo Power ist eine Hochleistungs-Softeismaschine, die speziell f\u00fcr den professionellen Einsatz entwickelt wurde. Mit der\u00a0<strong>Duo Power Technologie<\/strong>\u00a0k\u00f6nnen gleichzeitig zwei verschiedene Eissorten produziert und sogar gemischt werden. Perfekt f\u00fcr trendige Eis-Kreationen!<\/p>\n<p>Diese Maschine wurde\u00a0<strong>direkt in der Hauptfabrik von Nissei general\u00fcberholt<\/strong>, nicht von einer externen Werkstatt! Alle\u00a0<strong>kritische Teile<\/strong>\u00a0wurden ersetzt, sodass sie technisch einem Neuger\u00e4t entspricht.<\/p>\n<p><strong>Garantieleistungen von Nissei<\/strong><\/p>\n<p><strong>12 Monate auf technische Defekte<\/strong><\/p>\n<p><strong>12 Monate 100% Garantie auf Gasleckagen im Edelstahl-Gefrierzylinder<\/strong><\/p>\n<p><strong>12 Monate 100% Garantie auf den R\u00fchrwerksmotor<\/strong><\/p>\n<p><strong>12 Monate 100% Garantie auf den Edelstahl-Gefrierzylinder<\/strong><\/p>\n<p><strong>12 Monate 100% Garantie auf das POM-Material der Maschinenfront<\/strong><\/p>\n<p><strong>12 Monate 50% Garantie auf den Gefrierkompressor, den Luftkompressor und die Lagerbaugruppe der R\u00fchrwerksantriebswelle<\/strong><\/p>\n<p><strong>Langfristige Unterst\u00fctzung &amp; Service<\/strong><\/p>\n<p>Als\u00a0<strong>offizieller Nissei-Vertriebspartner<\/strong>\u00a0Wir bieten nicht nur diese hochwertige Maschine an, sondern auch langfristige\u00a0<strong>Ersatzteil- und Wartungsunterst\u00fctzung<\/strong>. Diese Maschine ist\u00a0<strong>bereit f\u00fcr den professionellen Einsatz<\/strong>\u00a0und kann problemlos die n\u00e4chsten\u00a0<strong>10 Jahre zuverl\u00e4ssig Eis servieren<\/strong>!<\/p>\n<p><strong>Kontaktieren Sie uns auch f\u00fcr neue Modelle und weitere Informationen!<\/strong><\/p>","protected":false},"excerpt":{"rendered":"<p>Nissei NA 6468 Duo Power \u2013 General\u00fcberholt &amp; Werksgarantie \u2013 Offizieller Nissei-Vertriebspartner Komplett von Nissei werks\u00fcberholt\u00a0\u2013 kein Servicebetrieb! Original Nissei Ersatzteile &amp; h\u00f6chste Qualit\u00e4tsstandards 12 Monate Werksgarantie auf alle kritischen Komponenten Langfristige Ersatzteil- und Serviceunterst\u00fctzung Einsatzbereit f\u00fcr die n\u00e4chsten 10 Jahre Technische Details Modell: Nissei NA 6468 Duo Power (mit Pumpensystem) \u2013\u00a0general\u00fcberholt K\u00fchlung: Wassergek\u00fchlt Kapazit\u00e4t: [&hellip;]<\/p>\n","protected":false},"featured_media":1749,"comment_status":"open","ping_status":"closed","template":"","meta":[],"product_brand":[],"product_cat":[72],"product_tag":[],"class_list":{"0":"post-1373","1":"product","2":"type-product","3":"status-publish","4":"has-post-thumbnail","6":"product_cat-refurbished-model","8":"first","9":"instock","10":"shipping-taxable","11":"purchasable","12":"product-type-simple"},"_links":{"self":[{"href":"https:\/\/dersuessestopp.com\/de_at\/wp-json\/wp\/v2\/product\/1373","targetHints":{"allow":["GET"]}}],"collection":[{"href":"https:\/\/dersuessestopp.com\/de_at\/wp-json\/wp\/v2\/product"}],"about":[{"href":"https:\/\/dersuessestopp.com\/de_at\/wp-json\/wp\/v2\/types\/product"}],"replies":[{"embeddable":true,"href":"https:\/\/dersuessestopp.com\/de_at\/wp-json\/wp\/v2\/comments?post=1373"}],"version-history":[{"count":1,"href":"https:\/\/dersuessestopp.com\/de_at\/wp-json\/wp\/v2\/product\/1373\/revisions"}],"predecessor-version":[{"id":9314,"href":"https:\/\/dersuessestopp.com\/de_at\/wp-json\/wp\/v2\/product\/1373\/revisions\/9314"}],"wp:featuredmedia":[{"embeddable":true,"href":"https:\/\/dersuessestopp.com\/de_at\/wp-json\/wp\/v2\/media\/1749"}],"wp:attachment":[{"href":"https:\/\/dersuessestopp.com\/de_at\/wp-json\/wp\/v2\/media?parent=1373"}],"wp:term":[{"taxonomy":"product_brand","embeddable":true,"href":"https:\/\/dersuessestopp.com\/de_at\/wp-json\/wp\/v2\/product_brand?post=1373"},{"taxonomy":"product_cat","embeddable":true,"href":"https:\/\/dersuessestopp.com\/de_at\/wp-json\/wp\/v2\/product_cat?post=1373"},{"taxonomy":"product_tag","embeddable":true,"href":"https:\/\/dersuessestopp.com\/de_at\/wp-json\/wp\/v2\/product_tag?post=1373"}],"curies":[{"name":"wp","href":"https:\/\/api.w.org\/{rel}","templated":true}]}}