{"id":1372,"date":"2025-05-03T11:35:25","date_gmt":"2025-05-03T11:35:25","guid":{"rendered":"https:\/\/dersuessestopp.com\/product\/nissei-na-6468-duo-power-frozen-yoghurt-maschine\/"},"modified":"2025-09-25T06:37:43","modified_gmt":"2025-09-25T06:37:43","slug":"nissei-na-6468-duo-power-maschine-fur-gefrorenen-joghurt","status":"publish","type":"product","link":"https:\/\/dersuessestopp.com\/de_at\/product\/nissei-na-6468-duo-power-frozen-yoghurt-maschine\/","title":{"rendered":"Nissei NA 6468 Duo Power Frozen Yoghurt Maschine"},"content":{"rendered":"<p><strong>Nissei NA 6468 Duo Power Frozen Yoghurt Maschine - General\u00fcberholt &amp; Werksgarantie - Offizieller Nissei-Vertriebspartner<\/strong><\/p>\n<p><strong>Komplett von Nissei werks\u00fcberholt<\/strong>\u00a0- kein Servicebetrieb!<\/p>\n<p><strong>Original Nissei Ersatzteile &amp; h\u00f6chste Qualit\u00e4tsstandards<\/strong><\/p>\n<p><strong>12 Monate Werksgarantie auf alle kritischen Komponenten<\/strong><\/p>\n<p><strong>Langfristige Ersatzteil- und Serviceunterst\u00fctzung<\/strong><\/p>\n<p><strong>Einsatzbereitschaft f\u00fcr die n\u00e4chsten 10 Jahre<\/strong><\/p>\n<p><strong>Technische Details<\/strong><\/p>\n<p><strong>Modell<\/strong>: Nissei NA 6468 Duo Power Frozen Yoghurt (ohne Pumpensystem) -\u00a0<strong>general\u00fcberholt<\/strong><\/p>\n<p><strong>K\u00fchlung<\/strong>: Wassergek\u00fchlt<\/p>\n<p><strong>Kapazit\u00e4t<\/strong>2x 35 Liter Frozen Yoghurt pro Stunde<\/p>\n<p><strong>Gefrierzylinder<\/strong>: 2 x 2,5 Liter<\/p>\n<p><strong>Mix-Tanks<\/strong>: 2 x 10 KG mit R\u00fchrwerken<\/p>\n<p><strong>Steuerung<\/strong>: Manuell \/ selbstpasteurisierend (nur alle 6 Wochen zerlegen und reinigen)<\/p>\n<p><strong>Anschluss<\/strong>: 400V+0+A, 2,5 kWh<\/p>\n<p><strong>Zus\u00e4tzliche Anforderungen<\/strong>: Wasserhahn &amp; Wasserablauf erforderlich<\/p>\n<p><strong>Warum diese Maschine?<\/strong><\/p>\n<p>Die Nissei NA 6468 Duo Power Frozen Yoghurt wurde speziell f\u00fcr die\u00a0<strong>Zubereitung von Frozen Yoghurt ohne Pumpsystem<\/strong>\u00a0entwickelt. Das\u00a0<strong>fehlt bewusst<\/strong>, um eine einfache Reinigung und Wartung zu erm\u00f6glichen. Sie eignet sich ideal f\u00fcr\u00a0<strong>frischer Frozen Yoghurt oder haltbare Frozen Yoghurt Mixe<\/strong>\u00a0und bietet h\u00f6chste Hygiene durch die\u00a0<strong>Selbstpasteurisierungs-Funktion<\/strong>.<\/p>\n<p>Dank der hohen Kapazit\u00e4t und robusten Bauweise ist die Maschine perfekt f\u00fcr den professionellen Einsatz geeignet. Ihre Kunden werden den\u00a0<strong>frischen Geschmack von Frozen Yoghurt lieben<\/strong>, was f\u00fcr hohe Ums\u00e4tze sorgt!<\/p>\n<p><strong>Garantieleistungen von Nissei<\/strong><\/p>\n<p><strong>12 Monate auf technische Defekte<\/strong><\/p>\n<p><strong>12 Monate 100% Garantie auf Gasleckagen im Edelstahl-Gefrierzylinder<\/strong><\/p>\n<p><strong>12 Monate 100% Garantie auf den R\u00fchrwerksmotor<\/strong><\/p>\n<p><strong>12 Monate 100% Garantie auf den Edelstahl-Gefrierzylinder<\/strong><\/p>\n<p><strong>12 Monate 100% Garantie auf das POM-Material der Maschinenfront<\/strong><\/p>\n<p><strong>12 Monate 50% Garantie auf den Gefrierkompressor, den Luftkompressor und die Lagerbaugruppe der R\u00fchrwerksantriebswelle<\/strong><\/p>\n<p><strong>Langfristige Unterst\u00fctzung &amp; Service<\/strong><\/p>\n<p>Als\u00a0<strong>offizieller Nissei-Vertriebspartner<\/strong>\u00a0garantieren wir nicht nur eine sorgf\u00e4ltige General\u00fcberholung direkt in der\u00a0<strong>Nissei-Fabrik<\/strong>, sondern bieten auch\u00a0<strong>langfristiger Ersatzteil- und Wartungsservice<\/strong>. Diese Maschine ist sofort einsatzbereit und kann ohne Probleme\u00a0<strong>die n\u00e4chsten 10 Jahre zuverl\u00e4ssig Frozen Yoghurt servieren<\/strong>!<\/p>\n<p><strong>Kontaktieren Sie uns auch f\u00fcr neue Modelle und weitere Informationen!<\/strong><\/p>","protected":false},"excerpt":{"rendered":"<p>Nissei NA 6468 Duo Power Frozen Yoghurt Maschine \u2013 General\u00fcberholt &amp; Werksgarantie \u2013 Offizieller Nissei-Vertriebspartner Komplett von Nissei werks\u00fcberholt\u00a0\u2013 kein Servicebetrieb! Original Nissei Ersatzteile &amp; h\u00f6chste Qualit\u00e4tsstandards 12 Monate Werksgarantie auf alle kritischen Komponenten Langfristige Ersatzteil- und Serviceunterst\u00fctzung Einsatzbereit f\u00fcr die n\u00e4chsten 10 Jahre Technische Details Modell: Nissei NA 6468 Duo Power Frozen Yoghurt (ohne [&hellip;]<\/p>\n","protected":false},"featured_media":1657,"comment_status":"open","ping_status":"closed","template":"","meta":[],"product_brand":[],"product_cat":[72],"product_tag":[],"class_list":{"0":"post-1372","1":"product","2":"type-product","3":"status-publish","4":"has-post-thumbnail","6":"product_cat-refurbished-model","8":"first","9":"instock","10":"shipping-taxable","11":"purchasable","12":"product-type-simple"},"_links":{"self":[{"href":"https:\/\/dersuessestopp.com\/de_at\/wp-json\/wp\/v2\/product\/1372","targetHints":{"allow":["GET"]}}],"collection":[{"href":"https:\/\/dersuessestopp.com\/de_at\/wp-json\/wp\/v2\/product"}],"about":[{"href":"https:\/\/dersuessestopp.com\/de_at\/wp-json\/wp\/v2\/types\/product"}],"replies":[{"embeddable":true,"href":"https:\/\/dersuessestopp.com\/de_at\/wp-json\/wp\/v2\/comments?post=1372"}],"version-history":[{"count":1,"href":"https:\/\/dersuessestopp.com\/de_at\/wp-json\/wp\/v2\/product\/1372\/revisions"}],"predecessor-version":[{"id":9315,"href":"https:\/\/dersuessestopp.com\/de_at\/wp-json\/wp\/v2\/product\/1372\/revisions\/9315"}],"wp:featuredmedia":[{"embeddable":true,"href":"https:\/\/dersuessestopp.com\/de_at\/wp-json\/wp\/v2\/media\/1657"}],"wp:attachment":[{"href":"https:\/\/dersuessestopp.com\/de_at\/wp-json\/wp\/v2\/media?parent=1372"}],"wp:term":[{"taxonomy":"product_brand","embeddable":true,"href":"https:\/\/dersuessestopp.com\/de_at\/wp-json\/wp\/v2\/product_brand?post=1372"},{"taxonomy":"product_cat","embeddable":true,"href":"https:\/\/dersuessestopp.com\/de_at\/wp-json\/wp\/v2\/product_cat?post=1372"},{"taxonomy":"product_tag","embeddable":true,"href":"https:\/\/dersuessestopp.com\/de_at\/wp-json\/wp\/v2\/product_tag?post=1372"}],"curies":[{"name":"wp","href":"https:\/\/api.w.org\/{rel}","templated":true}]}}