{"id":1367,"date":"2025-05-03T11:35:25","date_gmt":"2025-05-03T11:35:25","guid":{"rendered":"https:\/\/dersuessestopp.com\/product\/slushy-maschine-slush-maker-mit-3-behaltern-je-12-l\/"},"modified":"2025-09-24T22:51:19","modified_gmt":"2025-09-24T22:51:19","slug":"slushy-maschine-slush-maker-mit-3-behaltern-je-12-l","status":"publish","type":"product","link":"https:\/\/dersuessestopp.com\/de_at\/product\/slushy-maschine-slush-maker-mit-3-behaltern-je-12-l\/","title":{"rendered":"Slushy Maschine - Slush Maker mit 3 Beh\u00e4ltern (je 12 L)"},"content":{"rendered":"<p><strong>Slushy Maschine - Slush Maker mit 3 Beh\u00e4ltern (je 12 L)\u00a0<\/strong><\/p>\n<p>Sie suchen eine erfrischende Erg\u00e4nzung f\u00fcr Ihr Lokal in hei\u00dfen Sommermonaten? Unsere <strong>Slushy-Maschine<\/strong> ist die perfekte L\u00f6sung! Mit <strong>3 Beh\u00e4ltern<\/strong> \u00e0 <strong>12 Litern<\/strong> Volumen und <strong>inkludierter Versand<\/strong> Sie erhalten eine leistungsstarke Maschine, die vielseitig einsetzbar ist.<\/p>\n<p>Hauptmerkmale<\/p>\n<ul>\n<li><strong>LED-Licht<\/strong>: Sorgt f\u00fcr eine attraktive Pr\u00e4sentation Ihrer Getr\u00e4nke.<\/li>\n<li><strong>Hermetischer Kompressor<\/strong> (Tecumseh\/Embraco): Garantiert hohe Zuverl\u00e4ssigkeit und geringen Stromverbrauch.<\/li>\n<li><strong>Leise im Betrieb<\/strong>: Ideal f\u00fcr Caf\u00e9s, Bars und Restaurants.<\/li>\n<li><strong>Leistungsaufnahme<\/strong>: 500 W - 700 W - 900 W, je nach Modell.<\/li>\n<li><strong>Einfache Reinigung<\/strong>: Dank Nachtfunktion und robustem Material sparen Sie Zeit und Aufwand.<\/li>\n<li><strong>Individuelle Tanksteuerung<\/strong>: Jeder Beh\u00e4lter kann separat betrieben werden.<\/li>\n<li><strong>Polycarbonat-Beh\u00e4lter (BPA-frei)<\/strong>: Sichere, langlebige L\u00f6sung f\u00fcr den Kontakt mit Lebensmitteln.<\/li>\n<\/ul>\n<p>Auch in kleineren Varianten erh\u00e4ltlich<\/p>\n<p>Ben\u00f6tigen Sie ein <strong>kleineres Modell<\/strong> f\u00fcr Ihren Betrieb? Wir bieten <strong>1- oder 2-Beh\u00e4lter-Versionen<\/strong> mit 12 oder 15 Litern. Diese sind sogar mietbar, falls Sie sie nur saisonal ben\u00f6tigen.<\/p>\n<p>Alles aus einer Hand<\/p>\n<p>Wir halten ein <strong>gro\u00dfes Sortiment an Bechern und Sirup<\/strong> auf Lager, damit Sie direkt mit der Produktion starten k\u00f6nnen. Unsere Maschinen eignen sich hervorragend f\u00fcr die Herstellung von <strong>Slush-Eis, Granita und Milkshakes<\/strong> und gew\u00e4hrleisten eine zuverl\u00e4ssige K\u00fchlung Ihrer Getr\u00e4nke.<\/p>\n<p>Hochwertige Verarbeitung &amp; Langlebigkeit<\/p>\n<ul>\n<li><strong>Edelstahlgeh\u00e4use<\/strong>: Robustes Material, das auf Langlebigkeit ausgelegt ist.<\/li>\n<li><strong>1 Jahr Garantie<\/strong>: Unsere Maschinen sind so konstruiert, dass sie Ihnen langfristig Freude bereiten.<\/li>\n<\/ul>\n<p>Perfekt f\u00fcr jeden Einsatzbereich<\/p>\n<p>Ob kleines Caf\u00e9, Restaurant oder gro\u00dfes Event - unser Sortiment umfasst verschiedene Gr\u00f6\u00dfen und Ausf\u00fchrungen, die den Anforderungen Ihres Betriebs gerecht werden. Wir legen gr\u00f6\u00dften Wert auf <strong>Qualit\u00e4t und Kundenzufriedenheit<\/strong>.<\/p>\n<p><strong>Bestellen Sie noch heute<\/strong> Ihre Slushy-Maschine und begeistern Sie Ihre G\u00e4ste mit einem vielseitigen Angebot an erfrischenden Frozen-Drinks! Bei Fragen oder f\u00fcr eine pers\u00f6nliche Beratung steht Ihnen unser Kundenservice jederzeit zur Verf\u00fcgung.<\/p>","protected":false},"excerpt":{"rendered":"<p>Slushy Maschine \u2013 Slush Maker mit 3 Beh\u00e4ltern (je 12 L)\u00a0 Sie suchen eine erfrischende Erg\u00e4nzung f\u00fcr Ihr Lokal in hei\u00dfen Sommermonaten? Unsere Slushy-Maschine ist die perfekte L\u00f6sung! Mit 3 Beh\u00e4ltern \u00e0 12 Litern Volumen und inkludiertem Versand erhalten Sie eine leistungsstarke Maschine, die vielseitig einsetzbar ist. Hauptmerkmale LED-Licht: Sorgt f\u00fcr eine attraktive Pr\u00e4sentation Ihrer [&hellip;]<\/p>\n","protected":false},"featured_media":1695,"comment_status":"open","ping_status":"closed","template":"","meta":[],"product_brand":[],"product_cat":[34],"product_tag":[],"class_list":{"0":"post-1367","1":"product","2":"type-product","3":"status-publish","4":"has-post-thumbnail","6":"product_cat-slush-machines","8":"first","9":"instock","10":"shipping-taxable","11":"purchasable","12":"product-type-simple"},"_links":{"self":[{"href":"https:\/\/dersuessestopp.com\/de_at\/wp-json\/wp\/v2\/product\/1367","targetHints":{"allow":["GET"]}}],"collection":[{"href":"https:\/\/dersuessestopp.com\/de_at\/wp-json\/wp\/v2\/product"}],"about":[{"href":"https:\/\/dersuessestopp.com\/de_at\/wp-json\/wp\/v2\/types\/product"}],"replies":[{"embeddable":true,"href":"https:\/\/dersuessestopp.com\/de_at\/wp-json\/wp\/v2\/comments?post=1367"}],"version-history":[{"count":1,"href":"https:\/\/dersuessestopp.com\/de_at\/wp-json\/wp\/v2\/product\/1367\/revisions"}],"predecessor-version":[{"id":9308,"href":"https:\/\/dersuessestopp.com\/de_at\/wp-json\/wp\/v2\/product\/1367\/revisions\/9308"}],"wp:featuredmedia":[{"embeddable":true,"href":"https:\/\/dersuessestopp.com\/de_at\/wp-json\/wp\/v2\/media\/1695"}],"wp:attachment":[{"href":"https:\/\/dersuessestopp.com\/de_at\/wp-json\/wp\/v2\/media?parent=1367"}],"wp:term":[{"taxonomy":"product_brand","embeddable":true,"href":"https:\/\/dersuessestopp.com\/de_at\/wp-json\/wp\/v2\/product_brand?post=1367"},{"taxonomy":"product_cat","embeddable":true,"href":"https:\/\/dersuessestopp.com\/de_at\/wp-json\/wp\/v2\/product_cat?post=1367"},{"taxonomy":"product_tag","embeddable":true,"href":"https:\/\/dersuessestopp.com\/de_at\/wp-json\/wp\/v2\/product_tag?post=1367"}],"curies":[{"name":"wp","href":"https:\/\/api.w.org\/{rel}","templated":true}]}}