{"id":12329,"date":"2025-10-09T03:16:00","date_gmt":"2025-10-09T03:16:00","guid":{"rendered":"https:\/\/dersuessestopp.com\/?post_type=product&#038;p=12329"},"modified":"2025-10-09T03:16:00","modified_gmt":"2025-10-09T03:16:00","slug":"cxf-3140-tn","status":"publish","type":"product","link":"https:\/\/dersuessestopp.com\/de_at\/product\/cxf-3140-tn\/","title":{"rendered":"CXF 3140 TN"},"content":{"rendered":"<p><img decoding=\"async\" src=\"https:\/\/customer.klimaitalia.it\/api\/file\/image\/6675\" \/><\/p>\n<p>&nbsp;<\/p>\n<h2>Beschreibung des Produkts<\/h2>\n<p data-start=\"205\" data-end=\"774\">Die <strong data-start=\"209\" data-end=\"224\">CXF 3140 TN<\/strong> ist eine professionelle <strong data-start=\"243\" data-end=\"278\">bel\u00fcftete K\u00fchltheke<\/strong> mit <strong data-start=\"284\" data-end=\"325\">eine T\u00fcr und zwei gek\u00fchlte Schubladen<\/strong>, ideal f\u00fcr Restaurants, Hotels und Catering-K\u00fcchen. Gebaut aus <strong data-start=\"392\" data-end=\"420\">Rostfreier Stahl AISI 304<\/strong>, Sie garantiert Hygiene, Langlebigkeit und einfache Wartung. Betrieb in einem <strong data-start=\"494\" data-end=\"531\">Temperaturbereich von -2\u00b0C bis +8\u00b0C<\/strong>, bietet er eine gleichm\u00e4\u00dfige K\u00fchlung und eine hervorragende Energieeffizienz. Ausgestattet mit einem <strong data-start=\"611\" data-end=\"636\">elektronisches Thermostat<\/strong>, <strong data-start=\"638\" data-end=\"672\">sanft schlie\u00dfende T\u00fcren und Schubladen<\/strong>, und <strong data-start=\"678\" data-end=\"708\">automatische elektrische Abtauung<\/strong>, Es gew\u00e4hrleistet eine zuverl\u00e4ssige Leistung f\u00fcr den t\u00e4glichen professionellen Einsatz.<\/p>\n<h2>Technische Daten<\/h2>\n<table>\n<tbody>\n<tr>\n<td>Abmessungen mm<\/td>\n<td>CXF 3100 TN<\/td>\n<td>CXF 3100 TNG<\/td>\n<td>CXF 3140 TN<\/td>\n<td>CXF 3100 BT<\/td>\n<\/tr>\n<tr>\n<td>\u00c4u\u00dfere Abmessungen (BxTxH)<\/td>\n<td>1795 x 700 x 860*<\/td>\n<td>1795 x 700 x 860*<\/td>\n<td>1795 x 700 x 860*<\/td>\n<td>1795 x 700 x 860*<\/td>\n<\/tr>\n<tr>\n<td>Abmessungen der Verpackung (BxTxH)<\/td>\n<td>1825 x 730 x 910<\/td>\n<td>1825 x 730 x 910<\/td>\n<td>1825 x 730 x 910<\/td>\n<td>1825 x 730 x 910<\/td>\n<\/tr>\n<tr>\n<td>Breite<\/td>\n<td>1234<\/td>\n<td>1234<\/td>\n<td>1234<\/td>\n<td>1234<\/td>\n<\/tr>\n<tr>\n<td>Tiefe<\/td>\n<td>580<\/td>\n<td>580<\/td>\n<td>580<\/td>\n<td>580<\/td>\n<\/tr>\n<tr>\n<td>H\u00f6he<\/td>\n<td>560<\/td>\n<td>560<\/td>\n<td>560<\/td>\n<td>560<\/td>\n<\/tr>\n<tr>\n<td colspan=\"5\">Die Gesamth\u00f6he der Einheiten umfasst die auf die Mindesth\u00f6he eingestellten F\u00fc\u00dfe<\/td>\n<\/tr>\n<\/tbody>\n<\/table>\n<p>&nbsp;<\/p>\n<table>\n<tbody>\n<tr>\n<td>\u00a0Technische Merkmale<\/td>\n<td>CXF 3100 TN<\/td>\n<td>CXF 3100 TNG<\/td>\n<td>CXF 3110 \/ 3130 TN<\/td>\n<td>CXF 3140 TN<\/td>\n<td>CXF 3100 BT<\/td>\n<\/tr>\n<tr>\n<td>Temperaturbereich<\/td>\n<td>-2 \u00b0C \/ +8 \u00b0C<\/td>\n<td>+2 \u00b0C \/ +8 \u00b0C<\/td>\n<td>-2 \u00b0C \/ +8 \u00b0C<\/td>\n<td>-2 \u00b0C \/ +8 \u00b0C<\/td>\n<td>-22 \u00b0C \/ -18 \u00b0C<\/td>\n<\/tr>\n<tr>\n<td>Klima-Klasse<\/td>\n<td>5<\/td>\n<td>4<\/td>\n<td>4<\/td>\n<td>4<\/td>\n<td>4<\/td>\n<\/tr>\n<tr>\n<td>Netto-Brutto-Volumen<\/td>\n<td>Lt. 291 \/ 358<\/td>\n<td>Lt. 302 \/ 358<\/td>\n<td>Lt. 242 \/ 358<\/td>\n<td>Lt. 194 \/ 358<\/td>\n<td>Lt. 281 \/ 358<\/td>\n<\/tr>\n<tr>\n<td>K\u00f6rper<\/td>\n<td>AISI 304 Rostfreier Stahl<\/td>\n<td>AISI 304 Rostfreier Stahl<\/td>\n<td>AISI 304 Rostfreier Stahl<\/td>\n<td>AISI 304 Rostfreier Stahl<\/td>\n<td>AISI 304 Rostfreier Stahl<\/td>\n<\/tr>\n<tr>\n<td>T\u00fcr<\/td>\n<td>&#8211;<\/td>\n<td>Glas<\/td>\n<td>&#8211;<\/td>\n<td>&#8211;<\/td>\n<td>&#8211;<\/td>\n<\/tr>\n<tr>\n<td>Innenauskleidung<\/td>\n<td>AISI 304 Rostfreier Stahl<\/td>\n<td>AISI 304 Rostfreier Stahl<\/td>\n<td>AISI 304 Rostfreier Stahl<\/td>\n<td>AISI 304 Rostfreier Stahl<\/td>\n<td>AISI 304 Rostfreier Stahl<\/td>\n<\/tr>\n<tr>\n<td>Thermostat<\/td>\n<td>Elektronisch<\/td>\n<td>Elektronisch<\/td>\n<td>Elektronisch<\/td>\n<td>Elektronisch<\/td>\n<td>Elektronisch<\/td>\n<\/tr>\n<tr>\n<td>Ger\u00e4uschpegel<\/td>\n<td>dB 42<\/td>\n<td>dB 42<\/td>\n<td>dB 42<\/td>\n<td>dB 42<\/td>\n<td>dB 42<\/td>\n<\/tr>\n<tr>\n<td>Fernsteuerung<\/td>\n<td>Optional<\/td>\n<td>Optional<\/td>\n<td>Optional<\/td>\n<td>Optional<\/td>\n<td>Optional<\/td>\n<\/tr>\n<tr>\n<td>Dicke der Isolierung<\/td>\n<td>60 mm<\/td>\n<td>60 mm<\/td>\n<td>60 mm<\/td>\n<td>60 mm<\/td>\n<td>m 60<\/td>\n<\/tr>\n<tr>\n<td>Abtauen<\/td>\n<td>Automatisch mit elektrischer Heizung<\/td>\n<td>Automatisch mit elektrischer Heizung<\/td>\n<td>Automatisch mit elektrischer Heizung<\/td>\n<td>Automatisch mit elektrischer Heizung<\/td>\n<td>Automatisch mit elektrischer Heizung<\/td>\n<\/tr>\n<tr>\n<td>Einlegeb\u00f6den (BxT)<\/td>\n<td>Nr. 3 - mm 335 x 530 + Nr. 3 - mm 390 x 505<\/td>\n<td>Nr. 3 - mm 335 x 530 + Nr. 3 - mm 390 x 505<\/td>\n<td>Nr. 2 - mm 335 x 530 + Nr. 2 - mm 390 x 505<\/td>\n<td>Nr. 1 - mm 335 x 530 + Nr. 1 - mm 390 x 505<\/td>\n<td>Nr. 3 - mm 335 x 530 + Nr. 3 - mm 390 x 505<\/td>\n<\/tr>\n<tr>\n<td>Beleuchtung<\/td>\n<td>&#8211;<\/td>\n<td>Led 3,6 W<\/td>\n<td>&#8211;<\/td>\n<td>&#8211;<\/td>\n<td>&#8211;<\/td>\n<\/tr>\n<tr>\n<td>Selbstschlie\u00dfende T\u00fcr<\/td>\n<td>Sanftes Schlie\u00dfen<\/td>\n<td>Sanftes Schlie\u00dfen<\/td>\n<td>Sanftes Schlie\u00dfen<\/td>\n<td>Sanftes Schlie\u00dfen<\/td>\n<td>Sanftes Schlie\u00dfen<\/td>\n<\/tr>\n<tr>\n<td>Rollen-Fu\u00df<\/td>\n<td>6 F\u00fc\u00dfe<\/td>\n<td>6 F\u00fc\u00dfe<\/td>\n<td>6 F\u00fc\u00dfe<\/td>\n<td>6 F\u00fc\u00dfe<\/td>\n<td>6 F\u00fc\u00dfe<\/td>\n<\/tr>\n<tr>\n<td>Rollen<\/td>\n<td>Wahlweise - h mm 140<\/td>\n<td>Wahlweise - h mm 140<\/td>\n<td>Wahlweise - h mm 140<\/td>\n<td>Wahlweise - h mm 140<\/td>\n<td>Wahlweise - h mm 140<\/td>\n<\/tr>\n<tr>\n<td>Netto-Brutto Gewicht<\/td>\n<td>Kg 134 \/ 151<\/td>\n<td>Kg 134 \/ 151<\/td>\n<td>Kg 144 \/ 161<\/td>\n<td>Kg 154 \/ 171<\/td>\n<td>Kg 136 \/ 154<\/td>\n<\/tr>\n<tr>\n<td>Spannung<\/td>\n<td>V 220-240<\/td>\n<td>V 220-240<\/td>\n<td>V 220-240<\/td>\n<td>V 220-240<\/td>\n<td>V 220-240<\/td>\n<\/tr>\n<tr>\n<td>Frequenz<\/td>\n<td>Hz 50<\/td>\n<td>Hz 50<\/td>\n<td>Hz 50<\/td>\n<td>Hz 50<\/td>\n<td>Hz 50<\/td>\n<\/tr>\n<tr>\n<td>K\u00e4ltemittel<\/td>\n<td>R600A<\/td>\n<td>R600A<\/td>\n<td>R600A<\/td>\n<td>R600A<\/td>\n<td>R290<\/td>\n<\/tr>\n<tr>\n<td>Absorption<\/td>\n<td>W 300<\/td>\n<td>W 300<\/td>\n<td>W 300<\/td>\n<td>W 300<\/td>\n<td>W 570<\/td>\n<\/tr>\n<tr>\n<td>Energieverbrauch<\/td>\n<td>KwH\/24H 2,25<\/td>\n<td>KwH\/24H 3.126<\/td>\n<td>KwH\/24H 2,25<\/td>\n<td>KwH\/24H 2,18<\/td>\n<td>KwH\/24H 8,11<\/td>\n<\/tr>\n<\/tbody>\n<\/table>","protected":false},"excerpt":{"rendered":"<p>&nbsp; Product Description The CXF 3140 TN is a professional ventilated refrigerated counter with one door and two refrigerated drawers, ideal for restaurants, hotels, and catering kitchens. Built from AISI 304 stainless steel, it guarantees hygiene, durability, and easy maintenance. Operating in a temperature range of -2\u00b0C to +8\u00b0C, it provides uniform cooling and excellent [&hellip;]<\/p>\n","protected":false},"featured_media":10300,"comment_status":"open","ping_status":"closed","template":"","meta":[],"product_brand":[],"product_cat":[51],"product_tag":[],"class_list":{"0":"post-12329","1":"product","2":"type-product","3":"status-publish","4":"has-post-thumbnail","6":"product_cat-kitchen-catering-cooling","8":"first","9":"instock","10":"shipping-taxable","11":"product-type-simple"},"_links":{"self":[{"href":"https:\/\/dersuessestopp.com\/de_at\/wp-json\/wp\/v2\/product\/12329","targetHints":{"allow":["GET"]}}],"collection":[{"href":"https:\/\/dersuessestopp.com\/de_at\/wp-json\/wp\/v2\/product"}],"about":[{"href":"https:\/\/dersuessestopp.com\/de_at\/wp-json\/wp\/v2\/types\/product"}],"replies":[{"embeddable":true,"href":"https:\/\/dersuessestopp.com\/de_at\/wp-json\/wp\/v2\/comments?post=12329"}],"version-history":[{"count":1,"href":"https:\/\/dersuessestopp.com\/de_at\/wp-json\/wp\/v2\/product\/12329\/revisions"}],"predecessor-version":[{"id":12334,"href":"https:\/\/dersuessestopp.com\/de_at\/wp-json\/wp\/v2\/product\/12329\/revisions\/12334"}],"wp:featuredmedia":[{"embeddable":true,"href":"https:\/\/dersuessestopp.com\/de_at\/wp-json\/wp\/v2\/media\/10300"}],"wp:attachment":[{"href":"https:\/\/dersuessestopp.com\/de_at\/wp-json\/wp\/v2\/media?parent=12329"}],"wp:term":[{"taxonomy":"product_brand","embeddable":true,"href":"https:\/\/dersuessestopp.com\/de_at\/wp-json\/wp\/v2\/product_brand?post=12329"},{"taxonomy":"product_cat","embeddable":true,"href":"https:\/\/dersuessestopp.com\/de_at\/wp-json\/wp\/v2\/product_cat?post=12329"},{"taxonomy":"product_tag","embeddable":true,"href":"https:\/\/dersuessestopp.com\/de_at\/wp-json\/wp\/v2\/product_tag?post=12329"}],"curies":[{"name":"wp","href":"https:\/\/api.w.org\/{rel}","templated":true}]}}