{"id":12304,"date":"2025-10-09T03:06:35","date_gmt":"2025-10-09T03:06:35","guid":{"rendered":"https:\/\/dersuessestopp.com\/?post_type=product&#038;p=12304"},"modified":"2025-10-09T03:06:35","modified_gmt":"2025-10-09T03:06:35","slug":"cxf-2100-btn","status":"publish","type":"product","link":"https:\/\/dersuessestopp.com\/de_at\/product\/cxf-2100-btn\/","title":{"rendered":"CXF 2100 BTN"},"content":{"rendered":"<h2><\/h2>\n<h2><img decoding=\"async\" src=\"https:\/\/customer.klimaitalia.it\/api\/file\/image\/8076\" \/><\/h2>\n<h2>Beschreibung des Produkts<\/h2>\n<p>Die <strong data-start=\"240\" data-end=\"255\">CXF 2200 BT<\/strong> ist eine professionelle <strong data-start=\"274\" data-end=\"313\">zweit\u00fcrige bel\u00fcftete Gefriertheke<\/strong> mit <strong data-start=\"319\" data-end=\"338\">hintere Spritzwand<\/strong>, ideal f\u00fcr Restaurants, Hotels und Catering-K\u00fcchen. Hergestellt aus <strong data-start=\"404\" data-end=\"432\">Rostfreier Stahl AISI 304<\/strong>, Sie gew\u00e4hrleistet ein H\u00f6chstma\u00df an Hygiene, Haltbarkeit und einfacher Reinigung. Der Betrieb innerhalb einer <strong data-start=\"512\" data-end=\"551\">Temperaturbereich von -22\u00b0C bis -18\u00b0C<\/strong>, Er erm\u00f6glicht ein effizientes und gleichm\u00e4\u00dfiges Einfrieren von Lebensmitteln. Ausgestattet mit einem <strong data-start=\"634\" data-end=\"659\">elektronisches Thermostat<\/strong>, <strong data-start=\"661\" data-end=\"683\">sanft schlie\u00dfende T\u00fcren<\/strong>, und <strong data-start=\"689\" data-end=\"719\">automatische elektrische Abtauung<\/strong>, Es bietet zuverl\u00e4ssige Leistung f\u00fcr den anspruchsvollen professionellen Einsatz.<\/p>\n<h2>Technische Daten<\/h2>\n<table>\n<tbody>\n<tr>\n<td>\u00a0Abmessungen mm<\/td>\n<td>CXF 2100 BTN<\/td>\n<td>CXF 3100 BTN<\/td>\n<\/tr>\n<tr>\n<td>\u00c4u\u00dfere Abmessungen (BxTxH)<\/td>\n<td>1360 x 700 x 860*<\/td>\n<td>1795 x 700 x 860*<\/td>\n<\/tr>\n<tr>\n<td>Abmessungen der Verpackung (BxTxH)<\/td>\n<td>1390 x 730 x 910<\/td>\n<td>1825 x 730 x 910<\/td>\n<\/tr>\n<tr>\n<td>Breite<\/td>\n<td>Frigo 360 | Gefrierschrank 360<\/td>\n<td>Frigo 795 | Gefrierschrank 360<\/td>\n<\/tr>\n<tr>\n<td>Tiefe<\/td>\n<td>Frigo 580 | Gefrierschrank 580<\/td>\n<td>Frigo 580 | Gefrierschrank 580<\/td>\n<\/tr>\n<tr>\n<td>H\u00f6he<\/td>\n<td>Frigo 560 | Gefrierschrank 560<\/td>\n<td>Frigo 560 | Gefrierschrank 560<\/td>\n<\/tr>\n<tr>\n<td colspan=\"3\">Die Gesamth\u00f6he der Einheiten umfasst die auf die Mindesth\u00f6he eingestellten F\u00fc\u00dfe<\/td>\n<\/tr>\n<\/tbody>\n<\/table>\n<p>&nbsp;<\/p>\n<table>\n<tbody>\n<tr>\n<td>\u00a0Technische Merkmale<\/td>\n<td>CXF 2100 BTN<\/td>\n<td>CXF 3100 BTN<\/td>\n<\/tr>\n<tr>\n<td>Temperaturbereich<\/td>\n<td>Frigo -2 \u00b0C \/ +8 \u00b0C Gefrierschrank -2 \u00b0C \/ +8 \u00b0C | -20 \u00b0C \/ -10 \u00b0C<\/td>\n<td>Frigo -2 \u00b0C \/ +8 \u00b0C Gefrierschrank -2 \u00b0C \/ +8 \u00b0C | -20 \u00b0C \/ -10 \u00b0C<\/td>\n<\/tr>\n<tr>\n<td>Bruttovolumen<\/td>\n<td>Frigo Lt. 124 Gefrierschrank Lt. 124<\/td>\n<td>Frigo Lt. 314 Gefrierschrank Lt. 124<\/td>\n<\/tr>\n<tr>\n<td>K\u00f6rper<\/td>\n<td>AISI 304 Rostfreier Stahl<\/td>\n<td>AISI 304 Rostfreier Stahl<\/td>\n<\/tr>\n<tr>\n<td>Innenauskleidung<\/td>\n<td>AISI 304 Rostfreier Stahl<\/td>\n<td>AISI 304 Rostfreier Stahl<\/td>\n<\/tr>\n<tr>\n<td>Thermostat<\/td>\n<td>Elektronisch<\/td>\n<td>Elektronisch<\/td>\n<\/tr>\n<tr>\n<td>Ger\u00e4uschpegel<\/td>\n<td>dB 52<\/td>\n<td>dB 52<\/td>\n<\/tr>\n<tr>\n<td>Fernsteuerung<\/td>\n<td>Optional<\/td>\n<td>Optional<\/td>\n<\/tr>\n<tr>\n<td>Dicke der Isolierung<\/td>\n<td>60 mm<\/td>\n<td>60 mm<\/td>\n<\/tr>\n<tr>\n<td>Abtauen<\/td>\n<td>Automatisch mit elektrischer Heizung<\/td>\n<td>Automatisch mit elektrischer Heizung<\/td>\n<\/tr>\n<tr>\n<td>Einlegeb\u00f6den (BxT)<\/td>\n<td>Nr. 2 - mm 335 x 530<\/td>\n<td>Nr. 3 - mm 335 x 530<\/td>\n<\/tr>\n<tr>\n<td>Selbstschlie\u00dfende T\u00fcr<\/td>\n<td>Sanftes Schlie\u00dfen<\/td>\n<td>Sanftes Schlie\u00dfen<\/td>\n<\/tr>\n<tr>\n<td>\u00a0Rollen-Fu\u00df<\/td>\n<td>4 F\u00fc\u00dfe<\/td>\n<td>4 F\u00fc\u00dfe<\/td>\n<\/tr>\n<tr>\n<td>Rollen<\/td>\n<td>Wahlweise - h mm 140<\/td>\n<td>Wahlweise - h mm 140<\/td>\n<\/tr>\n<tr>\n<td>Netto-Brutto Gewicht<\/td>\n<td>Kg 140 \/ 155<\/td>\n<td>Kg 150 \/ 165<\/td>\n<\/tr>\n<tr>\n<td>Spannung<\/td>\n<td>V 220-240<\/td>\n<td>V 220-240<\/td>\n<\/tr>\n<tr>\n<td>Frequenz<\/td>\n<td>Hz 50<\/td>\n<td>Hz 50<\/td>\n<\/tr>\n<tr>\n<td>K\u00e4ltemittel<\/td>\n<td>R600A \/ R290<\/td>\n<td>R600A \/ R290<\/td>\n<\/tr>\n<tr>\n<td>Absorption<\/td>\n<td>W 480<\/td>\n<td>W 480<\/td>\n<\/tr>\n<\/tbody>\n<\/table>","protected":false},"excerpt":{"rendered":"<p>Product Description The CXF 2200 BT is a professional two-door ventilated freezer counter with rear splashback, ideal for restaurants, hotels, and catering kitchens. Made from AISI 304 stainless steel, it ensures maximum hygiene, durability, and easy cleaning. Operating within a temperature range of -22\u00b0C to -18\u00b0C, it provides efficient and consistent freezing for food storage. [&hellip;]<\/p>\n","protected":false},"featured_media":12308,"comment_status":"open","ping_status":"closed","template":"","meta":[],"product_brand":[],"product_cat":[51],"product_tag":[],"class_list":{"0":"post-12304","1":"product","2":"type-product","3":"status-publish","4":"has-post-thumbnail","6":"product_cat-kitchen-catering-cooling","8":"first","9":"instock","10":"shipping-taxable","11":"product-type-simple"},"_links":{"self":[{"href":"https:\/\/dersuessestopp.com\/de_at\/wp-json\/wp\/v2\/product\/12304","targetHints":{"allow":["GET"]}}],"collection":[{"href":"https:\/\/dersuessestopp.com\/de_at\/wp-json\/wp\/v2\/product"}],"about":[{"href":"https:\/\/dersuessestopp.com\/de_at\/wp-json\/wp\/v2\/types\/product"}],"replies":[{"embeddable":true,"href":"https:\/\/dersuessestopp.com\/de_at\/wp-json\/wp\/v2\/comments?post=12304"}],"version-history":[{"count":1,"href":"https:\/\/dersuessestopp.com\/de_at\/wp-json\/wp\/v2\/product\/12304\/revisions"}],"predecessor-version":[{"id":12315,"href":"https:\/\/dersuessestopp.com\/de_at\/wp-json\/wp\/v2\/product\/12304\/revisions\/12315"}],"wp:featuredmedia":[{"embeddable":true,"href":"https:\/\/dersuessestopp.com\/de_at\/wp-json\/wp\/v2\/media\/12308"}],"wp:attachment":[{"href":"https:\/\/dersuessestopp.com\/de_at\/wp-json\/wp\/v2\/media?parent=12304"}],"wp:term":[{"taxonomy":"product_brand","embeddable":true,"href":"https:\/\/dersuessestopp.com\/de_at\/wp-json\/wp\/v2\/product_brand?post=12304"},{"taxonomy":"product_cat","embeddable":true,"href":"https:\/\/dersuessestopp.com\/de_at\/wp-json\/wp\/v2\/product_cat?post=12304"},{"taxonomy":"product_tag","embeddable":true,"href":"https:\/\/dersuessestopp.com\/de_at\/wp-json\/wp\/v2\/product_tag?post=12304"}],"curies":[{"name":"wp","href":"https:\/\/api.w.org\/{rel}","templated":true}]}}