{"id":12269,"date":"2025-10-09T02:55:25","date_gmt":"2025-10-09T02:55:25","guid":{"rendered":"https:\/\/dersuessestopp.com\/?post_type=product&#038;p=12269"},"modified":"2025-10-09T02:55:25","modified_gmt":"2025-10-09T02:55:25","slug":"gn-400-g-bt-blk","status":"publish","type":"product","link":"https:\/\/dersuessestopp.com\/de_at\/product\/gn-400-g-bt-blk\/","title":{"rendered":"GN 400 G BT BLK"},"content":{"rendered":"<h2><img decoding=\"async\" src=\"https:\/\/customer.klimaitalia.it\/api\/file\/image\/9021\" \/><\/h2>\n<h2>Beschreibung des Produkts<\/h2>\n<p>Die <strong data-start=\"216\" data-end=\"235\">GN 400 G BT BLK<\/strong> ist eine professionelle <strong data-start=\"254\" data-end=\"308\">statische Tiefk\u00fchltruhe mit rahmenloser Glast\u00fcr<\/strong>, in elegantem Schwarz - perfekt f\u00fcr Konditoreien, Restaurants und Ausstellungsr\u00e4ume. Gebaut aus <strong data-start=\"414\" data-end=\"450\">vorlackierter, korrosionsgesch\u00fctzter Stahl<\/strong> mit einer <strong data-start=\"459\" data-end=\"475\">ABS-Innenausstattung<\/strong>, Sie gew\u00e4hrleistet Haltbarkeit und Hygiene. Betrieb zwischen <strong data-start=\"530\" data-end=\"551\">-22 \u00b0C und -15 \u00b0C<\/strong>, Er liefert eine stabile Gefrierleistung bei klarer Produktsicht. Ausgestattet mit einer <strong data-start=\"641\" data-end=\"666\">elektronisches Thermostat<\/strong>, <strong data-start=\"668\" data-end=\"684\">LED-Beleuchtung<\/strong>, <strong data-start=\"686\" data-end=\"704\">manuelle Abtauung<\/strong>, und eine <strong data-start=\"712\" data-end=\"758\">selbstschlie\u00dfende T\u00fcr aus geh\u00e4rtetem Glas mit Schloss<\/strong>, Er verbindet Effizienz und modernes Design.<\/p>\n<h2>Technische Daten<\/h2>\n<table>\n<tbody>\n<tr>\n<td>\u00a0Abmessungen mm<\/td>\n<td>GN 400 G BT - GN 400 G BT BLK<\/td>\n<\/tr>\n<tr>\n<td>\u00c4u\u00dfere Abmessungen (BxTxH)<\/td>\n<td>600 x 625 x 1860<\/td>\n<\/tr>\n<tr>\n<td>Abmessungen der Verpackung (BxTxH)<\/td>\n<td>660 x 725 x 2000<\/td>\n<\/tr>\n<tr>\n<td>Breite<\/td>\n<td>457<\/td>\n<\/tr>\n<tr>\n<td>Tiefe<\/td>\n<td>474<\/td>\n<\/tr>\n<tr>\n<td>H\u00f6he<\/td>\n<td>1600<\/td>\n<\/tr>\n<tr>\n<td>Min. H\u00f6he<\/td>\n<td>264<\/td>\n<\/tr>\n<tr>\n<td>Min. Breite<\/td>\n<td>1390<\/td>\n<\/tr>\n<tr>\n<td>Seitenaufkleber<\/td>\n<td>525 x 1850<\/td>\n<\/tr>\n<tr>\n<td>Glasaufkleber<\/td>\n<td>408 x 1477<\/td>\n<\/tr>\n<\/tbody>\n<\/table>\n<p>&nbsp;<\/p>\n<table>\n<tbody>\n<tr>\n<td>\u00a0Technische Merkmale<\/td>\n<td>GN 400 G BT - GN 400 G BT BLK<\/td>\n<\/tr>\n<tr>\n<td>Temperaturbereich<\/td>\n<td>-22 \u00b0C \/ -15 \u00b0C<\/td>\n<\/tr>\n<tr>\n<td>Klima-Klasse<\/td>\n<td>4<\/td>\n<\/tr>\n<tr>\n<td>Kapazit\u00e4t<\/td>\n<td>Lt. 400<\/td>\n<\/tr>\n<tr>\n<td>K\u00f6rper<\/td>\n<td>\u00a0Bandbeschichtetes Blech mit Korrosionsschutzbehandlung<\/td>\n<\/tr>\n<tr>\n<td>Innenauskleidung<\/td>\n<td>ABS<\/td>\n<\/tr>\n<tr>\n<td>Thermostat<\/td>\n<td>Elektronisch<\/td>\n<\/tr>\n<tr>\n<td>Ger\u00e4uschpegel<\/td>\n<td>dB 38,4<\/td>\n<\/tr>\n<tr>\n<td>Fernsteuerung<\/td>\n<td>Optional<\/td>\n<\/tr>\n<tr>\n<td>Dicke der Isolierung<\/td>\n<td>mm 70<\/td>\n<\/tr>\n<tr>\n<td>Abtauen<\/td>\n<td>Handbuch<\/td>\n<\/tr>\n<tr>\n<td>Beleuchtung<\/td>\n<td>2 vertikale Leds<\/td>\n<\/tr>\n<tr>\n<td>Selbstschlie\u00dfende T\u00fcr<\/td>\n<td>Ja<\/td>\n<\/tr>\n<tr>\n<td>Schloss und Schl\u00fcssel<\/td>\n<td>Ja<\/td>\n<\/tr>\n<tr>\n<td>Umkehrbare T\u00fcr<\/td>\n<td>&#8211;<\/td>\n<\/tr>\n<tr>\n<td>Einlegeb\u00f6den (BxT)<\/td>\n<td>Nr. 6 - 468 x 405 mm<\/td>\n<\/tr>\n<tr>\n<td>Rollen-Fu\u00df<\/td>\n<td>2 F\u00fc\u00dfe + 2 Rollen<\/td>\n<\/tr>\n<tr>\n<td>T\u00fcr<\/td>\n<td>Geh\u00e4rtetes Glas<\/td>\n<\/tr>\n<tr>\n<td>Netto-Brutto Gewicht<\/td>\n<td>Kg 86 \/ 99<\/td>\n<\/tr>\n<tr>\n<td>Spannung<\/td>\n<td>V 220-240<\/td>\n<\/tr>\n<tr>\n<td>Frequenz<\/td>\n<td>Hz 50<\/td>\n<\/tr>\n<tr>\n<td>K\u00e4ltemittel<\/td>\n<td>R290<\/td>\n<\/tr>\n<tr>\n<td>Absorption<\/td>\n<td>W 330<\/td>\n<\/tr>\n<tr>\n<td>Energieverbrauch<\/td>\n<td>KwH\/24H 6,08<\/td>\n<\/tr>\n<\/tbody>\n<\/table>","protected":false},"excerpt":{"rendered":"<p>Product Description The GN 400 G BT BLK is a professional static freezer cabinet with a frameless glass door, finished in elegant black \u2014 perfect for pastry shops, restaurants, and display environments. Built from pre-painted anti-corrosion steel with an ABS interior, it ensures durability and hygiene. Operating between -22 \u00b0C and -15 \u00b0C, it delivers [&hellip;]<\/p>\n","protected":false},"featured_media":12273,"comment_status":"open","ping_status":"closed","template":"","meta":[],"product_brand":[],"product_cat":[51],"product_tag":[],"class_list":{"0":"post-12269","1":"product","2":"type-product","3":"status-publish","4":"has-post-thumbnail","6":"product_cat-kitchen-catering-cooling","8":"first","9":"instock","10":"shipping-taxable","11":"product-type-simple"},"_links":{"self":[{"href":"https:\/\/dersuessestopp.com\/de_at\/wp-json\/wp\/v2\/product\/12269","targetHints":{"allow":["GET"]}}],"collection":[{"href":"https:\/\/dersuessestopp.com\/de_at\/wp-json\/wp\/v2\/product"}],"about":[{"href":"https:\/\/dersuessestopp.com\/de_at\/wp-json\/wp\/v2\/types\/product"}],"replies":[{"embeddable":true,"href":"https:\/\/dersuessestopp.com\/de_at\/wp-json\/wp\/v2\/comments?post=12269"}],"version-history":[{"count":1,"href":"https:\/\/dersuessestopp.com\/de_at\/wp-json\/wp\/v2\/product\/12269\/revisions"}],"predecessor-version":[{"id":12274,"href":"https:\/\/dersuessestopp.com\/de_at\/wp-json\/wp\/v2\/product\/12269\/revisions\/12274"}],"wp:featuredmedia":[{"embeddable":true,"href":"https:\/\/dersuessestopp.com\/de_at\/wp-json\/wp\/v2\/media\/12273"}],"wp:attachment":[{"href":"https:\/\/dersuessestopp.com\/de_at\/wp-json\/wp\/v2\/media?parent=12269"}],"wp:term":[{"taxonomy":"product_brand","embeddable":true,"href":"https:\/\/dersuessestopp.com\/de_at\/wp-json\/wp\/v2\/product_brand?post=12269"},{"taxonomy":"product_cat","embeddable":true,"href":"https:\/\/dersuessestopp.com\/de_at\/wp-json\/wp\/v2\/product_cat?post=12269"},{"taxonomy":"product_tag","embeddable":true,"href":"https:\/\/dersuessestopp.com\/de_at\/wp-json\/wp\/v2\/product_tag?post=12269"}],"curies":[{"name":"wp","href":"https:\/\/api.w.org\/{rel}","templated":true}]}}