{"id":12255,"date":"2025-10-09T02:53:36","date_gmt":"2025-10-09T02:53:36","guid":{"rendered":"https:\/\/dersuessestopp.com\/?post_type=product&#038;p=12255"},"modified":"2025-10-09T02:53:36","modified_gmt":"2025-10-09T02:53:36","slug":"gn-400-g-bt","status":"publish","type":"product","link":"https:\/\/dersuessestopp.com\/de_at\/product\/gn-400-g-bt\/","title":{"rendered":"GN 400 G BT"},"content":{"rendered":"<p><img decoding=\"async\" src=\"https:\/\/customer.klimaitalia.it\/api\/file\/image\/9016\" \/><\/p>\n<p>&nbsp;<\/p>\n<h2>Beschreibung des Produkts<\/h2>\n<p>Die <strong data-start=\"194\" data-end=\"209\">GN 400 G BT<\/strong> ist eine professionelle <strong data-start=\"228\" data-end=\"272\">statische Tiefk\u00fchltruhe mit Glast\u00fcr<\/strong>, ideal f\u00fcr Konditoreien, Restaurants und Catering-Betriebe. Gebaut mit einer <strong data-start=\"351\" data-end=\"392\">Geh\u00e4use aus vorlackiertem, korrosionsgesch\u00fctztem Stahl<\/strong> und <strong data-start=\"397\" data-end=\"413\">ABS-Innenausstattung<\/strong>, Es vereint Zuverl\u00e4ssigkeit und modernes Display-Design. Betrieb zwischen <strong data-start=\"484\" data-end=\"503\">-22\u00b0C und -15\u00b0C<\/strong>, Es gew\u00e4hrleistet eine effiziente Tiefk\u00fchllagerung mit hervorragender Sichtbarkeit. Merkmale umfassen eine <strong data-start=\"588\" data-end=\"613\">elektronisches Thermostat<\/strong>, <strong data-start=\"615\" data-end=\"631\">LED-Beleuchtung<\/strong>, <strong data-start=\"633\" data-end=\"651\">manuelle Abtauung<\/strong>, und eine <strong data-start=\"659\" data-end=\"695\">selbstschlie\u00dfende T\u00fcr aus geh\u00e4rtetem Glas<\/strong> mit <strong data-start=\"701\" data-end=\"709\">sperren<\/strong>.<\/p>\n<h2>Technische Daten<\/h2>\n<table>\n<tbody>\n<tr>\n<td>\u00a0Abmessungen mm<\/td>\n<td>GN 400 G BT - GN 400 G BT BLK<\/td>\n<\/tr>\n<tr>\n<td>\u00c4u\u00dfere Abmessungen (BxTxH)<\/td>\n<td>600 x 625 x 1860<\/td>\n<\/tr>\n<tr>\n<td>Abmessungen der Verpackung (BxTxH)<\/td>\n<td>660 x 725 x 2000<\/td>\n<\/tr>\n<tr>\n<td>Breite<\/td>\n<td>457<\/td>\n<\/tr>\n<tr>\n<td>Tiefe<\/td>\n<td>474<\/td>\n<\/tr>\n<tr>\n<td>H\u00f6he<\/td>\n<td>1600<\/td>\n<\/tr>\n<tr>\n<td>Min. H\u00f6he<\/td>\n<td>264<\/td>\n<\/tr>\n<tr>\n<td>Min. Breite<\/td>\n<td>1390<\/td>\n<\/tr>\n<tr>\n<td>Seitenaufkleber<\/td>\n<td>525 x 1850<\/td>\n<\/tr>\n<tr>\n<td>Glasaufkleber<\/td>\n<td>408 x 1477<\/td>\n<\/tr>\n<\/tbody>\n<\/table>\n<p>&nbsp;<\/p>\n<table>\n<tbody>\n<tr>\n<td>\u00a0Technische Merkmale<\/td>\n<td>GN 400 G BT - GN 400 G BT BLK<\/td>\n<\/tr>\n<tr>\n<td>Temperaturbereich<\/td>\n<td>-22 \u00b0C \/ -15 \u00b0C<\/td>\n<\/tr>\n<tr>\n<td>Klima-Klasse<\/td>\n<td>4<\/td>\n<\/tr>\n<tr>\n<td>Kapazit\u00e4t<\/td>\n<td>Lt. 400<\/td>\n<\/tr>\n<tr>\n<td>K\u00f6rper<\/td>\n<td>\u00a0Bandbeschichtetes Blech mit Korrosionsschutzbehandlung<\/td>\n<\/tr>\n<tr>\n<td>Innenauskleidung<\/td>\n<td>ABS<\/td>\n<\/tr>\n<tr>\n<td>Thermostat<\/td>\n<td>Elektronisch<\/td>\n<\/tr>\n<tr>\n<td>Ger\u00e4uschpegel<\/td>\n<td>dB 38,4<\/td>\n<\/tr>\n<tr>\n<td>Fernsteuerung<\/td>\n<td>Optional<\/td>\n<\/tr>\n<tr>\n<td>Dicke der Isolierung<\/td>\n<td>mm 70<\/td>\n<\/tr>\n<tr>\n<td>Abtauen<\/td>\n<td>Handbuch<\/td>\n<\/tr>\n<tr>\n<td>Beleuchtung<\/td>\n<td>2 vertikale Leds<\/td>\n<\/tr>\n<tr>\n<td>Selbstschlie\u00dfende T\u00fcr<\/td>\n<td>Ja<\/td>\n<\/tr>\n<tr>\n<td>Schloss und Schl\u00fcssel<\/td>\n<td>Ja<\/td>\n<\/tr>\n<tr>\n<td>Umkehrbare T\u00fcr<\/td>\n<td>&#8211;<\/td>\n<\/tr>\n<tr>\n<td>Einlegeb\u00f6den (BxT)<\/td>\n<td>Nr. 6 - 468 x 405 mm<\/td>\n<\/tr>\n<tr>\n<td>Rollen-Fu\u00df<\/td>\n<td>2 F\u00fc\u00dfe + 2 Rollen<\/td>\n<\/tr>\n<tr>\n<td>T\u00fcr<\/td>\n<td>Geh\u00e4rtetes Glas<\/td>\n<\/tr>\n<tr>\n<td>Netto-Brutto Gewicht<\/td>\n<td>Kg 86 \/ 99<\/td>\n<\/tr>\n<tr>\n<td>Spannung<\/td>\n<td>V 220-240<\/td>\n<\/tr>\n<tr>\n<td>Frequenz<\/td>\n<td>Hz 50<\/td>\n<\/tr>\n<tr>\n<td>K\u00e4ltemittel<\/td>\n<td>R290<\/td>\n<\/tr>\n<tr>\n<td>Absorption<\/td>\n<td>W 330<\/td>\n<\/tr>\n<tr>\n<td>Energieverbrauch<\/td>\n<td>KwH\/24H 6,08<\/td>\n<\/tr>\n<\/tbody>\n<\/table>","protected":false},"excerpt":{"rendered":"<p>&nbsp; Product Description The GN 400 G BT is a professional static freezer cabinet with a glass door, ideal for pastry shops, restaurants, and catering environments. Built with a pre-painted anti-corrosion steel body and ABS interior, it combines reliability and modern display design. Operating between -22\u00b0C and -15\u00b0C, it ensures efficient frozen storage with excellent [&hellip;]<\/p>\n","protected":false},"featured_media":12264,"comment_status":"open","ping_status":"closed","template":"","meta":[],"product_brand":[],"product_cat":[51],"product_tag":[],"class_list":{"0":"post-12255","1":"product","2":"type-product","3":"status-publish","4":"has-post-thumbnail","6":"product_cat-kitchen-catering-cooling","8":"first","9":"instock","10":"shipping-taxable","11":"product-type-simple"},"_links":{"self":[{"href":"https:\/\/dersuessestopp.com\/de_at\/wp-json\/wp\/v2\/product\/12255","targetHints":{"allow":["GET"]}}],"collection":[{"href":"https:\/\/dersuessestopp.com\/de_at\/wp-json\/wp\/v2\/product"}],"about":[{"href":"https:\/\/dersuessestopp.com\/de_at\/wp-json\/wp\/v2\/types\/product"}],"replies":[{"embeddable":true,"href":"https:\/\/dersuessestopp.com\/de_at\/wp-json\/wp\/v2\/comments?post=12255"}],"version-history":[{"count":1,"href":"https:\/\/dersuessestopp.com\/de_at\/wp-json\/wp\/v2\/product\/12255\/revisions"}],"predecessor-version":[{"id":12268,"href":"https:\/\/dersuessestopp.com\/de_at\/wp-json\/wp\/v2\/product\/12255\/revisions\/12268"}],"wp:featuredmedia":[{"embeddable":true,"href":"https:\/\/dersuessestopp.com\/de_at\/wp-json\/wp\/v2\/media\/12264"}],"wp:attachment":[{"href":"https:\/\/dersuessestopp.com\/de_at\/wp-json\/wp\/v2\/media?parent=12255"}],"wp:term":[{"taxonomy":"product_brand","embeddable":true,"href":"https:\/\/dersuessestopp.com\/de_at\/wp-json\/wp\/v2\/product_brand?post=12255"},{"taxonomy":"product_cat","embeddable":true,"href":"https:\/\/dersuessestopp.com\/de_at\/wp-json\/wp\/v2\/product_cat?post=12255"},{"taxonomy":"product_tag","embeddable":true,"href":"https:\/\/dersuessestopp.com\/de_at\/wp-json\/wp\/v2\/product_tag?post=12255"}],"curies":[{"name":"wp","href":"https:\/\/api.w.org\/{rel}","templated":true}]}}