{"id":12234,"date":"2025-10-09T02:45:34","date_gmt":"2025-10-09T02:45:34","guid":{"rendered":"https:\/\/dersuessestopp.com\/?post_type=product&#038;p=12234"},"modified":"2025-10-09T02:45:34","modified_gmt":"2025-10-09T02:45:34","slug":"gn-600-ps-tn","status":"publish","type":"product","link":"https:\/\/dersuessestopp.com\/de_at\/product\/gn-600-ps-tn\/","title":{"rendered":"GN 600 PS TN"},"content":{"rendered":"<p><img decoding=\"async\" src=\"https:\/\/customer.klimaitalia.it\/api\/file\/image\/3920\" \/><\/p>\n<p>&nbsp;<\/p>\n<h2>Beschreibung des Produkts<\/h2>\n<p>Die <strong data-start=\"212\" data-end=\"228\">GN 600 PS TN<\/strong> ist eine professionelle <strong data-start=\"247\" data-end=\"291\">Statik-Ventilator-K\u00fchlschrank<\/strong> mit einer <strong data-start=\"299\" data-end=\"321\">600 Liter Fassungsverm\u00f6gen<\/strong>, ideal f\u00fcr Restaurants, Bars und Cateringbetriebe. Gebaut mit einer <strong data-start=\"392\" data-end=\"437\">Au\u00dfen aus vorlackiertem, korrosionsgesch\u00fctztem Stahl<\/strong> und <strong data-start=\"442\" data-end=\"458\">ABS-Innenausstattung<\/strong>, Sie gew\u00e4hrleistet Hygiene, Langlebigkeit und eine zuverl\u00e4ssige K\u00fchlleistung. Betrieb zwischen <strong data-start=\"544\" data-end=\"561\">0\u00b0C und +10\u00b0C<\/strong>, bietet er eine stabile Temperaturregelung mit <strong data-start=\"605\" data-end=\"626\">Abtauautomatik<\/strong> und ein <strong data-start=\"634\" data-end=\"659\">elektronisches Thermostat<\/strong>.<\/p>\n<h2>Technische Daten<\/h2>\n<table>\n<tbody>\n<tr>\n<td>\u00a0Abmessungen mm<\/td>\n<td>GN 400 PS TN<\/td>\n<td>GN 400 PS BT<\/td>\n<td>GN 600 PS TN<\/td>\n<td>GN 600 PS BT<\/td>\n<\/tr>\n<tr>\n<td>\u00c4u\u00dfere Abmessungen (BxTxH)<\/td>\n<td>600 x 625 x 1860<\/td>\n<td>600 x 625 x 1860<\/td>\n<td>775 x 760 x 1860<\/td>\n<td>775 x 760 x 1860<\/td>\n<\/tr>\n<tr>\n<td>Abmessungen der Verpackung (BxTxH)<\/td>\n<td>660 x 725 x 2000<\/td>\n<td>660 x 725 x 2000<\/td>\n<td>850 x 790 x 2000<\/td>\n<td>850 x 790 x 2000<\/td>\n<\/tr>\n<tr>\n<td>Breite<\/td>\n<td>457<\/td>\n<td>457<\/td>\n<td>632<\/td>\n<td>632<\/td>\n<\/tr>\n<tr>\n<td>Tiefe<\/td>\n<td>474<\/td>\n<td>474<\/td>\n<td>610<\/td>\n<td>610<\/td>\n<\/tr>\n<tr>\n<td>H\u00f6he<\/td>\n<td>1600<\/td>\n<td>1600<\/td>\n<td>1600<\/td>\n<td>1600<\/td>\n<\/tr>\n<tr>\n<td>Min. Tiefe<\/td>\n<td>264<\/td>\n<td>264<\/td>\n<td>400<\/td>\n<td>400<\/td>\n<\/tr>\n<tr>\n<td>Min. H\u00f6he<\/td>\n<td>1390<\/td>\n<td>1390<\/td>\n<td>1390<\/td>\n<td>1390<\/td>\n<\/tr>\n<\/tbody>\n<\/table>\n<p>&nbsp;<\/p>\n<table>\n<tbody>\n<tr>\n<td>\u00a0Technische Merkmale<\/td>\n<td>GN 400 PS TN<\/td>\n<td>GN 400 PS BT<\/td>\n<td>GN 600 PS TN<\/td>\n<td>GN 600 PS BT<\/td>\n<\/tr>\n<tr>\n<td>Temperaturbereich<\/td>\n<td>0 \u00b0C \/ +10 \u00b0C<\/td>\n<td>-22 \u00b0C \/ -15 \u00b0C<\/td>\n<td>0 \u00b0C \/ +10 \u00b0C<\/td>\n<td>-22 \u00b0C \/ -15 \u00b0C<\/td>\n<\/tr>\n<tr>\n<td>Klima-Klasse<\/td>\n<td>4<\/td>\n<td>4<\/td>\n<td>4<\/td>\n<td>4<\/td>\n<\/tr>\n<tr>\n<td>Kapazit\u00e4t<\/td>\n<td>Lt. 400<\/td>\n<td>Lt. 400<\/td>\n<td>Lt. 600<\/td>\n<td>Lt. 600<\/td>\n<\/tr>\n<tr>\n<td>K\u00f6rper<\/td>\n<td>Bandbeschichtetes Blech mit Korrosionsschutzbehandlung<\/td>\n<td>Bandbeschichtetes Blech mit Korrosionsschutzbehandlung<\/td>\n<td>Bandbeschichtetes Blech mit Korrosionsschutzbehandlung<\/td>\n<td>Bandbeschichtetes Blech mit Korrosionsschutzbehandlung<\/td>\n<\/tr>\n<tr>\n<td>Innenauskleidung<\/td>\n<td>ABS<\/td>\n<td>ABS<\/td>\n<td>ABS<\/td>\n<td>ABS<\/td>\n<\/tr>\n<tr>\n<td>Thermostat<\/td>\n<td>Elektronisch<\/td>\n<td>Elektronisch<\/td>\n<td>Elektronisch<\/td>\n<td>Elektronisch<\/td>\n<\/tr>\n<tr>\n<td>Ger\u00e4uschpegel<\/td>\n<td>dB 43,5<\/td>\n<td>dB 38,7<\/td>\n<td>dB 45,9<\/td>\n<td>dB 38,4<\/td>\n<\/tr>\n<tr>\n<td>Fernsteuerung<\/td>\n<td>Optional<\/td>\n<td>Optional<\/td>\n<td>Optional<\/td>\n<td>Optional<\/td>\n<\/tr>\n<tr>\n<td>Dicke der Isolierung<\/td>\n<td>mm 70<\/td>\n<td>mm 70<\/td>\n<td>mm 70<\/td>\n<td>mm 70<\/td>\n<\/tr>\n<tr>\n<td>Abtauen<\/td>\n<td>Automatisch<\/td>\n<td>Handbuch<\/td>\n<td>Automatisch<\/td>\n<td>Handbuch<\/td>\n<\/tr>\n<tr>\n<td>Beleuchtung<\/td>\n<td>\u00a01 horizontale LED<\/td>\n<td>\u00a01 horizontale LED<\/td>\n<td>1 horizontale LED<\/td>\n<td>1 horizontale LED<\/td>\n<\/tr>\n<tr>\n<td><\/td>\n<td><\/td>\n<td><\/td>\n<td>Ja<\/td>\n<td>Ja<\/td>\n<\/tr>\n<tr>\n<td>Schloss und Schl\u00fcssel<\/td>\n<td>Ja<\/td>\n<td>Ja<\/td>\n<td>Ja<\/td>\n<td>Ja<\/td>\n<\/tr>\n<tr>\n<td>\u00a0Umkehrbare T\u00fcr<\/td>\n<td>Ja<\/td>\n<td>Ja<\/td>\n<td>Ja<\/td>\n<td>Ja<\/td>\n<\/tr>\n<tr>\n<td>Einlegeb\u00f6den (BxT)<\/td>\n<td>Nr. 5 - 476 x 436 mm + Nr. 1 - 477 x 207 mm<\/td>\n<td>Nr. 6 - 476 x 436 mm<\/td>\n<td>Nr. 5 - 652 x 573 mm + Nr. 1 - 652 x 347 mm<\/td>\n<td>Nr. 6 - 652 x 573 mm<\/td>\n<\/tr>\n<tr>\n<td>Rollen-Fu\u00df<\/td>\n<td>2 F\u00fc\u00dfe + 2 Rollen<\/td>\n<td>2 F\u00fc\u00dfe + 2 Rollen<\/td>\n<td>2 F\u00fc\u00dfe + 2 Rollen<\/td>\n<td>2 F\u00fc\u00dfe + 2 Rollen<\/td>\n<\/tr>\n<tr>\n<td>T\u00fcr<\/td>\n<td>ABS<\/td>\n<td>ABS<\/td>\n<td>ABS<\/td>\n<td>ABS<\/td>\n<\/tr>\n<tr>\n<td>Netto-Brutto Gewicht<\/td>\n<td>Kg 72 \/ 85<\/td>\n<td>Kg 65 \/ 78<\/td>\n<td>Kg 94 \/ 110<\/td>\n<td>Kg 84 \/ 99<\/td>\n<\/tr>\n<tr>\n<td>Spannung<\/td>\n<td>V 220-240<\/td>\n<td>V 220-240<\/td>\n<td>V 220-240<\/td>\n<td>V 220-240<\/td>\n<\/tr>\n<tr>\n<td>Frequenz<\/td>\n<td>Hz 50<\/td>\n<td>Hz 50<\/td>\n<td>Hz 50<\/td>\n<td>Hz 50<\/td>\n<\/tr>\n<tr>\n<td>K\u00e4ltemittel<\/td>\n<td>R600A<\/td>\n<td>R290<\/td>\n<td>R600A<\/td>\n<td>R290<\/td>\n<\/tr>\n<tr>\n<td>Absorption<\/td>\n<td>W 176<\/td>\n<td>W 200<\/td>\n<td>W 194<\/td>\n<td>W 260<\/td>\n<\/tr>\n<tr>\n<td>Energieverbrauch<\/td>\n<td>KwH\/24H 1.374<\/td>\n<td>KwH\/24H 2.933<\/td>\n<td>KwH\/24H 1.709<\/td>\n<td>KwH\/24H 3,695<\/td>\n<\/tr>\n<\/tbody>\n<\/table>","protected":false},"excerpt":{"rendered":"<p>&nbsp; Product Description The GN 600 PS TN is a professional static-fan assisted refrigerator cabinet with a 600-liter capacity, ideal for restaurants, bars, and catering environments. Built with a pre-painted anti-corrosion steel exterior and ABS interior, it ensures hygiene, durability, and reliable cooling performance. Operating between 0\u00b0C and +10\u00b0C, it offers stable temperature control with [&hellip;]<\/p>\n","protected":false},"featured_media":12239,"comment_status":"open","ping_status":"closed","template":"","meta":[],"product_brand":[],"product_cat":[51],"product_tag":[],"class_list":{"0":"post-12234","1":"product","2":"type-product","3":"status-publish","4":"has-post-thumbnail","6":"product_cat-kitchen-catering-cooling","8":"first","9":"instock","10":"shipping-taxable","11":"product-type-simple"},"_links":{"self":[{"href":"https:\/\/dersuessestopp.com\/de_at\/wp-json\/wp\/v2\/product\/12234","targetHints":{"allow":["GET"]}}],"collection":[{"href":"https:\/\/dersuessestopp.com\/de_at\/wp-json\/wp\/v2\/product"}],"about":[{"href":"https:\/\/dersuessestopp.com\/de_at\/wp-json\/wp\/v2\/types\/product"}],"replies":[{"embeddable":true,"href":"https:\/\/dersuessestopp.com\/de_at\/wp-json\/wp\/v2\/comments?post=12234"}],"version-history":[{"count":1,"href":"https:\/\/dersuessestopp.com\/de_at\/wp-json\/wp\/v2\/product\/12234\/revisions"}],"predecessor-version":[{"id":12250,"href":"https:\/\/dersuessestopp.com\/de_at\/wp-json\/wp\/v2\/product\/12234\/revisions\/12250"}],"wp:featuredmedia":[{"embeddable":true,"href":"https:\/\/dersuessestopp.com\/de_at\/wp-json\/wp\/v2\/media\/12239"}],"wp:attachment":[{"href":"https:\/\/dersuessestopp.com\/de_at\/wp-json\/wp\/v2\/media?parent=12234"}],"wp:term":[{"taxonomy":"product_brand","embeddable":true,"href":"https:\/\/dersuessestopp.com\/de_at\/wp-json\/wp\/v2\/product_brand?post=12234"},{"taxonomy":"product_cat","embeddable":true,"href":"https:\/\/dersuessestopp.com\/de_at\/wp-json\/wp\/v2\/product_cat?post=12234"},{"taxonomy":"product_tag","embeddable":true,"href":"https:\/\/dersuessestopp.com\/de_at\/wp-json\/wp\/v2\/product_tag?post=12234"}],"curies":[{"name":"wp","href":"https:\/\/api.w.org\/{rel}","templated":true}]}}