{"id":12190,"date":"2025-10-09T02:35:12","date_gmt":"2025-10-09T02:35:12","guid":{"rendered":"https:\/\/dersuessestopp.com\/?post_type=product&#038;p=12190"},"modified":"2025-10-09T02:35:12","modified_gmt":"2025-10-09T02:35:12","slug":"gn-200-ps-bt","status":"publish","type":"product","link":"https:\/\/dersuessestopp.com\/de_at\/product\/gn-200-ps-bt\/","title":{"rendered":"GN 200 PS BT"},"content":{"rendered":"<p><img decoding=\"async\" src=\"https:\/\/customer.klimaitalia.it\/api\/file\/image\/3909\" \/><\/p>\n<p>&nbsp;<\/p>\n<h2>Beschreibung des Produkts<\/h2>\n<p>Die <strong data-start=\"211\" data-end=\"227\">GN 200 PS BT<\/strong> ist eine professionelle <strong data-start=\"246\" data-end=\"272\">kompakter statischer Gefrierschrank<\/strong> konzipiert f\u00fcr Bars, Restaurants und Catering. Mit einer <strong data-start=\"339\" data-end=\"378\">Temperaturbereich von -22\u00b0C bis -15\u00b0C<\/strong>, Er gew\u00e4hrleistet eine zuverl\u00e4ssige Tiefk\u00fchllagerung auf kleinstem Raum. Gebaut mit einer <strong data-start=\"455\" data-end=\"496\">Geh\u00e4use aus vorlackiertem, korrosionsgesch\u00fctztem Stahl<\/strong> und <strong data-start=\"501\" data-end=\"517\">ABS-Innenausstattung<\/strong>, Er vereint Haltbarkeit, Effizienz und Hygiene. Ausgestattet mit einem <strong data-start=\"585\" data-end=\"610\">elektronisches Thermostat<\/strong>, <strong data-start=\"612\" data-end=\"630\">manuelle Abtauung<\/strong>, und <strong data-start=\"636\" data-end=\"668\">sanft schlie\u00dfende Wendet\u00fcr<\/strong>, Er ist ideal f\u00fcr die Integration in Unterschr\u00e4nke oder Arbeitsbereiche.<\/p>\n<h2>Technische Daten<\/h2>\n<table>\n<tbody>\n<tr>\n<td>Abmessungen mm<\/td>\n<td>GN 200 PS BT<\/td>\n<td>GN 200 G BT BLK<\/td>\n<\/tr>\n<tr>\n<td>\u00c4u\u00dfere Abmessungen (BxTxH)<\/td>\n<td>600 x 625 x 850<\/td>\n<td>600 x 625 x 850<\/td>\n<\/tr>\n<tr>\n<td>Abmessungen der Verpackung (BxTxH)<\/td>\n<td>660 x 725 x 1000<\/td>\n<td>660 x 725 x 1000<\/td>\n<\/tr>\n<tr>\n<td>Breite<\/td>\n<td>457<\/td>\n<td>457<\/td>\n<\/tr>\n<tr>\n<td>Tiefe<\/td>\n<td>474<\/td>\n<td>474<\/td>\n<\/tr>\n<tr>\n<td>H\u00f6he<\/td>\n<td>600<\/td>\n<td>600<\/td>\n<\/tr>\n<tr>\n<td>Min. Tiefe<\/td>\n<td>264<\/td>\n<td>264<\/td>\n<\/tr>\n<tr>\n<td>Min. H\u00f6he<\/td>\n<td>390<\/td>\n<td>390<\/td>\n<\/tr>\n<\/tbody>\n<\/table>\n<p>&nbsp;<\/p>\n<table>\n<tbody>\n<tr>\n<td>\u00a0Technische Merkmale<\/td>\n<td>GN 200 PS BT<\/td>\n<td>GN 200 G BT BLK<\/td>\n<\/tr>\n<tr>\n<td>Temperaturbereich<\/td>\n<td>-22 \u00b0C \/ -15 \u00b0C<\/td>\n<td>-20 \u00b0C \/ -15 \u00b0C<\/td>\n<\/tr>\n<tr>\n<td>Klima-Klasse<\/td>\n<td>4<\/td>\n<td>3, 4<\/td>\n<\/tr>\n<tr>\n<td>Kapazit\u00e4t<\/td>\n<td>Lt. 200<\/td>\n<td>Lt. 200<\/td>\n<\/tr>\n<tr>\n<td>K\u00f6rper<\/td>\n<td>\u00a0Bandbeschichtetes Blech mit Korrosionsschutzbehandlung<\/td>\n<td>LPNeulackiertes Blech mit Korrosionsschutzbehandlung, Vollglast\u00fcr.<\/td>\n<\/tr>\n<tr>\n<td>Innenauskleidung<\/td>\n<td>ABS<\/td>\n<td>ABS<\/td>\n<\/tr>\n<tr>\n<td>Thermostat<\/td>\n<td>Elektronisch<\/td>\n<td>Elektronisch<\/td>\n<\/tr>\n<tr>\n<td>Ger\u00e4uschpegel<\/td>\n<td>dB 46<\/td>\n<td>dB 44<\/td>\n<\/tr>\n<tr>\n<td>Fernsteuerung<\/td>\n<td>Optional<\/td>\n<td>Optional<\/td>\n<\/tr>\n<tr>\n<td>Dicke der Isolierung<\/td>\n<td>mm 70<\/td>\n<td>mm 70<\/td>\n<\/tr>\n<tr>\n<td>Abtauen<\/td>\n<td>Handbuch<\/td>\n<td>Handbuch<\/td>\n<\/tr>\n<tr>\n<td>Beleuchtung<\/td>\n<td>1 Horizontale led 6w<\/td>\n<td>2 vertikale Leds 6w+6w<\/td>\n<\/tr>\n<tr>\n<td>Selbstschlie\u00dfende T\u00fcr<\/td>\n<td>Ja<\/td>\n<td>Ja<\/td>\n<\/tr>\n<tr>\n<td>Schloss und Schl\u00fcssel<\/td>\n<td>Ja<\/td>\n<td>Ja<\/td>\n<\/tr>\n<tr>\n<td>\u00a0Umkehrbare T\u00fcr<\/td>\n<td>Ja<\/td>\n<td>&#8211;<\/td>\n<\/tr>\n<tr>\n<td>Einlegeb\u00f6den (BxT)<\/td>\n<td>Nr. 2 - mm 476 x 436 1 fester Verdunstungsboden + 1 herausnehmbarer Boden<\/td>\n<td>Nr. 2 - mm 476 x 436 \/ 1 fester Verdunstungsboden + 1 herausnehmbarer Boden<\/td>\n<\/tr>\n<tr>\n<td>\u00a0Rollen-Fu\u00df<\/td>\n<td>2 F\u00fc\u00dfe + 2 Rollen<\/td>\n<td>2 F\u00fc\u00dfe + 2 Rollen<\/td>\n<\/tr>\n<tr>\n<td>T\u00fcr<\/td>\n<td>ABS<\/td>\n<td>Glas<\/td>\n<\/tr>\n<tr>\n<td>Netto-Brutto Gewicht<\/td>\n<td>Kg 36 \/ 39<\/td>\n<td>Kg 47 \/ 51<\/td>\n<\/tr>\n<tr>\n<td>Spannung<\/td>\n<td>V 220-240<\/td>\n<td>V 220-240<\/td>\n<\/tr>\n<tr>\n<td>Frequenz<\/td>\n<td>Hz 50<\/td>\n<td>Hz 50<\/td>\n<\/tr>\n<tr>\n<td>K\u00e4ltemittel<\/td>\n<td>R600A<\/td>\n<td>R290<\/td>\n<\/tr>\n<tr>\n<td>Absorption<\/td>\n<td>W 130<\/td>\n<td>W 190<\/td>\n<\/tr>\n<tr>\n<td>Energieverbrauch<\/td>\n<td>KwH\/24H 2,12<\/td>\n<td>KwH\/24H 3,75<\/td>\n<\/tr>\n<\/tbody>\n<\/table>","protected":false},"excerpt":{"rendered":"<p>&nbsp; Product Description The GN 200 PS BT is a professional compact static freezer designed for bars, restaurants, and catering environments. With a temperature range of -22\u00b0C to -15\u00b0C, it ensures reliable deep-freeze storage in a small footprint. Built with a pre-painted anti-corrosion steel body and ABS interior, it combines durability, efficiency, and hygiene. Equipped [&hellip;]<\/p>\n","protected":false},"featured_media":12201,"comment_status":"open","ping_status":"closed","template":"","meta":[],"product_brand":[],"product_cat":[51],"product_tag":[],"class_list":{"0":"post-12190","1":"product","2":"type-product","3":"status-publish","4":"has-post-thumbnail","6":"product_cat-kitchen-catering-cooling","8":"first","9":"instock","10":"shipping-taxable","11":"product-type-simple"},"_links":{"self":[{"href":"https:\/\/dersuessestopp.com\/de_at\/wp-json\/wp\/v2\/product\/12190","targetHints":{"allow":["GET"]}}],"collection":[{"href":"https:\/\/dersuessestopp.com\/de_at\/wp-json\/wp\/v2\/product"}],"about":[{"href":"https:\/\/dersuessestopp.com\/de_at\/wp-json\/wp\/v2\/types\/product"}],"replies":[{"embeddable":true,"href":"https:\/\/dersuessestopp.com\/de_at\/wp-json\/wp\/v2\/comments?post=12190"}],"version-history":[{"count":1,"href":"https:\/\/dersuessestopp.com\/de_at\/wp-json\/wp\/v2\/product\/12190\/revisions"}],"predecessor-version":[{"id":12207,"href":"https:\/\/dersuessestopp.com\/de_at\/wp-json\/wp\/v2\/product\/12190\/revisions\/12207"}],"wp:featuredmedia":[{"embeddable":true,"href":"https:\/\/dersuessestopp.com\/de_at\/wp-json\/wp\/v2\/media\/12201"}],"wp:attachment":[{"href":"https:\/\/dersuessestopp.com\/de_at\/wp-json\/wp\/v2\/media?parent=12190"}],"wp:term":[{"taxonomy":"product_brand","embeddable":true,"href":"https:\/\/dersuessestopp.com\/de_at\/wp-json\/wp\/v2\/product_brand?post=12190"},{"taxonomy":"product_cat","embeddable":true,"href":"https:\/\/dersuessestopp.com\/de_at\/wp-json\/wp\/v2\/product_cat?post=12190"},{"taxonomy":"product_tag","embeddable":true,"href":"https:\/\/dersuessestopp.com\/de_at\/wp-json\/wp\/v2\/product_tag?post=12190"}],"curies":[{"name":"wp","href":"https:\/\/api.w.org\/{rel}","templated":true}]}}