{"id":12178,"date":"2025-10-09T02:27:41","date_gmt":"2025-10-09T02:27:41","guid":{"rendered":"https:\/\/dersuessestopp.com\/?post_type=product&#038;p=12178"},"modified":"2025-10-09T02:27:41","modified_gmt":"2025-10-09T02:27:41","slug":"axf-700-tng","status":"publish","type":"product","link":"https:\/\/dersuessestopp.com\/de_at\/product\/axf-700-tng\/","title":{"rendered":"AXF 700 TNG"},"content":{"rendered":"<p><img decoding=\"async\" src=\"https:\/\/customer.klimaitalia.it\/api\/file\/image\/8265\" \/><\/p>\n<p>&nbsp;<\/p>\n<h2>Beschreibung des Produkts<\/h2>\n<p>Die <strong data-start=\"209\" data-end=\"224\">AXF 700 TNG<\/strong> ist eine professionelle <strong data-start=\"243\" data-end=\"294\">bel\u00fcfteter k\u00fchlschrank aus edelstahl<\/strong> mit einer <strong data-start=\"302\" data-end=\"316\">Glast\u00fcr<\/strong>, perfekt f\u00fcr Restaurants, Bars und Catering-Umgebungen. Gebaut aus <strong data-start=\"387\" data-end=\"415\">Rostfreier Stahl AISI 304<\/strong>, Sie garantiert Langlebigkeit, Hygiene und ein elegantes Erscheinungsbild. Betrieb zwischen <strong data-start=\"491\" data-end=\"508\">+2\u00b0C und +8\u00b0C<\/strong>, sorgt er f\u00fcr eine effiziente und gleichm\u00e4\u00dfige K\u00fchlung. Ausgestattet mit <strong data-start=\"567\" data-end=\"583\">LED-Beleuchtung<\/strong>, <strong data-start=\"585\" data-end=\"606\">sanft schlie\u00dfende T\u00fcr<\/strong>, <strong data-start=\"608\" data-end=\"629\">Abtauautomatik<\/strong>, und <strong data-start=\"635\" data-end=\"660\">elektronisches Thermostat<\/strong>, Er bietet Leistung, Stil und Komfort.<\/p>\n<h2>Technische Daten<\/h2>\n<table>\n<tbody>\n<tr>\n<td>\u00a0Abmessungen mm<\/td>\n<td>AXF 700 TN<\/td>\n<td>AXF 700 TNG<\/td>\n<td>AXF 700 BT<\/td>\n<td>AXF 700 BTG<\/td>\n<\/tr>\n<tr>\n<td>\u00c4u\u00dfere Abmessungen (BxTxH)<\/td>\n<td>740 x 830 x 2010*<\/td>\n<td>740 x 830 x 2010*<\/td>\n<td>740 x 830 x 2010*<\/td>\n<td>680 x 845 x 2000*<\/td>\n<\/tr>\n<tr>\n<td>Abmessungen der Verpackung (BxTxH)<\/td>\n<td>765 x 855 x 2070<\/td>\n<td>765 x 855 x 2070<\/td>\n<td>765 x 855 x 2070<\/td>\n<td>710 x 875 x 2050<\/td>\n<\/tr>\n<tr>\n<td>Breite<\/td>\n<td>624<\/td>\n<td>624<\/td>\n<td>624<\/td>\n<td>560<\/td>\n<\/tr>\n<tr>\n<td>Tiefe<\/td>\n<td>700<\/td>\n<td>700<\/td>\n<td>700<\/td>\n<td>680<\/td>\n<\/tr>\n<tr>\n<td>H\u00f6he<\/td>\n<td>1410<\/td>\n<td>1410<\/td>\n<td>1410<\/td>\n<td>1380<\/td>\n<\/tr>\n<tr>\n<td colspan=\"5\">Die Gesamth\u00f6he der Einheiten umfasst die auf die Mindesth\u00f6he eingestellten F\u00fc\u00dfe<\/td>\n<\/tr>\n<\/tbody>\n<\/table>\n<p>&nbsp;<\/p>\n<table>\n<tbody>\n<tr>\n<td>\u00a0Technische Merkmale<\/td>\n<td>AXF 700 TN<\/td>\n<td>AXF 700 TNG<\/td>\n<td>AXF 700 BT<\/td>\n<td>AXF 700 BTG<\/td>\n<\/tr>\n<tr>\n<td>Temperaturbereich<\/td>\n<td>-2 \u00b0C \/ +8 \u00b0C<\/td>\n<td>+2 \u00b0C \/ +8 \u00b0C<\/td>\n<td>-22 \u00b0C \/ -18 \u00b0C<\/td>\n<td>-22 \u00b0C \/ -18 \u00b0C<\/td>\n<\/tr>\n<tr>\n<td>Klima-Klasse<\/td>\n<td>5<\/td>\n<td>4<\/td>\n<td>4<\/td>\n<td>4<\/td>\n<\/tr>\n<tr>\n<td>Netto-Brutto-Volumen<\/td>\n<td>Lt. 427 \/ 685<\/td>\n<td>Lt. 416 \/ 685<\/td>\n<td>Lt. 427 \/ 685<\/td>\n<td>Lt. 339 \/ 537<\/td>\n<\/tr>\n<tr>\n<td>K\u00f6rper<\/td>\n<td colspan=\"2\">AISI 304 Rostfreier Stahl<\/td>\n<td colspan=\"2\">AISI 304 Rostfreier Stahl<\/td>\n<\/tr>\n<tr>\n<td>T\u00fcr<\/td>\n<td>&#8211;<\/td>\n<td>Glas<\/td>\n<td>&#8211;<\/td>\n<td>Glas<\/td>\n<\/tr>\n<tr>\n<td>Innenauskleidung<\/td>\n<td colspan=\"2\">AISI 304 Rostfreier Stahl<\/td>\n<td colspan=\"2\">AISI 304 Rostfreier Stahl<\/td>\n<\/tr>\n<tr>\n<td>Thermostat<\/td>\n<td colspan=\"2\">Elektronisch<\/td>\n<td colspan=\"2\">Elektronisch<\/td>\n<\/tr>\n<tr>\n<td>Ger\u00e4uschpegel<\/td>\n<td>dB 52<\/td>\n<td>dB 52<\/td>\n<td>dB 48<\/td>\n<td>dB 52<\/td>\n<\/tr>\n<tr>\n<td>Fernsteuerung<\/td>\n<td>Optional<\/td>\n<td>Optional<\/td>\n<td>Optional<\/td>\n<td>Optional<\/td>\n<\/tr>\n<tr>\n<td>Dicke der Isolierung<\/td>\n<td>60 mm<\/td>\n<td>60 mm<\/td>\n<td>60 mm<\/td>\n<td>60 mm<\/td>\n<\/tr>\n<tr>\n<td>Abtauen<\/td>\n<td colspan=\"2\">Automatisch mit elektrischer Heizung<\/td>\n<td colspan=\"2\">Automatisch mit elektrischer Heizung<\/td>\n<\/tr>\n<tr>\n<td>Das K\u00fchlsystem<\/td>\n<td colspan=\"2\">Verdampfer an der Decke<\/td>\n<td colspan=\"2\">Verdampfer an der Decke<\/td>\n<\/tr>\n<tr>\n<td>Beleuchtung<\/td>\n<td>Led 220 \/ 0,6 W<\/td>\n<td>Led 24V \/ 2,7 W<\/td>\n<td>Led 220 \/ 0,6 W<\/td>\n<td>Led 24V \/ 2,7 W<\/td>\n<\/tr>\n<tr>\n<td>Selbstschlie\u00dfende T\u00fcr<\/td>\n<td colspan=\"2\">Sanftes Schlie\u00dfen<\/td>\n<td colspan=\"2\">Sanftes Schlie\u00dfen<\/td>\n<\/tr>\n<tr>\n<td>Schloss und Schl\u00fcssel<\/td>\n<td>Ja<\/td>\n<td>Ja<\/td>\n<td>Ja<\/td>\n<td>Ja<\/td>\n<\/tr>\n<tr>\n<td>\u00a0Umkehrbare T\u00fcr<\/td>\n<td>Ja<\/td>\n<td>&#8211;<\/td>\n<td>Ja<\/td>\n<td>&#8211;<\/td>\n<\/tr>\n<tr>\n<td>Einlegeb\u00f6den (BxT)<\/td>\n<td colspan=\"2\">Nr. 3 - mm 534 x 650 + Nr. 1 - mm 536 x 650<\/td>\n<td>Nr. 3 - mm 534 x 650 + Nr. 1 - mm 536 x 650<\/td>\n<td>Nr. 3 - 534 x 640 mm + Nr. 1 - 525 x 630 mm<\/td>\n<\/tr>\n<tr>\n<td>Rollen-Fu\u00df<\/td>\n<td colspan=\"2\">4 F\u00fc\u00dfe<\/td>\n<td colspan=\"2\">4 F\u00fc\u00dfe<\/td>\n<\/tr>\n<tr>\n<td>Rollen<\/td>\n<td colspan=\"2\">Wahlweise - h mm 140<\/td>\n<td colspan=\"2\">Wahlweise - h mm 140<\/td>\n<\/tr>\n<tr>\n<td>Netto-Brutto Gewicht<\/td>\n<td>Kg 134 \/ 143<\/td>\n<td>Kg 138 \/ 147<\/td>\n<td>Kg 138 \/ 147<\/td>\n<td>Kg 148 \/ 158<\/td>\n<\/tr>\n<tr>\n<td>Spannung<\/td>\n<td>V 220-240<\/td>\n<td>V 220-240<\/td>\n<td>V 220-240<\/td>\n<td>V 220-240<\/td>\n<\/tr>\n<tr>\n<td>Frequenz<\/td>\n<td>Hz 50<\/td>\n<td>Hz 50<\/td>\n<td>Hz 50<\/td>\n<td>Hz 50<\/td>\n<\/tr>\n<tr>\n<td>K\u00e4ltemittel<\/td>\n<td>R600 \/ R290<\/td>\n<td>R290<\/td>\n<td>R290<\/td>\n<td>R290<\/td>\n<\/tr>\n<tr>\n<td>Absorption<\/td>\n<td>W 250<\/td>\n<td>W 315<\/td>\n<td>W 500<\/td>\n<td>W 610<\/td>\n<\/tr>\n<tr>\n<td>Energieverbrauch<\/td>\n<td>KwH\/24H 1.536<\/td>\n<td>KwH\/24H 2.596<\/td>\n<td>KwH\/24H 6,57<\/td>\n<td>KwH\/24H 8,279<\/td>\n<\/tr>\n<\/tbody>\n<\/table>","protected":false},"excerpt":{"rendered":"<p>&nbsp; Product Description The AXF 700 TNG is a professional ventilated stainless steel refrigerator cabinet with a glass door, perfect for restaurants, bars, and catering environments. Built from AISI 304 stainless steel, it ensures durability, hygiene, and an elegant display. Operating between +2\u00b0C and +8\u00b0C, it provides efficient and uniform cooling. Equipped with LED lighting, [&hellip;]<\/p>\n","protected":false},"featured_media":12180,"comment_status":"open","ping_status":"closed","template":"","meta":[],"product_brand":[],"product_cat":[51],"product_tag":[],"class_list":{"0":"post-12178","1":"product","2":"type-product","3":"status-publish","4":"has-post-thumbnail","6":"product_cat-kitchen-catering-cooling","8":"first","9":"instock","10":"shipping-taxable","11":"product-type-simple"},"_links":{"self":[{"href":"https:\/\/dersuessestopp.com\/de_at\/wp-json\/wp\/v2\/product\/12178","targetHints":{"allow":["GET"]}}],"collection":[{"href":"https:\/\/dersuessestopp.com\/de_at\/wp-json\/wp\/v2\/product"}],"about":[{"href":"https:\/\/dersuessestopp.com\/de_at\/wp-json\/wp\/v2\/types\/product"}],"replies":[{"embeddable":true,"href":"https:\/\/dersuessestopp.com\/de_at\/wp-json\/wp\/v2\/comments?post=12178"}],"version-history":[{"count":1,"href":"https:\/\/dersuessestopp.com\/de_at\/wp-json\/wp\/v2\/product\/12178\/revisions"}],"predecessor-version":[{"id":12181,"href":"https:\/\/dersuessestopp.com\/de_at\/wp-json\/wp\/v2\/product\/12178\/revisions\/12181"}],"wp:featuredmedia":[{"embeddable":true,"href":"https:\/\/dersuessestopp.com\/de_at\/wp-json\/wp\/v2\/media\/12180"}],"wp:attachment":[{"href":"https:\/\/dersuessestopp.com\/de_at\/wp-json\/wp\/v2\/media?parent=12178"}],"wp:term":[{"taxonomy":"product_brand","embeddable":true,"href":"https:\/\/dersuessestopp.com\/de_at\/wp-json\/wp\/v2\/product_brand?post=12178"},{"taxonomy":"product_cat","embeddable":true,"href":"https:\/\/dersuessestopp.com\/de_at\/wp-json\/wp\/v2\/product_cat?post=12178"},{"taxonomy":"product_tag","embeddable":true,"href":"https:\/\/dersuessestopp.com\/de_at\/wp-json\/wp\/v2\/product_tag?post=12178"}],"curies":[{"name":"wp","href":"https:\/\/api.w.org\/{rel}","templated":true}]}}