{"id":12171,"date":"2025-10-09T02:24:42","date_gmt":"2025-10-09T02:24:42","guid":{"rendered":"https:\/\/dersuessestopp.com\/?post_type=product&#038;p=12171"},"modified":"2025-10-09T02:49:41","modified_gmt":"2025-10-09T02:49:41","slug":"12171","status":"publish","type":"product","link":"https:\/\/dersuessestopp.com\/de_at\/product\/12171\/","title":{"rendered":"GN 1410 BT"},"content":{"rendered":"<h2 class=\"elementor-heading-title elementor-size-default\">Beschreibung des Produkts<\/h2>\n<p>Die <strong data-start=\"230\" data-end=\"244\">GN 1410 BT<\/strong> ist eine professionelle <strong data-start=\"263\" data-end=\"321\">Doppelt\u00fcrige bel\u00fcftete Gefriertruhe aus Edelstahl<\/strong> mit einer <strong data-start=\"329\" data-end=\"364\">gro\u00dfer Bruttoinhalt von 1400 Litern<\/strong>, Ideal f\u00fcr Restaurants, Hotels und Catering-K\u00fcchen. Hergestellt aus strapazierf\u00e4higem <strong data-start=\"438\" data-end=\"466\">Rostfreier Stahl AISI 201<\/strong>, Sie gew\u00e4hrleistet Hygiene, Robustheit und Zuverl\u00e4ssigkeit. Betrieb zwischen <strong data-start=\"533\" data-end=\"552\">-22\u00b0C und -15\u00b0C<\/strong>, Er bietet leistungsstarkes Gefrieren und eine stabile Temperaturregelung. Ausgestattet mit <strong data-start=\"628\" data-end=\"650\">sanft schlie\u00dfende T\u00fcren<\/strong>, <strong data-start=\"652\" data-end=\"673\">Abtauautomatik<\/strong>, und <strong data-start=\"679\" data-end=\"705\">sechs verstellbare Einlegeb\u00f6den<\/strong>, Es ist f\u00fcr den effizienten und langfristigen Einsatz in anspruchsvollen professionellen Umgebungen konzipiert.<\/p>\n<h2>Technische Daten<\/h2>\n<table>\n<tbody>\n<tr>\n<td colspan=\"2\">TECHNISCHE INFORMATIONEN<\/td>\n<td><\/td>\n<\/tr>\n<tr>\n<td>Modell<\/td>\n<td>GN 1410 TN<\/td>\n<td>GN 1410 BT<\/td>\n<\/tr>\n<tr>\n<td>Temperaturbereich<\/td>\n<td>2\u00b0C\/8\u00b0C<\/td>\n<td>- 22\u00b0C\/- 15\u00b0C<\/td>\n<\/tr>\n<tr>\n<td>Au\u00dfenma\u00dfe BxTxH<\/td>\n<td>1480x830x2010 mm<\/td>\n<td>1480x830x2010 mm<\/td>\n<\/tr>\n<tr>\n<td>\u00a0Verpackungsma\u00dfe BxTxH<\/td>\n<td>1511x861x2055 mm<\/td>\n<td>1511x861x2055 mm<\/td>\n<\/tr>\n<tr>\n<td>Innenma\u00dfe BxTxH<\/td>\n<td>1364x702x1414 mm<\/td>\n<td>1364x702x1414 mm<\/td>\n<\/tr>\n<tr>\n<td>Nettovolumen<\/td>\n<td>1035\/1300<\/td>\n<td>1035\/1300<\/td>\n<\/tr>\n<tr>\n<td>Nettogewicht<\/td>\n<td>174\/220 kg<\/td>\n<td>177\/223 kg<\/td>\n<\/tr>\n<tr>\n<td>K\u00f6rper<\/td>\n<td>AISI 201 Rostfreier Stahl<\/td>\n<td>AISI 201 Rostfreier Stahl<\/td>\n<\/tr>\n<tr>\n<td>Innenauskleidung<\/td>\n<td>AISI 201 Rostfreier Stahl<\/td>\n<td>AISI 201 Rostfreier Stahl<\/td>\n<\/tr>\n<tr>\n<td>Regale<\/td>\n<td>Fachb\u00f6den 530\u00d7650 mm<\/td>\n<td>Fachb\u00f6den 530\u00d7650 mm<\/td>\n<\/tr>\n<tr>\n<td>Walzen und F\u00fc\u00dfe<\/td>\n<td>4 F\u00fc\u00dfe<\/td>\n<td>4 F\u00fc\u00dfe<\/td>\n<\/tr>\n<tr>\n<td>Schloss und Schl\u00fcssel<\/td>\n<td>Ja<\/td>\n<td>Ja<\/td>\n<\/tr>\n<tr>\n<td>Selbstschlie\u00dfende T\u00fcr<\/td>\n<td>Sanftes Schlie\u00dfen<\/td>\n<td>Sanftes Schlie\u00dfen<\/td>\n<\/tr>\n<tr>\n<td>Das K\u00fchlsystem<\/td>\n<td>\u00a0Deckenbel\u00fcfteter Verdampfer<\/td>\n<td>Deckenbel\u00fcfteter Verdampfer<\/td>\n<\/tr>\n<tr>\n<td>K\u00e4ltemittel<\/td>\n<td>R 290<\/td>\n<td>R 290<\/td>\n<\/tr>\n<tr>\n<td>Dicke der Isolierung<\/td>\n<td>60 mm<\/td>\n<td>60 mm<\/td>\n<\/tr>\n<tr>\n<td>\u00a0Frequenz\/Spannung<\/td>\n<td>50 Hz\/220 V<\/td>\n<td>50 Hz\/220 V<\/td>\n<\/tr>\n<tr>\n<td>Klima-Klasse<\/td>\n<td>4<\/td>\n<td>4<\/td>\n<\/tr>\n<tr>\n<td>Absorption<\/td>\n<td>500 W<\/td>\n<td>720 W<\/td>\n<\/tr>\n<tr>\n<td>Energieverbrauch<\/td>\n<td>KwH\/24 H 4,18<\/td>\n<td>KwH\/24 H 13,61<\/td>\n<\/tr>\n<\/tbody>\n<\/table>","protected":false},"excerpt":{"rendered":"<p>Product description The GN 1410 BT is a professional double-door ventilated stainless steel freezer cabinet with a large 1400-liter gross capacity, ideal for restaurants, hotels, and catering kitchens. Made from durable AISI 201 stainless steel, it ensures hygiene, strength, and reliability. Operating between -22\u00b0C and -15\u00b0C, it offers powerful freezing and stable temperature control. Equipped [&hellip;]<\/p>\n","protected":false},"featured_media":12152,"comment_status":"open","ping_status":"closed","template":"","meta":[],"product_brand":[],"product_cat":[51],"product_tag":[],"class_list":{"0":"post-12171","1":"product","2":"type-product","3":"status-publish","4":"has-post-thumbnail","6":"product_cat-kitchen-catering-cooling","8":"first","9":"instock","10":"shipping-taxable","11":"product-type-simple"},"_links":{"self":[{"href":"https:\/\/dersuessestopp.com\/de_at\/wp-json\/wp\/v2\/product\/12171","targetHints":{"allow":["GET"]}}],"collection":[{"href":"https:\/\/dersuessestopp.com\/de_at\/wp-json\/wp\/v2\/product"}],"about":[{"href":"https:\/\/dersuessestopp.com\/de_at\/wp-json\/wp\/v2\/types\/product"}],"replies":[{"embeddable":true,"href":"https:\/\/dersuessestopp.com\/de_at\/wp-json\/wp\/v2\/comments?post=12171"}],"version-history":[{"count":2,"href":"https:\/\/dersuessestopp.com\/de_at\/wp-json\/wp\/v2\/product\/12171\/revisions"}],"predecessor-version":[{"id":12260,"href":"https:\/\/dersuessestopp.com\/de_at\/wp-json\/wp\/v2\/product\/12171\/revisions\/12260"}],"wp:featuredmedia":[{"embeddable":true,"href":"https:\/\/dersuessestopp.com\/de_at\/wp-json\/wp\/v2\/media\/12152"}],"wp:attachment":[{"href":"https:\/\/dersuessestopp.com\/de_at\/wp-json\/wp\/v2\/media?parent=12171"}],"wp:term":[{"taxonomy":"product_brand","embeddable":true,"href":"https:\/\/dersuessestopp.com\/de_at\/wp-json\/wp\/v2\/product_brand?post=12171"},{"taxonomy":"product_cat","embeddable":true,"href":"https:\/\/dersuessestopp.com\/de_at\/wp-json\/wp\/v2\/product_cat?post=12171"},{"taxonomy":"product_tag","embeddable":true,"href":"https:\/\/dersuessestopp.com\/de_at\/wp-json\/wp\/v2\/product_tag?post=12171"}],"curies":[{"name":"wp","href":"https:\/\/api.w.org\/{rel}","templated":true}]}}