{"id":12148,"date":"2025-10-09T02:22:50","date_gmt":"2025-10-09T02:22:50","guid":{"rendered":"https:\/\/dersuessestopp.com\/?post_type=product&#038;p=12148"},"modified":"2025-10-09T02:22:50","modified_gmt":"2025-10-09T02:22:50","slug":"gn-1410-tn","status":"publish","type":"product","link":"https:\/\/dersuessestopp.com\/de_at\/product\/gn-1410-tn\/","title":{"rendered":"GN 1410 TN"},"content":{"rendered":"<p>&nbsp;<\/p>\n<h2>Beschreibung des Produkts<\/h2>\n<p>Die <strong data-start=\"224\" data-end=\"238\">GN 1410 TN<\/strong> ist eine professionelle <strong data-start=\"257\" data-end=\"320\">Doppelt\u00fcriger bel\u00fcfteter Edelstahl-K\u00fchlschrank<\/strong> mit einer <strong data-start=\"328\" data-end=\"363\">gro\u00dfer Bruttoinhalt von 1400 Litern<\/strong>, ideal f\u00fcr Restaurants, Hotels und Catering-K\u00fcchen. Gebaut aus <strong data-start=\"430\" data-end=\"458\">Rostfreier Stahl AISI 201<\/strong>, Er garantiert Langlebigkeit, Hygiene und eine zuverl\u00e4ssige Temperaturkontrolle. Betrieb zwischen <strong data-start=\"547\" data-end=\"564\">+2\u00b0C und +8\u00b0C<\/strong>, Er bietet eine stabile K\u00fchlung und eine gleichm\u00e4\u00dfige Luftverteilung. Ausgestattet mit <strong data-start=\"632\" data-end=\"654\">sanft schlie\u00dfende T\u00fcren<\/strong>, <strong data-start=\"656\" data-end=\"677\">Abtauautomatik<\/strong>, und <strong data-start=\"683\" data-end=\"709\">sechs verstellbare Einlegeb\u00f6den<\/strong>, Er wurde f\u00fcr eine effiziente Lagerung und dauerhafte Leistung entwickelt.<\/p>\n<h2>Technische Daten<\/h2>\n<table>\n<tbody>\n<tr>\n<td colspan=\"2\">TECHNISCHE INFORMATIONEN<\/td>\n<td><\/td>\n<\/tr>\n<tr>\n<td>Modell<\/td>\n<td>GN 1410 TN<\/td>\n<td>GN 1410 BT<\/td>\n<\/tr>\n<tr>\n<td>Temperaturbereich<\/td>\n<td>2\u00b0C\/8\u00b0C<\/td>\n<td>- 22\u00b0C\/- 15\u00b0C<\/td>\n<\/tr>\n<tr>\n<td>Au\u00dfenma\u00dfe BxTxH<\/td>\n<td>1480x830x2010 mm<\/td>\n<td>1480x830x2010 mm<\/td>\n<\/tr>\n<tr>\n<td>\u00a0Verpackungsma\u00dfe BxTxH<\/td>\n<td>1511x861x2055 mm<\/td>\n<td>1511x861x2055 mm<\/td>\n<\/tr>\n<tr>\n<td>Innenma\u00dfe BxTxH<\/td>\n<td>1364x702x1414 mm<\/td>\n<td>1364x702x1414 mm<\/td>\n<\/tr>\n<tr>\n<td>Nettovolumen<\/td>\n<td>1035\/1300<\/td>\n<td>1035\/1300<\/td>\n<\/tr>\n<tr>\n<td>Nettogewicht<\/td>\n<td>174\/220 kg<\/td>\n<td>177\/223 kg<\/td>\n<\/tr>\n<tr>\n<td>K\u00f6rper<\/td>\n<td>AISI 201 Rostfreier Stahl<\/td>\n<td>AISI 201 Rostfreier Stahl<\/td>\n<\/tr>\n<tr>\n<td>Innenauskleidung<\/td>\n<td>AISI 201 Rostfreier Stahl<\/td>\n<td>AISI 201 Rostfreier Stahl<\/td>\n<\/tr>\n<tr>\n<td>Regale<\/td>\n<td>Fachb\u00f6den 530\u00d7650 mm<\/td>\n<td>Fachb\u00f6den 530\u00d7650 mm<\/td>\n<\/tr>\n<tr>\n<td>Walzen und F\u00fc\u00dfe<\/td>\n<td>4 F\u00fc\u00dfe<\/td>\n<td>4 F\u00fc\u00dfe<\/td>\n<\/tr>\n<tr>\n<td>Schloss und Schl\u00fcssel<\/td>\n<td>Ja<\/td>\n<td>Ja<\/td>\n<\/tr>\n<tr>\n<td>Selbstschlie\u00dfende T\u00fcr<\/td>\n<td>Sanftes Schlie\u00dfen<\/td>\n<td>Sanftes Schlie\u00dfen<\/td>\n<\/tr>\n<tr>\n<td>Das K\u00fchlsystem<\/td>\n<td>\u00a0Deckenbel\u00fcfteter Verdampfer<\/td>\n<td>Deckenbel\u00fcfteter Verdampfer<\/td>\n<\/tr>\n<tr>\n<td>K\u00e4ltemittel<\/td>\n<td>R 290<\/td>\n<td>R 290<\/td>\n<\/tr>\n<tr>\n<td>Dicke der Isolierung<\/td>\n<td>60 mm<\/td>\n<td>60 mm<\/td>\n<\/tr>\n<tr>\n<td>\u00a0Frequenz\/Spannung<\/td>\n<td>50 Hz\/220 V<\/td>\n<td>50 Hz\/220 V<\/td>\n<\/tr>\n<tr>\n<td>Klima-Klasse<\/td>\n<td>4<\/td>\n<td>4<\/td>\n<\/tr>\n<tr>\n<td>Absorption<\/td>\n<td>500 W<\/td>\n<td>720 W<\/td>\n<\/tr>\n<tr>\n<td>Energieverbrauch<\/td>\n<td>KwH\/24 H 4,18<\/td>\n<td>KwH\/24 H 13,61<\/td>\n<\/tr>\n<\/tbody>\n<\/table>","protected":false},"excerpt":{"rendered":"<p>&nbsp; Product Description The GN 1410 TN is a professional double-door ventilated stainless steel refrigerator cabinet with a large 1400-liter gross capacity, ideal for restaurants, hotels, and catering kitchens. Built from AISI 201 stainless steel, it guarantees durability, hygiene, and reliable temperature control. Operating between +2\u00b0C and +8\u00b0C, it offers stable cooling and even air [&hellip;]<\/p>\n","protected":false},"featured_media":12152,"comment_status":"open","ping_status":"closed","template":"","meta":[],"product_brand":[],"product_cat":[51],"product_tag":[],"class_list":{"0":"post-12148","1":"product","2":"type-product","3":"status-publish","4":"has-post-thumbnail","6":"product_cat-kitchen-catering-cooling","8":"first","9":"instock","10":"shipping-taxable","11":"product-type-simple"},"_links":{"self":[{"href":"https:\/\/dersuessestopp.com\/de_at\/wp-json\/wp\/v2\/product\/12148","targetHints":{"allow":["GET"]}}],"collection":[{"href":"https:\/\/dersuessestopp.com\/de_at\/wp-json\/wp\/v2\/product"}],"about":[{"href":"https:\/\/dersuessestopp.com\/de_at\/wp-json\/wp\/v2\/types\/product"}],"replies":[{"embeddable":true,"href":"https:\/\/dersuessestopp.com\/de_at\/wp-json\/wp\/v2\/comments?post=12148"}],"version-history":[{"count":1,"href":"https:\/\/dersuessestopp.com\/de_at\/wp-json\/wp\/v2\/product\/12148\/revisions"}],"predecessor-version":[{"id":12167,"href":"https:\/\/dersuessestopp.com\/de_at\/wp-json\/wp\/v2\/product\/12148\/revisions\/12167"}],"wp:featuredmedia":[{"embeddable":true,"href":"https:\/\/dersuessestopp.com\/de_at\/wp-json\/wp\/v2\/media\/12152"}],"wp:attachment":[{"href":"https:\/\/dersuessestopp.com\/de_at\/wp-json\/wp\/v2\/media?parent=12148"}],"wp:term":[{"taxonomy":"product_brand","embeddable":true,"href":"https:\/\/dersuessestopp.com\/de_at\/wp-json\/wp\/v2\/product_brand?post=12148"},{"taxonomy":"product_cat","embeddable":true,"href":"https:\/\/dersuessestopp.com\/de_at\/wp-json\/wp\/v2\/product_cat?post=12148"},{"taxonomy":"product_tag","embeddable":true,"href":"https:\/\/dersuessestopp.com\/de_at\/wp-json\/wp\/v2\/product_tag?post=12148"}],"curies":[{"name":"wp","href":"https:\/\/api.w.org\/{rel}","templated":true}]}}