{"id":12139,"date":"2025-10-09T02:14:33","date_gmt":"2025-10-09T02:14:33","guid":{"rendered":"https:\/\/dersuessestopp.com\/?post_type=product&#038;p=12139"},"modified":"2025-10-09T02:14:33","modified_gmt":"2025-10-09T02:14:33","slug":"gn-650-tn","status":"publish","type":"product","link":"https:\/\/dersuessestopp.com\/de_at\/product\/gn-650-tn\/","title":{"rendered":"GN 650 TN"},"content":{"rendered":"<p>&nbsp;<\/p>\n<h2>Beschreibung des Produkts<\/h2>\n<p>Die <strong data-start=\"218\" data-end=\"231\">GN 650 TN<\/strong> ist eine professionelle <strong data-start=\"250\" data-end=\"301\">bel\u00fcfteter k\u00fchlschrank aus edelstahl<\/strong> mit einer <strong data-start=\"309\" data-end=\"337\">700 Liter Bruttoinhalt<\/strong>, ideal f\u00fcr Restaurants, Gro\u00dfk\u00fcchen und Lagerr\u00e4ume f\u00fcr Lebensmittel. Gebaut aus strapazierf\u00e4higem <strong data-start=\"424\" data-end=\"452\">Rostfreier Stahl AISI 201<\/strong>, Sie gew\u00e4hrleistet Hygiene und Langlebigkeit. Betrieb in einem <strong data-start=\"503\" data-end=\"540\">Temperaturbereich von +2\u00b0C bis +8\u00b0C<\/strong>, sorgt er f\u00fcr eine stabile und effiziente K\u00fchlung. Ausgestattet mit <strong data-start=\"598\" data-end=\"619\">sanft schlie\u00dfende T\u00fcr<\/strong>, <strong data-start=\"621\" data-end=\"646\">elektronisches Thermostat<\/strong>, und <strong data-start=\"652\" data-end=\"673\">Abtauautomatik<\/strong>, Er bietet zuverl\u00e4ssige Leistung f\u00fcr den t\u00e4glichen gewerblichen Einsatz.<\/p>\n<h2>Technische Daten<\/h2>\n<table>\n<tbody>\n<tr>\n<td colspan=\"2\">\u00a0TECHNISCHE INFORMATIONEN<\/td>\n<td><\/td>\n<\/tr>\n<tr>\n<td>\u00a0Modell<\/td>\n<td>GN 650 TN<\/td>\n<td>GN 650 BT<\/td>\n<\/tr>\n<tr>\n<td>Temperaturbereich<\/td>\n<td>+2 \u00b0C \/ +8 \u00b0C<\/td>\n<td>-22 \u00b0C \/ -15 \u00b0C<\/td>\n<\/tr>\n<tr>\n<td>\u00c4u\u00dfere Abmessungen (BxTxH)<\/td>\n<td>740 x 830 x 2010 mm<\/td>\n<td>740 x 830 x 2010 mm<\/td>\n<\/tr>\n<tr>\n<td>Abmessungen der Verpackung (BxTxH)<\/td>\n<td>771 x 861 x 2055 mm<\/td>\n<td>771 x 861 x 2055 mm<\/td>\n<\/tr>\n<tr>\n<td>Innenma\u00dfe (BxTxH)<\/td>\n<td>624 x 702 x 1414 mm<\/td>\n<td>624 x 702 x 1414 mm<\/td>\n<\/tr>\n<tr>\n<td>\u00a0Bruttovolumen<\/td>\n<td>440 \/ 650 Liter<\/td>\n<td>440 \/ 650 Liter<\/td>\n<\/tr>\n<tr>\n<td>Bruttogewicht<\/td>\n<td>112\/140 kg<\/td>\n<td>115\/143 kg<\/td>\n<\/tr>\n<tr>\n<td>\u00a0K\u00f6rper<\/td>\n<td>\u00a0AISI 201 Rostfreier Stahl<\/td>\n<td>\u00a0AISI 201 Rostfreier Stahl<\/td>\n<\/tr>\n<tr>\n<td>\u00a0Innenauskleidung<\/td>\n<td>\u00a0AISI 201 Rostfreier Stahl<\/td>\n<td>\u00a0AISI 201 Rostfreier Stahl<\/td>\n<\/tr>\n<tr>\n<td>Regale<\/td>\n<td>Fachb\u00f6den 530 x 650 mm<\/td>\n<td>Fachb\u00f6den 530 x 650 mm<\/td>\n<\/tr>\n<tr>\n<td>\u00a0Walzen und F\u00fc\u00dfe<\/td>\n<td>\u00a04 F\u00fc\u00dfe<\/td>\n<td>4 F\u00fc\u00dfe<\/td>\n<\/tr>\n<tr>\n<td>\u00a0Schloss und Schl\u00fcssel<\/td>\n<td>\u00a0Ja<\/td>\n<td>Ja<\/td>\n<\/tr>\n<tr>\n<td>\u00a0Selbstschlie\u00dfende T\u00fcr<\/td>\n<td>\u00a0Sanftes Schlie\u00dfen<\/td>\n<td>\u00a0Sanftes Schlie\u00dfen<\/td>\n<\/tr>\n<tr>\n<td>\u00a0Umkehrbare T\u00fcr<\/td>\n<td>Ja<\/td>\n<td>\u00a0Ja<\/td>\n<\/tr>\n<tr>\n<td>Raffreddamento K\u00fchlsystem<\/td>\n<td>Deckenbel\u00fcfteter Verdampfer<\/td>\n<td>\u00a0Deckenbel\u00fcfteter Verdampfer<\/td>\n<\/tr>\n<tr>\n<td>K\u00e4ltemittel<\/td>\n<td>R290<\/td>\n<td>R290<\/td>\n<\/tr>\n<tr>\n<td>\u00a0Dicke der Isolierung<\/td>\n<td>60 mm<\/td>\n<td>60 mm<\/td>\n<\/tr>\n<tr>\n<td>\u00a0Frequenz \/ Spannung<\/td>\n<td>50Hz \/ 220 V<\/td>\n<td>50Hz \/ 220 V<\/td>\n<\/tr>\n<tr>\n<td>\u00a0Klima-Klasse<\/td>\n<td>4<\/td>\n<td>4<\/td>\n<\/tr>\n<tr>\n<td>\u00a0Absorption<\/td>\n<td>360 W<\/td>\n<td>520 W<\/td>\n<\/tr>\n<tr>\n<td>\u00a0Energieverbrauch<\/td>\n<td>KwH\/24H 1,78<\/td>\n<td>KwH\/24H 8,26<\/td>\n<\/tr>\n<\/tbody>\n<\/table>","protected":false},"excerpt":{"rendered":"<p>&nbsp; Product Description The GN 650 TN is a professional ventilated stainless steel refrigerator cabinet with a 700-liter gross capacity, ideal for restaurants, catering kitchens, and food storage areas. Built from durable AISI 201 stainless steel, it ensures hygiene and longevity. Operating in a temperature range of +2\u00b0C to +8\u00b0C, it provides stable and efficient [&hellip;]<\/p>\n","protected":false},"featured_media":12140,"comment_status":"open","ping_status":"closed","template":"","meta":[],"product_brand":[],"product_cat":[51],"product_tag":[],"class_list":{"0":"post-12139","1":"product","2":"type-product","3":"status-publish","4":"has-post-thumbnail","6":"product_cat-kitchen-catering-cooling","8":"first","9":"instock","10":"shipping-taxable","11":"product-type-simple"},"_links":{"self":[{"href":"https:\/\/dersuessestopp.com\/de_at\/wp-json\/wp\/v2\/product\/12139","targetHints":{"allow":["GET"]}}],"collection":[{"href":"https:\/\/dersuessestopp.com\/de_at\/wp-json\/wp\/v2\/product"}],"about":[{"href":"https:\/\/dersuessestopp.com\/de_at\/wp-json\/wp\/v2\/types\/product"}],"replies":[{"embeddable":true,"href":"https:\/\/dersuessestopp.com\/de_at\/wp-json\/wp\/v2\/comments?post=12139"}],"version-history":[{"count":1,"href":"https:\/\/dersuessestopp.com\/de_at\/wp-json\/wp\/v2\/product\/12139\/revisions"}],"predecessor-version":[{"id":12147,"href":"https:\/\/dersuessestopp.com\/de_at\/wp-json\/wp\/v2\/product\/12139\/revisions\/12147"}],"wp:featuredmedia":[{"embeddable":true,"href":"https:\/\/dersuessestopp.com\/de_at\/wp-json\/wp\/v2\/media\/12140"}],"wp:attachment":[{"href":"https:\/\/dersuessestopp.com\/de_at\/wp-json\/wp\/v2\/media?parent=12139"}],"wp:term":[{"taxonomy":"product_brand","embeddable":true,"href":"https:\/\/dersuessestopp.com\/de_at\/wp-json\/wp\/v2\/product_brand?post=12139"},{"taxonomy":"product_cat","embeddable":true,"href":"https:\/\/dersuessestopp.com\/de_at\/wp-json\/wp\/v2\/product_cat?post=12139"},{"taxonomy":"product_tag","embeddable":true,"href":"https:\/\/dersuessestopp.com\/de_at\/wp-json\/wp\/v2\/product_tag?post=12139"}],"curies":[{"name":"wp","href":"https:\/\/api.w.org\/{rel}","templated":true}]}}