{"id":12057,"date":"2025-10-09T01:27:50","date_gmt":"2025-10-09T01:27:50","guid":{"rendered":"https:\/\/dersuessestopp.com\/?post_type=product&#038;p=12057"},"modified":"2025-10-09T01:27:50","modified_gmt":"2025-10-09T01:27:50","slug":"axf-1600-tn","status":"publish","type":"product","link":"https:\/\/dersuessestopp.com\/de_at\/product\/axf-1600-tn\/","title":{"rendered":"AXF 1600 TN"},"content":{"rendered":"<p>&nbsp;<\/p>\n<h2><img decoding=\"async\" src=\"https:\/\/customer.klimaitalia.it\/api\/file\/image\/6595\" \/><\/h2>\n<h2>Beschreibung des Produkts<\/h2>\n<p data-start=\"221\" data-end=\"679\">Die <strong data-start=\"225\" data-end=\"240\">AXF 1600 TN<\/strong> ist eine professionelle <strong data-start=\"259\" data-end=\"306\">Doppelt\u00fcrige bel\u00fcftete K\u00fchltruhe<\/strong> hergestellt aus <strong data-start=\"317\" data-end=\"345\">Rostfreier Stahl AISI 304<\/strong>, ideal f\u00fcr Gro\u00dfk\u00fcchen und Catering-Umgebungen. Mit einer <strong data-start=\"411\" data-end=\"448\">Temperaturbereich von -2\u00b0C bis +8\u00b0C<\/strong>, Er sorgt f\u00fcr zuverl\u00e4ssige K\u00fchlung und gleichbleibende Leistung. Ausgestattet mit einem <strong data-start=\"523\" data-end=\"548\">elektronisches Thermostat<\/strong>, <strong data-start=\"550\" data-end=\"572\">sanft schlie\u00dfende T\u00fcren<\/strong>, <strong data-start=\"574\" data-end=\"590\">LED-Beleuchtung<\/strong>, und <strong data-start=\"596\" data-end=\"617\">Abtauautomatik<\/strong>, Er bietet Hygiene, Effizienz und Haltbarkeit in einem Ger\u00e4t.<\/p>\n<p data-start=\"681\" data-end=\"700\"><strong data-start=\"681\" data-end=\"698\">Wesentliche Merkmale:<\/strong><\/p>\n<ul data-start=\"701\" data-end=\"1077\">\n<li data-start=\"701\" data-end=\"740\">\n<p data-start=\"703\" data-end=\"740\"><strong data-start=\"703\" data-end=\"725\">Temperaturbereich:<\/strong> -2\u00b0C bis +8\u00b0C<\/p>\n<\/li>\n<li data-start=\"741\" data-end=\"764\">\n<p data-start=\"743\" data-end=\"764\"><strong data-start=\"743\" data-end=\"756\">Kapazit\u00e4t:<\/strong> 940 L<\/p>\n<\/li>\n<li data-start=\"765\" data-end=\"819\">\n<p data-start=\"767\" data-end=\"819\"><strong data-start=\"767\" data-end=\"795\">Rostfreier Stahl AISI 304<\/strong> innen und au\u00dfen<\/p>\n<\/li>\n<li data-start=\"820\" data-end=\"861\">\n<p data-start=\"822\" data-end=\"861\"><strong data-start=\"822\" data-end=\"859\">K\u00fchlsystem f\u00fcr bel\u00fcftete Decken<\/strong><\/p>\n<\/li>\n<li data-start=\"862\" data-end=\"896\">\n<p data-start=\"864\" data-end=\"896\"><strong data-start=\"864\" data-end=\"894\">Automatische elektrische Abtauung<\/strong><\/p>\n<\/li>\n<li data-start=\"897\" data-end=\"944\">\n<p data-start=\"899\" data-end=\"944\"><strong data-start=\"899\" data-end=\"928\">Sanft schlie\u00dfende Doppelt\u00fcren<\/strong> mit <strong data-start=\"934\" data-end=\"942\">sperren<\/strong><\/p>\n<\/li>\n<li data-start=\"945\" data-end=\"995\">\n<p data-start=\"947\" data-end=\"995\"><strong data-start=\"947\" data-end=\"963\">LED-Beleuchtung<\/strong>, <strong data-start=\"965\" data-end=\"993\">Smart Link WiFi optional<\/strong><\/p>\n<\/li>\n<li data-start=\"996\" data-end=\"1036\">\n<p data-start=\"998\" data-end=\"1036\"><strong data-start=\"998\" data-end=\"1021\">Energieverbrauch:<\/strong> 1,31 kWh\/24h<\/p>\n<\/li>\n<li data-start=\"1037\" data-end=\"1077\">\n<p data-start=\"1039\" data-end=\"1077\"><strong data-start=\"1039\" data-end=\"1054\">Abmessungen:<\/strong> 1420 \u00d7 875 \u00d7 2090 mm<\/p>\n<\/li>\n<\/ul>\n<p>)<\/p>\n<h2>Technische Daten<\/h2>\n<table>\n<tbody>\n<tr>\n<td>\u00a0Abmessungen mm<\/td>\n<td>AXF 1600 TN<\/td>\n<td>AXF 1600 BT<\/td>\n<\/tr>\n<tr>\n<td>\u00c4u\u00dfere Abmessungen (BxTxH)<\/td>\n<td>1420 x 875 x 2090*<\/td>\n<td>1420 x 875 x 2090*<\/td>\n<\/tr>\n<tr>\n<td>Abmessungen der Verpackung (BxTxH)<\/td>\n<td>1445 x 905 x 2150<\/td>\n<td>1445 x 905 x 2150<\/td>\n<\/tr>\n<tr>\n<td>Breite<\/td>\n<td>1240<\/td>\n<td>1240<\/td>\n<\/tr>\n<tr>\n<td>Tiefe<\/td>\n<td>700<\/td>\n<td>700<\/td>\n<\/tr>\n<tr>\n<td>H\u00f6he<\/td>\n<td>1501<\/td>\n<td>1501<\/td>\n<\/tr>\n<tr>\n<td colspan=\"3\">Die Gesamth\u00f6he der Einheiten umfasst die auf die Mindesth\u00f6he eingestellten F\u00fc\u00dfe<\/td>\n<\/tr>\n<\/tbody>\n<\/table>\n<p>&nbsp;<\/p>\n<table>\n<tbody>\n<tr>\n<td>Technische Merkmale<\/td>\n<td>AXF 1600 TN<\/td>\n<td>AXF 1600 BT<\/td>\n<\/tr>\n<tr>\n<td>Temperaturbereich<\/td>\n<td>-2 \u00b0C \/ +8 \u00b0C<\/td>\n<td>-22 \u00b0C \/ -18 \u00b0C<\/td>\n<\/tr>\n<tr>\n<td>Klima-Klasse<\/td>\n<td>5<\/td>\n<td>5<\/td>\n<\/tr>\n<tr>\n<td>Netto-Brutto-Volumen<\/td>\n<td>Lt. 940 \/ 1300<\/td>\n<td>Lt. 940 \/ 1300<\/td>\n<\/tr>\n<tr>\n<td>K\u00f6rper<\/td>\n<td>AISI 304 Rostfreier Stahl<\/td>\n<td>AISI 304 Rostfreier Stahl<\/td>\n<\/tr>\n<tr>\n<td>Innenauskleidung<\/td>\n<td>AISI 304 Rostfreier Stahl<\/td>\n<td>AISI 304 Rostfreier Stahl<\/td>\n<\/tr>\n<tr>\n<td>Thermostat<\/td>\n<td>Elektronisch<\/td>\n<td>Elektronisch<\/td>\n<\/tr>\n<tr>\n<td>Ger\u00e4uschpegel<\/td>\n<td>dB 38<\/td>\n<td>dB 38<\/td>\n<\/tr>\n<tr>\n<td>Fernsteuerung<\/td>\n<td>Optional<\/td>\n<td>Optional<\/td>\n<\/tr>\n<tr>\n<td>Dicke der Isolierung<\/td>\n<td>90 mm<\/td>\n<td>90 mm<\/td>\n<\/tr>\n<tr>\n<td>Abtauen<\/td>\n<td>Automatisch mit elektrischer Heizung<\/td>\n<td>Automatisch mit elektrischer Heizung<\/td>\n<\/tr>\n<tr>\n<td>Das K\u00fchlsystem<\/td>\n<td>Verdampfer an der Decke<\/td>\n<td>Verdampfer an der Decke<\/td>\n<\/tr>\n<tr>\n<td>Beleuchtung<\/td>\n<td>Led 12V\/2.4W<\/td>\n<td>Led 12V\/2.4W<\/td>\n<\/tr>\n<tr>\n<td>Selbstschlie\u00dfende T\u00fcr<\/td>\n<td>Sanftes Schlie\u00dfen<\/td>\n<td>Sanftes Schlie\u00dfen<\/td>\n<\/tr>\n<tr>\n<td>Schloss und Schl\u00fcssel<\/td>\n<td>Ja<\/td>\n<td>Ja<\/td>\n<\/tr>\n<tr>\n<td>Einlegeb\u00f6den (BxT)<\/td>\n<td>Nr. 6 - 530 x 650 mm + Nr. 2 - 538 x 630 mm<\/td>\n<td>Nr. 6 - 530 x 650 mm + Nr. 2 - 538 x 630 mm<\/td>\n<\/tr>\n<tr>\n<td>Rollen-Fu\u00df<\/td>\n<td>4 F\u00fc\u00dfe<\/td>\n<td>4 F\u00fc\u00dfe<\/td>\n<\/tr>\n<tr>\n<td>Rollen<\/td>\n<td>Wahlweise - h mm 140<\/td>\n<td>Wahlweise - h mm 140<\/td>\n<\/tr>\n<tr>\n<td>Netto-Brutto Gewicht<\/td>\n<td>Kg 198 \/ 213<\/td>\n<td>Kg 208 \/ 226<\/td>\n<\/tr>\n<tr>\n<td>Spannung<\/td>\n<td>V 220-240<\/td>\n<td>V 220-240<\/td>\n<\/tr>\n<tr>\n<td>Frequenz<\/td>\n<td>Hz 50<\/td>\n<td>Hz 50<\/td>\n<\/tr>\n<tr>\n<td>K\u00e4ltemittel<\/td>\n<td>R600A<\/td>\n<td>R290<\/td>\n<\/tr>\n<tr>\n<td>Absorption<\/td>\n<td>W 360<\/td>\n<td>W 480<\/td>\n<\/tr>\n<tr>\n<td>Energieverbrauch<\/td>\n<td>KwH\/24H 1,31<\/td>\n<td>KwH\/24H 4,34<\/td>\n<\/tr>\n<\/tbody>\n<\/table>","protected":false},"excerpt":{"rendered":"<p>&nbsp; Product Description The AXF 1600 TN is a professional double-door ventilated refrigerator cabinet made from AISI 304 stainless steel, ideal for commercial kitchens and catering environments. With a temperature range of -2\u00b0C to +8\u00b0C, it ensures reliable cooling and consistent performance. Equipped with an electronic thermostat, soft-closing doors, LED lighting, and automatic defrost, it [&hellip;]<\/p>\n","protected":false},"featured_media":12058,"comment_status":"open","ping_status":"closed","template":"","meta":[],"product_brand":[],"product_cat":[51],"product_tag":[],"class_list":{"0":"post-12057","1":"product","2":"type-product","3":"status-publish","4":"has-post-thumbnail","6":"product_cat-kitchen-catering-cooling","8":"first","9":"instock","10":"shipping-taxable","11":"product-type-simple"},"_links":{"self":[{"href":"https:\/\/dersuessestopp.com\/de_at\/wp-json\/wp\/v2\/product\/12057","targetHints":{"allow":["GET"]}}],"collection":[{"href":"https:\/\/dersuessestopp.com\/de_at\/wp-json\/wp\/v2\/product"}],"about":[{"href":"https:\/\/dersuessestopp.com\/de_at\/wp-json\/wp\/v2\/types\/product"}],"replies":[{"embeddable":true,"href":"https:\/\/dersuessestopp.com\/de_at\/wp-json\/wp\/v2\/comments?post=12057"}],"version-history":[{"count":1,"href":"https:\/\/dersuessestopp.com\/de_at\/wp-json\/wp\/v2\/product\/12057\/revisions"}],"predecessor-version":[{"id":12059,"href":"https:\/\/dersuessestopp.com\/de_at\/wp-json\/wp\/v2\/product\/12057\/revisions\/12059"}],"wp:featuredmedia":[{"embeddable":true,"href":"https:\/\/dersuessestopp.com\/de_at\/wp-json\/wp\/v2\/media\/12058"}],"wp:attachment":[{"href":"https:\/\/dersuessestopp.com\/de_at\/wp-json\/wp\/v2\/media?parent=12057"}],"wp:term":[{"taxonomy":"product_brand","embeddable":true,"href":"https:\/\/dersuessestopp.com\/de_at\/wp-json\/wp\/v2\/product_brand?post=12057"},{"taxonomy":"product_cat","embeddable":true,"href":"https:\/\/dersuessestopp.com\/de_at\/wp-json\/wp\/v2\/product_cat?post=12057"},{"taxonomy":"product_tag","embeddable":true,"href":"https:\/\/dersuessestopp.com\/de_at\/wp-json\/wp\/v2\/product_tag?post=12057"}],"curies":[{"name":"wp","href":"https:\/\/api.w.org\/{rel}","templated":true}]}}