{"id":12052,"date":"2025-10-09T01:25:03","date_gmt":"2025-10-09T01:25:03","guid":{"rendered":"https:\/\/dersuessestopp.com\/?post_type=product&#038;p=12052"},"modified":"2025-10-09T01:25:03","modified_gmt":"2025-10-09T01:25:03","slug":"axf-710-tn","status":"publish","type":"product","link":"https:\/\/dersuessestopp.com\/de_at\/product\/axf-710-tn\/","title":{"rendered":"AXF 710 TN"},"content":{"rendered":"<p>&nbsp;<\/p>\n<h2><img decoding=\"async\" src=\"https:\/\/customer.klimaitalia.it\/api\/file\/image\/6582\" \/><\/h2>\n<h2>Beschreibung des Produkts<\/h2>\n<p data-start=\"187\" data-end=\"530\">Die <strong data-start=\"191\" data-end=\"205\">AXF 710 TN<\/strong> ist eine <strong data-start=\"211\" data-end=\"254\">bel\u00fcfteter K\u00fchlschrank aus Edelstahl<\/strong> mit einer <strong data-start=\"262\" data-end=\"299\">Temperaturbereich von -2\u00b0C bis +8\u00b0C<\/strong>. Gebaut aus <strong data-start=\"312\" data-end=\"340\">Rostfreier Stahl AISI 304<\/strong>, Sie gew\u00e4hrleistet Hygiene und Haltbarkeit. Ausgestattet mit einer <strong data-start=\"394\" data-end=\"419\">elektronisches Thermostat<\/strong>, <strong data-start=\"421\" data-end=\"442\">sanft schlie\u00dfende T\u00fcr<\/strong>, <strong data-start=\"444\" data-end=\"460\">LED-Beleuchtung<\/strong>, und <strong data-start=\"466\" data-end=\"487\">Abtauautomatik<\/strong>, Es ist perfekt f\u00fcr professionelle K\u00fcchen.<\/p>\n<p data-start=\"532\" data-end=\"551\"><strong data-start=\"532\" data-end=\"549\">Wesentliche Merkmale:<\/strong><\/p>\n<ul data-start=\"552\" data-end=\"790\">\n<li data-start=\"552\" data-end=\"585\">\n<p data-start=\"554\" data-end=\"585\"><strong data-start=\"554\" data-end=\"570\">Temperatur:<\/strong> -2\u00b0C bis +8\u00b0C<\/p>\n<\/li>\n<li data-start=\"586\" data-end=\"609\">\n<p data-start=\"588\" data-end=\"609\"><strong data-start=\"588\" data-end=\"601\">Kapazit\u00e4t:<\/strong> 428 L<\/p>\n<\/li>\n<li data-start=\"610\" data-end=\"659\">\n<p data-start=\"612\" data-end=\"659\"><strong data-start=\"612\" data-end=\"634\">Bel\u00fcftete K\u00fchlung<\/strong>, <strong data-start=\"636\" data-end=\"657\">Abtauautomatik<\/strong><\/p>\n<\/li>\n<li data-start=\"660\" data-end=\"699\">\n<p data-start=\"662\" data-end=\"699\"><strong data-start=\"662\" data-end=\"683\">Sanft schlie\u00dfende T\u00fcr<\/strong> mit <strong data-start=\"689\" data-end=\"697\">sperren<\/strong><\/p>\n<\/li>\n<li data-start=\"700\" data-end=\"750\">\n<p data-start=\"702\" data-end=\"750\"><strong data-start=\"702\" data-end=\"718\">LED-Beleuchtung<\/strong>, <strong data-start=\"720\" data-end=\"748\">Smart Link WiFi optional<\/strong><\/p>\n<\/li>\n<li data-start=\"751\" data-end=\"790\">\n<p data-start=\"753\" data-end=\"790\"><strong data-start=\"753\" data-end=\"768\">Abmessungen:<\/strong> 680 \u00d7 875 \u00d7 2090 mm**<\/p>\n<\/li>\n<\/ul>\n<h2>Technische Daten<\/h2>\n<table>\n<tbody>\n<tr>\n<td>Abmessungen mm<\/td>\n<td>AXF 710 TN<\/td>\n<td>AXF 710 BT<\/td>\n<\/tr>\n<tr>\n<td>\u00c4u\u00dfere Abmessungen (BxTxH)<\/td>\n<td>680 x 875 x 2090*<\/td>\n<td>680 x 875 x 2090*<\/td>\n<\/tr>\n<tr>\n<td>Abmessungen der Verpackung (BxTxH)<\/td>\n<td>705 x 905 x 2150<\/td>\n<td>705 x 905 x 2150<\/td>\n<\/tr>\n<tr>\n<td>Breite<\/td>\n<td>533<\/td>\n<td>533<\/td>\n<\/tr>\n<tr>\n<td>Tiefe<\/td>\n<td>700<\/td>\n<td>700<\/td>\n<\/tr>\n<tr>\n<td>H\u00f6he<\/td>\n<td>1501<\/td>\n<td>1501<\/td>\n<\/tr>\n<tr>\n<td colspan=\"3\">Die Gesamth\u00f6he der Einheiten umfasst die auf die Mindesth\u00f6he eingestellten F\u00fc\u00dfe<\/td>\n<\/tr>\n<\/tbody>\n<\/table>\n<p>&nbsp;<\/p>\n<table>\n<tbody>\n<tr>\n<td>Technische Merkmale<\/td>\n<td>AXF 710 TN<\/td>\n<td>AXF 710 BT<\/td>\n<\/tr>\n<tr>\n<td>Temperaturbereich<\/td>\n<td>-2 \u00b0C \/ +8 \u00b0C<\/td>\n<td>-22 \u00b0C \/ -18 \u00b0C<\/td>\n<\/tr>\n<tr>\n<td>Klima-Klasse<\/td>\n<td>5<\/td>\n<td>5<\/td>\n<\/tr>\n<tr>\n<td>Netto-Brutto-Volumen<\/td>\n<td>Lt. 428 \/ 514<\/td>\n<td>Lt. 428 \/ 514<\/td>\n<\/tr>\n<tr>\n<td>K\u00f6rper<\/td>\n<td>AISI 304 Rostfreier Stahl<\/td>\n<td>AISI 304 Rostfreier Stahl<\/td>\n<\/tr>\n<tr>\n<td>Innenauskleidung<\/td>\n<td>AISI 304 Rostfreier Stahl<\/td>\n<td>AISI 304 Rostfreier Stahl<\/td>\n<\/tr>\n<tr>\n<td>Thermostat<\/td>\n<td>Elektronisch<\/td>\n<td>Elektronisch<\/td>\n<\/tr>\n<tr>\n<td>Ger\u00e4uschpegel<\/td>\n<td>dB 44<\/td>\n<td>dB 46<\/td>\n<\/tr>\n<tr>\n<td>Fernsteuerung<\/td>\n<td>Optional<\/td>\n<td>Optional<\/td>\n<\/tr>\n<tr>\n<td>Dicke der Isolierung<\/td>\n<td>73,5 mm<\/td>\n<td>73,5 mm<\/td>\n<\/tr>\n<tr>\n<td>Abtauen<\/td>\n<td>Automatisch mit elektrischer Heizung<\/td>\n<td>Automatisch mit elektrischer Heizung<\/td>\n<\/tr>\n<tr>\n<td>Das K\u00fchlsystem<\/td>\n<td>Verdampfer an der Decke<\/td>\n<td>Verdampfer an der Decke<\/td>\n<\/tr>\n<tr>\n<td>Beleuchtung<\/td>\n<td>Led<\/td>\n<td>Led<\/td>\n<\/tr>\n<tr>\n<td>Selbstschlie\u00dfende T\u00fcr<\/td>\n<td>Sanftes Schlie\u00dfen<\/td>\n<td>Sanftes Schlie\u00dfen<\/td>\n<\/tr>\n<tr>\n<td>Schloss und Schl\u00fcssel<\/td>\n<td>Ja<\/td>\n<td>Ja<\/td>\n<\/tr>\n<tr>\n<td>Umkehrbare T\u00fcr<\/td>\n<td>Ja<\/td>\n<td>Ja<\/td>\n<\/tr>\n<tr>\n<td>Einlegeb\u00f6den (BxT)<\/td>\n<td>Nr. 3 - mm 531 x 650 + Nr. 1 - mm 510 x 605<\/td>\n<td>Nr. 3 - mm 531 x 650 + Nr. 1 - mm 510 x 605<\/td>\n<\/tr>\n<tr>\n<td>F\u00fc\u00dfe<\/td>\n<td>4 F\u00fc\u00dfe<\/td>\n<td>4 F\u00fc\u00dfe<\/td>\n<\/tr>\n<tr>\n<td>Rollen<\/td>\n<td>Wahlweise - h mm 140<\/td>\n<td>Wahlweise - h mm 140<\/td>\n<\/tr>\n<tr>\n<td>Netto-Brutto Gewicht<\/td>\n<td>Kg 106 \/ 122<\/td>\n<td>Kg 111 \/ 127<\/td>\n<\/tr>\n<tr>\n<td>Spannung<\/td>\n<td>V 220-240<\/td>\n<td>V 220-240<\/td>\n<\/tr>\n<tr>\n<td>Frequenz<\/td>\n<td>Hz 50<\/td>\n<td>Hz 50<\/td>\n<\/tr>\n<tr>\n<td>K\u00e4ltemittel<\/td>\n<td>R290<\/td>\n<td>R290<\/td>\n<\/tr>\n<tr>\n<td>Absorption<\/td>\n<td>W 220<\/td>\n<td>W 480<\/td>\n<\/tr>\n<tr>\n<td>Energieverbrauch<\/td>\n<td>KwH\/24H 1.070<\/td>\n<td>KwH\/24H 3.870<\/td>\n<\/tr>\n<\/tbody>\n<\/table>","protected":false},"excerpt":{"rendered":"<p>&nbsp; Product Description The AXF 710 TN is a ventilated stainless steel refrigerator with a temperature range of -2\u00b0C to +8\u00b0C. Built from AISI 304 stainless steel, it ensures hygiene and durability. Equipped with an electronic thermostat, soft-closing door, LED lighting, and automatic defrost, it\u2019s perfect for professional kitchens. Key features: Temperature: -2\u00b0C to +8\u00b0C [&hellip;]<\/p>\n","protected":false},"featured_media":12055,"comment_status":"open","ping_status":"closed","template":"","meta":[],"product_brand":[],"product_cat":[51],"product_tag":[],"class_list":{"0":"post-12052","1":"product","2":"type-product","3":"status-publish","4":"has-post-thumbnail","6":"product_cat-kitchen-catering-cooling","8":"first","9":"instock","10":"shipping-taxable","11":"product-type-simple"},"_links":{"self":[{"href":"https:\/\/dersuessestopp.com\/de_at\/wp-json\/wp\/v2\/product\/12052","targetHints":{"allow":["GET"]}}],"collection":[{"href":"https:\/\/dersuessestopp.com\/de_at\/wp-json\/wp\/v2\/product"}],"about":[{"href":"https:\/\/dersuessestopp.com\/de_at\/wp-json\/wp\/v2\/types\/product"}],"replies":[{"embeddable":true,"href":"https:\/\/dersuessestopp.com\/de_at\/wp-json\/wp\/v2\/comments?post=12052"}],"version-history":[{"count":1,"href":"https:\/\/dersuessestopp.com\/de_at\/wp-json\/wp\/v2\/product\/12052\/revisions"}],"predecessor-version":[{"id":12056,"href":"https:\/\/dersuessestopp.com\/de_at\/wp-json\/wp\/v2\/product\/12052\/revisions\/12056"}],"wp:featuredmedia":[{"embeddable":true,"href":"https:\/\/dersuessestopp.com\/de_at\/wp-json\/wp\/v2\/media\/12055"}],"wp:attachment":[{"href":"https:\/\/dersuessestopp.com\/de_at\/wp-json\/wp\/v2\/media?parent=12052"}],"wp:term":[{"taxonomy":"product_brand","embeddable":true,"href":"https:\/\/dersuessestopp.com\/de_at\/wp-json\/wp\/v2\/product_brand?post=12052"},{"taxonomy":"product_cat","embeddable":true,"href":"https:\/\/dersuessestopp.com\/de_at\/wp-json\/wp\/v2\/product_cat?post=12052"},{"taxonomy":"product_tag","embeddable":true,"href":"https:\/\/dersuessestopp.com\/de_at\/wp-json\/wp\/v2\/product_tag?post=12052"}],"curies":[{"name":"wp","href":"https:\/\/api.w.org\/{rel}","templated":true}]}}