{"id":12043,"date":"2025-10-09T01:20:55","date_gmt":"2025-10-09T01:20:55","guid":{"rendered":"https:\/\/dersuessestopp.com\/?post_type=product&#038;p=12043"},"modified":"2025-10-09T01:20:55","modified_gmt":"2025-10-09T01:20:55","slug":"axf-700-tn","status":"publish","type":"product","link":"https:\/\/dersuessestopp.com\/de_at\/product\/axf-700-tn\/","title":{"rendered":"AXF 700 TN"},"content":{"rendered":"<p>&nbsp;<\/p>\n<h2><img decoding=\"async\" src=\"https:\/\/customer.klimaitalia.it\/api\/file\/image\/6574\" \/><\/h2>\n<h2>Beschreibung des Produkts<\/h2>\n<p data-start=\"207\" data-end=\"702\">Die <strong data-start=\"211\" data-end=\"225\">AXF 700 TN<\/strong> ist eine professionelle <strong data-start=\"244\" data-end=\"295\">bel\u00fcfteter k\u00fchlschrank aus edelstahl<\/strong> konzipiert f\u00fcr Gro\u00dfk\u00fcchen und Catering. Gebaut aus <strong data-start=\"367\" data-end=\"395\">Rostfreier Stahl AISI 304<\/strong>, Sie gew\u00e4hrleistet Hygiene, Haltbarkeit und zuverl\u00e4ssige Leistung. Mit einer <strong data-start=\"462\" data-end=\"499\">Temperaturbereich von -2\u00b0C bis +8\u00b0C<\/strong>, Er bietet eine effiziente und stabile K\u00fchlung f\u00fcr die Lagerung von Lebensmitteln. Merkmale umfassen eine <strong data-start=\"580\" data-end=\"605\">elektronisches Thermostat<\/strong>, <strong data-start=\"607\" data-end=\"633\">sanft schlie\u00dfende Selbsteintrittst\u00fcr<\/strong>, <strong data-start=\"635\" data-end=\"651\">LED-Beleuchtung<\/strong>, und <strong data-start=\"657\" data-end=\"678\">Abtauautomatik<\/strong> f\u00fcr eine einfache Wartung.<\/p>\n<p data-start=\"704\" data-end=\"723\"><strong data-start=\"704\" data-end=\"721\">Wesentliche Merkmale:<\/strong><\/p>\n<ul data-start=\"724\" data-end=\"1095\">\n<li data-start=\"724\" data-end=\"763\">\n<p data-start=\"726\" data-end=\"763\"><strong data-start=\"726\" data-end=\"748\">Temperaturbereich:<\/strong> -2\u00b0C bis +8\u00b0C<\/p>\n<\/li>\n<li data-start=\"764\" data-end=\"787\">\n<p data-start=\"766\" data-end=\"787\"><strong data-start=\"766\" data-end=\"779\">Kapazit\u00e4t:<\/strong> 427 L<\/p>\n<\/li>\n<li data-start=\"788\" data-end=\"838\">\n<p data-start=\"790\" data-end=\"838\"><strong data-start=\"790\" data-end=\"818\">Rostfreier Stahl AISI 304<\/strong> Karosserie und Innenausstattung<\/p>\n<\/li>\n<li data-start=\"839\" data-end=\"880\">\n<p data-start=\"841\" data-end=\"880\"><strong data-start=\"841\" data-end=\"878\">K\u00fchlsystem f\u00fcr bel\u00fcftete Decken<\/strong><\/p>\n<\/li>\n<li data-start=\"881\" data-end=\"915\">\n<p data-start=\"883\" data-end=\"915\"><strong data-start=\"883\" data-end=\"913\">Automatische elektrische Abtauung<\/strong><\/p>\n<\/li>\n<li data-start=\"916\" data-end=\"963\">\n<p data-start=\"918\" data-end=\"963\"><strong data-start=\"918\" data-end=\"939\">Sanft schlie\u00dfende T\u00fcr<\/strong> mit <strong data-start=\"945\" data-end=\"961\">Schloss und Schl\u00fcssel<\/strong><\/p>\n<\/li>\n<li data-start=\"964\" data-end=\"1014\">\n<p data-start=\"966\" data-end=\"1014\"><strong data-start=\"966\" data-end=\"982\">LED-Beleuchtung<\/strong>, <strong data-start=\"984\" data-end=\"1012\">Smart Link WiFi optional<\/strong><\/p>\n<\/li>\n<li data-start=\"1015\" data-end=\"1055\">\n<p data-start=\"1017\" data-end=\"1055\"><strong data-start=\"1017\" data-end=\"1040\">Energieverbrauch:<\/strong> 1,54 kWh\/24h<\/p>\n<\/li>\n<li data-start=\"1056\" data-end=\"1095\">\n<p data-start=\"1058\" data-end=\"1095\"><strong data-start=\"1058\" data-end=\"1073\">Abmessungen:<\/strong> 740 \u00d7 830 \u00d7 2010 mm<\/p>\n<\/li>\n<\/ul>\n<h2>Technische Daten<\/h2>\n<table>\n<tbody>\n<tr>\n<td>Abmessungen mm<\/td>\n<td>AXF 700 TN<\/td>\n<td>AXF 700 TNG<\/td>\n<td>AXF 700 BT<\/td>\n<td>AXF 700 BTG<\/td>\n<\/tr>\n<tr>\n<td>\u00c4u\u00dfere Abmessungen (BxTxH)<\/td>\n<td>740 x 830 x 2010*<\/td>\n<td>740 x 830 x 2010*<\/td>\n<td>740 x 830 x 2010*<\/td>\n<td>680 x 845 x 2000*<\/td>\n<\/tr>\n<tr>\n<td>Abmessungen der Verpackung (BxTxH)<\/td>\n<td>765 x 855 x 2070<\/td>\n<td>765 x 855 x 2070<\/td>\n<td>765 x 855 x 2070<\/td>\n<td>710 x 875 x 2050<\/td>\n<\/tr>\n<tr>\n<td>Breite<\/td>\n<td>624<\/td>\n<td>624<\/td>\n<td>624<\/td>\n<td>560<\/td>\n<\/tr>\n<tr>\n<td>Tiefe<\/td>\n<td>700<\/td>\n<td>700<\/td>\n<td>700<\/td>\n<td>680<\/td>\n<\/tr>\n<tr>\n<td>H\u00f6he<\/td>\n<td>1410<\/td>\n<td>1410<\/td>\n<td>1410<\/td>\n<td>1380<\/td>\n<\/tr>\n<tr>\n<td colspan=\"5\">Die Gesamth\u00f6he der Einheiten umfasst die auf die Mindesth\u00f6he eingestellten F\u00fc\u00dfe<\/td>\n<\/tr>\n<\/tbody>\n<\/table>\n<p>&nbsp;<\/p>\n<table>\n<tbody>\n<tr>\n<td>Technische Merkmale<\/td>\n<td>AXF 700 TN<\/td>\n<td>AXF 700 TNG<\/td>\n<td>AXF 700 BT<\/td>\n<td>AXF 700 BTG<\/td>\n<\/tr>\n<tr>\n<td>Temperaturbereich<\/td>\n<td>-2 \u00b0C \/ +8 \u00b0C<\/td>\n<td>+2 \u00b0C \/ +8 \u00b0C<\/td>\n<td>-22 \u00b0C \/ -18 \u00b0C<\/td>\n<td>-22 \u00b0C \/ -18 \u00b0C<\/td>\n<\/tr>\n<tr>\n<td>Klima-Klasse<\/td>\n<td>5<\/td>\n<td>4<\/td>\n<td>4<\/td>\n<td>4<\/td>\n<\/tr>\n<tr>\n<td>Netto-Brutto-Volumen<\/td>\n<td>Lt. 427 \/ 685<\/td>\n<td>Lt. 416 \/ 685<\/td>\n<td>Lt. 427 \/ 685<\/td>\n<td>Lt. 339 \/ 537<\/td>\n<\/tr>\n<tr>\n<td>K\u00f6rper<\/td>\n<td colspan=\"2\">AISI 304 Rostfreier Stahl<\/td>\n<td colspan=\"2\">AISI 304 Rostfreier Stahl<\/td>\n<\/tr>\n<tr>\n<td>T\u00fcr<\/td>\n<td>&#8211;<\/td>\n<td>Glas<\/td>\n<td>&#8211;<\/td>\n<td>Glas<\/td>\n<\/tr>\n<tr>\n<td>Innenauskleidung<\/td>\n<td colspan=\"2\">AISI 304 Rostfreier Stahl<\/td>\n<td colspan=\"2\">AISI 304 Rostfreier Stahl<\/td>\n<\/tr>\n<tr>\n<td>Thermostat<\/td>\n<td colspan=\"2\">Elektronisch<\/td>\n<td colspan=\"2\">Elektronisch<\/td>\n<\/tr>\n<tr>\n<td>Ger\u00e4uschpegel<\/td>\n<td>dB 52<\/td>\n<td>dB 52<\/td>\n<td>dB 48<\/td>\n<td>dB 52<\/td>\n<\/tr>\n<tr>\n<td>Fernsteuerung<\/td>\n<td>Optional<\/td>\n<td>Optional<\/td>\n<td>Optional<\/td>\n<td>Optional<\/td>\n<\/tr>\n<tr>\n<td>Dicke der Isolierung<\/td>\n<td>60 mm<\/td>\n<td>60 mm<\/td>\n<td>60 mm<\/td>\n<td>60 mm<\/td>\n<\/tr>\n<tr>\n<td>Abtauen<\/td>\n<td colspan=\"2\">Automatisch mit elektrischer Heizung<\/td>\n<td colspan=\"2\">Automatisch mit elektrischer Heizung<\/td>\n<\/tr>\n<tr>\n<td>Das K\u00fchlsystem<\/td>\n<td colspan=\"2\">Verdampfer an der Decke<\/td>\n<td colspan=\"2\">Verdampfer an der Decke<\/td>\n<\/tr>\n<tr>\n<td>Beleuchtung<\/td>\n<td>Led 220 \/ 0,6 W<\/td>\n<td>Led 24V \/ 2,7 W<\/td>\n<td>Led 220 \/ 0,6 W<\/td>\n<td>Led 24V \/ 2,7 W<\/td>\n<\/tr>\n<tr>\n<td>Selbstschlie\u00dfende T\u00fcr<\/td>\n<td colspan=\"2\">Sanftes Schlie\u00dfen<\/td>\n<td colspan=\"2\">Sanftes Schlie\u00dfen<\/td>\n<\/tr>\n<tr>\n<td>Schloss und Schl\u00fcssel<\/td>\n<td>Ja<\/td>\n<td>Ja<\/td>\n<td>Ja<\/td>\n<td>Ja<\/td>\n<\/tr>\n<tr>\n<td>Umkehrbare T\u00fcr<\/td>\n<td>Ja<\/td>\n<td>&#8211;<\/td>\n<td>Ja<\/td>\n<td>&#8211;<\/td>\n<\/tr>\n<tr>\n<td>Einlegeb\u00f6den (BxT)<\/td>\n<td colspan=\"2\">Nr. 3 - mm 534 x 650 + Nr. 1 - mm 536 x 650<\/td>\n<td>Nr. 3 - mm 534 x 650 + Nr. 1 - mm 536 x 650<\/td>\n<td>Nr. 3 - 534 x 640 mm + Nr. 1 - 525 x 630 mm<\/td>\n<\/tr>\n<tr>\n<td>F\u00fc\u00dfe<\/td>\n<td colspan=\"2\">4 F\u00fc\u00dfe<\/td>\n<td colspan=\"2\">4 F\u00fc\u00dfe<\/td>\n<\/tr>\n<tr>\n<td>Rollen<\/td>\n<td colspan=\"2\">Wahlweise - h mm 140<\/td>\n<td colspan=\"2\">Wahlweise - h mm 140<\/td>\n<\/tr>\n<tr>\n<td>Netto-Brutto Gewicht<\/td>\n<td>Kg 134 \/ 143<\/td>\n<td>Kg 138 \/ 147<\/td>\n<td>Kg 138 \/ 147<\/td>\n<td>Kg 148 \/ 158<\/td>\n<\/tr>\n<tr>\n<td>Spannung<\/td>\n<td>V 220-240<\/td>\n<td>V 220-240<\/td>\n<td>V 220-240<\/td>\n<td>V 220-240<\/td>\n<\/tr>\n<tr>\n<td>Frequenz<\/td>\n<td>Hz 50<\/td>\n<td>Hz 50<\/td>\n<td>Hz 50<\/td>\n<td>Hz 50<\/td>\n<\/tr>\n<tr>\n<td>K\u00e4ltemittel<\/td>\n<td>R600 \/ R290<\/td>\n<td>R290<\/td>\n<td>R290<\/td>\n<td>R290<\/td>\n<\/tr>\n<tr>\n<td>Absorption<\/td>\n<td>W 250<\/td>\n<td>W 315<\/td>\n<td>W 500<\/td>\n<td>W 610<\/td>\n<\/tr>\n<tr>\n<td>Energieverbrauch<\/td>\n<td>KwH\/24H 1.536<\/td>\n<td>KwH\/24H 2.596<\/td>\n<td>KwH\/24H 6,57<\/td>\n<td>KwH\/24H 8,279<\/td>\n<\/tr>\n<\/tbody>\n<\/table>","protected":false},"excerpt":{"rendered":"<p>&nbsp; Product Description The AXF 700 TN is a professional ventilated stainless steel refrigerator cabinet designed for commercial kitchens and catering environments. Built from AISI 304 stainless steel, it ensures hygiene, durability, and reliable performance. With a temperature range of -2\u00b0C to +8\u00b0C, it provides efficient and stable cooling for food storage. Features include an [&hellip;]<\/p>\n","protected":false},"featured_media":12044,"comment_status":"open","ping_status":"closed","template":"","meta":[],"product_brand":[],"product_cat":[51],"product_tag":[],"class_list":{"0":"post-12043","1":"product","2":"type-product","3":"status-publish","4":"has-post-thumbnail","6":"product_cat-kitchen-catering-cooling","8":"first","9":"instock","10":"shipping-taxable","11":"product-type-simple"},"_links":{"self":[{"href":"https:\/\/dersuessestopp.com\/de_at\/wp-json\/wp\/v2\/product\/12043","targetHints":{"allow":["GET"]}}],"collection":[{"href":"https:\/\/dersuessestopp.com\/de_at\/wp-json\/wp\/v2\/product"}],"about":[{"href":"https:\/\/dersuessestopp.com\/de_at\/wp-json\/wp\/v2\/types\/product"}],"replies":[{"embeddable":true,"href":"https:\/\/dersuessestopp.com\/de_at\/wp-json\/wp\/v2\/comments?post=12043"}],"version-history":[{"count":1,"href":"https:\/\/dersuessestopp.com\/de_at\/wp-json\/wp\/v2\/product\/12043\/revisions"}],"predecessor-version":[{"id":12048,"href":"https:\/\/dersuessestopp.com\/de_at\/wp-json\/wp\/v2\/product\/12043\/revisions\/12048"}],"wp:featuredmedia":[{"embeddable":true,"href":"https:\/\/dersuessestopp.com\/de_at\/wp-json\/wp\/v2\/media\/12044"}],"wp:attachment":[{"href":"https:\/\/dersuessestopp.com\/de_at\/wp-json\/wp\/v2\/media?parent=12043"}],"wp:term":[{"taxonomy":"product_brand","embeddable":true,"href":"https:\/\/dersuessestopp.com\/de_at\/wp-json\/wp\/v2\/product_brand?post=12043"},{"taxonomy":"product_cat","embeddable":true,"href":"https:\/\/dersuessestopp.com\/de_at\/wp-json\/wp\/v2\/product_cat?post=12043"},{"taxonomy":"product_tag","embeddable":true,"href":"https:\/\/dersuessestopp.com\/de_at\/wp-json\/wp\/v2\/product_tag?post=12043"}],"curies":[{"name":"wp","href":"https:\/\/api.w.org\/{rel}","templated":true}]}}